{"id":839771,"date":"2024-02-05T10:41:00","date_gmt":"2024-02-05T09:41:00","guid":{"rendered":"https:\/\/www.likes-kopen.nl\/commentaires-tiktok-sur-mesure\/"},"modified":"2025-01-27T06:24:34","modified_gmt":"2025-01-27T05:24:34","slug":"commentaires-tiktok-sur-mesure","status":"publish","type":"product","link":"https:\/\/www.likes-kopen.nl\/fr\/commentaires-tiktok-sur-mesure\/","title":{"rendered":"TikTok Commentaires Achat (Personnalis\u00e9)"},"content":{"rendered":"<h1>TikTok Commentaires Achat (Personnalis\u00e9)<\/h1>\n<p>D\u00e9cide de ce qui appara\u00eetra dans les commentaires sous tes vid\u00e9os TikTok. En fait, avec la r\u00e9ponse personnalis\u00e9e de TikTok, tu peux contr\u00f4ler ce que les gens disent de ta vid\u00e9o. Tu nous fournis le texte et nous ferons en sorte que ton texte apparaisse sous forme de commentaire sous ta vid\u00e9o.<\/p>\n<p>Ne t&rsquo;\u00e9tonne donc plus !<\/p>\n<h2>Pourquoi devrais-tu acheter les r\u00e9ponses TikTok ?<\/h2>\n<p>Les commentaires sur ta vid\u00e9o TikTok t&rsquo;aident \u00e0 cr\u00e9er plus de visibilit\u00e9 sur ta vid\u00e9o. De plus, une vid\u00e9o avec de nombreux commentaires indique qu&rsquo;elle est populaire et qu&rsquo;elle vaut donc la peine d&rsquo;\u00eatre regard\u00e9e. Ainsi, un plus grand nombre de commentaires sous ta vid\u00e9o TikTok pr\u00e9sente un grand avantage.<\/p>\n<p>Alors commande tes r\u00e9actions TikTok d\u00e8s aujourd&rsquo;hui !<\/p>\n<h2>Manque d&rsquo;inspiration ?<\/h2>\n<p>Gr\u00e2ce \u00e0 des outils super pratiques comme ChatGPT ou d&rsquo;autres g\u00e9n\u00e9rateurs de contenu AI, tu peux d\u00e9sormais inventer des r\u00e9ponses TikTok en un rien de temps. Ainsi, tu n&rsquo;as plus besoin de passer des heures \u00e0 r\u00e9fl\u00e9chir \u00e0 ce qu&rsquo;il faut mettre dans les commentaires, l&rsquo;IA le fait pour toi !<\/p>\n<p>&nbsp;<\/p>\n","protected":false},"excerpt":{"rendered":"<p>\u2705<br \/>\n\ud83d\udcac<br \/>\n\u2b50Ach\u00e8te rapidement des r\u00e9actions TikTok ? D\u00e9termine le contenu toi-m\u00eame Garantie de livraison<\/p>\n","protected":false},"featured_media":49496,"comment_status":"open","ping_status":"closed","template":"","meta":{"site-sidebar-layout":"default","site-content-layout":"default","ast-site-content-layout":"default","site-content-style":"default","site-sidebar-style":"default","ast-global-header-display":"","ast-banner-title-visibility":"","ast-main-header-display":"","ast-hfb-above-header-display":"","ast-hfb-below-header-display":"","ast-hfb-mobile-header-display":"","site-post-title":"","ast-breadcrumbs-content":"","ast-featured-img":"","footer-sml-layout":"","ast-disable-related-posts":"","theme-transparent-header-meta":"default","adv-header-id-meta":"","stick-header-meta":"default","header-above-stick-meta":"","header-main-stick-meta":"","header-below-stick-meta":"","astra-migrate-meta-layouts":"default","ast-page-background-enabled":"default","ast-page-background-meta":{"desktop":{"background-color":"","background-image":"","background-repeat":"repeat","background-position":"center center","background-size":"auto","background-attachment":"scroll","background-type":"","background-media":"","overlay-type":"","overlay-color":"","overlay-opacity":"","overlay-gradient":""},"tablet":{"background-color":"","background-image":"","background-repeat":"repeat","background-position":"center center","background-size":"auto","background-attachment":"scroll","background-type":"","background-media":"","overlay-type":"","overlay-color":"","overlay-opacity":"","overlay-gradient":""},"mobile":{"background-color":"","background-image":"","background-repeat":"repeat","background-position":"center center","background-size":"auto","background-attachment":"scroll","background-type":"","background-media":"","overlay-type":"","overlay-color":"","overlay-opacity":"","overlay-gradient":""}},"ast-content-background-meta":{"desktop":{"background-color":"var(--ast-global-color-5)","background-image":"","background-repeat":"repeat","background-position":"center center","background-size":"auto","background-attachment":"scroll","background-type":"","background-media":"","overlay-type":"","overlay-color":"","overlay-opacity":"","overlay-gradient":""},"tablet":{"background-color":"var(--ast-global-color-5)","background-image":"","background-repeat":"repeat","background-position":"center center","background-size":"auto","background-attachment":"scroll","background-type":"","background-media":"","overlay-type":"","overlay-color":"","overlay-opacity":"","overlay-gradient":""},"mobile":{"background-color":"var(--ast-global-color-5)","background-image":"","background-repeat":"repeat","background-position":"center center","background-size":"auto","background-attachment":"scroll","background-type":"","background-media":"","overlay-type":"","overlay-color":"","overlay-opacity":"","overlay-gradient":""}}},"product_brand":[],"product_cat":[466],"product_tag":[5719,5717,5718],"class_list":{"0":"post-839771","1":"product","2":"type-product","3":"status-publish","4":"has-post-thumbnail","6":"product_cat-tiktok-fr","7":"product_tag-acheter-des-reactions","8":"product_tag-acheter-tiktok-reactions","9":"product_tag-reactions-des-tiktoks","10":"desktop-align-center","11":"tablet-align-center","12":"mobile-align-center","13":"ast-product-gallery-layout-first-image-large","14":"ast-product-gallery-with-no-image","15":"ast-magnify-disabled","16":"ast-product-single-variable","17":"ast-product-tabs-layout-horizontal","19":"first","20":"instock","21":"sale","22":"taxable","23":"shipping-taxable","24":"purchasable","25":"product-type-variable"},"_links":{"self":[{"href":"https:\/\/www.likes-kopen.nl\/fr\/wp-json\/wp\/v2\/product\/839771","targetHints":{"allow":["GET"]}}],"collection":[{"href":"https:\/\/www.likes-kopen.nl\/fr\/wp-json\/wp\/v2\/product"}],"about":[{"href":"https:\/\/www.likes-kopen.nl\/fr\/wp-json\/wp\/v2\/types\/product"}],"replies":[{"embeddable":true,"href":"https:\/\/www.likes-kopen.nl\/fr\/wp-json\/wp\/v2\/comments?post=839771"}],"wp:featuredmedia":[{"embeddable":true,"href":"https:\/\/www.likes-kopen.nl\/fr\/wp-json\/wp\/v2\/media\/49496"}],"wp:attachment":[{"href":"https:\/\/www.likes-kopen.nl\/fr\/wp-json\/wp\/v2\/media?parent=839771"}],"wp:term":[{"taxonomy":"product_brand","embeddable":true,"href":"https:\/\/www.likes-kopen.nl\/fr\/wp-json\/wp\/v2\/product_brand?post=839771"},{"taxonomy":"product_cat","embeddable":true,"href":"https:\/\/www.likes-kopen.nl\/fr\/wp-json\/wp\/v2\/product_cat?post=839771"},{"taxonomy":"product_tag","embeddable":true,"href":"https:\/\/www.likes-kopen.nl\/fr\/wp-json\/wp\/v2\/product_tag?post=839771"}],"curies":[{"name":"wp","href":"https:\/\/api.w.org\/{rel}","templated":true}]}}