{"id":839328,"date":"2023-03-30T08:10:22","date_gmt":"2023-03-30T07:10:22","guid":{"rendered":"https:\/\/www.likes-kopen.nl\/vues-des-tweets-sur-twitter\/"},"modified":"2025-01-30T08:54:50","modified_gmt":"2025-01-30T07:54:50","slug":"vues-des-tweets-sur-twitter","status":"publish","type":"product","link":"https:\/\/www.likes-kopen.nl\/fr\/vues-des-tweets-sur-twitter\/","title":{"rendered":"Acheter des vues de Tweet Twitter \ud83d\ude80"},"content":{"rendered":"<p>Ach\u00e8te des vues pour tes Tweets sur ton profil Twitter chez Likes-buying.<\/p>\n<p>Il est \u00e0 noter que les directives de Twitter n&rsquo;autorisent pas l&rsquo;affichage de vues artificielles sur les tweets. L&rsquo;achat se fait \u00e0 tes propres risques. Twitter peut supprimer les vues achet\u00e9es. Heureusement, tu peux toujours utiliser la garantie de recharge pendant 90 jours.<\/p>\n<h2>Posts likes<\/h2>\n<p>Tu veux plus de vues sur tes tweets ? Alors tu peux facilement et rapidement l&rsquo;organiser toi-m\u00eame ici. En augmentant le nombre de vues sur vos articles, ils seront \u00e9galement trouv\u00e9s plus rapidement par les moteurs de recherche. Ensuite, n&rsquo;oublie pas d&rsquo;ajouter de bons hashtags \u00e0 tes messages, car les hashtags donnent encore plus de valeur \u00e0 ton message !<\/p>\n<p>Faire ressortir davantage un Tweet en le faisant visionner plus souvent. Ainsi, ton Tweet attirera davantage l&rsquo;attention parmi les autres messages.<\/p>\n<h2>Acheter des vues Twitter pour ton Tweet sur Twitter<\/h2>\n<p>Tu as un message sur Twitter que tu veux faire ressortir et attirer l&rsquo;attention ? Dans ce cas, tu peux acheter des vues de tweets sur Twitter ! L&rsquo;achat de vues sur Twitter donnera un coup de pouce suppl\u00e9mentaire \u00e0 votre tweet. Cela lui donne l&rsquo;air beaucoup plus populaire du jour au lendemain.<\/p>\n<h2>L&rsquo;achat de vues sur Twitter est-il fiable ?<\/h2>\n<p>On nous demande r\u00e9guli\u00e8rement si l&rsquo;achat de vues sur Twitter est sans danger et non punissable. Heureusement, tu peux acheter des vues Twitter en toute confiance, car c&rsquo;est tout \u00e0 fait l\u00e9gal.<\/p>\n<p>Comme mentionn\u00e9, Twitter n&rsquo;aime pas que tu influences ton profil par l&rsquo;interm\u00e9diaire de tiers. Apr\u00e8s tout, ils pr\u00e9f\u00e8rent que tu utilises leurs capacit\u00e9s publicitaires (hors de prix). Apr\u00e8s tout, c&rsquo;est ce qui leur permet de gagner de l&rsquo;argent. Si vous achetez des vues Twitter ici, Twitter ne gagne rien.<\/p>\n<p>Les 8 ann\u00e9es d&rsquo;exp\u00e9rience de Likes-buying dans la fourniture de services de m\u00e9dias sociaux montrent que l&rsquo;achat de vues sur Twitter est totalement fiable.<\/p>\n<h2>Comment transmettre l&rsquo;URL du Tweet ?<\/h2>\n<p>Pour que votre Tweet soit vu sur <a href=\"https:\/\/twitter.com\/\" target=\"_blank\" rel=\"noopener\">Twitter<\/a>, nous avons besoin de l&rsquo;url du message. L&rsquo;url, ou lien, est li\u00e9 \u00e0 la date du post.<\/p>\n<p>Sur le <strong>PC<\/strong>, clique avec le bouton droit de la souris sur la date et choisis ensuite de copier le lien. Puis colle-le dans notre formulaire de commande.<\/p>\n<p>Dans l&rsquo;<strong>APP<\/strong>, tu peux maintenir la date enfonc\u00e9e, ou cliquer sur la fl\u00e8che vers le bas, pour copier le lien.<\/p>\n<p>Tu dois ensuite entrer dans ce lien ci-dessus.<\/p>\n<h2>Dans quel d\u00e9lai recevrai-je les vues Twitter ?<\/h2>\n<p>Les vues sur Twitter sont g\u00e9n\u00e9ralement affich\u00e9es en quelques minutes. R\u00e9cemment, le syst\u00e8me a \u00e9t\u00e9 mis \u00e0 jour, de sorte que les affichages de Twitter donnent d\u00e9sormais l&rsquo;impression d&rsquo;\u00eatre sur vos tweets dans l&rsquo;heure qui suit.<\/p>\n<h2>Puis-je acheter des vues Twitter \u00e0 bas prix ?<\/h2>\n<p>Tu peux choisir le nombre de vues que tu souhaites pour tes tweets. Cela te permet de d\u00e9cider \u00e0 quel point c&rsquo;est bon march\u00e9. Il est possible d&rsquo;acheter des vues sur Twitter \u00e0 partir de 1,95 \u20ac pour 100 vues. C&rsquo;est comparativement tr\u00e8s bon march\u00e9 si vous deviez approcher 100 personnes une \u00e0 une pour leur demander de lire votre tweet.<\/p>\n<p>En r\u00e8gle g\u00e9n\u00e9rale, plus le paquet de vues Twitter achet\u00e9 est important, plus le prix par vue est bas. Ainsi, si vous commandez plus, vous payez moins cher \u00e0 l&rsquo;unit\u00e9. Note que tu passes toujours une commande pour un seul tweet. Si vous souhaitez stimuler plusieurs tweets, ajoutez des vues Twitter au panier pour chaque tweet.<\/p>\n<h2>Acheter des vues Twitter et payer avec iDeal<\/h2>\n<p>Tous les principaux modes de paiement sont disponibles. Tu peux acheter tes vues Twitter en utilisant iDeal, carte de cr\u00e9dit, KBC\/CBC, Sofort, Belfius et Cryptocurrency. L&rsquo;achat de vues sur Twitter est donc tout \u00e0 fait fiable.<\/p>\n<h2>Tu n&rsquo;es pas actif sur Twitter ?<\/h2>\n<p>D\u00e9couvre nos autres produits ici :<\/p>\n<ul>\n<li><a href=\"https:\/\/www.likes-kopen.nl\/instagram-volgers-kopen\/\">Acheter des followers Instagram<\/a><\/li>\n<li><a href=\"https:\/\/www.likes-kopen.nl\/instagram-likes-kopen\/\">Acheter des likes Instagram<\/a><\/li>\n<li><a href=\"https:\/\/www.likes-kopen.nl\/tiktok-volgers-kopen\/\">Acheter des followers Tiktok<\/a><\/li>\n<li><a href=\"https:\/\/www.likes-kopen.nl\/tiktok-likes-kopen\/\">Acheter Tiktok aime<\/a><\/li>\n<\/ul>\n","protected":false},"excerpt":{"rendered":"<p><span style=\"font-size: 16px;\">\u2714\ufe0f Fais voir ton Tweet sur Twitter<br \/>\n<\/span>\u2b50 <span style=\"font-size: 16px;\">\u00e0 partir de 100 pi\u00e8ces<br \/>\n<\/span><\/p>\n","protected":false},"featured_media":49499,"comment_status":"open","ping_status":"closed","template":"","meta":{"site-sidebar-layout":"default","site-content-layout":"default","ast-site-content-layout":"default","site-content-style":"default","site-sidebar-style":"default","ast-global-header-display":"","ast-banner-title-visibility":"","ast-main-header-display":"","ast-hfb-above-header-display":"","ast-hfb-below-header-display":"","ast-hfb-mobile-header-display":"","site-post-title":"","ast-breadcrumbs-content":"","ast-featured-img":"","footer-sml-layout":"","ast-disable-related-posts":"","theme-transparent-header-meta":"default","adv-header-id-meta":"","stick-header-meta":"default","header-above-stick-meta":"","header-main-stick-meta":"","header-below-stick-meta":"","astra-migrate-meta-layouts":"default","ast-page-background-enabled":"default","ast-page-background-meta":{"desktop":{"background-color":"","background-image":"","background-repeat":"repeat","background-position":"center center","background-size":"auto","background-attachment":"scroll","background-type":"","background-media":"","overlay-type":"","overlay-color":"","overlay-opacity":"","overlay-gradient":""},"tablet":{"background-color":"","background-image":"","background-repeat":"repeat","background-position":"center center","background-size":"auto","background-attachment":"scroll","background-type":"","background-media":"","overlay-type":"","overlay-color":"","overlay-opacity":"","overlay-gradient":""},"mobile":{"background-color":"","background-image":"","background-repeat":"repeat","background-position":"center center","background-size":"auto","background-attachment":"scroll","background-type":"","background-media":"","overlay-type":"","overlay-color":"","overlay-opacity":"","overlay-gradient":""}},"ast-content-background-meta":{"desktop":{"background-color":"var(--ast-global-color-5)","background-image":"","background-repeat":"repeat","background-position":"center center","background-size":"auto","background-attachment":"scroll","background-type":"","background-media":"","overlay-type":"","overlay-color":"","overlay-opacity":"","overlay-gradient":""},"tablet":{"background-color":"var(--ast-global-color-5)","background-image":"","background-repeat":"repeat","background-position":"center center","background-size":"auto","background-attachment":"scroll","background-type":"","background-media":"","overlay-type":"","overlay-color":"","overlay-opacity":"","overlay-gradient":""},"mobile":{"background-color":"var(--ast-global-color-5)","background-image":"","background-repeat":"repeat","background-position":"center center","background-size":"auto","background-attachment":"scroll","background-type":"","background-media":"","overlay-type":"","overlay-color":"","overlay-opacity":"","overlay-gradient":""}}},"product_brand":[],"product_cat":[729],"product_tag":[731,732],"class_list":{"0":"post-839328","1":"product","2":"type-product","3":"status-publish","4":"has-post-thumbnail","6":"product_cat-twitter-fr","7":"product_tag-faire-ressortir-un-tweet","8":"product_tag-favoris-twitter","9":"desktop-align-center","10":"tablet-align-center","11":"mobile-align-center","12":"ast-product-gallery-layout-first-image-large","13":"ast-product-gallery-with-no-image","14":"ast-magnify-disabled","15":"ast-product-single-variable","16":"ast-product-tabs-layout-horizontal","18":"first","19":"instock","20":"sale","21":"taxable","22":"shipping-taxable","23":"purchasable","24":"product-type-variable"},"_links":{"self":[{"href":"https:\/\/www.likes-kopen.nl\/fr\/wp-json\/wp\/v2\/product\/839328","targetHints":{"allow":["GET"]}}],"collection":[{"href":"https:\/\/www.likes-kopen.nl\/fr\/wp-json\/wp\/v2\/product"}],"about":[{"href":"https:\/\/www.likes-kopen.nl\/fr\/wp-json\/wp\/v2\/types\/product"}],"replies":[{"embeddable":true,"href":"https:\/\/www.likes-kopen.nl\/fr\/wp-json\/wp\/v2\/comments?post=839328"}],"wp:featuredmedia":[{"embeddable":true,"href":"https:\/\/www.likes-kopen.nl\/fr\/wp-json\/wp\/v2\/media\/49499"}],"wp:attachment":[{"href":"https:\/\/www.likes-kopen.nl\/fr\/wp-json\/wp\/v2\/media?parent=839328"}],"wp:term":[{"taxonomy":"product_brand","embeddable":true,"href":"https:\/\/www.likes-kopen.nl\/fr\/wp-json\/wp\/v2\/product_brand?post=839328"},{"taxonomy":"product_cat","embeddable":true,"href":"https:\/\/www.likes-kopen.nl\/fr\/wp-json\/wp\/v2\/product_cat?post=839328"},{"taxonomy":"product_tag","embeddable":true,"href":"https:\/\/www.likes-kopen.nl\/fr\/wp-json\/wp\/v2\/product_tag?post=839328"}],"curies":[{"name":"wp","href":"https:\/\/api.w.org\/{rel}","templated":true}]}}