{"id":57182,"date":"2019-10-05T06:42:53","date_gmt":"2019-10-05T06:42:53","guid":{"rendered":"https:\/\/www.likes-kopen.nl\/product\/linkedin-likes-interessant-%f0%9f%91%8d\/"},"modified":"2025-02-07T10:16:11","modified_gmt":"2025-02-07T09:16:11","slug":"acheter-des-likes-linkedin","status":"publish","type":"product","link":"https:\/\/www.likes-kopen.nl\/fr\/acheter-des-likes-linkedin\/","title":{"rendered":"Acheter des J'aime sur Linkedin"},"content":{"rendered":"<p>REMARQUE : Ce service peut violer les directives de Linkedin. Par cons\u00e9quent, commande \u00e0 tes propres risques.<\/p>\n<p>Le temps de d\u00e9marrage est compris entre 24 et 48 heures. Apr\u00e8s cela, les go\u00fbts command\u00e9s viennent tout doucement.<\/p>\n<h2>\ud83d\udc4d Acheter des likes int\u00e9ressants pour une contribution sur Linkedin (message)<\/h2>\n<p>Sur <a href=\"https:\/\/www.likes-kopen.nl\/linkedin\/\">Linkedin<\/a>, un post peut \u00eatre aim\u00e9 ou trouv\u00e9 int\u00e9ressant. Pour ce faire, clique sur la vignette. On les appelle aussi des \u00ab\u00a0likes\u00a0\u00bb. Si les gens trouvent le post int\u00e9ressant, alors le post devient plus facile \u00e0 trouver et est donc vu plus souvent. De plus, cela attire plus l&rsquo;attention car plus de gens l&rsquo;aiment. Cela renforce \u00e9galement la valeur du contenu car si de nombreuses personnes le trouvent int\u00e9ressant, il doit avoir de la valeur.<\/p>\n<p>&nbsp;<\/p>\n<h2>Applications commerciales<\/h2>\n<p>Le canal de m\u00e9dias sociaux est principalement orient\u00e9 vers les entreprises, et lorsque tu veux booster ta propre entreprise, cela ne fait certainement pas de mal d&rsquo;acheter des likes Linkedin. Fais en sorte que ton message soit jug\u00e9 int\u00e9ressant par plus de personnes, car cela renforce l&rsquo;image de ton entreprise. Si tu veux donner toi-m\u00eame un autre bon coup de pouce au profil de ton entreprise, tu peux aussi nous <a href=\"https:\/\/www.likes-kopen.nl\/linkedin-volgers-kopen\/\">commander des followers Linkedin<\/a>!<\/p>\n<p>&nbsp;<\/p>\n<h2>Autres caract\u00e9ristiques<\/h2>\n<p>Les likes (int\u00e9ressants) proviennent des utilisateurs mondiaux de Linkedin. Les likes sont permanents. Bien s\u00fbr, tu recevras une facture de TVA avec chaque commande pour que tu puisses aussi traiter l&rsquo;achat dans ta comptabilit\u00e9.<\/p>\n<h2>Tu n&rsquo;es pas actif sur LinkedIn ?<\/h2>\n<p>Bien s\u00fbr, tu n&rsquo;es peut-\u00eatre pas active sur LinkedIn. LinkedIn est aussi comparativement beaucoup plus petit que, disons, Instagram ou Tiktok. Tu cherches des moyens de booster ton compte Insta ? Alors pense \u00e0 <a href=\"https:\/\/www.likes-kopen.nl\/\">acheter des likes<\/a>. En plus de booster tes photos, tu peux aussi am\u00e9liorer l&rsquo;ensemble de ton profil en achetant des <a href=\"https:\/\/www.likes-kopen.nl\/instagram-volgers-kopen\/\">followers Insta<\/a>.<\/p>\n","protected":false},"excerpt":{"rendered":"<p>Booste ton message sur Linkedin en le rendant plus susceptible d&rsquo;\u00eatre trouv\u00e9 int\u00e9ressant ? Avec nous, tu peux donc acheter des likes Linkedin !<\/p>\n","protected":false},"featured_media":49304,"comment_status":"open","ping_status":"closed","template":"","meta":{"site-sidebar-layout":"default","site-content-layout":"default","ast-site-content-layout":"default","site-content-style":"default","site-sidebar-style":"default","ast-global-header-display":"","ast-banner-title-visibility":"","ast-main-header-display":"","ast-hfb-above-header-display":"","ast-hfb-below-header-display":"","ast-hfb-mobile-header-display":"","site-post-title":"","ast-breadcrumbs-content":"","ast-featured-img":"","footer-sml-layout":"","ast-disable-related-posts":"","theme-transparent-header-meta":"default","adv-header-id-meta":"","stick-header-meta":"default","header-above-stick-meta":"","header-main-stick-meta":"","header-below-stick-meta":"","astra-migrate-meta-layouts":"set","ast-page-background-enabled":"default","ast-page-background-meta":{"desktop":{"background-color":"","background-image":"","background-repeat":"repeat","background-position":"center center","background-size":"auto","background-attachment":"scroll","background-type":"","background-media":"","overlay-type":"","overlay-color":"","overlay-opacity":"","overlay-gradient":""},"tablet":{"background-color":"","background-image":"","background-repeat":"repeat","background-position":"center center","background-size":"auto","background-attachment":"scroll","background-type":"","background-media":"","overlay-type":"","overlay-color":"","overlay-opacity":"","overlay-gradient":""},"mobile":{"background-color":"","background-image":"","background-repeat":"repeat","background-position":"center center","background-size":"auto","background-attachment":"scroll","background-type":"","background-media":"","overlay-type":"","overlay-color":"","overlay-opacity":"","overlay-gradient":""}},"ast-content-background-meta":{"desktop":{"background-color":"var(--ast-global-color-5)","background-image":"","background-repeat":"repeat","background-position":"center center","background-size":"auto","background-attachment":"scroll","background-type":"","background-media":"","overlay-type":"","overlay-color":"","overlay-opacity":"","overlay-gradient":""},"tablet":{"background-color":"var(--ast-global-color-5)","background-image":"","background-repeat":"repeat","background-position":"center center","background-size":"auto","background-attachment":"scroll","background-type":"","background-media":"","overlay-type":"","overlay-color":"","overlay-opacity":"","overlay-gradient":""},"mobile":{"background-color":"var(--ast-global-color-5)","background-image":"","background-repeat":"repeat","background-position":"center center","background-size":"auto","background-attachment":"scroll","background-type":"","background-media":"","overlay-type":"","overlay-color":"","overlay-opacity":"","overlay-gradient":""}}},"product_brand":[],"product_cat":[773],"product_tag":[],"class_list":{"0":"post-57182","1":"product","2":"type-product","3":"status-publish","4":"has-post-thumbnail","6":"product_cat-linkedin-fr","7":"desktop-align-center","8":"tablet-align-center","9":"mobile-align-center","10":"ast-product-gallery-layout-first-image-large","11":"ast-product-gallery-with-no-image","12":"ast-magnify-disabled","13":"ast-product-single-variable","14":"ast-product-tabs-layout-horizontal","16":"first","17":"instock","18":"sale","19":"taxable","20":"shipping-taxable","21":"purchasable","22":"product-type-variable"},"_links":{"self":[{"href":"https:\/\/www.likes-kopen.nl\/fr\/wp-json\/wp\/v2\/product\/57182","targetHints":{"allow":["GET"]}}],"collection":[{"href":"https:\/\/www.likes-kopen.nl\/fr\/wp-json\/wp\/v2\/product"}],"about":[{"href":"https:\/\/www.likes-kopen.nl\/fr\/wp-json\/wp\/v2\/types\/product"}],"replies":[{"embeddable":true,"href":"https:\/\/www.likes-kopen.nl\/fr\/wp-json\/wp\/v2\/comments?post=57182"}],"wp:featuredmedia":[{"embeddable":true,"href":"https:\/\/www.likes-kopen.nl\/fr\/wp-json\/wp\/v2\/media\/49304"}],"wp:attachment":[{"href":"https:\/\/www.likes-kopen.nl\/fr\/wp-json\/wp\/v2\/media?parent=57182"}],"wp:term":[{"taxonomy":"product_brand","embeddable":true,"href":"https:\/\/www.likes-kopen.nl\/fr\/wp-json\/wp\/v2\/product_brand?post=57182"},{"taxonomy":"product_cat","embeddable":true,"href":"https:\/\/www.likes-kopen.nl\/fr\/wp-json\/wp\/v2\/product_cat?post=57182"},{"taxonomy":"product_tag","embeddable":true,"href":"https:\/\/www.likes-kopen.nl\/fr\/wp-json\/wp\/v2\/product_tag?post=57182"}],"curies":[{"name":"wp","href":"https:\/\/api.w.org\/{rel}","templated":true}]}}