{"id":57171,"date":"2018-01-22T10:39:59","date_gmt":"2018-01-22T10:39:59","guid":{"rendered":"https:\/\/www.likes-kopen.nl\/product\/youtube-likes\/"},"modified":"2025-02-07T15:37:45","modified_gmt":"2025-02-07T14:37:45","slug":"acheter-des-likes-youtube","status":"publish","type":"product","link":"https:\/\/www.likes-kopen.nl\/fr\/acheter-des-likes-youtube\/","title":{"rendered":"Acheter des \"Likes\" sur YouTube"},"content":{"rendered":"<p>L&rsquo;achat de Likes constitue une violation des directives de YouTube. La commande se fait donc \u00e0 tes propres risques.<\/p>\n<h2>Acheter des likes sur YouTube (pouces en l&rsquo;air)<\/h2>\n<p>En plus de Facebook, Instagram et Twitter, tu peux aussi acheter des likes pour YouTube. Nous te proposons un bon prix ainsi qu&rsquo;un service fiable. Nous n&rsquo;avons pas besoin de tes donn\u00e9es personnelles telles que les mots de passe. Le lien vers la vid\u00e9o YouTube suffit. Super facile et rapidement organis\u00e9. Ces likes internationaux sur YouTube vont permettre de r\u00e9aliser une vid\u00e9o r\u00e9ussie. Tu es mieux class\u00e9 sur YouTube lorsque tu re\u00e7ois plus de likes sur ta vid\u00e9o.  Tu veux \u00eatre mieux class\u00e9 ? Alors choisis notre service et commande rapidement, facilement et \u00e0 un prix avantageux !<\/p>\n<hr>\n<h2>Acheter des \u00a0\u00bb J&rsquo;aime \u00a0\u00bb sur YouTube<\/h2>\n<p>Une fois que tu as t\u00e9l\u00e9charg\u00e9 une vid\u00e9o sur YouTube, tes <a href=\"https:\/\/www.likes-kopen.nl\/youtube-views-kopen\/\">vues\/likes<\/a> peuvent commencer \u00e0 affluer. Tu fais la promotion de ta vid\u00e9o partout mais les likes sur ta vid\u00e9o n&rsquo;augmentent pas vraiment. Nous offrons maintenant la possibilit\u00e9 d&rsquo;augmenter le nombre de likes sur ta vid\u00e9o. 150 likes sont \u00e9videmment mieux que 50 likes. Tu veux \u00e9videmment ces pouces en l&rsquo;air sous ta vid\u00e9o !<\/p>\n<hr>\n<h2>Acheter des caract\u00e9ristiques de YouTube likes<\/h2>\n<ul>\n<li>Des likes YouTube internationaux 100% authentiques (personne ne voit d&rsquo;o\u00f9 ils viennent)<\/li>\n<li>Livraison rapide (sous 24 heures les jours ouvrables), pour les petites quantit\u00e9s.<\/li>\n<li>Nous avons une assistance super rapide pr\u00eate \u00e0 r\u00e9pondre \u00e0 toutes tes questions.<\/li>\n<li>La meilleure qualit\u00e9 du Benelux et les go\u00fbts les moins chers.<\/li>\n<\/ul>\n<hr>\n<h2>Des likes sur ta vid\u00e9o<\/h2>\n<p>En plus de promouvoir ta vid\u00e9o sur toutes sortes de canaux, les likes ne veulent tout simplement pas affluer. Alors comment t&rsquo;assurer que les pouces sont lev\u00e9s ? Avec notre service, bien s\u00fbr ! En 2 jours, tu as soudain 100 likes suppl\u00e9mentaires sur ta vid\u00e9o. Tu en veux plus ? Tu peux le faire ! Nous avons un choix de 50, 100, 200, 500 et 1000.<\/p>\n<hr>\n<h2>Gagner de l&rsquo;argent avec YouTube<\/h2>\n<p>Une fois que tu as un certain nombre de followers, tu peux aussi <a href=\"https:\/\/www.likes-kopen.nl\/youtube\/nieuwe-regels-geld-verdienen-youtube\/\">commencer \u00e0 gagner de l&rsquo;argent<\/a> gr\u00e2ce \u00e0 YouTube. Comme c&rsquo;est cool ! Tu peux aussi gagner beaucoup d&rsquo;argent avec tes vid\u00e9os. Cela ne se fait pas du jour au lendemain. Par exemple, tu dois avoir un minimum de 4 000 heures de visionnage au cours des 12 derniers mois et un minimum de 1 000 abonn\u00e9s. Une fois que tu as rempli ces conditions, tu peux commencer !<\/p>\n<hr>\n<h2>Comment obtenir des abonn\u00e9s sur YouTube ?<\/h2>\n<p>Dans une vid\u00e9o, tu peux toujours mentionner : \u00a0\u00bb Abonnez-vous \u00e0 ma cha\u00eene YouTube pour rester au courant \u00ab\u00a0. Tu peux commencer et terminer la vid\u00e9o avec cela. Mais il reste \u00e0 voir si tout le monde le fera r\u00e9ellement. Alors comment peux-tu t&rsquo;assurer que tes abonn\u00e9s augmentent en plus de les nommer pour qu&rsquo;ils s&rsquo;abonnent ?<\/p>\n<hr>\n<h2>Ach\u00e8te tes abonn\u00e9s YouTube !<\/h2>\n<p>Tu as la possibilit\u00e9 d&rsquo;acheter chez nous des likes YouTube pour ta vid\u00e9o mais, en plus, nous proposons trois autres services :<\/p>\n<ul>\n<li><a href=\"https:\/\/www.likes-kopen.nl\/youtube-reacties-kopen\/\">Commentaires sur YouTube<\/a><\/li>\n<li><a href=\"https:\/\/www.likes-kopen.nl\/youtube-views-kopen\/\">Vues sur YouTube<\/a><\/li>\n<li><a href=\"https:\/\/www.likes-kopen.nl\/youtube-abonnees-kopen\/\">Abonn\u00e9s YouTube<\/a><\/li>\n<\/ul>\n<p>Tu vois donc qu&rsquo;il est possible de gagner de l&rsquo;argent gr\u00e2ce \u00e0 YouTube ! Si tu ne remplis pas les conditions requises au d\u00e9part, tu peux toujours les remplir en achetant nos services. <a href=\"https:\/\/www.likes-kopen.nl\/youtube-views-kijktijd-kopen\/\">Ach\u00e8te du temps de visionnage sur YouTube<\/a> et <a href=\"https:\/\/www.likes-kopen.nl\/youtube-abonnees-kopen\/\">ach\u00e8te des abonn\u00e9s \u00e0 YouTube<\/a>. <\/p>\n<hr>\n<h2>\u00c9conomise la r\u00e9duction<\/h2>\n<p>Tu te dis maintenant : \u00ab\u00a0Cela me co\u00fbte de l&rsquo;argent d&rsquo;acheter des likes, des vues et des abonn\u00e9s\u00a0\u00bb ? C&rsquo;est vrai, mais au final, cela va te rapporter de l&rsquo;argent lorsque tes vid\u00e9os obtiendront de bons r\u00e9sultats sur Youtube. De plus, tu gagneras beaucoup de temps. Pendant ce temps, tu peux \u00e0 nouveau faire de nouvelles vid\u00e9os. Lorsque tu as pass\u00e9 un certain nombre de commandes, tu peux aussi <a href=\"https:\/\/www.likes-kopen.nl\/vip-club\/\">\u00e9conomiser pour obtenir des r\u00e9ductions<\/a> avec nous. Tu peux faire valoir cette r\u00e9duction sur une commande ult\u00e9rieure, ce qui te permet, par exemple, de commander ta prochaine commande gratuitement. Tu n&rsquo;as rien \u00e0 faire pour cela. Tu recevras les points gratuitement avec chaque commande ! Plus tu commandes, plus tu re\u00e7ois de points.<\/p>\n","protected":false},"excerpt":{"rendered":"<p>\u2714\ufe0fAcheter des likes sur YouTube<br \/>\n\u2b50diff\u00e9rents nombres<br \/>\n\u2b50Rends facilement ta vid\u00e9o plus populaire<\/p>\n","protected":false},"featured_media":49454,"comment_status":"open","ping_status":"closed","template":"","meta":{"site-sidebar-layout":"default","site-content-layout":"default","ast-site-content-layout":"default","site-content-style":"default","site-sidebar-style":"default","ast-global-header-display":"","ast-banner-title-visibility":"","ast-main-header-display":"","ast-hfb-above-header-display":"","ast-hfb-below-header-display":"","ast-hfb-mobile-header-display":"","site-post-title":"","ast-breadcrumbs-content":"","ast-featured-img":"","footer-sml-layout":"","ast-disable-related-posts":"","theme-transparent-header-meta":"default","adv-header-id-meta":"","stick-header-meta":"default","header-above-stick-meta":"","header-main-stick-meta":"","header-below-stick-meta":"","astra-migrate-meta-layouts":"set","ast-page-background-enabled":"default","ast-page-background-meta":{"desktop":{"background-color":"","background-image":"","background-repeat":"repeat","background-position":"center center","background-size":"auto","background-attachment":"scroll","background-type":"","background-media":"","overlay-type":"","overlay-color":"","overlay-opacity":"","overlay-gradient":""},"tablet":{"background-color":"","background-image":"","background-repeat":"repeat","background-position":"center center","background-size":"auto","background-attachment":"scroll","background-type":"","background-media":"","overlay-type":"","overlay-color":"","overlay-opacity":"","overlay-gradient":""},"mobile":{"background-color":"","background-image":"","background-repeat":"repeat","background-position":"center center","background-size":"auto","background-attachment":"scroll","background-type":"","background-media":"","overlay-type":"","overlay-color":"","overlay-opacity":"","overlay-gradient":""}},"ast-content-background-meta":{"desktop":{"background-color":"var(--ast-global-color-5)","background-image":"","background-repeat":"repeat","background-position":"center center","background-size":"auto","background-attachment":"scroll","background-type":"","background-media":"","overlay-type":"","overlay-color":"","overlay-opacity":"","overlay-gradient":""},"tablet":{"background-color":"var(--ast-global-color-5)","background-image":"","background-repeat":"repeat","background-position":"center center","background-size":"auto","background-attachment":"scroll","background-type":"","background-media":"","overlay-type":"","overlay-color":"","overlay-opacity":"","overlay-gradient":""},"mobile":{"background-color":"var(--ast-global-color-5)","background-image":"","background-repeat":"repeat","background-position":"center center","background-size":"auto","background-attachment":"scroll","background-type":"","background-media":"","overlay-type":"","overlay-color":"","overlay-opacity":"","overlay-gradient":""}}},"product_brand":[],"product_cat":[464],"product_tag":[1200],"class_list":{"0":"post-57171","1":"product","2":"type-product","3":"status-publish","4":"has-post-thumbnail","6":"product_cat-youtube-fr","7":"product_tag-booster-les-videos-youtube","8":"desktop-align-center","9":"tablet-align-center","10":"mobile-align-center","11":"ast-product-gallery-layout-first-image-large","12":"ast-product-gallery-with-no-image","13":"ast-magnify-disabled","14":"ast-product-single-variable","15":"ast-product-tabs-layout-horizontal","17":"first","18":"instock","19":"sale","20":"taxable","21":"shipping-taxable","22":"purchasable","23":"product-type-variable"},"_links":{"self":[{"href":"https:\/\/www.likes-kopen.nl\/fr\/wp-json\/wp\/v2\/product\/57171","targetHints":{"allow":["GET"]}}],"collection":[{"href":"https:\/\/www.likes-kopen.nl\/fr\/wp-json\/wp\/v2\/product"}],"about":[{"href":"https:\/\/www.likes-kopen.nl\/fr\/wp-json\/wp\/v2\/types\/product"}],"replies":[{"embeddable":true,"href":"https:\/\/www.likes-kopen.nl\/fr\/wp-json\/wp\/v2\/comments?post=57171"}],"wp:featuredmedia":[{"embeddable":true,"href":"https:\/\/www.likes-kopen.nl\/fr\/wp-json\/wp\/v2\/media\/49454"}],"wp:attachment":[{"href":"https:\/\/www.likes-kopen.nl\/fr\/wp-json\/wp\/v2\/media?parent=57171"}],"wp:term":[{"taxonomy":"product_brand","embeddable":true,"href":"https:\/\/www.likes-kopen.nl\/fr\/wp-json\/wp\/v2\/product_brand?post=57171"},{"taxonomy":"product_cat","embeddable":true,"href":"https:\/\/www.likes-kopen.nl\/fr\/wp-json\/wp\/v2\/product_cat?post=57171"},{"taxonomy":"product_tag","embeddable":true,"href":"https:\/\/www.likes-kopen.nl\/fr\/wp-json\/wp\/v2\/product_tag?post=57171"}],"curies":[{"name":"wp","href":"https:\/\/api.w.org\/{rel}","templated":true}]}}