{"id":57163,"date":"2018-03-13T08:31:10","date_gmt":"2018-03-13T07:31:10","guid":{"rendered":"https:\/\/www.likes-kopen.nl\/product\/suiveurs-spotify\/"},"modified":"2025-01-27T06:13:18","modified_gmt":"2025-01-27T05:13:18","slug":"followers-spotify","status":"publish","type":"product","link":"https:\/\/www.likes-kopen.nl\/fr\/followers-spotify\/","title":{"rendered":"Suiveurs Spotify"},"content":{"rendered":"<p>Par d\u00e9faut, le nombre de suiveurs est r\u00e9gl\u00e9 sur 500. La liste d\u00e9roulante te permet de choisir un nombre plus important. Les chiffres comprennent un prix. C&rsquo;est le co\u00fbt suppl\u00e9mentaire en plus pour le num\u00e9ro suppl\u00e9mentaire.<\/p>\n<ul>\n<li>Le d\u00e9lai de livraison est d&rsquo;environ 3 jours<\/li>\n<li>Les utilisateurs sont dans le monde entier<\/li>\n<\/ul>\n<p>Tout ce dont nous avons besoin de ta part est ton lien d&rsquo;artiste. Celle-ci ressemble \u00e0 quelque chose comme \u00e7a : https:\/\/open.spotify.com\/artist\/0dwk0w0kdmmDg<\/p>\n<p>&nbsp;<\/p>\n<h2>Plus sur Spotify<\/h2>\n<p>Spotify est en train de devenir l&rsquo;un des plus grands services de streaming musical au monde. Elle entrera en bourse en avril 2018. Nous pouvons donc attendre beaucoup plus de ce service de streaming. Sais-tu qu&rsquo;il y a 73 millions d&rsquo;utilisateurs payants ? Puis pense au nombre d&rsquo;utilisateurs gratuits de l&rsquo;entreprise. Si tu es d\u00e9couvert sur cette plateforme, tu peux gagner beaucoup d&rsquo;argent.<\/p>\n<p>&nbsp;<\/p>\n<h2>Ce que nous faisons<\/h2>\n<p><img decoding=\"async\" class=\"alignright size-full wp-image-5992\" src=\"https:\/\/www.likes-kopen.nl\/wp-content\/uploads\/\/2018\/03\/volgers-verhogen-spotify.jpg\" alt=\"plus de followers spotify\" width=\"270\" height=\"125\">Nous veillons \u00e0 ce que le nombre de followers sur ta page d&rsquo;artiste atteigne rapidement le nombre command\u00e9. Que le compteur soit \u00e0 10 ou \u00e0 3 010. Dans tous les cas, tu peux commander chez nous.<\/p>\n<p>&nbsp;<\/p>\n<p>&nbsp;<\/p>\n<p>D\u00e9couvre nos autres <strong>produits<\/strong> ici :<\/p>\n<ul>\n<li><a href=\"https:\/\/www.likes-kopen.nl\/instagram-volgers-kopen\/\">Acheter des followers Instagram<\/a><\/li>\n<li><a href=\"https:\/\/www.likes-kopen.nl\/instagram-likes-kopen\/\">Acheter des likes Instagram<\/a><\/li>\n<li><a href=\"https:\/\/www.likes-kopen.nl\/tiktok-volgers-kopen\/\">Acheter des followers Tiktok<\/a><\/li>\n<li><a href=\"https:\/\/www.likes-kopen.nl\/tiktok-likes-kopen\/\">Acheter Tiktok aime<\/a><\/li>\n<\/ul>\n","protected":false},"excerpt":{"rendered":"<p>Acheter des followers Spotify ? Tu peux le faire avec nous !<\/p>\n<p>Plus de followers sur Spotify permet aux gens de ne pas te voir comme un d\u00e9butant mais comme un pro ! Dans la plupart des cas, tes morceaux seront \u00e9cout\u00e9s plus souvent, et si ta musique pla\u00eet, cela peut conduire \u00e0 de nouveaux adeptes !<\/p>\n<p>De plus, tu apparais plus rapidement dans les r\u00e9sultats de recherche car ils sont tri\u00e9s en partie par le nombre de personnes qui te suivent. Il y a donc de multiples raisons d&rsquo;acheter des followers Spotify.<\/p>\n","protected":false},"featured_media":47564,"comment_status":"open","ping_status":"closed","template":"","meta":{"site-sidebar-layout":"default","site-content-layout":"default","ast-site-content-layout":"default","site-content-style":"default","site-sidebar-style":"default","ast-global-header-display":"","ast-banner-title-visibility":"","ast-main-header-display":"","ast-hfb-above-header-display":"","ast-hfb-below-header-display":"","ast-hfb-mobile-header-display":"","site-post-title":"","ast-breadcrumbs-content":"","ast-featured-img":"","footer-sml-layout":"","ast-disable-related-posts":"","theme-transparent-header-meta":"default","adv-header-id-meta":"","stick-header-meta":"default","header-above-stick-meta":"","header-main-stick-meta":"","header-below-stick-meta":"","astra-migrate-meta-layouts":"default","ast-page-background-enabled":"default","ast-page-background-meta":{"desktop":{"background-color":"","background-image":"","background-repeat":"repeat","background-position":"center center","background-size":"auto","background-attachment":"scroll","background-type":"","background-media":"","overlay-type":"","overlay-color":"","overlay-opacity":"","overlay-gradient":""},"tablet":{"background-color":"","background-image":"","background-repeat":"repeat","background-position":"center center","background-size":"auto","background-attachment":"scroll","background-type":"","background-media":"","overlay-type":"","overlay-color":"","overlay-opacity":"","overlay-gradient":""},"mobile":{"background-color":"","background-image":"","background-repeat":"repeat","background-position":"center center","background-size":"auto","background-attachment":"scroll","background-type":"","background-media":"","overlay-type":"","overlay-color":"","overlay-opacity":"","overlay-gradient":""}},"ast-content-background-meta":{"desktop":{"background-color":"var(--ast-global-color-5)","background-image":"","background-repeat":"repeat","background-position":"center center","background-size":"auto","background-attachment":"scroll","background-type":"","background-media":"","overlay-type":"","overlay-color":"","overlay-opacity":"","overlay-gradient":""},"tablet":{"background-color":"var(--ast-global-color-5)","background-image":"","background-repeat":"repeat","background-position":"center center","background-size":"auto","background-attachment":"scroll","background-type":"","background-media":"","overlay-type":"","overlay-color":"","overlay-opacity":"","overlay-gradient":""},"mobile":{"background-color":"var(--ast-global-color-5)","background-image":"","background-repeat":"repeat","background-position":"center center","background-size":"auto","background-attachment":"scroll","background-type":"","background-media":"","overlay-type":"","overlay-color":"","overlay-opacity":"","overlay-gradient":""}}},"product_brand":[],"product_cat":[755],"product_tag":[],"class_list":{"0":"post-57163","1":"product","2":"type-product","3":"status-publish","4":"has-post-thumbnail","6":"product_cat-spotify-fr","7":"desktop-align-center","8":"tablet-align-center","9":"mobile-align-center","10":"ast-product-gallery-layout-first-image-large","11":"ast-product-gallery-with-no-image","12":"ast-magnify-disabled","13":"ast-product-tabs-layout-horizontal","15":"first","16":"outofstock","17":"virtual","18":"taxable","19":"purchasable","20":"product-type-simple"},"_links":{"self":[{"href":"https:\/\/www.likes-kopen.nl\/fr\/wp-json\/wp\/v2\/product\/57163","targetHints":{"allow":["GET"]}}],"collection":[{"href":"https:\/\/www.likes-kopen.nl\/fr\/wp-json\/wp\/v2\/product"}],"about":[{"href":"https:\/\/www.likes-kopen.nl\/fr\/wp-json\/wp\/v2\/types\/product"}],"replies":[{"embeddable":true,"href":"https:\/\/www.likes-kopen.nl\/fr\/wp-json\/wp\/v2\/comments?post=57163"}],"wp:featuredmedia":[{"embeddable":true,"href":"https:\/\/www.likes-kopen.nl\/fr\/wp-json\/wp\/v2\/media\/47564"}],"wp:attachment":[{"href":"https:\/\/www.likes-kopen.nl\/fr\/wp-json\/wp\/v2\/media?parent=57163"}],"wp:term":[{"taxonomy":"product_brand","embeddable":true,"href":"https:\/\/www.likes-kopen.nl\/fr\/wp-json\/wp\/v2\/product_brand?post=57163"},{"taxonomy":"product_cat","embeddable":true,"href":"https:\/\/www.likes-kopen.nl\/fr\/wp-json\/wp\/v2\/product_cat?post=57163"},{"taxonomy":"product_tag","embeddable":true,"href":"https:\/\/www.likes-kopen.nl\/fr\/wp-json\/wp\/v2\/product_tag?post=57163"}],"curies":[{"name":"wp","href":"https:\/\/api.w.org\/{rel}","templated":true}]}}