{"id":57118,"date":"2019-01-17T13:21:26","date_gmt":"2019-01-17T12:21:26","guid":{"rendered":"https:\/\/www.likes-kopen.nl\/product\/youtube-dislikes\/"},"modified":"2025-01-18T16:12:37","modified_gmt":"2025-01-18T15:12:37","slug":"youtube-dislikes-buy","status":"publish","type":"product","link":"https:\/\/www.likes-kopen.nl\/fr\/youtube-dislikes-buy\/","title":{"rendered":"  Acheter des d\u00e9saccords sur YouTube <\/br> <h2><span style=\"color : #ae60e1 ;\">Livr\u00e9 Directement<\/span> \ud83d\ude80<\/h2>"},"content":{"rendered":"<h2>Ach\u00e8te des dislikes sur YouTube<\/h2>\n<p><span style=\"color: #000000;\">Avec nous, tu peux acheter des dislikes YouTube. Les aversions sont les pouces en bas. Si tu veux rendre ta vid\u00e9o encore plus convaincante, tu as besoin de dislikes. Tu peux acheter des likes normaux sur YouTube pour que les gens soient positifs sur ta vid\u00e9o, mais 1000 uplikes et 0 dislikes ne sont pas non plus convaincants. C&rsquo;est pourquoi nous proposons ce service !<\/span><\/p>\n<p>&nbsp;<\/p>\n<h2>Caract\u00e9ristiques<\/h2>\n<ul>\n<li>Aucun dommage \u00e0 ta vid\u00e9o<\/li>\n<li>Apparais encore plus naturel avec ta vid\u00e9o<\/li>\n<li>Normalement livr\u00e9 sous 1 jour<\/li>\n<\/ul>\n<h2>Tu n&rsquo;es pas actif sur Youtube ?<\/h2>\n<p>Pas de probl\u00e8me ! Nous vendons aussi des likes et des followers pour d&rsquo;autres canaux de m\u00e9dias sociaux. Tu es curieux d&rsquo;en savoir plus sur les possibilit\u00e9s ? Ach\u00e8te tes <a href=\"https:\/\/www.likes-kopen.nl\/tiktok-likes-kopen\/\">likes Tiktok<\/a> ou tes <a href=\"https:\/\/www.likes-kopen.nl\/instagram-volgers-kopen\/\">followers Insta<\/a> ici.<\/p>\n","protected":false},"excerpt":{"rendered":"<p>\u2714\ufe0fAcheter des pouces vers le bas pour ta vid\u00e9o<br \/>\n\u2b50Convaincre davantage pour tes vid\u00e9os<br \/>\n\u2b50\u00c9quilibre tes likes<\/p>\n","protected":false},"featured_media":48578,"comment_status":"open","ping_status":"closed","template":"","meta":{"site-sidebar-layout":"default","site-content-layout":"default","ast-site-content-layout":"default","site-content-style":"default","site-sidebar-style":"default","ast-global-header-display":"","ast-banner-title-visibility":"","ast-main-header-display":"","ast-hfb-above-header-display":"","ast-hfb-below-header-display":"","ast-hfb-mobile-header-display":"","site-post-title":"","ast-breadcrumbs-content":"","ast-featured-img":"","footer-sml-layout":"","ast-disable-related-posts":"","theme-transparent-header-meta":"default","adv-header-id-meta":"","stick-header-meta":"default","header-above-stick-meta":"","header-main-stick-meta":"","header-below-stick-meta":"","astra-migrate-meta-layouts":"default","ast-page-background-enabled":"default","ast-page-background-meta":{"desktop":{"background-color":"","background-image":"","background-repeat":"repeat","background-position":"center center","background-size":"auto","background-attachment":"scroll","background-type":"","background-media":"","overlay-type":"","overlay-color":"","overlay-opacity":"","overlay-gradient":""},"tablet":{"background-color":"","background-image":"","background-repeat":"repeat","background-position":"center center","background-size":"auto","background-attachment":"scroll","background-type":"","background-media":"","overlay-type":"","overlay-color":"","overlay-opacity":"","overlay-gradient":""},"mobile":{"background-color":"","background-image":"","background-repeat":"repeat","background-position":"center center","background-size":"auto","background-attachment":"scroll","background-type":"","background-media":"","overlay-type":"","overlay-color":"","overlay-opacity":"","overlay-gradient":""}},"ast-content-background-meta":{"desktop":{"background-color":"var(--ast-global-color-5)","background-image":"","background-repeat":"repeat","background-position":"center center","background-size":"auto","background-attachment":"scroll","background-type":"","background-media":"","overlay-type":"","overlay-color":"","overlay-opacity":"","overlay-gradient":""},"tablet":{"background-color":"var(--ast-global-color-5)","background-image":"","background-repeat":"repeat","background-position":"center center","background-size":"auto","background-attachment":"scroll","background-type":"","background-media":"","overlay-type":"","overlay-color":"","overlay-opacity":"","overlay-gradient":""},"mobile":{"background-color":"var(--ast-global-color-5)","background-image":"","background-repeat":"repeat","background-position":"center center","background-size":"auto","background-attachment":"scroll","background-type":"","background-media":"","overlay-type":"","overlay-color":"","overlay-opacity":"","overlay-gradient":""}}},"product_brand":[],"product_cat":[464],"product_tag":[],"class_list":{"0":"post-57118","1":"product","2":"type-product","3":"status-publish","4":"has-post-thumbnail","6":"product_cat-youtube-fr","7":"desktop-align-center","8":"tablet-align-center","9":"mobile-align-center","10":"ast-product-gallery-layout-first-image-large","11":"ast-product-gallery-with-no-image","12":"ast-magnify-disabled","13":"ast-product-single-variable","14":"ast-product-tabs-layout-horizontal","16":"first","17":"instock","18":"sale","19":"taxable","20":"shipping-taxable","21":"purchasable","22":"product-type-variable"},"_links":{"self":[{"href":"https:\/\/www.likes-kopen.nl\/fr\/wp-json\/wp\/v2\/product\/57118","targetHints":{"allow":["GET"]}}],"collection":[{"href":"https:\/\/www.likes-kopen.nl\/fr\/wp-json\/wp\/v2\/product"}],"about":[{"href":"https:\/\/www.likes-kopen.nl\/fr\/wp-json\/wp\/v2\/types\/product"}],"replies":[{"embeddable":true,"href":"https:\/\/www.likes-kopen.nl\/fr\/wp-json\/wp\/v2\/comments?post=57118"}],"wp:featuredmedia":[{"embeddable":true,"href":"https:\/\/www.likes-kopen.nl\/fr\/wp-json\/wp\/v2\/media\/48578"}],"wp:attachment":[{"href":"https:\/\/www.likes-kopen.nl\/fr\/wp-json\/wp\/v2\/media?parent=57118"}],"wp:term":[{"taxonomy":"product_brand","embeddable":true,"href":"https:\/\/www.likes-kopen.nl\/fr\/wp-json\/wp\/v2\/product_brand?post=57118"},{"taxonomy":"product_cat","embeddable":true,"href":"https:\/\/www.likes-kopen.nl\/fr\/wp-json\/wp\/v2\/product_cat?post=57118"},{"taxonomy":"product_tag","embeddable":true,"href":"https:\/\/www.likes-kopen.nl\/fr\/wp-json\/wp\/v2\/product_tag?post=57118"}],"curies":[{"name":"wp","href":"https:\/\/api.w.org\/{rel}","templated":true}]}}