{"id":56908,"date":"2016-12-28T15:58:28","date_gmt":"2016-12-28T15:58:28","guid":{"rendered":"https:\/\/www.likes-kopen.nl\/product\/evenement-facebook-gaan\/"},"modified":"2025-09-17T05:39:52","modified_gmt":"2025-09-17T04:39:52","slug":"facebook-event-go","status":"publish","type":"product","link":"https:\/\/www.likes-kopen.nl\/fr\/facebook-event-go\/","title":{"rendered":"\u00c9v\u00e9nement Facebook GAAN"},"content":{"rendered":"<h2>Rendre un \u00e9v\u00e9nement Facebook populaire<\/h2>\n<p>Oui, nous pouvons rendre ton \u00e9v\u00e9nement Facebook populaire !<br \/>\nNous pouvons faire croire qu&rsquo;il y aura beaucoup de monde \u00e0 ta f\u00eate. Comment faisons-nous ? Nous utilisons notre propre syst\u00e8me. Notre syst\u00e8me est 100% s\u00e9curis\u00e9, alors pas d&rsquo;inqui\u00e9tude !<\/p>\n<p>Imagine : quelqu&rsquo;un t&rsquo;invite \u00e0 une f\u00eate.<br \/>\nTu vas sur la page Facebook et tu vois que seulement 100 personnes y vont et que seulement 40 sont int\u00e9ress\u00e9es&#8230; Est-ce que tu irais alors \u00e0 cette f\u00eate ?  Ou irais-tu \u00e0 une f\u00eate \u00e0 laquelle participent 1 000 personnes ? Cela semble beaucoup plus confortable, n&rsquo;est-ce pas ?<\/p>\n<p>Beaucoup de gens commandent ce produit chez nous, pense \u00e0 : des clubs, des \u00e9v\u00e9nements de yoga, des rassemblements etc&#8230;.. Cependant, ces personnes ont toutes un profil priv\u00e9 et lancent un \u00e9v\u00e9nement priv\u00e9. Si tu veux lancer une manifestation commerciale, nous ne pouvons malheureusement pas t&rsquo;aider. Nous ne vendons qu&rsquo;aux consommateurs.<\/p>\n<p>Tu as d\u00e9j\u00e0 beaucoup de personnes qui \u00ab\u00a0y vont\u00a0\u00bb mais tu aimerais que d&rsquo;autres personnes soient <a href=\"https:\/\/www.likes-kopen.nl\/facebook-event-geinteresseerd\/\">int\u00e9ress\u00e9es<\/a>? Tu peux le faire !<br \/>\nNous vendons \u00e9galement ce produit, n&rsquo;h\u00e9site plus et booste ton \u00e9v\u00e9nement fb. Ach\u00e8te ce produit et nous ferons le reste \ud83d\ude09<\/p>\n<p>\u2705Recevoir une facture imm\u00e9diatement<\/p>\n<p>\u2705nous offrons le meilleur service client<\/p>\n<hr>\n<h2>Choisis un num\u00e9ro<\/h2>\n<p>Par d\u00e9faut, le service est r\u00e9gl\u00e9 sur 25x &lsquo;go&rsquo; pour 9,95 \u20ac. Si tu veux commander un nombre diff\u00e9rent, choisis 50x, 100x, 200x, 500x ou 1000x.<\/p>\n<p>Par exemple, si tu commandes 100x go, 100 utilisateurs Facebook connect\u00e9s diff\u00e9rents viendront sur ta page pour cliquer sur &lsquo;go&rsquo;. Cela rend imm\u00e9diatement ton \u00e9v\u00e9nement Facebook beaucoup plus populaire ! Lorsqu&rsquo;un mouton traverse le barrage, d&rsquo;autres suivront&#8230;..<\/p>\n<p><img decoding=\"async\" class=\"alignnone size-full wp-image-3050\" src=\"https:\/\/www.likes-kopen.nl\/wp-content\/uploads\/\/2016\/12\/facebook-event-gaan.jpg\" alt=\"facebook-event-go\" width=\"323\" height=\"92\" srcset=\"https:\/\/www.likes-kopen.nl\/wp-content\/uploads\/2016\/12\/facebook-event-gaan.jpg 323w, https:\/\/www.likes-kopen.nl\/wp-content\/uploads\/2016\/12\/facebook-event-gaan-300x85.jpg 300w\" sizes=\"(max-width: 323px) 100vw, 323px\" \/><\/p>\n<hr>\n<p>La commande de l&rsquo;\u00e9v\u00e9nement Facebook GAAN se fait avec ce service. Le compteur GAAN augmentera avec le nombre de commandes !<\/p>\n<p><strong>Nationalit\u00e9s : <\/strong>Les utilisateurs de Facebook sont mondiaux. Il <span style=\"text-decoration: underline;\">n&rsquo;y a pas de<\/span> N\u00e9erlandais parmi eux.<\/p>\n<p><strong>Vitesse<\/strong>: Si tu commandes 100 par exemple, ils seront livr\u00e9s en 1x. Tu veux faire passer le mot ? Puis commande le service plusieurs fois en plus petites quantit\u00e9s.<\/p>\n<p><strong>D\u00e9lai de livraison<\/strong>: Dans la plupart des cas, la livraison a lieu dans les 24 heures.<\/p>\n<p><strong>Prix<\/strong>: Le prix apr\u00e8s le num\u00e9ro est le prix suppl\u00e9mentaire. Ce montant s&rsquo;ajoute aux 9,95 euros.<\/p>\n<h2>Tu n&rsquo;es pas actif sur Facebook ?<\/h2>\n<p>Tu peux le faire ! D\u00e9couvre les autres produits ici :<\/p>\n<ul>\n<li><a href=\"https:\/\/www.likes-kopen.nl\/instagram-volgers-kopen\/\">Acheter des followers Instagram<\/a><\/li>\n<li><a href=\"https:\/\/www.likes-kopen.nl\/instagram-likes-kopen\/\">Acheter des likes Instagram<\/a><\/li>\n<li><a href=\"https:\/\/www.likes-kopen.nl\/tiktok-volgers-kopen\/\">Acheter des followers Tiktok<\/a><\/li>\n<li><a href=\"https:\/\/www.likes-kopen.nl\/tiktok-likes-kopen\/\">Acheter Tiktok aime<\/a><\/li>\n<\/ul>\n","protected":false},"excerpt":{"rendered":"<h3>Rendre un \u00e9v\u00e9nement Facebook populaire<\/h3>\n<p>Tu as un \u00e9v\u00e9nement Facebook sur ta page et tu veux rendre cet \u00e9v\u00e9nement Facebook populaire ? Alors commande ce service !<br \/>\n**D\u00e9lai de livraison diff\u00e9rent (4-7 jours)<\/p>\n<p>&nbsp;<\/p>\n","protected":false},"featured_media":47822,"comment_status":"open","ping_status":"closed","template":"","meta":{"site-sidebar-layout":"default","site-content-layout":"default","ast-site-content-layout":"default","site-content-style":"default","site-sidebar-style":"default","ast-global-header-display":"","ast-banner-title-visibility":"","ast-main-header-display":"","ast-hfb-above-header-display":"","ast-hfb-below-header-display":"","ast-hfb-mobile-header-display":"","site-post-title":"","ast-breadcrumbs-content":"","ast-featured-img":"","footer-sml-layout":"","ast-disable-related-posts":"","theme-transparent-header-meta":"default","adv-header-id-meta":"","stick-header-meta":"default","header-above-stick-meta":"","header-main-stick-meta":"","header-below-stick-meta":"","astra-migrate-meta-layouts":"default","ast-page-background-enabled":"default","ast-page-background-meta":{"desktop":{"background-color":"","background-image":"","background-repeat":"repeat","background-position":"center center","background-size":"auto","background-attachment":"scroll","background-type":"","background-media":"","overlay-type":"","overlay-color":"","overlay-opacity":"","overlay-gradient":""},"tablet":{"background-color":"","background-image":"","background-repeat":"repeat","background-position":"center center","background-size":"auto","background-attachment":"scroll","background-type":"","background-media":"","overlay-type":"","overlay-color":"","overlay-opacity":"","overlay-gradient":""},"mobile":{"background-color":"","background-image":"","background-repeat":"repeat","background-position":"center center","background-size":"auto","background-attachment":"scroll","background-type":"","background-media":"","overlay-type":"","overlay-color":"","overlay-opacity":"","overlay-gradient":""}},"ast-content-background-meta":{"desktop":{"background-color":"var(--ast-global-color-5)","background-image":"","background-repeat":"repeat","background-position":"center center","background-size":"auto","background-attachment":"scroll","background-type":"","background-media":"","overlay-type":"","overlay-color":"","overlay-opacity":"","overlay-gradient":""},"tablet":{"background-color":"var(--ast-global-color-5)","background-image":"","background-repeat":"repeat","background-position":"center center","background-size":"auto","background-attachment":"scroll","background-type":"","background-media":"","overlay-type":"","overlay-color":"","overlay-opacity":"","overlay-gradient":""},"mobile":{"background-color":"var(--ast-global-color-5)","background-image":"","background-repeat":"repeat","background-position":"center center","background-size":"auto","background-attachment":"scroll","background-type":"","background-media":"","overlay-type":"","overlay-color":"","overlay-opacity":"","overlay-gradient":""}}},"product_brand":[],"product_cat":[537],"product_tag":[1154,1153],"class_list":{"0":"post-56908","1":"product","2":"type-product","3":"status-publish","4":"has-post-thumbnail","6":"product_cat-facebook-fr","7":"product_tag-evenements-prevus","8":"product_tag-promouvoir-levenement-sur-facebook","9":"desktop-align-center","10":"tablet-align-center","11":"mobile-align-center","12":"ast-product-gallery-layout-first-image-large","13":"ast-product-gallery-with-no-image","14":"ast-magnify-disabled","15":"ast-product-single-variable","16":"ast-product-tabs-layout-horizontal","18":"first","19":"outofstock","20":"taxable","21":"shipping-taxable","22":"product-type-variable"},"_links":{"self":[{"href":"https:\/\/www.likes-kopen.nl\/fr\/wp-json\/wp\/v2\/product\/56908","targetHints":{"allow":["GET"]}}],"collection":[{"href":"https:\/\/www.likes-kopen.nl\/fr\/wp-json\/wp\/v2\/product"}],"about":[{"href":"https:\/\/www.likes-kopen.nl\/fr\/wp-json\/wp\/v2\/types\/product"}],"replies":[{"embeddable":true,"href":"https:\/\/www.likes-kopen.nl\/fr\/wp-json\/wp\/v2\/comments?post=56908"}],"wp:featuredmedia":[{"embeddable":true,"href":"https:\/\/www.likes-kopen.nl\/fr\/wp-json\/wp\/v2\/media\/47822"}],"wp:attachment":[{"href":"https:\/\/www.likes-kopen.nl\/fr\/wp-json\/wp\/v2\/media?parent=56908"}],"wp:term":[{"taxonomy":"product_brand","embeddable":true,"href":"https:\/\/www.likes-kopen.nl\/fr\/wp-json\/wp\/v2\/product_brand?post=56908"},{"taxonomy":"product_cat","embeddable":true,"href":"https:\/\/www.likes-kopen.nl\/fr\/wp-json\/wp\/v2\/product_cat?post=56908"},{"taxonomy":"product_tag","embeddable":true,"href":"https:\/\/www.likes-kopen.nl\/fr\/wp-json\/wp\/v2\/product_tag?post=56908"}],"curies":[{"name":"wp","href":"https:\/\/api.w.org\/{rel}","templated":true}]}}