{"id":56895,"date":"2016-09-15T08:50:51","date_gmt":"2016-09-15T07:50:51","guid":{"rendered":"https:\/\/www.likes-kopen.nl\/product\/commentaires-sur-facebook\/"},"modified":"2025-01-16T05:34:32","modified_gmt":"2025-01-16T04:34:32","slug":"acheter-des-commentaires-facebook","status":"publish","type":"product","link":"https:\/\/www.likes-kopen.nl\/fr\/acheter-des-commentaires-facebook\/","title":{"rendered":"Acheter des commentaires sur Facebook \ud83d\ude80"},"content":{"rendered":"<h2>Tu ach\u00e8tes des commentaires pour ta publication Facebook ?<\/h2>\n<p>Avec nous, tu peux acheter des commentaires pour ta publication Facebook. Tu peux choisir \u00e0 partir de 10 pi\u00e8ces et d\u00e9cider de ce que les gens \u00e9crivent. Tu peux saisir des textes en n\u00e9erlandais ou dans une autre langue. Malheureusement, les profils qui publieront les textes ne sont pas n\u00e9erlandais. Tu as donc des personnes \u00e9trang\u00e8res qui donnent les r\u00e9ponses. Id\u00e9al si tu as une entreprise internationale, par exemple, ou si tu fais aussi des affaires \u00e0 l&rsquo;\u00e9tranger.<\/p>\n<p>&nbsp;<\/p>\n<h2>Caract\u00e9ristiques<\/h2>\n<ul>\n<li>Les commentaires sont post\u00e9s en succession presque imm\u00e9diate<\/li>\n<li>D\u00e9lai de livraison en moyenne 24 heures pour 10 r\u00e9ponses<\/li>\n<li>Tous les profils sont \u00e9trangers<\/li>\n<li>Tu peux saisir ton propre texte<\/li>\n<\/ul>\n<p>&nbsp;<\/p>\n<h2>O\u00f9 puis-je trouver le lien ?<\/h2>\n<p>PC\/LAPTOP : Chaque message est accompagn\u00e9 d&rsquo;une heure et\/ou d&rsquo;une date. Fais un clic droit sur l&rsquo;heure\/la date et choisis de copier le lien. Puis colle le lien dans le formulaire de commande.<\/p>\n<p>MOBILE\/TABLET : Pr\u00e8s du message, tu verras 3 points. Clique dessus et choisis de copier le lien. Colle ensuite le lien dans le formulaire de commande en maintenant le champ enfonc\u00e9.<\/p>\n<p>Tu n&rsquo;utilises pas beaucoup Facebook mais tu utilises Instagram ? Ensuite, tu peux aussi <a href=\"https:\/\/www.likes-kopen.nl\/instagram-volgers-kopen\/\">acheter des followers Instagram<\/a>, par exemple.<\/p>\n","protected":false},"excerpt":{"rendered":"<p><span style=\"font-size: 16px;\">\u2714\ufe0fReacties acheter pour le post FB<br \/>\n<\/span>\u2b50 <span style=\"font-size: 16px;\">\u00e0 partir de 10 pi\u00e8ces<br \/>\n\u2b50 entrer les commentaires vous-m\u00eame<\/span>.<\/p>\n<p><strong><span style=\"color: #ff0000;\" data-darkreader-inline-color=\"\">*Veuillez utiliser une nouvelle ligne pour chaque r\u00e9ponse. N&rsquo;utilise PAS les \u00e9num\u00e9rations (elles seront retir\u00e9es sinon).<\/span><\/strong><\/p>\n","protected":false},"featured_media":49478,"comment_status":"open","ping_status":"closed","template":"","meta":{"site-sidebar-layout":"default","site-content-layout":"default","ast-site-content-layout":"default","site-content-style":"default","site-sidebar-style":"default","ast-global-header-display":"","ast-banner-title-visibility":"","ast-main-header-display":"","ast-hfb-above-header-display":"","ast-hfb-below-header-display":"","ast-hfb-mobile-header-display":"","site-post-title":"","ast-breadcrumbs-content":"","ast-featured-img":"","footer-sml-layout":"","ast-disable-related-posts":"","theme-transparent-header-meta":"default","adv-header-id-meta":"","stick-header-meta":"default","header-above-stick-meta":"","header-main-stick-meta":"","header-below-stick-meta":"","astra-migrate-meta-layouts":"set","ast-page-background-enabled":"default","ast-page-background-meta":{"desktop":{"background-color":"","background-image":"","background-repeat":"repeat","background-position":"center center","background-size":"auto","background-attachment":"scroll","background-type":"","background-media":"","overlay-type":"","overlay-color":"","overlay-opacity":"","overlay-gradient":""},"tablet":{"background-color":"","background-image":"","background-repeat":"repeat","background-position":"center center","background-size":"auto","background-attachment":"scroll","background-type":"","background-media":"","overlay-type":"","overlay-color":"","overlay-opacity":"","overlay-gradient":""},"mobile":{"background-color":"","background-image":"","background-repeat":"repeat","background-position":"center center","background-size":"auto","background-attachment":"scroll","background-type":"","background-media":"","overlay-type":"","overlay-color":"","overlay-opacity":"","overlay-gradient":""}},"ast-content-background-meta":{"desktop":{"background-color":"var(--ast-global-color-5)","background-image":"","background-repeat":"repeat","background-position":"center center","background-size":"auto","background-attachment":"scroll","background-type":"","background-media":"","overlay-type":"","overlay-color":"","overlay-opacity":"","overlay-gradient":""},"tablet":{"background-color":"var(--ast-global-color-5)","background-image":"","background-repeat":"repeat","background-position":"center center","background-size":"auto","background-attachment":"scroll","background-type":"","background-media":"","overlay-type":"","overlay-color":"","overlay-opacity":"","overlay-gradient":""},"mobile":{"background-color":"var(--ast-global-color-5)","background-image":"","background-repeat":"repeat","background-position":"center center","background-size":"auto","background-attachment":"scroll","background-type":"","background-media":"","overlay-type":"","overlay-color":"","overlay-opacity":"","overlay-gradient":""}}},"product_brand":[],"product_cat":[537],"product_tag":[],"class_list":{"0":"post-56895","1":"product","2":"type-product","3":"status-publish","4":"has-post-thumbnail","6":"product_cat-facebook-fr","7":"desktop-align-center","8":"tablet-align-center","9":"mobile-align-center","10":"ast-product-gallery-layout-first-image-large","11":"ast-product-gallery-with-no-image","12":"ast-magnify-disabled","13":"ast-product-single-variable","14":"ast-product-tabs-layout-horizontal","16":"first","17":"instock","18":"sale","19":"taxable","20":"shipping-taxable","21":"purchasable","22":"product-type-variable"},"_links":{"self":[{"href":"https:\/\/www.likes-kopen.nl\/fr\/wp-json\/wp\/v2\/product\/56895","targetHints":{"allow":["GET"]}}],"collection":[{"href":"https:\/\/www.likes-kopen.nl\/fr\/wp-json\/wp\/v2\/product"}],"about":[{"href":"https:\/\/www.likes-kopen.nl\/fr\/wp-json\/wp\/v2\/types\/product"}],"replies":[{"embeddable":true,"href":"https:\/\/www.likes-kopen.nl\/fr\/wp-json\/wp\/v2\/comments?post=56895"}],"wp:featuredmedia":[{"embeddable":true,"href":"https:\/\/www.likes-kopen.nl\/fr\/wp-json\/wp\/v2\/media\/49478"}],"wp:attachment":[{"href":"https:\/\/www.likes-kopen.nl\/fr\/wp-json\/wp\/v2\/media?parent=56895"}],"wp:term":[{"taxonomy":"product_brand","embeddable":true,"href":"https:\/\/www.likes-kopen.nl\/fr\/wp-json\/wp\/v2\/product_brand?post=56895"},{"taxonomy":"product_cat","embeddable":true,"href":"https:\/\/www.likes-kopen.nl\/fr\/wp-json\/wp\/v2\/product_cat?post=56895"},{"taxonomy":"product_tag","embeddable":true,"href":"https:\/\/www.likes-kopen.nl\/fr\/wp-json\/wp\/v2\/product_tag?post=56895"}],"curies":[{"name":"wp","href":"https:\/\/api.w.org\/{rel}","templated":true}]}}