{"id":56825,"date":"2016-11-04T14:49:11","date_gmt":"2016-11-04T13:49:11","guid":{"rendered":"https:\/\/www.likes-kopen.nl\/product\/vues-de-videos-facebook\/"},"modified":"2025-01-23T08:46:45","modified_gmt":"2025-01-23T07:46:45","slug":"facebook-views-buy","status":"publish","type":"product","link":"https:\/\/www.likes-kopen.nl\/fr\/facebook-views-buy\/","title":{"rendered":"Acheter des vues de vid\u00e9os Facebook avec livraison imm\u00e9diate \ud83d\ude80"},"content":{"rendered":"<p class=\"acm\">Acheter des vues de vid\u00e9os Facebook est contraire aux directives de Facebook. Ce service est \u00e0 tes propres risques.<\/p>\n<h2>Acheter des vues pour ta vid\u00e9o Facebook<\/h2>\n<p>Fais en sorte que ta vid\u00e9o Facebook soit vue plus souvent ! N&rsquo;est-ce pas dommage quand tu as mis tant d&rsquo;efforts dans une belle vid\u00e9o et qu&rsquo;elle ne re\u00e7oit que quelques vues ? Heureusement, tu peux facilement faire quelque chose \u00e0 ce sujet ! Apr\u00e8s tout, tu peux acheter des spectateurs pour ta vid\u00e9o Facebook !<\/p>\n<p>Tu es quelqu&rsquo;un qui publie r\u00e9guli\u00e8rement des vid\u00e9os sur ton profil facebook mais qui n&rsquo;a pas encore beaucoup de spectateurs ? Alors ce produit est id\u00e9al pour toi ! Commande ce produit et obtiens des vues vid\u00e9o rapidement et en toute s\u00e9curit\u00e9 !<\/p>\n<p>&nbsp;<\/p>\n<h2>Ach\u00e8te des vues de vid\u00e9os Facebook<\/h2>\n<p>Savais-tu que ta vid\u00e9o peut devenir virale lorsqu&rsquo;elle a \u00e9t\u00e9 visionn\u00e9e de nombreuses fois ? Acheter des vues Facebook est facile et rapide. Nous faisons passer le mot sur la vid\u00e9o (au niveau mondial), ce qui augmentera consid\u00e9rablement ton compteur.<\/p>\n<p>&nbsp;<\/p>\n<p><img decoding=\"async\" class=\"alignnone size-full wp-image-2856\" src=\"https:\/\/www.likes-kopen.nl\/wp-content\/uploads\/\/2016\/11\/video-facebook-aantal-keer-bekeken.jpg\" alt=\"video-facebook-nombre-de-vues\" width=\"629\" height=\"131\" srcset=\"https:\/\/www.likes-kopen.nl\/wp-content\/uploads\/2016\/11\/video-facebook-aantal-keer-bekeken.jpg 629w, https:\/\/www.likes-kopen.nl\/wp-content\/uploads\/2016\/11\/video-facebook-aantal-keer-bekeken-510x106.jpg 510w, https:\/\/www.likes-kopen.nl\/wp-content\/uploads\/2016\/11\/video-facebook-aantal-keer-bekeken-300x62.jpg 300w\" sizes=\"(max-width: 629px) 100vw, 629px\" \/><\/p>\n<p>&nbsp;<\/p>\n<h2>Caract\u00e9ristiques des vues des vid\u00e9os Facebook<\/h2>\n<ul>\n<li>Rapide et s\u00fbr<\/li>\n<li>A partir de 500 vues de ta vid\u00e9o<\/li>\n<li>Livraison sous 24 heures pour 500-2500 pi\u00e8ces<\/li>\n<li>Vues seulement (temps de visualisation de 3s)<\/li>\n<\/ul>\n<h2>Qui regarde ma vid\u00e9o ?<\/h2>\n<p>Nous offrons des vues vid\u00e9o internationales. Cela signifie donc que des personnes de diff\u00e9rents pays regardent ta vid\u00e9o. Tes amis fb ne peuvent pas voir qui a regard\u00e9 ta vid\u00e9o ! Ils ne peuvent voir que le nombre de fois o\u00f9 il a \u00e9t\u00e9 consult\u00e9.<\/p>\n<h2>Si je commande les vues, dans combien de temps arriveront-elles ?<\/h2>\n<p>Cela d\u00e9pend un peu du nombre command\u00e9.<br \/>\nLes 1000 vues ont un d\u00e9lai de livraison de 24h (week-end exceptionnel).<br \/>\n5000 vues prendront +\/- 48 heures et 10 000 seront livr\u00e9es dans +\/- 72h.<\/p>\n<h2>Est-ce qu&rsquo;il est fiable et est-ce que je b\u00e9n\u00e9ficie d&rsquo;une garantie ?<\/h2>\n<p>Pour tes vid\u00e9os Facebook, ne travaille qu&rsquo;avec des syst\u00e8mes qui sont s\u00e9curis\u00e9s !<br \/>\nEn outre, nous garantissons \u00e9galement le nombre de vues de la vid\u00e9o command\u00e9e.<\/p>\n<h2>Promotion sur Facebook<\/h2>\n<p>Tu veux acheter plus que des vues de vid\u00e9os ?<br \/>\nTu aimes aussi que les commentaires, les partages et les likes soient inclus ?<br \/>\nTu peux le faire !<br \/>\nNous vendons toutes sortes de <a href=\"https:\/\/www.likes-kopen.nl\/facebook\/\">produits pour Facebook<\/a>! Rends ta vid\u00e9o populaire en la faisant partager, aimer !<\/p>\n<h2>Comment puis-je obtenir le lien ?<\/h2>\n<p>Sur TABLET ou PHONE, tu peux cliquer sur les trois points et choisir de copier le lien. Dans le champ de commande, appuie sur la case appropri\u00e9e et colle le lien. Choisis ensuite le nombre de vues et v\u00e9rifie le produit. Des achats d&rsquo;entreprise ? Avec nous, tu recevras une facture !<\/p>\n<p>Sur PC, clique avec le bouton droit de la souris sur la date\/heure pour copier le lien. Tu le colles ensuite dans le champ o\u00f9 l&rsquo;url est demand\u00e9e.<\/p>\n<h2>D\u00e9couvre nos autres produits ici :<\/h2>\n<ul>\n<li><a href=\"https:\/\/www.likes-kopen.nl\/instagram-volgers-kopen\/\">Acheter des followers Instagram<\/a><\/li>\n<li><a href=\"https:\/\/www.likes-kopen.nl\/instagram-likes-kopen\/\">Acheter des likes Instagram<\/a><\/li>\n<li><a href=\"https:\/\/www.likes-kopen.nl\/tiktok-volgers-kopen\/\">Acheter des followers Tiktok<\/a><\/li>\n<li><a href=\"https:\/\/www.likes-kopen.nl\/tiktok-likes-kopen\/\">Acheter Tiktok aime<\/a><\/li>\n<\/ul>\n<div id=\"gtx-trans\" style=\"position: absolute; left: 164px; top: 803.391px;\">\n<div class=\"gtx-trans-icon\"><\/div>\n<\/div>\n","protected":false},"excerpt":{"rendered":"<p><span style=\"font-size: 16px;\">\u2714\ufe0fLaat regarde souvent ta vid\u00e9o FB<br \/>\n<\/span>\u2b50 <span style=\"font-size: 16px;\">de 500<br \/>\n\u2b50 super boost<\/span>.<\/p>\n","protected":false},"featured_media":49093,"comment_status":"open","ping_status":"closed","template":"","meta":{"site-sidebar-layout":"default","site-content-layout":"default","ast-site-content-layout":"default","site-content-style":"default","site-sidebar-style":"default","ast-global-header-display":"","ast-banner-title-visibility":"","ast-main-header-display":"","ast-hfb-above-header-display":"","ast-hfb-below-header-display":"","ast-hfb-mobile-header-display":"","site-post-title":"","ast-breadcrumbs-content":"","ast-featured-img":"","footer-sml-layout":"","ast-disable-related-posts":"","theme-transparent-header-meta":"default","adv-header-id-meta":"","stick-header-meta":"default","header-above-stick-meta":"","header-main-stick-meta":"","header-below-stick-meta":"","astra-migrate-meta-layouts":"default","ast-page-background-enabled":"default","ast-page-background-meta":{"desktop":{"background-color":"","background-image":"","background-repeat":"repeat","background-position":"center center","background-size":"auto","background-attachment":"scroll","background-type":"","background-media":"","overlay-type":"","overlay-color":"","overlay-opacity":"","overlay-gradient":""},"tablet":{"background-color":"","background-image":"","background-repeat":"repeat","background-position":"center center","background-size":"auto","background-attachment":"scroll","background-type":"","background-media":"","overlay-type":"","overlay-color":"","overlay-opacity":"","overlay-gradient":""},"mobile":{"background-color":"","background-image":"","background-repeat":"repeat","background-position":"center center","background-size":"auto","background-attachment":"scroll","background-type":"","background-media":"","overlay-type":"","overlay-color":"","overlay-opacity":"","overlay-gradient":""}},"ast-content-background-meta":{"desktop":{"background-color":"var(--ast-global-color-5)","background-image":"","background-repeat":"repeat","background-position":"center center","background-size":"auto","background-attachment":"scroll","background-type":"","background-media":"","overlay-type":"","overlay-color":"","overlay-opacity":"","overlay-gradient":""},"tablet":{"background-color":"var(--ast-global-color-5)","background-image":"","background-repeat":"repeat","background-position":"center center","background-size":"auto","background-attachment":"scroll","background-type":"","background-media":"","overlay-type":"","overlay-color":"","overlay-opacity":"","overlay-gradient":""},"mobile":{"background-color":"var(--ast-global-color-5)","background-image":"","background-repeat":"repeat","background-position":"center center","background-size":"auto","background-attachment":"scroll","background-type":"","background-media":"","overlay-type":"","overlay-color":"","overlay-opacity":"","overlay-gradient":""}}},"product_brand":[],"product_cat":[537],"product_tag":[1157,1158],"class_list":{"0":"post-56825","1":"product","2":"type-product","3":"status-publish","4":"has-post-thumbnail","6":"product_cat-facebook-fr","7":"product_tag-fais-en-sorte-que-la-video-soit-plus-souvent-visionnee-sur-facebook","8":"product_tag-vues-de-la-video","9":"desktop-align-center","10":"tablet-align-center","11":"mobile-align-center","12":"ast-product-gallery-layout-first-image-large","13":"ast-product-gallery-with-no-image","14":"ast-magnify-disabled","15":"ast-product-single-variable","16":"ast-product-tabs-layout-horizontal","18":"first","19":"instock","20":"sale","21":"taxable","22":"shipping-taxable","23":"purchasable","24":"product-type-variable"},"_links":{"self":[{"href":"https:\/\/www.likes-kopen.nl\/fr\/wp-json\/wp\/v2\/product\/56825","targetHints":{"allow":["GET"]}}],"collection":[{"href":"https:\/\/www.likes-kopen.nl\/fr\/wp-json\/wp\/v2\/product"}],"about":[{"href":"https:\/\/www.likes-kopen.nl\/fr\/wp-json\/wp\/v2\/types\/product"}],"replies":[{"embeddable":true,"href":"https:\/\/www.likes-kopen.nl\/fr\/wp-json\/wp\/v2\/comments?post=56825"}],"wp:featuredmedia":[{"embeddable":true,"href":"https:\/\/www.likes-kopen.nl\/fr\/wp-json\/wp\/v2\/media\/49093"}],"wp:attachment":[{"href":"https:\/\/www.likes-kopen.nl\/fr\/wp-json\/wp\/v2\/media?parent=56825"}],"wp:term":[{"taxonomy":"product_brand","embeddable":true,"href":"https:\/\/www.likes-kopen.nl\/fr\/wp-json\/wp\/v2\/product_brand?post=56825"},{"taxonomy":"product_cat","embeddable":true,"href":"https:\/\/www.likes-kopen.nl\/fr\/wp-json\/wp\/v2\/product_cat?post=56825"},{"taxonomy":"product_tag","embeddable":true,"href":"https:\/\/www.likes-kopen.nl\/fr\/wp-json\/wp\/v2\/product_tag?post=56825"}],"curies":[{"name":"wp","href":"https:\/\/api.w.org\/{rel}","templated":true}]}}