{"id":56821,"date":"2016-12-28T17:06:13","date_gmt":"2016-12-28T17:06:13","guid":{"rendered":"https:\/\/www.likes-kopen.nl\/product\/interet-de-levenement-facebook\/"},"modified":"2025-02-11T11:44:44","modified_gmt":"2025-02-11T10:44:44","slug":"facebook-evenement-interesse","status":"publish","type":"product","link":"https:\/\/www.likes-kopen.nl\/fr\/facebook-evenement-interesse\/","title":{"rendered":"Int\u00e9r\u00eat de l&rsquo;\u00e9v\u00e9nement Facebook"},"content":{"rendered":"<p>&nbsp;<\/p>\n<h2>Promouvoir l&rsquo;\u00e9v\u00e9nement sur Facebook<\/h2>\n<p>Nous pouvons promouvoir un \u00e9v\u00e9nement priv\u00e9 sur Facebook pour toi !<br \/>\n(<strong> Nous ne vendons qu&rsquo;aux consommateurs)<\/strong> En utilisant notre propre syst\u00e8me, nous pouvons nous assurer que ton compteur \u00ab\u00a0int\u00e9ress\u00e9\u00a0\u00bb augmente.<br \/>\nL&rsquo;avantage est que ton \u00e9v\u00e9nement semblera beaucoup plus populaire. Lorsque les gens voient que de nombreuses personnes sont d\u00e9j\u00e0 sur \u00ab\u00a0int\u00e9ress\u00e9\u00a0\u00bb, ils seront bient\u00f4t curieux et deviendront eux aussi int\u00e9ress\u00e9s.<\/p>\n<p>Un \u00e9v\u00e9nement Facebook auquel seulement 5 personnes se rendent et qui n&rsquo;int\u00e9resse qu&rsquo;une seule personne ne sera pas un succ\u00e8s. C&rsquo;est pourquoi nous offrons la solution id\u00e9ale !<\/p>\n<hr>\n<h2>Choisis un num\u00e9ro<\/h2>\n<p>Le prix de 9,95 \u20ac est pour 25 personnes int\u00e9ress\u00e9es. D&rsquo;autres chiffres sont bien s\u00fbr possibles. Avec nous, tu peux choisir entre 50x, 100x, 200x, 500x ou 1000x.<\/p>\n<p>Par exemple, si tu commandes 200x, 200 utilisateurs Facebook connect\u00e9s diff\u00e9rents viendront sur ta page pour cliquer sur \u00ab\u00a0int\u00e9ress\u00e9\u00a0\u00bb. Cela rend imm\u00e9diatement ton \u00e9v\u00e9nement Facebook beaucoup plus populaire ! Lorsqu&rsquo;un mouton traverse le barrage, d&rsquo;autres suivront&#8230;..<\/p>\n<hr>\n<p>Commande l&rsquo;\u00e9v\u00e9nement Facebook GE\u00cfNTERESSEERD avec ce service. Le compteur d&rsquo;int\u00e9r\u00eat augmentera rapidement en fonction du nombre d&rsquo;achats.<\/p>\n<p><strong>Nationalit\u00e9s : <\/strong>Les utilisateurs de Facebook viennent du monde entier. Malheureusement, il y a<em> <span style=\"text-decoration: underline;\">pas de<\/span><\/em> N\u00e9erlandais parmi eux.<\/p>\n<p><strong>Vitesse<\/strong>: Si tu commandes 50 par exemple, ils arriveront tous en 1x (c&rsquo;est-\u00e0-dire le m\u00eame jour). Tu veux r\u00e9pandre la livraison ? Ensuite, ach\u00e8te ce service en plus petit nombre.<\/p>\n<p><strong>D\u00e9lai de livraison<\/strong>: Le d\u00e9lai de livraison est g\u00e9n\u00e9ralement de 24 heures. (4-6-2019 : Actuellement, le d\u00e9lai de livraison de ce produit est de 4 \u00e0 7 jours).<\/p>\n<p><strong>Prix<\/strong>: Il y a un prix suppl\u00e9mentaire apr\u00e8s le num\u00e9ro. Les 25 pi\u00e8ces co\u00fbtent 9.95. 50 pi\u00e8ces co\u00fbtent 1,00 \u20ac de plus, etc.<\/p>\n<p>Tu as besoin d&rsquo;une promotion ? Alors assure-toi de commander ce produit !<\/p>\n<hr>\n<h3>Plus de produits Facebook<\/h3>\n<p>En plus de ce produit, nous avons beaucoup plus pour Facebook.<br \/>\nPense \u00e0 : des <a href=\"https:\/\/www.likes-kopen.nl\/facebook\/berichten-liken\/\">posts likes<\/a>, des <a href=\"https:\/\/www.likes-kopen.nl\/facebook-reacties-kopen\/\">commentaires<\/a> et bien plus encore&#8230; !<\/p>\n<p>\u2705La qualit\u00e9 et le service \u00e0 la client\u00e8le sont notre priorit\u00e9<br \/>\n\u2705Les courriers \u00e9lectroniques sont trait\u00e9s dans les 24 heures (sauf les week-ends)<\/p>\n","protected":false},"excerpt":{"rendered":"<p>Tu as un \u00e9v\u00e9nement Facebook pr\u00e9vu sur ta page et tu veux y ajouter des personnes int\u00e9ress\u00e9es ? Alors commande ce produit !<\/p>\n<p>* 22-3-2019 d\u00e9lai de livraison temporairement plus long : 4-7 jours<\/p>\n","protected":false},"featured_media":47825,"comment_status":"open","ping_status":"closed","template":"","meta":{"site-sidebar-layout":"default","site-content-layout":"default","ast-site-content-layout":"default","site-content-style":"default","site-sidebar-style":"default","ast-global-header-display":"","ast-banner-title-visibility":"","ast-main-header-display":"","ast-hfb-above-header-display":"","ast-hfb-below-header-display":"","ast-hfb-mobile-header-display":"","site-post-title":"","ast-breadcrumbs-content":"","ast-featured-img":"","footer-sml-layout":"","ast-disable-related-posts":"","theme-transparent-header-meta":"default","adv-header-id-meta":"","stick-header-meta":"default","header-above-stick-meta":"","header-main-stick-meta":"","header-below-stick-meta":"","astra-migrate-meta-layouts":"default","ast-page-background-enabled":"default","ast-page-background-meta":{"desktop":{"background-color":"","background-image":"","background-repeat":"repeat","background-position":"center center","background-size":"auto","background-attachment":"scroll","background-type":"","background-media":"","overlay-type":"","overlay-color":"","overlay-opacity":"","overlay-gradient":""},"tablet":{"background-color":"","background-image":"","background-repeat":"repeat","background-position":"center center","background-size":"auto","background-attachment":"scroll","background-type":"","background-media":"","overlay-type":"","overlay-color":"","overlay-opacity":"","overlay-gradient":""},"mobile":{"background-color":"","background-image":"","background-repeat":"repeat","background-position":"center center","background-size":"auto","background-attachment":"scroll","background-type":"","background-media":"","overlay-type":"","overlay-color":"","overlay-opacity":"","overlay-gradient":""}},"ast-content-background-meta":{"desktop":{"background-color":"var(--ast-global-color-5)","background-image":"","background-repeat":"repeat","background-position":"center center","background-size":"auto","background-attachment":"scroll","background-type":"","background-media":"","overlay-type":"","overlay-color":"","overlay-opacity":"","overlay-gradient":""},"tablet":{"background-color":"var(--ast-global-color-5)","background-image":"","background-repeat":"repeat","background-position":"center center","background-size":"auto","background-attachment":"scroll","background-type":"","background-media":"","overlay-type":"","overlay-color":"","overlay-opacity":"","overlay-gradient":""},"mobile":{"background-color":"var(--ast-global-color-5)","background-image":"","background-repeat":"repeat","background-position":"center center","background-size":"auto","background-attachment":"scroll","background-type":"","background-media":"","overlay-type":"","overlay-color":"","overlay-opacity":"","overlay-gradient":""}}},"product_brand":[],"product_cat":[537],"product_tag":[1154,1153],"class_list":{"0":"post-56821","1":"product","2":"type-product","3":"status-publish","4":"has-post-thumbnail","6":"product_cat-facebook-fr","7":"product_tag-evenements-prevus","8":"product_tag-promouvoir-levenement-sur-facebook","9":"desktop-align-center","10":"tablet-align-center","11":"mobile-align-center","12":"ast-product-gallery-layout-first-image-large","13":"ast-product-gallery-with-no-image","14":"ast-magnify-disabled","15":"ast-product-single-variable","16":"ast-product-tabs-layout-horizontal","18":"first","19":"outofstock","20":"taxable","21":"shipping-taxable","22":"product-type-variable"},"_links":{"self":[{"href":"https:\/\/www.likes-kopen.nl\/fr\/wp-json\/wp\/v2\/product\/56821","targetHints":{"allow":["GET"]}}],"collection":[{"href":"https:\/\/www.likes-kopen.nl\/fr\/wp-json\/wp\/v2\/product"}],"about":[{"href":"https:\/\/www.likes-kopen.nl\/fr\/wp-json\/wp\/v2\/types\/product"}],"replies":[{"embeddable":true,"href":"https:\/\/www.likes-kopen.nl\/fr\/wp-json\/wp\/v2\/comments?post=56821"}],"wp:featuredmedia":[{"embeddable":true,"href":"https:\/\/www.likes-kopen.nl\/fr\/wp-json\/wp\/v2\/media\/47825"}],"wp:attachment":[{"href":"https:\/\/www.likes-kopen.nl\/fr\/wp-json\/wp\/v2\/media?parent=56821"}],"wp:term":[{"taxonomy":"product_brand","embeddable":true,"href":"https:\/\/www.likes-kopen.nl\/fr\/wp-json\/wp\/v2\/product_brand?post=56821"},{"taxonomy":"product_cat","embeddable":true,"href":"https:\/\/www.likes-kopen.nl\/fr\/wp-json\/wp\/v2\/product_cat?post=56821"},{"taxonomy":"product_tag","embeddable":true,"href":"https:\/\/www.likes-kopen.nl\/fr\/wp-json\/wp\/v2\/product_tag?post=56821"}],"curies":[{"name":"wp","href":"https:\/\/api.w.org\/{rel}","templated":true}]}}