{"id":56774,"date":"2016-09-15T07:44:24","date_gmt":"2016-09-15T06:44:24","guid":{"rendered":"https:\/\/www.likes-kopen.nl\/product\/followers-mixcloud\/"},"modified":"2025-01-27T06:17:24","modified_gmt":"2025-01-27T05:17:24","slug":"mixcloud-followers-buy","status":"publish","type":"product","link":"https:\/\/www.likes-kopen.nl\/fr\/mixcloud-followers-buy\/","title":{"rendered":"Acheter des followers Mixcloud"},"content":{"rendered":"<p>DJ ou musicien ? Alors tu dois acheter des followers Mixcloud ! Avec nos followers Mixcloud, non seulement ton profil sera plus attrayant mais tu deviendras aussi plus connu et populaire. Tu peux compl\u00e9ter ce service avec des <a href=\"https:\/\/www.likes-kopen.nl\/mixcloud-likes-kopen\/\">Mixcloud Likes<\/a> et des <a href=\"https:\/\/www.likes-kopen.nl\/mixcloud-plays-kopen\/\">Mixcloud Plays<\/a> si tu le souhaites.<\/p>\n<h2>Acheter des followers Mixcloud<\/h2>\n<p>Rendre ton profil Mixcloud populaire rapidement et facilement ? Alors tu peux acheter des followers Mixcloud. Elle a souvent besoin d&rsquo;un coup de main pour obtenir plus d&rsquo;attention. Les musiciens d\u00e9butants ne sont pas les seuls \u00e0 acheter des followers, mais aussi les plus avanc\u00e9s. Apr\u00e8s tout, tu veux toujours continuer \u00e0 grandir.<\/p>\n<ul>\n<li>Origine internationale<\/li>\n<li>Livraison en quelques jours<\/li>\n<li>100% s\u00fbr<\/li>\n<\/ul>\n<h2>D\u00e9couvre nos autres produits ici :<\/h2>\n<ul>\n<li><a href=\"https:\/\/www.likes-kopen.nl\/instagram-volgers-kopen\/\">Acheter des followers Instagram<\/a><\/li>\n<li><a href=\"https:\/\/www.likes-kopen.nl\/instagram-likes-kopen\/\">Acheter des likes Instagram<\/a><\/li>\n<li><a href=\"https:\/\/www.likes-kopen.nl\/tiktok-volgers-kopen\/\">Acheter des followers Tiktok<\/a><\/li>\n<li><a href=\"https:\/\/www.likes-kopen.nl\/tiktok-likes-kopen\/\">Acheter Tiktok aime<\/a><\/li>\n<\/ul>\n<p>&nbsp;<\/p>\n","protected":false},"excerpt":{"rendered":"<p>D\u00e9veloppe ton profil Mixcloud avec des milliers de followers. Ach\u00e8te des followers Mixcloud facilement et augmente ta port\u00e9e instantan\u00e9ment !<\/p>\n<p><strong>Les avantages de Likes-buying en un coup d&rsquo;\u0153il :<\/strong><br \/>\n\u2705<br \/>\n\ud83d\udcb0<br \/>\n\ud83d\udd12<br \/>\n\ud83d\ude80 Fiable, plus de 9 ans d&rsquo;exp\u00e9rience Meilleur rapport qualit\u00e9-prix 100 % s\u00fbr, aucun identifiant requis Livraison super rapide et biologique.<\/p>\n","protected":false},"featured_media":47594,"comment_status":"open","ping_status":"closed","template":"","meta":{"site-sidebar-layout":"default","site-content-layout":"default","ast-site-content-layout":"default","site-content-style":"default","site-sidebar-style":"default","ast-global-header-display":"","ast-banner-title-visibility":"","ast-main-header-display":"","ast-hfb-above-header-display":"","ast-hfb-below-header-display":"","ast-hfb-mobile-header-display":"","site-post-title":"","ast-breadcrumbs-content":"","ast-featured-img":"","footer-sml-layout":"","ast-disable-related-posts":"","theme-transparent-header-meta":"default","adv-header-id-meta":"","stick-header-meta":"default","header-above-stick-meta":"","header-main-stick-meta":"","header-below-stick-meta":"","astra-migrate-meta-layouts":"default","ast-page-background-enabled":"default","ast-page-background-meta":{"desktop":{"background-color":"","background-image":"","background-repeat":"repeat","background-position":"center center","background-size":"auto","background-attachment":"scroll","background-type":"","background-media":"","overlay-type":"","overlay-color":"","overlay-opacity":"","overlay-gradient":""},"tablet":{"background-color":"","background-image":"","background-repeat":"repeat","background-position":"center center","background-size":"auto","background-attachment":"scroll","background-type":"","background-media":"","overlay-type":"","overlay-color":"","overlay-opacity":"","overlay-gradient":""},"mobile":{"background-color":"","background-image":"","background-repeat":"repeat","background-position":"center center","background-size":"auto","background-attachment":"scroll","background-type":"","background-media":"","overlay-type":"","overlay-color":"","overlay-opacity":"","overlay-gradient":""}},"ast-content-background-meta":{"desktop":{"background-color":"var(--ast-global-color-5)","background-image":"","background-repeat":"repeat","background-position":"center center","background-size":"auto","background-attachment":"scroll","background-type":"","background-media":"","overlay-type":"","overlay-color":"","overlay-opacity":"","overlay-gradient":""},"tablet":{"background-color":"var(--ast-global-color-5)","background-image":"","background-repeat":"repeat","background-position":"center center","background-size":"auto","background-attachment":"scroll","background-type":"","background-media":"","overlay-type":"","overlay-color":"","overlay-opacity":"","overlay-gradient":""},"mobile":{"background-color":"var(--ast-global-color-5)","background-image":"","background-repeat":"repeat","background-position":"center center","background-size":"auto","background-attachment":"scroll","background-type":"","background-media":"","overlay-type":"","overlay-color":"","overlay-opacity":"","overlay-gradient":""}}},"product_brand":[],"product_cat":[5347],"product_tag":[6230],"class_list":{"0":"post-56774","1":"product","2":"type-product","3":"status-publish","4":"has-post-thumbnail","6":"product_cat-mixcloud-fr","7":"product_tag-mixcloud-fr","8":"desktop-align-center","9":"tablet-align-center","10":"mobile-align-center","11":"ast-product-gallery-layout-first-image-large","12":"ast-magnify-disabled","13":"ast-product-single-variable","14":"ast-product-tabs-layout-horizontal","16":"first","17":"outofstock","18":"taxable","19":"shipping-taxable","20":"product-type-variable"},"_links":{"self":[{"href":"https:\/\/www.likes-kopen.nl\/fr\/wp-json\/wp\/v2\/product\/56774","targetHints":{"allow":["GET"]}}],"collection":[{"href":"https:\/\/www.likes-kopen.nl\/fr\/wp-json\/wp\/v2\/product"}],"about":[{"href":"https:\/\/www.likes-kopen.nl\/fr\/wp-json\/wp\/v2\/types\/product"}],"replies":[{"embeddable":true,"href":"https:\/\/www.likes-kopen.nl\/fr\/wp-json\/wp\/v2\/comments?post=56774"}],"wp:featuredmedia":[{"embeddable":true,"href":"https:\/\/www.likes-kopen.nl\/fr\/wp-json\/wp\/v2\/media\/47594"}],"wp:attachment":[{"href":"https:\/\/www.likes-kopen.nl\/fr\/wp-json\/wp\/v2\/media?parent=56774"}],"wp:term":[{"taxonomy":"product_brand","embeddable":true,"href":"https:\/\/www.likes-kopen.nl\/fr\/wp-json\/wp\/v2\/product_brand?post=56774"},{"taxonomy":"product_cat","embeddable":true,"href":"https:\/\/www.likes-kopen.nl\/fr\/wp-json\/wp\/v2\/product_cat?post=56774"},{"taxonomy":"product_tag","embeddable":true,"href":"https:\/\/www.likes-kopen.nl\/fr\/wp-json\/wp\/v2\/product_tag?post=56774"}],"curies":[{"name":"wp","href":"https:\/\/api.w.org\/{rel}","templated":true}]}}