{"id":56773,"date":"2017-07-29T10:52:22","date_gmt":"2017-07-29T09:52:22","guid":{"rendered":"https:\/\/www.likes-kopen.nl\/product\/commentaires-sur-youtube-aleatoire\/"},"modified":"2025-02-13T01:47:34","modified_gmt":"2025-02-13T00:47:34","slug":"acheter-des-commentaires-youtube","status":"publish","type":"product","link":"https:\/\/www.likes-kopen.nl\/fr\/acheter-des-commentaires-youtube\/","title":{"rendered":"Les commentaires YouTube ach\u00e8tent (au hasard) \ud83d\ude80"},"content":{"rendered":"<h2>Les commentaires YouTube ach\u00e8tent (au hasard) \ud83d\ude80<\/h2>\n<p>Sache seulement que <a href=\"https:\/\/www.likes-kopen.nl\/youtube\/\">YouTube<\/a> n&rsquo;approuve pas que tu ach\u00e8tes des commentaires. La commande se fait \u00e0 tes propres risques.<\/p>\n<p>Tu as une nouvelle vid\u00e9o, ou une vid\u00e9o d\u00e9j\u00e0 existante sur YouTube, qui aurait besoin de quelques r\u00e9actions suppl\u00e9mentaires ? Tu peux facilement les acheter chez nous !<\/p>\n<p>Une vid\u00e9o avec des commentaires attach\u00e9s est non seulement plus convaincante, mais elle invite aussi d&rsquo;autres personnes plus rapides \u00e0 poster \u00e9galement un commentaire. Donc en fait, il est plus probable d&rsquo;attirer de nouvelles r\u00e9ponses, pour lesquelles tu n&rsquo;as pas \u00e0 payer plus cher !<\/p>\n<p>Tu peux commander nos r\u00e9actions YouTube \u00e0 partir de 5 pi\u00e8ces. Toutes les r\u00e9ponses sont r\u00e9dig\u00e9es en anglais par des personnes qui regardent r\u00e9ellement ta vid\u00e9o. Ils essaieront ensuite de poster le commentaire le plus pertinent possible qui te sera donc r\u00e9ellement utile.<\/p>\n<hr>\n<p>D\u00e9lai de livraison &lt;24 heures<\/p>\n<p>D\u00e9lai : les r\u00e9ponses sont livr\u00e9es en succession imm\u00e9diate<\/p>\n<p>Langue : Anglais<\/p>\n<p>Pertinence : 80%<\/p>\n<p>Choisis parmi 5 r\u00e9ponses, 10 et 20. Si 20 ne suffisent pas, tu peux commander le produit plus souvent.<\/p>\n<hr>\n<p><strong>CONSEIL :<\/strong> tu peux bien combiner ce produit avec des <a href=\"https:\/\/www.likes-kopen.nl\/youtube-views-kopen\/\">vues sur YouTube<\/a>. Par cons\u00e9quent, ta vid\u00e9o sera vue plus souvent et affich\u00e9e plus t\u00f4t dans les r\u00e9sultats de recherche.<\/p>\n<p>&nbsp;<\/p>\n<p>Ainsi, <a href=\"https:\/\/www.likes-kopen.nl\/youtube-reacties-kopen\/\">acheter des commentaires YouTube<\/a> ou <a href=\"https:\/\/www.likes-kopen.nl\/youtube-abonnees-kopen\/\">acheter des abonn\u00e9s YouTube<\/a> peut \u00eatre tr\u00e8s abordable avec nous !<\/p>\n","protected":false},"excerpt":{"rendered":"<p>Ach\u00e8te de vraies r\u00e9actions \u00e0 ta vid\u00e9o YouTube !<\/p>\n","protected":false},"featured_media":49511,"comment_status":"open","ping_status":"closed","template":"","meta":{"site-sidebar-layout":"default","site-content-layout":"default","ast-site-content-layout":"default","site-content-style":"default","site-sidebar-style":"default","ast-global-header-display":"","ast-banner-title-visibility":"","ast-main-header-display":"","ast-hfb-above-header-display":"","ast-hfb-below-header-display":"","ast-hfb-mobile-header-display":"","site-post-title":"","ast-breadcrumbs-content":"","ast-featured-img":"","footer-sml-layout":"","ast-disable-related-posts":"","theme-transparent-header-meta":"default","adv-header-id-meta":"","stick-header-meta":"default","header-above-stick-meta":"","header-main-stick-meta":"","header-below-stick-meta":"","astra-migrate-meta-layouts":"set","ast-page-background-enabled":"default","ast-page-background-meta":{"desktop":{"background-color":"","background-image":"","background-repeat":"repeat","background-position":"center center","background-size":"auto","background-attachment":"scroll","background-type":"","background-media":"","overlay-type":"","overlay-color":"","overlay-opacity":"","overlay-gradient":""},"tablet":{"background-color":"","background-image":"","background-repeat":"repeat","background-position":"center center","background-size":"auto","background-attachment":"scroll","background-type":"","background-media":"","overlay-type":"","overlay-color":"","overlay-opacity":"","overlay-gradient":""},"mobile":{"background-color":"","background-image":"","background-repeat":"repeat","background-position":"center center","background-size":"auto","background-attachment":"scroll","background-type":"","background-media":"","overlay-type":"","overlay-color":"","overlay-opacity":"","overlay-gradient":""}},"ast-content-background-meta":{"desktop":{"background-color":"var(--ast-global-color-5)","background-image":"","background-repeat":"repeat","background-position":"center center","background-size":"auto","background-attachment":"scroll","background-type":"","background-media":"","overlay-type":"","overlay-color":"","overlay-opacity":"","overlay-gradient":""},"tablet":{"background-color":"var(--ast-global-color-5)","background-image":"","background-repeat":"repeat","background-position":"center center","background-size":"auto","background-attachment":"scroll","background-type":"","background-media":"","overlay-type":"","overlay-color":"","overlay-opacity":"","overlay-gradient":""},"mobile":{"background-color":"var(--ast-global-color-5)","background-image":"","background-repeat":"repeat","background-position":"center center","background-size":"auto","background-attachment":"scroll","background-type":"","background-media":"","overlay-type":"","overlay-color":"","overlay-opacity":"","overlay-gradient":""}}},"product_brand":[],"product_cat":[464],"product_tag":[],"class_list":{"0":"post-56773","1":"product","2":"type-product","3":"status-publish","4":"has-post-thumbnail","6":"product_cat-youtube-fr","7":"desktop-align-center","8":"tablet-align-center","9":"mobile-align-center","10":"ast-product-gallery-layout-first-image-large","11":"ast-product-gallery-with-no-image","12":"ast-magnify-disabled","13":"ast-product-single-variable","14":"ast-product-tabs-layout-horizontal","16":"first","17":"instock","18":"sale","19":"taxable","20":"shipping-taxable","21":"purchasable","22":"product-type-variable"},"_links":{"self":[{"href":"https:\/\/www.likes-kopen.nl\/fr\/wp-json\/wp\/v2\/product\/56773","targetHints":{"allow":["GET"]}}],"collection":[{"href":"https:\/\/www.likes-kopen.nl\/fr\/wp-json\/wp\/v2\/product"}],"about":[{"href":"https:\/\/www.likes-kopen.nl\/fr\/wp-json\/wp\/v2\/types\/product"}],"replies":[{"embeddable":true,"href":"https:\/\/www.likes-kopen.nl\/fr\/wp-json\/wp\/v2\/comments?post=56773"}],"wp:featuredmedia":[{"embeddable":true,"href":"https:\/\/www.likes-kopen.nl\/fr\/wp-json\/wp\/v2\/media\/49511"}],"wp:attachment":[{"href":"https:\/\/www.likes-kopen.nl\/fr\/wp-json\/wp\/v2\/media?parent=56773"}],"wp:term":[{"taxonomy":"product_brand","embeddable":true,"href":"https:\/\/www.likes-kopen.nl\/fr\/wp-json\/wp\/v2\/product_brand?post=56773"},{"taxonomy":"product_cat","embeddable":true,"href":"https:\/\/www.likes-kopen.nl\/fr\/wp-json\/wp\/v2\/product_cat?post=56773"},{"taxonomy":"product_tag","embeddable":true,"href":"https:\/\/www.likes-kopen.nl\/fr\/wp-json\/wp\/v2\/product_tag?post=56773"}],"curies":[{"name":"wp","href":"https:\/\/api.w.org\/{rel}","templated":true}]}}