{"id":56669,"date":"2017-07-30T08:28:12","date_gmt":"2017-07-30T08:28:12","guid":{"rendered":"https:\/\/www.likes-kopen.nl\/product\/likes-twitter\/"},"modified":"2025-01-27T06:19:23","modified_gmt":"2025-01-27T05:19:23","slug":"acheter-des-likes-twitter","status":"publish","type":"product","link":"https:\/\/www.likes-kopen.nl\/fr\/acheter-des-likes-twitter\/","title":{"rendered":"Acheter des \"Likes\" sur Twitter"},"content":{"rendered":"<p>Ach\u00e8te des likes Twitter pour tes Tweets sur ton profil Twitter sur Likes-buying.<\/p>\n<p>Remarque : selon les directives de Twitter, tu n&rsquo;as pas le droit de mettre des likes artificiels sur ton post. L&rsquo;achat se fait \u00e0 tes propres risques. Twitter peut supprimer tes likes achet\u00e9s. Heureusement, tu peux toujours utiliser la garantie de recharge pendant 90 jours.<\/p>\n<h2>Posts likes<\/h2>\n<p>Tu veux que ton Tweet soit aim\u00e9 ? Alors tu peux facilement et rapidement l&rsquo;organiser toi-m\u00eame ici. En obtenant plus de likes sur tes posts, ils seront aussi trouv\u00e9s plus rapidement par la recherche. Ensuite, n&rsquo;oublie pas d&rsquo;ajouter de bons hashtags \u00e0 tes messages, car les hashtags donnent encore plus de valeur \u00e0 ton message !<\/p>\n<p>Fais ressortir davantage un Tweet en le mettant en favoris. Ainsi, ton Tweet attirera davantage l&rsquo;attention parmi les autres messages.<\/p>\n<h2>Acheter des Twitter Likes pour ton Tweet sur Twitter<\/h2>\n<p>Tu as un message sur Twitter que tu veux faire ressortir et attirer l&rsquo;attention ? Dans ce cas, tu peux acheter des likes Twitter ! Acheter des likes Twitter donnera un coup de pouce suppl\u00e9mentaire \u00e0 ton tweet. Cela lui donne l&rsquo;air beaucoup plus populaire du jour au lendemain.<\/p>\n<h2>Est-ce que l&rsquo;achat de likes Twitter est fiable ?<\/h2>\n<p>On nous demande r\u00e9guli\u00e8rement s&rsquo;il est s\u00fbr et non punissable d&rsquo;acheter des likes Twitter. Heureusement, tu peux acheter des likes Twitter en toute tranquillit\u00e9 d&rsquo;esprit car c&rsquo;est totalement l\u00e9gal.<\/p>\n<p>Comme mentionn\u00e9, Twitter n&rsquo;aime pas que tu influences ton profil par l&rsquo;interm\u00e9diaire de tiers. Apr\u00e8s tout, ils pr\u00e9f\u00e8rent que tu utilises leurs capacit\u00e9s publicitaires (hors de prix). Apr\u00e8s tout, c&rsquo;est ce qui leur permet de gagner de l&rsquo;argent. Si tu ach\u00e8tes des likes Twitter ici, Twitter ne gagne rien.<\/p>\n<p>Les 8 ann\u00e9es d&rsquo;exp\u00e9rience de Likes-buying dans la fourniture de services de m\u00e9dias sociaux montrent que l&rsquo;achat de likes Twitter est totalement fiable.<\/p>\n<h2>Comment transmettre l&rsquo;URL du Tweet ?<\/h2>\n<p>Pour que ton Tweet soit aim\u00e9 sur <a href=\"https:\/\/twitter.com\/\" target=\"_blank\" rel=\"noopener\">Twitter<\/a>, nous avons besoin de l&rsquo;url du message. L&rsquo;url, ou lien, est li\u00e9 \u00e0 la date du post.<\/p>\n<p>Sur le <strong>PC<\/strong>, clique avec le bouton droit de la souris sur la date et choisis ensuite de copier le lien. Puis colle-le dans notre formulaire de commande.<\/p>\n<p>Dans l&rsquo;<strong>APP<\/strong>, tu peux maintenir la date enfonc\u00e9e, ou cliquer sur la fl\u00e8che vers le bas, pour copier le lien.<\/p>\n<p>Tu dois ensuite entrer dans ce lien ci-dessus.<\/p>\n<h2>Dans combien de temps recevrai-je les likes Twitter ?<\/h2>\n<p>Les likes Twitter sont g\u00e9n\u00e9ralement l\u00e0 en quelques minutes. R\u00e9cemment, le syst\u00e8me a \u00e9t\u00e9 mis \u00e0 niveau, si bien que les likes Twitter semblent maintenant \u00eatre sur tes tweets dans l&rsquo;heure qui suit.<\/p>\n<h2>Puis-je acheter des likes Twitter \u00e0 bas prix ?<\/h2>\n<p>Tu peux choisir le nombre de likes que tu veux sur tes tweets. Cela te permet de d\u00e9cider \u00e0 quel point c&rsquo;est bon march\u00e9. Tu peux d\u00e9j\u00e0 acheter des likes Twitter \u00e0 partir de 2,95 \u20ac pour 100 likes. C&rsquo;est comparativement super bon march\u00e9 si tu devais approcher 100 personnes une par une pour leur demander d&rsquo;aimer ton tweet.<\/p>\n<p>En r\u00e8gle g\u00e9n\u00e9rale, plus le paquet de likes Twitter que tu ach\u00e8tes est important, plus le prix par like est bas. Ainsi, si tu commandes plus, tu paies moins par like. Note que tu passes toujours une commande pour un seul tweet. Si tu veux booster plusieurs tweets, mets des likes Twitter dans le panier pour chaque tweet.<\/p>\n<h2>Ach\u00e8te des likes Twitter maintenant et paie avec iDeal<\/h2>\n<p>Tous les principaux modes de paiement sont disponibles. Tu peux acheter tes likes Twitter en utilisant iDeal, une carte de cr\u00e9dit, KBC\/CBC, Sofort, Belfius et la crypto-monnaie. Cela rend l&rsquo;achat de likes Twitter compl\u00e8tement fiable.<\/p>\n<h2>Tu n&rsquo;es pas actif sur Twitter ?<\/h2>\n<p>D\u00e9couvre nos autres produits ici :<\/p>\n<ul>\n<li><a href=\"https:\/\/www.likes-kopen.nl\/instagram-volgers-kopen\/\">Acheter des followers Instagram<\/a><\/li>\n<li><a href=\"https:\/\/www.likes-kopen.nl\/instagram-likes-kopen\/\">Acheter des likes Instagram<\/a><\/li>\n<li><a href=\"https:\/\/www.likes-kopen.nl\/tiktok-volgers-kopen\/\">Acheter des followers Tiktok<\/a><\/li>\n<li><a href=\"https:\/\/www.likes-kopen.nl\/tiktok-likes-kopen\/\">Acheter Tiktok aime<\/a><\/li>\n<\/ul>\n","protected":false},"excerpt":{"rendered":"<p><span style=\"font-size: 16px;\">\u2714\ufe0f Fais aimer ton Tweet sur Twitter<br \/>\n<\/span>\u2b50 <span style=\"font-size: 16px;\">\u00e0 partir de 25 pi\u00e8ces<br \/>\n<\/span><\/p>\n","protected":false},"featured_media":49499,"comment_status":"open","ping_status":"closed","template":"","meta":{"site-sidebar-layout":"default","site-content-layout":"default","ast-site-content-layout":"default","site-content-style":"default","site-sidebar-style":"default","ast-global-header-display":"","ast-banner-title-visibility":"","ast-main-header-display":"","ast-hfb-above-header-display":"","ast-hfb-below-header-display":"","ast-hfb-mobile-header-display":"","site-post-title":"","ast-breadcrumbs-content":"","ast-featured-img":"","footer-sml-layout":"","ast-disable-related-posts":"","theme-transparent-header-meta":"default","adv-header-id-meta":"","stick-header-meta":"default","header-above-stick-meta":"","header-main-stick-meta":"","header-below-stick-meta":"","astra-migrate-meta-layouts":"set","ast-page-background-enabled":"default","ast-page-background-meta":{"desktop":{"background-color":"","background-image":"","background-repeat":"repeat","background-position":"center center","background-size":"auto","background-attachment":"scroll","background-type":"","background-media":"","overlay-type":"","overlay-color":"","overlay-opacity":"","overlay-gradient":""},"tablet":{"background-color":"","background-image":"","background-repeat":"repeat","background-position":"center center","background-size":"auto","background-attachment":"scroll","background-type":"","background-media":"","overlay-type":"","overlay-color":"","overlay-opacity":"","overlay-gradient":""},"mobile":{"background-color":"","background-image":"","background-repeat":"repeat","background-position":"center center","background-size":"auto","background-attachment":"scroll","background-type":"","background-media":"","overlay-type":"","overlay-color":"","overlay-opacity":"","overlay-gradient":""}},"ast-content-background-meta":{"desktop":{"background-color":"var(--ast-global-color-5)","background-image":"","background-repeat":"repeat","background-position":"center center","background-size":"auto","background-attachment":"scroll","background-type":"","background-media":"","overlay-type":"","overlay-color":"","overlay-opacity":"","overlay-gradient":""},"tablet":{"background-color":"var(--ast-global-color-5)","background-image":"","background-repeat":"repeat","background-position":"center center","background-size":"auto","background-attachment":"scroll","background-type":"","background-media":"","overlay-type":"","overlay-color":"","overlay-opacity":"","overlay-gradient":""},"mobile":{"background-color":"var(--ast-global-color-5)","background-image":"","background-repeat":"repeat","background-position":"center center","background-size":"auto","background-attachment":"scroll","background-type":"","background-media":"","overlay-type":"","overlay-color":"","overlay-opacity":"","overlay-gradient":""}}},"product_brand":[],"product_cat":[729],"product_tag":[731,732],"class_list":{"0":"post-56669","1":"product","2":"type-product","3":"status-publish","4":"has-post-thumbnail","6":"product_cat-twitter-fr","7":"product_tag-faire-ressortir-un-tweet","8":"product_tag-favoris-twitter","9":"desktop-align-center","10":"tablet-align-center","11":"mobile-align-center","12":"ast-product-gallery-layout-first-image-large","13":"ast-product-gallery-with-no-image","14":"ast-magnify-disabled","15":"ast-product-single-variable","16":"ast-product-tabs-layout-horizontal","18":"first","19":"instock","20":"sale","21":"taxable","22":"shipping-taxable","23":"purchasable","24":"product-type-variable"},"_links":{"self":[{"href":"https:\/\/www.likes-kopen.nl\/fr\/wp-json\/wp\/v2\/product\/56669","targetHints":{"allow":["GET"]}}],"collection":[{"href":"https:\/\/www.likes-kopen.nl\/fr\/wp-json\/wp\/v2\/product"}],"about":[{"href":"https:\/\/www.likes-kopen.nl\/fr\/wp-json\/wp\/v2\/types\/product"}],"replies":[{"embeddable":true,"href":"https:\/\/www.likes-kopen.nl\/fr\/wp-json\/wp\/v2\/comments?post=56669"}],"wp:featuredmedia":[{"embeddable":true,"href":"https:\/\/www.likes-kopen.nl\/fr\/wp-json\/wp\/v2\/media\/49499"}],"wp:attachment":[{"href":"https:\/\/www.likes-kopen.nl\/fr\/wp-json\/wp\/v2\/media?parent=56669"}],"wp:term":[{"taxonomy":"product_brand","embeddable":true,"href":"https:\/\/www.likes-kopen.nl\/fr\/wp-json\/wp\/v2\/product_brand?post=56669"},{"taxonomy":"product_cat","embeddable":true,"href":"https:\/\/www.likes-kopen.nl\/fr\/wp-json\/wp\/v2\/product_cat?post=56669"},{"taxonomy":"product_tag","embeddable":true,"href":"https:\/\/www.likes-kopen.nl\/fr\/wp-json\/wp\/v2\/product_tag?post=56669"}],"curies":[{"name":"wp","href":"https:\/\/api.w.org\/{rel}","templated":true}]}}