{"id":56660,"date":"2014-07-20T09:41:40","date_gmt":"2014-07-20T08:41:40","guid":{"rendered":"https:\/\/www.likes-kopen.nl\/product\/retweets-sur-twitter\/"},"modified":"2025-01-27T06:21:27","modified_gmt":"2025-01-27T05:21:27","slug":"acheter-des-retweets-twitter","status":"publish","type":"product","link":"https:\/\/www.likes-kopen.nl\/fr\/acheter-des-retweets-twitter\/","title":{"rendered":"Acheter des Retweets sur Twitter \ud83d\ude80"},"content":{"rendered":"<p>Si tu veux partager un article sur Twitter, tu peux acheter des retweets Twitter pour le faire. Tu peux commander diff\u00e9rentes quantit\u00e9s ici.<\/p>\n<p>&nbsp;<\/p>\n<h2>Acheter des retweets sur Twitter<\/h2>\n<p>Tout ce dont nous avons besoin de ta part est le lien du poste. Copie et colle ceci dans le formulaire de commande. Dans l&rsquo;application, clique sur la fl\u00e8che et clique sur copier le lien. Sur le PC, clique avec le bouton droit de la souris sur la date, et copie le lien.<\/p>\n<p>Les directives de <a href=\"https:\/\/twitter.com\/\" target=\"_blank\" rel=\"noopener\">Twitter<\/a> indiquent que tu ne dois pas diffuser de partages artificiels autour de ton profil ou de ton message. Acheter des retweets est donc \u00e0 tes risques et p\u00e9rils.<\/p>\n<p>&nbsp;<\/p>\n<h2>Retweet des messages<\/h2>\n<p>Le partage suppl\u00e9mentaire de tes Tweets est possible. Ici, tu peux le faire \u00e0 la vitesse de l&rsquo;\u00e9clair. Partager tes posts s&rsquo;appelle Retweeter. Tu peux acheter des paquets \u00e0 partir de 25 pi\u00e8ces. Si tu as un lien dans ton message Twitter, il sera \u00e9galement partag\u00e9. Cela est bon pour ton r\u00e9f\u00e9rencement et augmente la valeur des liens.<\/p>\n<p>&nbsp;<\/p>\n<h2>Avantages du retweet<\/h2>\n<p>Partager des messages, c&rsquo;est-\u00e0-dire avoir ton message retweet\u00e9, pr\u00e9sente plusieurs avantages. Ton message a plus de corps parce qu&rsquo;il a \u00e9t\u00e9 partag\u00e9 souvent. De plus, tu obtiens une plus grande port\u00e9e. En effet, ton Tweet devient plus facile \u00e0 trouver car il a d\u00e9j\u00e0 \u00e9t\u00e9 partag\u00e9 plusieurs fois. Enfin, il peut aussi avoir une valeur SEO lorsque tu inclus un lien dans ton article. En bref, de multiples raisons d&rsquo;acheter des retweets Twitter !<\/p>\n<p>&nbsp;<\/p>\n<h2>Caract\u00e9ristiques de notre service de pi\u00e8ces<\/h2>\n<ul>\n<li>Nous laissons les comptes internationaux partager ton post sur leurs propres profils<\/li>\n<li>Le nombre command\u00e9 est pour 1 seul message et ne peut pas \u00eatre distribu\u00e9<\/li>\n<li>D\u00e9lai de livraison entre 3 et 5 jours pour les petites quantit\u00e9s. Les nombres plus importants peuvent prendre plus de temps.<\/li>\n<li>En plus de retweeter, nous vendons beaucoup plus pour Twitter.<\/li>\n<\/ul>\n<h2>Tu es curieux de d\u00e9couvrir nos autres <strong>produits<\/strong>?<\/h2>\n<p>Nous avons une large gamme de produits, ceux-ci sont les plus populaires :<\/p>\n<ul>\n<li><a href=\"https:\/\/www.likes-kopen.nl\/instagram-volgers-kopen\/\">Acheter des followers Instagram<\/a><\/li>\n<li><a href=\"https:\/\/www.likes-kopen.nl\/tiktok-likes-kopen\/\">Acheter Tiktok aime<\/a><\/li>\n<li><a href=\"https:\/\/www.likes-kopen.nl\/tiktok-volgers-kopen\/\">Acheter des followers Tiktok<\/a><\/li>\n<li><a href=\"https:\/\/www.likes-kopen.nl\/instagram-likes-kopen\/\">Acheter des likes Instagram<\/a><\/li>\n<\/ul>\n","protected":false},"excerpt":{"rendered":"<p>\u2714\ufe0fPartage rapide des messages<br \/>\n\u2b50Plus d&rsquo;attention pour ton message<br \/>\n\u2b50Meilleure accessibilit\u00e9<\/p>\n","protected":false},"featured_media":49502,"comment_status":"open","ping_status":"closed","template":"","meta":{"site-sidebar-layout":"default","site-content-layout":"default","ast-site-content-layout":"default","site-content-style":"default","site-sidebar-style":"default","ast-global-header-display":"","ast-banner-title-visibility":"","ast-main-header-display":"","ast-hfb-above-header-display":"","ast-hfb-below-header-display":"","ast-hfb-mobile-header-display":"","site-post-title":"","ast-breadcrumbs-content":"","ast-featured-img":"","footer-sml-layout":"","ast-disable-related-posts":"","theme-transparent-header-meta":"default","adv-header-id-meta":"","stick-header-meta":"default","header-above-stick-meta":"","header-main-stick-meta":"","header-below-stick-meta":"","astra-migrate-meta-layouts":"set","ast-page-background-enabled":"default","ast-page-background-meta":{"desktop":{"background-color":"","background-image":"","background-repeat":"repeat","background-position":"center center","background-size":"auto","background-attachment":"scroll","background-type":"","background-media":"","overlay-type":"","overlay-color":"","overlay-opacity":"","overlay-gradient":""},"tablet":{"background-color":"","background-image":"","background-repeat":"repeat","background-position":"center center","background-size":"auto","background-attachment":"scroll","background-type":"","background-media":"","overlay-type":"","overlay-color":"","overlay-opacity":"","overlay-gradient":""},"mobile":{"background-color":"","background-image":"","background-repeat":"repeat","background-position":"center center","background-size":"auto","background-attachment":"scroll","background-type":"","background-media":"","overlay-type":"","overlay-color":"","overlay-opacity":"","overlay-gradient":""}},"ast-content-background-meta":{"desktop":{"background-color":"var(--ast-global-color-5)","background-image":"","background-repeat":"repeat","background-position":"center center","background-size":"auto","background-attachment":"scroll","background-type":"","background-media":"","overlay-type":"","overlay-color":"","overlay-opacity":"","overlay-gradient":""},"tablet":{"background-color":"var(--ast-global-color-5)","background-image":"","background-repeat":"repeat","background-position":"center center","background-size":"auto","background-attachment":"scroll","background-type":"","background-media":"","overlay-type":"","overlay-color":"","overlay-opacity":"","overlay-gradient":""},"mobile":{"background-color":"var(--ast-global-color-5)","background-image":"","background-repeat":"repeat","background-position":"center center","background-size":"auto","background-attachment":"scroll","background-type":"","background-media":"","overlay-type":"","overlay-color":"","overlay-opacity":"","overlay-gradient":""}}},"product_brand":[],"product_cat":[729],"product_tag":[],"class_list":{"0":"post-56660","1":"product","2":"type-product","3":"status-publish","4":"has-post-thumbnail","6":"product_cat-twitter-fr","7":"desktop-align-center","8":"tablet-align-center","9":"mobile-align-center","10":"ast-product-gallery-layout-first-image-large","11":"ast-product-gallery-with-no-image","12":"ast-magnify-disabled","13":"ast-product-single-variable","14":"ast-product-tabs-layout-horizontal","16":"first","17":"instock","18":"sale","19":"taxable","20":"shipping-taxable","21":"purchasable","22":"product-type-variable"},"_links":{"self":[{"href":"https:\/\/www.likes-kopen.nl\/fr\/wp-json\/wp\/v2\/product\/56660","targetHints":{"allow":["GET"]}}],"collection":[{"href":"https:\/\/www.likes-kopen.nl\/fr\/wp-json\/wp\/v2\/product"}],"about":[{"href":"https:\/\/www.likes-kopen.nl\/fr\/wp-json\/wp\/v2\/types\/product"}],"replies":[{"embeddable":true,"href":"https:\/\/www.likes-kopen.nl\/fr\/wp-json\/wp\/v2\/comments?post=56660"}],"wp:featuredmedia":[{"embeddable":true,"href":"https:\/\/www.likes-kopen.nl\/fr\/wp-json\/wp\/v2\/media\/49502"}],"wp:attachment":[{"href":"https:\/\/www.likes-kopen.nl\/fr\/wp-json\/wp\/v2\/media?parent=56660"}],"wp:term":[{"taxonomy":"product_brand","embeddable":true,"href":"https:\/\/www.likes-kopen.nl\/fr\/wp-json\/wp\/v2\/product_brand?post=56660"},{"taxonomy":"product_cat","embeddable":true,"href":"https:\/\/www.likes-kopen.nl\/fr\/wp-json\/wp\/v2\/product_cat?post=56660"},{"taxonomy":"product_tag","embeddable":true,"href":"https:\/\/www.likes-kopen.nl\/fr\/wp-json\/wp\/v2\/product_tag?post=56660"}],"curies":[{"name":"wp","href":"https:\/\/api.w.org\/{rel}","templated":true}]}}