{"id":56610,"date":"2014-07-20T07:59:49","date_gmt":"2014-07-20T07:59:49","guid":{"rendered":"https:\/\/www.likes-kopen.nl\/product\/soundcloud-plays\/"},"modified":"2025-01-27T06:22:19","modified_gmt":"2025-01-27T05:22:19","slug":"acheter-des-jeux-soundcloud","status":"publish","type":"product","link":"https:\/\/www.likes-kopen.nl\/fr\/acheter-des-jeux-soundcloud\/","title":{"rendered":"Acheter des visites sur SoundCloud \ud83d\ude80"},"content":{"rendered":"<p>Si tu lis les directives de Soundcloud \u00e0 ce sujet, acheter des jeux n&rsquo;est pas autoris\u00e9. Par cons\u00e9quent, commande \u00e0 tes propres risques.<\/p>\n<h2>Acheter des jeux Soundcloud<\/h2>\n<p>Si tu veux acheter des Soundcloud Plays, alors tu es certainement au bon endroit. Nous boostons de nombreux comptes SoundCloud pour une grande vari\u00e9t\u00e9 d&rsquo;artistes, y compris des DJ. Si tu veux aussi promouvoir ta nouvelle piste, c&rsquo;est la solution ! Nous veillons \u00e0 ce que ton morceau soit \u00e9cout\u00e9 souvent, ce qui augmente non seulement le nombre de lectures \u00e0 la vitesse de l&rsquo;\u00e9clair, mais aussi ta popularit\u00e9.<\/p>\n<p>Savais-tu que les morceaux qui sont beaucoup \u00e9cout\u00e9s se retrouvent aussi plus rapidement sur SoundCloud ? Cela signifie que tu obtiendras encore plus de jeux, de followers et de likes de cette fa\u00e7on, naturellement ! C&rsquo;est donc un moyen parfait de percer.<\/p>\n<p>&nbsp;<\/p>\n<h2>Caract\u00e9ristiques de nos jeux pour Soundcloud<\/h2>\n<ul>\n<li>Origine : Les personnes internationales vont \u00e9couter ton morceau.<\/li>\n<li>100% de jeux SoundCloud r\u00e9els<\/li>\n<li>Livraison rapide en<strong> quelques minutes <\/strong>pour les petites quantit\u00e9s<\/li>\n<li>Attire l&rsquo;attention avec ta piste !<\/li>\n<\/ul>\n<h2>Tu es curieux de d\u00e9couvrir nos autres <strong>produits<\/strong>?<\/h2>\n<p>Nous avons une large gamme de produits, ceux-ci sont les plus populaires :<\/p>\n<ul>\n<li><a href=\"https:\/\/www.likes-kopen.nl\/instagram-volgers-kopen\/\">Acheter des followers Instagram<\/a><\/li>\n<li><a href=\"https:\/\/www.likes-kopen.nl\/tiktok-likes-kopen\/\">Acheter Tiktok aime<\/a><\/li>\n<li><a href=\"https:\/\/www.likes-kopen.nl\/tiktok-volgers-kopen\/\">Acheter des followers Tiktok<\/a><\/li>\n<li><a href=\"https:\/\/www.likes-kopen.nl\/instagram-likes-kopen\/\">Acheter des likes Instagram<\/a><\/li>\n<\/ul>\n","protected":false},"excerpt":{"rendered":"<p>\u2714\ufe0fBeaucoup d&rsquo;\u00e9coute \u00e0 peu de frais<br \/>\n\u2b50Bon coup de pouce pour ton titre<br \/>\n\u2b50Permanent<\/p>\n<p>&nbsp;<\/p>\n","protected":false},"featured_media":49421,"comment_status":"open","ping_status":"closed","template":"","meta":{"site-sidebar-layout":"default","site-content-layout":"default","ast-site-content-layout":"default","site-content-style":"default","site-sidebar-style":"default","ast-global-header-display":"","ast-banner-title-visibility":"","ast-main-header-display":"","ast-hfb-above-header-display":"","ast-hfb-below-header-display":"","ast-hfb-mobile-header-display":"","site-post-title":"","ast-breadcrumbs-content":"","ast-featured-img":"","footer-sml-layout":"","ast-disable-related-posts":"","theme-transparent-header-meta":"default","adv-header-id-meta":"","stick-header-meta":"default","header-above-stick-meta":"","header-main-stick-meta":"","header-below-stick-meta":"","astra-migrate-meta-layouts":"set","ast-page-background-enabled":"default","ast-page-background-meta":{"desktop":{"background-color":"","background-image":"","background-repeat":"repeat","background-position":"center center","background-size":"auto","background-attachment":"scroll","background-type":"","background-media":"","overlay-type":"","overlay-color":"","overlay-opacity":"","overlay-gradient":""},"tablet":{"background-color":"","background-image":"","background-repeat":"repeat","background-position":"center center","background-size":"auto","background-attachment":"scroll","background-type":"","background-media":"","overlay-type":"","overlay-color":"","overlay-opacity":"","overlay-gradient":""},"mobile":{"background-color":"","background-image":"","background-repeat":"repeat","background-position":"center center","background-size":"auto","background-attachment":"scroll","background-type":"","background-media":"","overlay-type":"","overlay-color":"","overlay-opacity":"","overlay-gradient":""}},"ast-content-background-meta":{"desktop":{"background-color":"var(--ast-global-color-5)","background-image":"","background-repeat":"repeat","background-position":"center center","background-size":"auto","background-attachment":"scroll","background-type":"","background-media":"","overlay-type":"","overlay-color":"","overlay-opacity":"","overlay-gradient":""},"tablet":{"background-color":"var(--ast-global-color-5)","background-image":"","background-repeat":"repeat","background-position":"center center","background-size":"auto","background-attachment":"scroll","background-type":"","background-media":"","overlay-type":"","overlay-color":"","overlay-opacity":"","overlay-gradient":""},"mobile":{"background-color":"var(--ast-global-color-5)","background-image":"","background-repeat":"repeat","background-position":"center center","background-size":"auto","background-attachment":"scroll","background-type":"","background-media":"","overlay-type":"","overlay-color":"","overlay-opacity":"","overlay-gradient":""}}},"product_brand":[],"product_cat":[1093],"product_tag":[1123,1126,1124,1125],"class_list":{"0":"post-56610","1":"product","2":"type-product","3":"status-publish","4":"has-post-thumbnail","6":"product_cat-soundcloud-fr","7":"product_tag-achete-des-jeux-soundcloud-internationaux","8":"product_tag-achete-des-pieces-soundcloud","9":"product_tag-jeux-internationaux-sur-soundcloud","10":"product_tag-les-jeux-soundcloud","11":"desktop-align-center","12":"tablet-align-center","13":"mobile-align-center","14":"ast-product-gallery-layout-first-image-large","15":"ast-product-gallery-with-no-image","16":"ast-magnify-disabled","17":"ast-product-single-variable","18":"ast-product-tabs-layout-horizontal","20":"first","21":"instock","22":"sale","23":"taxable","24":"shipping-taxable","25":"purchasable","26":"product-type-variable"},"_links":{"self":[{"href":"https:\/\/www.likes-kopen.nl\/fr\/wp-json\/wp\/v2\/product\/56610","targetHints":{"allow":["GET"]}}],"collection":[{"href":"https:\/\/www.likes-kopen.nl\/fr\/wp-json\/wp\/v2\/product"}],"about":[{"href":"https:\/\/www.likes-kopen.nl\/fr\/wp-json\/wp\/v2\/types\/product"}],"replies":[{"embeddable":true,"href":"https:\/\/www.likes-kopen.nl\/fr\/wp-json\/wp\/v2\/comments?post=56610"}],"wp:featuredmedia":[{"embeddable":true,"href":"https:\/\/www.likes-kopen.nl\/fr\/wp-json\/wp\/v2\/media\/49421"}],"wp:attachment":[{"href":"https:\/\/www.likes-kopen.nl\/fr\/wp-json\/wp\/v2\/media?parent=56610"}],"wp:term":[{"taxonomy":"product_brand","embeddable":true,"href":"https:\/\/www.likes-kopen.nl\/fr\/wp-json\/wp\/v2\/product_brand?post=56610"},{"taxonomy":"product_cat","embeddable":true,"href":"https:\/\/www.likes-kopen.nl\/fr\/wp-json\/wp\/v2\/product_cat?post=56610"},{"taxonomy":"product_tag","embeddable":true,"href":"https:\/\/www.likes-kopen.nl\/fr\/wp-json\/wp\/v2\/product_tag?post=56610"}],"curies":[{"name":"wp","href":"https:\/\/api.w.org\/{rel}","templated":true}]}}