{"id":56608,"date":"2016-05-16T07:46:19","date_gmt":"2016-05-16T06:46:19","guid":{"rendered":"https:\/\/www.likes-kopen.nl\/product\/aimes-automatiques-dinstagram\/"},"modified":"2025-01-16T12:40:53","modified_gmt":"2025-01-16T11:40:53","slug":"auto-likes-instagram","status":"publish","type":"product","link":"https:\/\/www.likes-kopen.nl\/fr\/auto-likes-instagram\/","title":{"rendered":"Faire des posts Instagram comme automatiquement <\/br> <h2><span style=\"color : #ae60e1 ;\">Livr\u00e9 Directement<\/span> \ud83d\ude80<\/h2>"},"content":{"rendered":"<p>Selon les directives d&rsquo;Instagram, tu n&rsquo;as pas le droit d&rsquo;influencer artificiellement le nombre de followers, de likes, de vues et de commentaires. L&rsquo;achat se fait \u00e0 tes propres risques.<\/p>\n<h2>Des likes automatiques pour Instagram<\/h2>\n<p>Tu cherches un produit ou un service qui garantit que chaque photo ou vid\u00e9o que tu publies sur Instagram est automatiquement aim\u00e9e ? Alors ne cherche pas plus loin ! En fait, tu peux commander ce service aupr\u00e8s de nous ici ! Apr\u00e8s tout, tu peux acheter des likes de voiture pour Instagram avec nous. Nous avons diff\u00e9rents forfaits, alors choisis ce qui te convient le mieux !<\/p>\n<p>Les likes automatiques d&rsquo;Instagram sont la solution pour ceux qui ne veulent pas acheter des likes pour un post apr\u00e8s coup. De plus, les likes de la voiture arrivent presque imm\u00e9diatement apr\u00e8s que tu aies publi\u00e9 un message ! Tu ne perds donc pas de temps pr\u00e9cieux \u00e0 attendre. Comme les likes sont automatiquement ajout\u00e9s \u00e0 ton post, tu apparais encore plus populaire et c&rsquo;est aussi moins cher que si tu devais commander les likes s\u00e9par\u00e9ment par post. Pour toutes les options, consulte <a href=\"https:\/\/www.likes-kopen.nl\/instagram-likes-kopen\/\">acheter des likes Instagram <\/a>et <a href=\"https:\/\/www.likes-kopen.nl\/instagram-volgers-kopen\/\">acheter des followers Instagram<\/a>.<\/p>\n<p>&nbsp;<\/p>\n<h2>Diff\u00e9rents paquets similaires<\/h2>\n<p>Tu peux avoir 5 messages, 10 messages ou 20 messages automatiquement aim\u00e9s. C&rsquo;est-\u00e0-dire que si tu choisis \u00ab\u00a05\u00a0\u00bb, les 5 photos et\/ou vid\u00e9os suivantes seront aim\u00e9es automatiquement.<\/p>\n<p>En outre, tu peux choisir la fr\u00e9quence \u00e0 laquelle tu veux que chaque post soit aim\u00e9. Nos forfaits commencent \u00e0 partir de 50 likes. Tu veux en avoir plus ? Pas de probl\u00e8me, car nous allons jusqu&rsquo;\u00e0 1 000 c\u0153urs par photo.<\/p>\n<p>&nbsp;<\/p>\n<h2>Pourquoi acheter des likes de voiture Instagram<\/h2>\n<p>Il n&rsquo;y a rien de plus ennuyeux que lorsque tu as post\u00e9 une image ou une vid\u00e9o super mignonne et que personne ne l&rsquo;aime. Bien s\u00fbr, tu veux aussi que tes m\u00e9dias post\u00e9s soient aim\u00e9s, et de pr\u00e9f\u00e9rence par le plus grand nombre de personnes possible ! Gr\u00e2ce \u00e0 nos forfaits, cela est compl\u00e8tement automatique et tu d\u00e9cides de la fr\u00e9quence et du nombre de fois. Pour le tester, nous avons un forfait pour 5 photos\/vid\u00e9os avec 50 likes par post.<\/p>\n<p>Plus d&rsquo;activit\u00e9 sur ton compte Instagram ? Alors fais-le automatiser facilement !<\/p>\n<p>Tu veux aussi recevoir plus de likes sur ton compte Instagram ? Alors commande ce service !<\/p>\n<ul>\n<li>Tout se passe automatiquement<\/li>\n<li>Apr\u00e8s un court moment, tu obtiendras automatiquement des likes.<\/li>\n<li>En option, tu peux opter pour plus de likes<\/li>\n<li>Aucun mot de passe n&rsquo;est requis<\/li>\n<li>Pas besoin de commander apr\u00e8s coup car tu ach\u00e8tes \u00e0 l&rsquo;avance<\/li>\n<li>Notre syst\u00e8me sait quand tu publies quelque chose de nouveau<\/li>\n<li>Pour les vid\u00e9os et les photos<\/li>\n<\/ul>\n<p>&nbsp;<\/p>\n<h2>Les photos et les vid\u00e9os<\/h2>\n<p>Les vid\u00e9os et les photos sont toutes deux marqu\u00e9es d&rsquo;un c\u0153ur. Notre syst\u00e8me ne fait pas de distinction entre une photo et une vid\u00e9o. C&rsquo;est parce que les vid\u00e9os peuvent aussi \u00eatre aim\u00e9es. Si tu veux booster ta vid\u00e9o avec des spectateurs, commande nos <a href=\"https:\/\/www.likes-kopen.nl\/instagram-views-kopen\/\">vues vid\u00e9o IG<\/a>. Pour ceux qui ne sont\/\u00e9taient pas encore tout \u00e0 fait clairs&#8230; Ce service ne livre donc quelque chose qu&rsquo;apr\u00e8s avoir plac\u00e9 quelque chose et pas sur ce qui \u00e9tait d\u00e9j\u00e0 sur ton profil avant que tu ne passes ta commande chez nous. Ainsi, une fois que notre service est lanc\u00e9, chaque poste est dot\u00e9 du nombre de likes que tu as achet\u00e9s.<\/p>\n<p>&nbsp;<\/p>\n<h2>Disponible uniquement sur les profils publics<\/h2>\n<p>Pour utiliser ce service, ton profil doit \u00eatre et rester public apr\u00e8s avoir publi\u00e9 quelque chose. Certaines personnes choisissent de garder leur profil priv\u00e9 autant que possible, et ce n&rsquo;est pas un probl\u00e8me en soi. Ce que tu peux faire dans ce cas est de rendre ton profil public, de publier une photo ou une vid\u00e9o, puis d&rsquo;attendre que tous les likes sur ce post arrivent. Une fois que c&rsquo;est fait, remets-le en mode priv\u00e9. Ce que tu dois garder \u00e0 l&rsquo;esprit, c&rsquo;est que si tu le remets en priv\u00e9 trop t\u00f4t, tu rates ou peux rater des likes, \u00e0 condition que tout soit en ordre, bien s\u00fbr.<\/p>\n<p>&nbsp;<\/p>\n<h2>D\u00e9lai de livraison et sp\u00e9cifications<\/h2>\n<ul>\n<li>Tes posts sont lik\u00e9s depuis des comptes \u00e9trangers<\/li>\n<li>Apr\u00e8s quelques minutes \u00e0 quelques heures apr\u00e8s le placement, les likes commencent \u00e0 arriver.<\/li>\n<li>Choisis un forfait pour 5, 10 ou 20 messages<\/li>\n<li>Choisis si tu veux que chaque message soit aim\u00e9 50, 100, 150, 200, 500 ou 1 000 fois.<\/li>\n<li>Nous avons <span style=\"text-decoration: underline;\">seulement besoin de ton nom de profil<\/span><\/li>\n<li>VEUILLEZ NOTER : Ton profil DOIT \u00eatre et rester public. Si tu remets ton profil en mode priv\u00e9, tu ne recevras pas les likes.<\/li>\n<\/ul>\n<p>Tu es curieux de d\u00e9couvrir nos autres <strong>produits<\/strong>?<\/p>\n<ul>\n<li><a href=\"https:\/\/www.likes-kopen.nl\/instagram-volgers-kopen\/\">Acheter des followers Instagram<\/a><\/li>\n<li><a href=\"https:\/\/www.likes-kopen.nl\/tiktok-likes-kopen\/\">Acheter Tiktok aime<\/a><\/li>\n<li><a href=\"https:\/\/www.likes-kopen.nl\/tiktok-volgers-kopen\/\">Acheter des followers Tiktok<\/a><\/li>\n<li><a href=\"https:\/\/www.likes-kopen.nl\/instagram-likes-kopen\/\">Acheter des likes Instagram<\/a><\/li>\n<\/ul>\n<p>&nbsp;<\/p>\n<div id=\"gtx-trans\" style=\"position: absolute; left: 219px; top: 1937.44px;\">\n<div class=\"gtx-trans-icon\"><\/div>\n<\/div>\n","protected":false},"excerpt":{"rendered":"<p><span style=\"color: #008000;\">\u2714\ufe0f<\/span>Aimer chaque photo automatiquement<br \/>\n\u2b50Plus besoin de commander des photos individuelles<br \/>\n\u2b50Toujours aim\u00e9 directement<\/p>\n","protected":false},"featured_media":49343,"comment_status":"open","ping_status":"closed","template":"","meta":{"site-sidebar-layout":"default","site-content-layout":"default","ast-site-content-layout":"default","site-content-style":"default","site-sidebar-style":"default","ast-global-header-display":"","ast-banner-title-visibility":"","ast-main-header-display":"","ast-hfb-above-header-display":"","ast-hfb-below-header-display":"","ast-hfb-mobile-header-display":"","site-post-title":"","ast-breadcrumbs-content":"","ast-featured-img":"","footer-sml-layout":"","ast-disable-related-posts":"","theme-transparent-header-meta":"default","adv-header-id-meta":"","stick-header-meta":"default","header-above-stick-meta":"","header-main-stick-meta":"","header-below-stick-meta":"","astra-migrate-meta-layouts":"set","ast-page-background-enabled":"default","ast-page-background-meta":{"desktop":{"background-color":"","background-image":"","background-repeat":"repeat","background-position":"center center","background-size":"auto","background-attachment":"scroll","background-type":"","background-media":"","overlay-type":"","overlay-color":"","overlay-opacity":"","overlay-gradient":""},"tablet":{"background-color":"","background-image":"","background-repeat":"repeat","background-position":"center center","background-size":"auto","background-attachment":"scroll","background-type":"","background-media":"","overlay-type":"","overlay-color":"","overlay-opacity":"","overlay-gradient":""},"mobile":{"background-color":"","background-image":"","background-repeat":"repeat","background-position":"center center","background-size":"auto","background-attachment":"scroll","background-type":"","background-media":"","overlay-type":"","overlay-color":"","overlay-opacity":"","overlay-gradient":""}},"ast-content-background-meta":{"desktop":{"background-color":"var(--ast-global-color-5)","background-image":"","background-repeat":"repeat","background-position":"center center","background-size":"auto","background-attachment":"scroll","background-type":"","background-media":"","overlay-type":"","overlay-color":"","overlay-opacity":"","overlay-gradient":""},"tablet":{"background-color":"var(--ast-global-color-5)","background-image":"","background-repeat":"repeat","background-position":"center center","background-size":"auto","background-attachment":"scroll","background-type":"","background-media":"","overlay-type":"","overlay-color":"","overlay-opacity":"","overlay-gradient":""},"mobile":{"background-color":"var(--ast-global-color-5)","background-image":"","background-repeat":"repeat","background-position":"center center","background-size":"auto","background-attachment":"scroll","background-type":"","background-media":"","overlay-type":"","overlay-color":"","overlay-opacity":"","overlay-gradient":""}}},"product_brand":[],"product_cat":[555],"product_tag":[],"class_list":{"0":"post-56608","1":"product","2":"type-product","3":"status-publish","4":"has-post-thumbnail","6":"product_cat-instagram-fr","7":"desktop-align-center","8":"tablet-align-center","9":"mobile-align-center","10":"ast-product-gallery-layout-first-image-large","11":"ast-product-gallery-with-no-image","12":"ast-magnify-disabled","13":"ast-product-single-variable","14":"ast-product-tabs-layout-horizontal","16":"first","17":"instock","18":"sale","19":"taxable","20":"shipping-taxable","21":"purchasable","22":"product-type-variable"},"_links":{"self":[{"href":"https:\/\/www.likes-kopen.nl\/fr\/wp-json\/wp\/v2\/product\/56608","targetHints":{"allow":["GET"]}}],"collection":[{"href":"https:\/\/www.likes-kopen.nl\/fr\/wp-json\/wp\/v2\/product"}],"about":[{"href":"https:\/\/www.likes-kopen.nl\/fr\/wp-json\/wp\/v2\/types\/product"}],"replies":[{"embeddable":true,"href":"https:\/\/www.likes-kopen.nl\/fr\/wp-json\/wp\/v2\/comments?post=56608"}],"wp:featuredmedia":[{"embeddable":true,"href":"https:\/\/www.likes-kopen.nl\/fr\/wp-json\/wp\/v2\/media\/49343"}],"wp:attachment":[{"href":"https:\/\/www.likes-kopen.nl\/fr\/wp-json\/wp\/v2\/media?parent=56608"}],"wp:term":[{"taxonomy":"product_brand","embeddable":true,"href":"https:\/\/www.likes-kopen.nl\/fr\/wp-json\/wp\/v2\/product_brand?post=56608"},{"taxonomy":"product_cat","embeddable":true,"href":"https:\/\/www.likes-kopen.nl\/fr\/wp-json\/wp\/v2\/product_cat?post=56608"},{"taxonomy":"product_tag","embeddable":true,"href":"https:\/\/www.likes-kopen.nl\/fr\/wp-json\/wp\/v2\/product_tag?post=56608"}],"curies":[{"name":"wp","href":"https:\/\/api.w.org\/{rel}","templated":true}]}}