{"id":56580,"date":"2016-09-15T07:33:44","date_gmt":"2016-09-15T06:33:44","guid":{"rendered":"https:\/\/www.likes-kopen.nl\/product\/plays-mixcloud\/"},"modified":"2025-01-23T08:51:27","modified_gmt":"2025-01-23T07:51:27","slug":"mixcloud-plays-buy","status":"publish","type":"product","link":"https:\/\/www.likes-kopen.nl\/fr\/mixcloud-plays-buy\/","title":{"rendered":"Acheter Mixcloud Plays"},"content":{"rendered":"<p>MixCloud a des directives lui indiquant que l&rsquo;achat de jeux n&rsquo;est pas autoris\u00e9. Par cons\u00e9quent, commande \u00e0 tes propres risques.<\/p>\n<h2>Acheter MixCloud Plays<\/h2>\n<p>Tu veux que ta piste soit jou\u00e9e en un rien de temps ? Acheter des MixCloud Plays est alors la solution ! Cela donne \u00e0 ta piste un aspect tr\u00e8s prometteur et les gens sont plus susceptibles d&rsquo;\u00e9couter ta piste aussi. C&rsquo;est donc le moyen id\u00e9al d&rsquo;attirer l&rsquo;attention sur lui. Avec nous, tu peux acheter diff\u00e9rents nombres de lectures pour ta piste MixCloud. En plus des pi\u00e8ces, tu peux aussi acheter des followers, des likes et des reposts ! Alors jette un coup d&rsquo;\u0153il \u00e0 tous nos produits.<\/p>\n<h2>Caract\u00e9ristiques du produit<\/h2>\n<ul>\n<li>Diff\u00e9rents num\u00e9ros disponibles<\/li>\n<li>Livraison rapide sous<strong> +\/- 2 jours <\/strong>(pour les quantit\u00e9s jusqu&rsquo;\u00e0 1000 pi\u00e8ces)<\/li>\n<li>Un grand projet ? Alors prends contact avec nous !<\/li>\n<\/ul>\n<h2>Tu es curieux de d\u00e9couvrir nos autres <strong>produits<\/strong>?<\/h2>\n<p>Nous avons une large gamme de produits, ceux-ci sont les plus populaires :<\/p>\n<ul>\n<li><a href=\"https:\/\/www.likes-kopen.nl\/instagram-volgers-kopen\/\">Acheter des followers Instagram<\/a><\/li>\n<li><a href=\"https:\/\/www.likes-kopen.nl\/tiktok-likes-kopen\/\">Acheter Tiktok aime<\/a><\/li>\n<li><a href=\"https:\/\/www.likes-kopen.nl\/tiktok-volgers-kopen\/\">Acheter des followers Tiktok<\/a><\/li>\n<li><a href=\"https:\/\/www.likes-kopen.nl\/instagram-likes-kopen\/\">Acheter des likes Instagram<\/a><\/li>\n<\/ul>\n<p>&nbsp;<\/p>\n","protected":false},"excerpt":{"rendered":"<p>Fais grandir ta mixtape Mixcloud avec des milliers de lectures. Ach\u00e8te facilement des lectures sur Mixcloud et augmente ta port\u00e9e instantan\u00e9ment !<\/p>\n<p><strong>Les avantages de Likes-buying en un coup d&rsquo;\u0153il :<\/strong><br \/>\n\u2705<br \/>\n\ud83d\udcb0<br \/>\n\ud83d\udd12<br \/>\n\ud83d\ude80 Fiable, plus de 9 ans d&rsquo;exp\u00e9rience Meilleur rapport qualit\u00e9-prix 100 % s\u00fbr, aucun identifiant requis Livraison super rapide et biologique.<\/p>\n","protected":false},"featured_media":47591,"comment_status":"open","ping_status":"closed","template":"","meta":{"site-sidebar-layout":"default","site-content-layout":"default","ast-site-content-layout":"default","site-content-style":"default","site-sidebar-style":"default","ast-global-header-display":"","ast-banner-title-visibility":"","ast-main-header-display":"","ast-hfb-above-header-display":"","ast-hfb-below-header-display":"","ast-hfb-mobile-header-display":"","site-post-title":"","ast-breadcrumbs-content":"","ast-featured-img":"","footer-sml-layout":"","ast-disable-related-posts":"","theme-transparent-header-meta":"default","adv-header-id-meta":"","stick-header-meta":"default","header-above-stick-meta":"","header-main-stick-meta":"","header-below-stick-meta":"","astra-migrate-meta-layouts":"default","ast-page-background-enabled":"default","ast-page-background-meta":{"desktop":{"background-color":"","background-image":"","background-repeat":"repeat","background-position":"center center","background-size":"auto","background-attachment":"scroll","background-type":"","background-media":"","overlay-type":"","overlay-color":"","overlay-opacity":"","overlay-gradient":""},"tablet":{"background-color":"","background-image":"","background-repeat":"repeat","background-position":"center center","background-size":"auto","background-attachment":"scroll","background-type":"","background-media":"","overlay-type":"","overlay-color":"","overlay-opacity":"","overlay-gradient":""},"mobile":{"background-color":"","background-image":"","background-repeat":"repeat","background-position":"center center","background-size":"auto","background-attachment":"scroll","background-type":"","background-media":"","overlay-type":"","overlay-color":"","overlay-opacity":"","overlay-gradient":""}},"ast-content-background-meta":{"desktop":{"background-color":"var(--ast-global-color-5)","background-image":"","background-repeat":"repeat","background-position":"center center","background-size":"auto","background-attachment":"scroll","background-type":"","background-media":"","overlay-type":"","overlay-color":"","overlay-opacity":"","overlay-gradient":""},"tablet":{"background-color":"var(--ast-global-color-5)","background-image":"","background-repeat":"repeat","background-position":"center center","background-size":"auto","background-attachment":"scroll","background-type":"","background-media":"","overlay-type":"","overlay-color":"","overlay-opacity":"","overlay-gradient":""},"mobile":{"background-color":"var(--ast-global-color-5)","background-image":"","background-repeat":"repeat","background-position":"center center","background-size":"auto","background-attachment":"scroll","background-type":"","background-media":"","overlay-type":"","overlay-color":"","overlay-opacity":"","overlay-gradient":""}}},"product_brand":[],"product_cat":[5347],"product_tag":[6230],"class_list":{"0":"post-56580","1":"product","2":"type-product","3":"status-publish","4":"has-post-thumbnail","6":"product_cat-mixcloud-fr","7":"product_tag-mixcloud-fr","8":"desktop-align-center","9":"tablet-align-center","10":"mobile-align-center","11":"ast-product-gallery-layout-first-image-large","12":"ast-product-gallery-with-no-image","13":"ast-magnify-disabled","14":"ast-product-single-variable","15":"ast-product-tabs-layout-horizontal","17":"first","18":"instock","19":"sale","20":"taxable","21":"shipping-taxable","22":"purchasable","23":"product-type-variable"},"_links":{"self":[{"href":"https:\/\/www.likes-kopen.nl\/fr\/wp-json\/wp\/v2\/product\/56580","targetHints":{"allow":["GET"]}}],"collection":[{"href":"https:\/\/www.likes-kopen.nl\/fr\/wp-json\/wp\/v2\/product"}],"about":[{"href":"https:\/\/www.likes-kopen.nl\/fr\/wp-json\/wp\/v2\/types\/product"}],"replies":[{"embeddable":true,"href":"https:\/\/www.likes-kopen.nl\/fr\/wp-json\/wp\/v2\/comments?post=56580"}],"wp:featuredmedia":[{"embeddable":true,"href":"https:\/\/www.likes-kopen.nl\/fr\/wp-json\/wp\/v2\/media\/47591"}],"wp:attachment":[{"href":"https:\/\/www.likes-kopen.nl\/fr\/wp-json\/wp\/v2\/media?parent=56580"}],"wp:term":[{"taxonomy":"product_brand","embeddable":true,"href":"https:\/\/www.likes-kopen.nl\/fr\/wp-json\/wp\/v2\/product_brand?post=56580"},{"taxonomy":"product_cat","embeddable":true,"href":"https:\/\/www.likes-kopen.nl\/fr\/wp-json\/wp\/v2\/product_cat?post=56580"},{"taxonomy":"product_tag","embeddable":true,"href":"https:\/\/www.likes-kopen.nl\/fr\/wp-json\/wp\/v2\/product_tag?post=56580"}],"curies":[{"name":"wp","href":"https:\/\/api.w.org\/{rel}","templated":true}]}}