{"id":56454,"date":"2015-01-03T16:10:37","date_gmt":"2015-01-03T15:10:37","guid":{"rendered":"https:\/\/www.likes-kopen.nl\/product\/partage-du-site-web-sur-facebook-forfait\/"},"modified":"2025-01-16T05:35:06","modified_gmt":"2025-01-16T04:35:06","slug":"partage-de-site-web-sur-facebook","status":"publish","type":"product","link":"https:\/\/www.likes-kopen.nl\/fr\/partage-de-site-web-sur-facebook\/","title":{"rendered":"Partage du site Web sur Facebook (forfait)"},"content":{"rendered":"<ul>\n<li>Partage l&rsquo;URL du site Web sur Facebook<\/li>\n<li>100% s\u00fbr pour Google Panda<\/li>\n<li>SEO Boost<\/li>\n<li>Chaque partage est un backlink de plus ! 5 000 repr\u00e9sente 5 000 backlinks<\/li>\n<li>Effet : plus de visiteurs, meilleure position sur Google<\/li>\n<li>Id\u00e9al pour varier le profil des liens plus<\/li>\n<\/ul>\n<p><strong>Non autoris\u00e9 :<\/strong><\/p>\n<ul>\n<li>18+ sites web<\/li>\n<li>Le lien de ta page Facebook elle-m\u00eame<\/li>\n<\/ul>\n<h2>Tu es curieux de d\u00e9couvrir nos autres <strong>produits<\/strong>?<\/h2>\n<p>Nous avons une large gamme de produits, ceux-ci sont les plus populaires :<\/p>\n<ul>\n<li><a href=\"https:\/\/www.likes-kopen.nl\/instagram-volgers-kopen\/\">Acheter des followers Instagram<\/a><\/li>\n<li><a href=\"https:\/\/www.likes-kopen.nl\/tiktok-likes-kopen\/\">Acheter Tiktok aime<\/a><\/li>\n<li><a href=\"https:\/\/www.likes-kopen.nl\/tiktok-volgers-kopen\/\">Acheter des followers Tiktok<\/a><\/li>\n<li><a href=\"https:\/\/www.likes-kopen.nl\/instagram-likes-kopen\/\">Acheter des likes Instagram<\/a><\/li>\n<\/ul>\n","protected":false},"excerpt":{"rendered":"<p>Partage le site Web sur Facebook<\/p>\n<p>Partage l&rsquo;URL de ton site Web sur Facebook et obtiens des backlinks de m\u00e9dias sociaux vers ton site de cette fa\u00e7on ! Id\u00e9al pour donner \u00e0 ton site Web un SEO BOOST ! Ce coup de pouce peut faire en sorte que ton site Web obtienne une position meilleure et plus forte dans le moteur de recherche Google.<\/p>\n<p>Les backlinks des m\u00e9dias sociaux sont devenus encore plus efficaces apr\u00e8s la derni\u00e8re mise \u00e0 jour de Google Panda (4.1).<\/p>\n<p>&nbsp;<\/p>\n<hr>\n<h2><\/h2>\n<p>Tu peux entrer l&rsquo;URL de ton site ou de ta page Web sur le c\u00f4t\u00e9 droit. Ce service est destin\u00e9 \u00e0 1 URL.<\/p>\n","protected":false},"featured_media":48725,"comment_status":"open","ping_status":"closed","template":"","meta":{"site-sidebar-layout":"default","site-content-layout":"default","ast-site-content-layout":"default","site-content-style":"default","site-sidebar-style":"default","ast-global-header-display":"","ast-banner-title-visibility":"","ast-main-header-display":"","ast-hfb-above-header-display":"","ast-hfb-below-header-display":"","ast-hfb-mobile-header-display":"","site-post-title":"","ast-breadcrumbs-content":"","ast-featured-img":"","footer-sml-layout":"","ast-disable-related-posts":"","theme-transparent-header-meta":"default","adv-header-id-meta":"","stick-header-meta":"default","header-above-stick-meta":"","header-main-stick-meta":"","header-below-stick-meta":"","astra-migrate-meta-layouts":"default","ast-page-background-enabled":"default","ast-page-background-meta":{"desktop":{"background-color":"","background-image":"","background-repeat":"repeat","background-position":"center center","background-size":"auto","background-attachment":"scroll","background-type":"","background-media":"","overlay-type":"","overlay-color":"","overlay-opacity":"","overlay-gradient":""},"tablet":{"background-color":"","background-image":"","background-repeat":"repeat","background-position":"center center","background-size":"auto","background-attachment":"scroll","background-type":"","background-media":"","overlay-type":"","overlay-color":"","overlay-opacity":"","overlay-gradient":""},"mobile":{"background-color":"","background-image":"","background-repeat":"repeat","background-position":"center center","background-size":"auto","background-attachment":"scroll","background-type":"","background-media":"","overlay-type":"","overlay-color":"","overlay-opacity":"","overlay-gradient":""}},"ast-content-background-meta":{"desktop":{"background-color":"var(--ast-global-color-5)","background-image":"","background-repeat":"repeat","background-position":"center center","background-size":"auto","background-attachment":"scroll","background-type":"","background-media":"","overlay-type":"","overlay-color":"","overlay-opacity":"","overlay-gradient":""},"tablet":{"background-color":"var(--ast-global-color-5)","background-image":"","background-repeat":"repeat","background-position":"center center","background-size":"auto","background-attachment":"scroll","background-type":"","background-media":"","overlay-type":"","overlay-color":"","overlay-opacity":"","overlay-gradient":""},"mobile":{"background-color":"var(--ast-global-color-5)","background-image":"","background-repeat":"repeat","background-position":"center center","background-size":"auto","background-attachment":"scroll","background-type":"","background-media":"","overlay-type":"","overlay-color":"","overlay-opacity":"","overlay-gradient":""}}},"product_brand":[],"product_cat":[580],"product_tag":[],"class_list":{"0":"post-56454","1":"product","2":"type-product","3":"status-publish","4":"has-post-thumbnail","6":"product_cat-paquets-seo","7":"desktop-align-center","8":"tablet-align-center","9":"mobile-align-center","10":"ast-product-gallery-layout-first-image-large","11":"ast-product-gallery-with-no-image","12":"ast-magnify-disabled","13":"ast-product-single-variable","14":"ast-product-tabs-layout-horizontal","16":"first","17":"instock","18":"sale","19":"taxable","20":"shipping-taxable","21":"purchasable","22":"product-type-variable"},"_links":{"self":[{"href":"https:\/\/www.likes-kopen.nl\/fr\/wp-json\/wp\/v2\/product\/56454","targetHints":{"allow":["GET"]}}],"collection":[{"href":"https:\/\/www.likes-kopen.nl\/fr\/wp-json\/wp\/v2\/product"}],"about":[{"href":"https:\/\/www.likes-kopen.nl\/fr\/wp-json\/wp\/v2\/types\/product"}],"replies":[{"embeddable":true,"href":"https:\/\/www.likes-kopen.nl\/fr\/wp-json\/wp\/v2\/comments?post=56454"}],"wp:featuredmedia":[{"embeddable":true,"href":"https:\/\/www.likes-kopen.nl\/fr\/wp-json\/wp\/v2\/media\/48725"}],"wp:attachment":[{"href":"https:\/\/www.likes-kopen.nl\/fr\/wp-json\/wp\/v2\/media?parent=56454"}],"wp:term":[{"taxonomy":"product_brand","embeddable":true,"href":"https:\/\/www.likes-kopen.nl\/fr\/wp-json\/wp\/v2\/product_brand?post=56454"},{"taxonomy":"product_cat","embeddable":true,"href":"https:\/\/www.likes-kopen.nl\/fr\/wp-json\/wp\/v2\/product_cat?post=56454"},{"taxonomy":"product_tag","embeddable":true,"href":"https:\/\/www.likes-kopen.nl\/fr\/wp-json\/wp\/v2\/product_tag?post=56454"}],"curies":[{"name":"wp","href":"https:\/\/api.w.org\/{rel}","templated":true}]}}