{"id":56435,"date":"2015-10-14T20:01:09","date_gmt":"2015-10-14T19:01:09","guid":{"rendered":"https:\/\/www.likes-kopen.nl\/product\/paquet-de-backlinks-neerlandais\/"},"modified":"2025-01-16T05:30:33","modified_gmt":"2025-01-16T04:30:33","slug":"dutch-backlinks-buy","status":"publish","type":"product","link":"https:\/\/www.likes-kopen.nl\/fr\/dutch-backlinks-buy\/","title":{"rendered":"Paquet de backlinks n\u00e9erlandais"},"content":{"rendered":"<p>Aucun sp\u00e9cialiste du r\u00e9f\u00e9rencement ne peut \u00e9viter la cr\u00e9ation de liens. Le linkbuiding et l&rsquo;achat de backlinks n\u00e9erlandais sont souvent la pi\u00e8ce manquante lorsqu&rsquo;il s&rsquo;agit d&rsquo;obtenir d&rsquo;excellentes performances dans les r\u00e9sultats de recherche. Les sites Web qui se classent premiers dans les r\u00e9sultats de recherche ont structurellement un meilleur profil de liens. C&rsquo;est-\u00e0-dire qu&rsquo;ils ont souvent un Domain Rank (DR) et un Page Rank (PR) plus \u00e9lev\u00e9s.<\/p>\n<p><em>Quel est ce secret de toute fa\u00e7on ?  <\/em><\/p>\n<p>Acheter des backlinks n&rsquo;est pas la seule chose que tu dois faire pour bien te classer, mais c&rsquo;est l&rsquo;un des facteurs de classement les plus importants des moteurs de recherche comme Google, Bing et Yahoo.<\/p>\n<p>Tu peux acheter des backlinks sur Likes-Kopen.co.uk, l&rsquo;adresse de confiance pour tous tes produits SEO &amp; Social Media.<\/p>\n<p>&nbsp;<\/p>\n<h2>Pourquoi acheter des backlinks n\u00e9erlandais ?<\/h2>\n<p>Si tu veux \u00eatre performant dans les r\u00e9sultats de recherche sur le march\u00e9 n\u00e9erlandais, tu as besoin de liens pertinents. Les moteurs de recherche s&rsquo;int\u00e9ressent de plus en plus \u00e0 la pertinence des liens, et moins \u00e0 leur valeur. Les backlinks n\u00e9erlandais sont super pertinents pour les sites Web n\u00e9erlandais. Donc ici, tu as d\u00e9j\u00e0 une bonne longueur d&rsquo;avance.<\/p>\n<p>&nbsp;<\/p>\n<h2>Le paquet de backlinks n\u00e9erlandais<\/h2>\n<p>Le pack Backlink standard compte jusqu&rsquo;\u00e0 100 backlinks n\u00e9erlandais provenant de sites Web r\u00e9els h\u00e9berg\u00e9s sur des serveurs n\u00e9erlandais. Tu peux acheter plus de backlinks n\u00e9erlandais en \u00e9largissant le forfait. Les pages o\u00f9 tes liens appara\u00eetront sont exclusives et ne sont pas remplies de milliers d&rsquo;autres liens. De cette fa\u00e7on, tu es assur\u00e9 d&rsquo;avoir une bonne valeur de lien.<\/p>\n<p>&nbsp;<\/p>\n<h2>Bonne autorit\u00e9 de page et de domaine<\/h2>\n<p>L&rsquo;autorit\u00e9 de domaine (DA) se situe entre 12 et 30. L&rsquo;autorit\u00e9 de la page (PA) est comprise entre 15 et 40.<\/p>\n<p>&nbsp;<\/p>\n<h2>URL et mots cl\u00e9s<\/h2>\n<p>Ce paquet est destin\u00e9 \u00e0 1 URL. Ce faisant, tu peux sp\u00e9cifier jusqu&rsquo;\u00e0 5 mots-cl\u00e9s. Sur le c\u00f4t\u00e9 droit, au niveau du bouton de commande, tu peux entrer ces informations.<\/p>\n<p>&nbsp;<\/p>\n<ul>\n<li>100 backlinks n\u00e9erlandais ou plus<\/li>\n<li>Source : sites .NL estim\u00e9s<\/li>\n<li>PA\/DA \u00e9lev\u00e9 :<\/li>\n<li>Valeurs de PA : 15-40<\/li>\n<li>Valeurs DA : 12-30<\/li>\n<li>Dofollow et permanent<\/li>\n<li>Paquet pr\u00e9vu pour 1 URL<\/li>\n<li>Saisis jusqu&rsquo;\u00e0 5 mots-cl\u00e9s (max 1 par url)<\/li>\n<li>Livraison de 10 backlinks par jour (pour des r\u00e9sultats optimaux)<\/li>\n<\/ul>\n<p>Tu peux acheter plusieurs backlinks car nous g\u00e9rons beaucoup de sites Web !<\/p>\n<h2>Questions fr\u00e9quemment pos\u00e9es<\/h2>\n<h3>1) \u00ab\u00a0Pourquoi les backlinks sont-ils si chers ?<\/h3>\n<p>Il est vrai que l&rsquo;achat de backlinks a un co\u00fbt, mais il faut voir sa valeur comme un investissement dans la croissance et la visibilit\u00e9 de son site web. Il peut m\u00eame permettre d&rsquo;\u00e9conomiser de l&rsquo;argent \u00e0 long terme en g\u00e9n\u00e9rant davantage de trafic organique.<\/p>\n<h3>2) \u00ab\u00a0L&rsquo;achat de backlinks est-il une tricherie ?<\/h3>\n<p>Il s&rsquo;agit d&rsquo;un malentendu. L&rsquo;achat de backlinks n&rsquo;est ni ill\u00e9gal ni contraire \u00e0 l&rsquo;\u00e9thique, \u00e0 condition de le faire avec des sites web pertinents et de haute qualit\u00e9 qui ne font pas partie d&rsquo;un r\u00e9seau de liens. Il s&rsquo;agit simplement d&rsquo;un moyen de promouvoir et d&rsquo;am\u00e9liorer son site web.<\/p>\n<h3>3) \u00ab\u00a0N&rsquo;est-il pas pr\u00e9f\u00e9rable de gagner des backlinks organiques ?<\/h3>\n<p>C&rsquo;est vrai, mais c&rsquo;est aussi beaucoup plus difficile et plus long que d&rsquo;acheter des backlinks. La cr\u00e9ation d&rsquo;un profil de liens retour organiques demande du temps et des efforts, et m\u00eame dans ce cas, il n&rsquo;est pas garanti que l&rsquo;on obtienne un classement \u00e9lev\u00e9 dans les r\u00e9sultats de recherche. L&rsquo;achat de backlinks peut t&rsquo;aider \u00e0 obtenir des r\u00e9sultats plus rapidement. M\u00eame les grandes entreprises le font \u00e0 grande \u00e9chelle.<\/p>\n<h3>4. \u00ab\u00a0Pourquoi ne le ferais-je pas moi-m\u00eame ?\u00a0\u00bb<\/h3>\n<p>Oui, il est possible de le faire soi-m\u00eame, mais, comme nous l&rsquo;avons dit, cela demande beaucoup de temps et d&rsquo;efforts. Il peut \u00e9galement \u00eatre difficile de trouver et d&rsquo;obtenir des liens retour de qualit\u00e9. En outre, dans 99 % des cas, il faut \u00e9galement payer pour la mise en place d&rsquo;un backlink individuel. L&rsquo;achat d&rsquo;un pack de backlinks professionnels permet de gagner du temps et de garantir des backlinks de haute qualit\u00e9.<\/p>\n<h3>5. \u00ab\u00a0Pourquoi les backlinks sont-ils importants pour mon site web ?<\/h3>\n<p>Les liens retour sont un \u00e9l\u00e9ment important de l&rsquo;optimisation des moteurs de recherche et peuvent faire une grande diff\u00e9rence dans la capacit\u00e9 de recherche et le succ\u00e8s d&rsquo;un site web. Sans liens retour, tu risques d&rsquo;\u00eatre distanc\u00e9 par les concurrents qui en ont.<\/p>\n<h3>6. \u00ab\u00a0Je ne sais pas du tout par o\u00f9 commencer. Par o\u00f9 commencer ?\u00a0\u00bb<\/h3>\n<p>C&rsquo;est compr\u00e9hensible, mais c&rsquo;est l\u00e0 que les professionnels interviennent. En achetant un paquet de backlinks aupr\u00e8s d&rsquo;un fournisseur fiable et exp\u00e9riment\u00e9, tu n&rsquo;as pas \u00e0 te demander par o\u00f9 commencer. Ils te d\u00e9chargent du travail et te fournissent des backlinks de haute qualit\u00e9 qui contribueront \u00e0 la croissance de ton site web.<\/p>\n<h3>7. \u00ab\u00a0L&rsquo;achat de backlinks n&rsquo;a-t-il pas un impact n\u00e9gatif sur mon site web ?<\/h3>\n<p>Il est compr\u00e9hensible que l&rsquo;on s&rsquo;inqui\u00e8te des risques potentiels, mais si l&rsquo;on travaille avec un fournisseur de backlinks exp\u00e9riment\u00e9 qui ne fournit que des backlinks de haute qualit\u00e9 provenant de sites web pertinents, il y a peu de risques de cons\u00e9quences n\u00e9gatives. Tant que tu respectes les r\u00e8gles de Google et que tes liens retour sont de haute qualit\u00e9, il n&rsquo;y a pas lieu de s&rsquo;inqui\u00e9ter.<\/p>\n<h2>Ach\u00e8te d&rsquo;autres backlinks ?<\/h2>\n<p>Ensuite, consulte les autres paquets :<\/p>\n<ul>\n<li><a href=\"https:\/\/www.likes-kopen.nl\/seo-pakketten\/\" target=\"_blank\" rel=\"noopener\">Acheter des backlinks forts DA60+ liens de profil (sold out)<\/a><\/li>\n<li><a href=\"https:\/\/www.likes-kopen.nl\/seo-pakketten\/\" target=\"_blank\" rel=\"noopener\">10 backlinks forts DA40+ DR50+ (\u00e9puis\u00e9)<\/a><\/li>\n<\/ul>\n<h2>Tu es curieux de d\u00e9couvrir nos autres <strong>produits<\/strong>?<\/h2>\n<p>Nous avons une large gamme de produits, ceux-ci sont les plus populaires :<\/p>\n<ul>\n<li><a href=\"https:\/\/www.likes-kopen.nl\/instagram-volgers-kopen\/\">Acheter des followers Instagram<\/a><\/li>\n<li><a href=\"https:\/\/www.likes-kopen.nl\/tiktok-likes-kopen\/\">Acheter Tiktok aime<\/a><\/li>\n<li><a href=\"https:\/\/www.likes-kopen.nl\/tiktok-volgers-kopen\/\">Acheter des followers Tiktok<\/a><\/li>\n<li><a href=\"https:\/\/www.likes-kopen.nl\/instagram-likes-kopen\/\">Acheter des likes Instagram<\/a><\/li>\n<\/ul>\n<p style=\"text-align: center;\"><strong><a href=\"#top\">Retour en haut de page \u2191<\/a><\/strong><\/p>\n","protected":false},"excerpt":{"rendered":"<p>Ach\u00e8te des backlinks de confiance et rapides sur Likes-buying maintenant !<br \/>\nTu cherches un moyen d&rsquo;am\u00e9liorer le classement de ton site Web ? Acheter des backlinks aide \u00e0 cela !<\/p>\n","protected":false},"featured_media":48707,"comment_status":"open","ping_status":"closed","template":"","meta":{"site-sidebar-layout":"default","site-content-layout":"default","ast-site-content-layout":"default","site-content-style":"default","site-sidebar-style":"default","ast-global-header-display":"","ast-banner-title-visibility":"","ast-main-header-display":"","ast-hfb-above-header-display":"","ast-hfb-below-header-display":"","ast-hfb-mobile-header-display":"","site-post-title":"","ast-breadcrumbs-content":"","ast-featured-img":"","footer-sml-layout":"","ast-disable-related-posts":"","theme-transparent-header-meta":"default","adv-header-id-meta":"","stick-header-meta":"default","header-above-stick-meta":"","header-main-stick-meta":"","header-below-stick-meta":"","astra-migrate-meta-layouts":"default","ast-page-background-enabled":"default","ast-page-background-meta":{"desktop":{"background-color":"","background-image":"","background-repeat":"repeat","background-position":"center center","background-size":"auto","background-attachment":"scroll","background-type":"","background-media":"","overlay-type":"","overlay-color":"","overlay-opacity":"","overlay-gradient":""},"tablet":{"background-color":"","background-image":"","background-repeat":"repeat","background-position":"center center","background-size":"auto","background-attachment":"scroll","background-type":"","background-media":"","overlay-type":"","overlay-color":"","overlay-opacity":"","overlay-gradient":""},"mobile":{"background-color":"","background-image":"","background-repeat":"repeat","background-position":"center center","background-size":"auto","background-attachment":"scroll","background-type":"","background-media":"","overlay-type":"","overlay-color":"","overlay-opacity":"","overlay-gradient":""}},"ast-content-background-meta":{"desktop":{"background-color":"var(--ast-global-color-5)","background-image":"","background-repeat":"repeat","background-position":"center center","background-size":"auto","background-attachment":"scroll","background-type":"","background-media":"","overlay-type":"","overlay-color":"","overlay-opacity":"","overlay-gradient":""},"tablet":{"background-color":"var(--ast-global-color-5)","background-image":"","background-repeat":"repeat","background-position":"center center","background-size":"auto","background-attachment":"scroll","background-type":"","background-media":"","overlay-type":"","overlay-color":"","overlay-opacity":"","overlay-gradient":""},"mobile":{"background-color":"var(--ast-global-color-5)","background-image":"","background-repeat":"repeat","background-position":"center center","background-size":"auto","background-attachment":"scroll","background-type":"","background-media":"","overlay-type":"","overlay-color":"","overlay-opacity":"","overlay-gradient":""}}},"product_brand":[],"product_cat":[580],"product_tag":[1109],"class_list":{"0":"post-56435","1":"product","2":"type-product","3":"status-publish","4":"has-post-thumbnail","6":"product_cat-paquets-seo","7":"product_tag-linkbuilding-fr","8":"desktop-align-center","9":"tablet-align-center","10":"mobile-align-center","11":"ast-product-gallery-layout-first-image-large","12":"ast-product-gallery-with-no-image","13":"ast-magnify-disabled","14":"ast-product-single-variable","15":"ast-product-tabs-layout-horizontal","17":"first","18":"instock","19":"taxable","20":"shipping-taxable","21":"purchasable","22":"product-type-variable"},"_links":{"self":[{"href":"https:\/\/www.likes-kopen.nl\/fr\/wp-json\/wp\/v2\/product\/56435","targetHints":{"allow":["GET"]}}],"collection":[{"href":"https:\/\/www.likes-kopen.nl\/fr\/wp-json\/wp\/v2\/product"}],"about":[{"href":"https:\/\/www.likes-kopen.nl\/fr\/wp-json\/wp\/v2\/types\/product"}],"replies":[{"embeddable":true,"href":"https:\/\/www.likes-kopen.nl\/fr\/wp-json\/wp\/v2\/comments?post=56435"}],"wp:featuredmedia":[{"embeddable":true,"href":"https:\/\/www.likes-kopen.nl\/fr\/wp-json\/wp\/v2\/media\/48707"}],"wp:attachment":[{"href":"https:\/\/www.likes-kopen.nl\/fr\/wp-json\/wp\/v2\/media?parent=56435"}],"wp:term":[{"taxonomy":"product_brand","embeddable":true,"href":"https:\/\/www.likes-kopen.nl\/fr\/wp-json\/wp\/v2\/product_brand?post=56435"},{"taxonomy":"product_cat","embeddable":true,"href":"https:\/\/www.likes-kopen.nl\/fr\/wp-json\/wp\/v2\/product_cat?post=56435"},{"taxonomy":"product_tag","embeddable":true,"href":"https:\/\/www.likes-kopen.nl\/fr\/wp-json\/wp\/v2\/product_tag?post=56435"}],"curies":[{"name":"wp","href":"https:\/\/api.w.org\/{rel}","templated":true}]}}