{"id":56341,"date":"2016-09-12T12:45:35","date_gmt":"2016-09-12T11:45:35","guid":{"rendered":"https:\/\/www.likes-kopen.nl\/product\/commentaires-sur-soundcloud\/"},"modified":"2025-01-16T12:39:26","modified_gmt":"2025-01-16T11:39:26","slug":"acheter-des-commentaires-soundcloud","status":"publish","type":"product","link":"https:\/\/www.likes-kopen.nl\/fr\/acheter-des-commentaires-soundcloud\/","title":{"rendered":"Acheter des commentaires sur SoundCloud"},"content":{"rendered":"<p>Acheter des commentaires Soundcloud pour ta piste Soundcloud te donnera le coup de pouce dont tu as besoin pour que ta piste devienne virale.<\/p>\n<p>Dis bonjour aux pistes vides sans aucune interaction. Avec les r\u00e9actions de Soundcloud, assure-toi que ta piste a l&rsquo;air vivante.<\/p>\n<p>Parce que soyons r\u00e9alistes : un morceau qui suscite beaucoup de r\u00e9actions donne l&rsquo;impression d&rsquo;\u00eatre un morceau populaire, non ? C&rsquo;est exactement la raison pour laquelle les artistes ach\u00e8tent des r\u00e9ponses Soundcloud ici.<\/p>\n<p>Et la meilleure partie est&#8230; tu re\u00e7ois une garantie de remboursement de 30 jours !<\/p>\n<p>Sache que si tu lis les directives de SoundCloud, il n&rsquo;est pas autoris\u00e9 d&rsquo;acheter des commentaires. Par cons\u00e9quent, commande toujours \u00e0 tes propres risques.<\/p>\n<p>Cependant, il ne nous est jamais venu \u00e0 l&rsquo;esprit que les clients donnaient des commentaires n\u00e9gatifs. Cela rend l&rsquo;achat de r\u00e9ponses Soundcloud compl\u00e8tement s\u00fbr.<\/p>\n<p>Voici une autre liste de tout ce que tu obtiens :<\/p>\n<ul>\n<li><strong>R\u00e9actions internationales sur SoundCloud<\/strong><\/li>\n<li>Les r\u00e9ponses sont compl\u00e8tement al\u00e9atoires et ne peuvent pas \u00eatre pr\u00e9d\u00e9termin\u00e9es<\/li>\n<li>Livraison rapide dans un d\u00e9lai de<strong> +\/- 2 jours<\/strong><\/li>\n<li>Les commentaires sont post\u00e9s juste apr\u00e8s les autres<\/li>\n<li>Assistance rapide pour toutes tes questions<\/li>\n<li>Garantie de remboursement de 30 jours !<\/li>\n<\/ul>\n<p>Tu es curieux de d\u00e9couvrir nos autres <strong>produits<\/strong>?<\/p>\n<ul>\n<li><a href=\"https:\/\/www.likes-kopen.nl\/instagram-volgers-kopen\/\">Acheter des followers Instagram<\/a><\/li>\n<li><a href=\"https:\/\/www.likes-kopen.nl\/tiktok-likes-kopen\/\">Acheter Tiktok aime<\/a><\/li>\n<li><a href=\"https:\/\/www.likes-kopen.nl\/tiktok-volgers-kopen\/\">Acheter des followers Tiktok<\/a><\/li>\n<li><a href=\"https:\/\/www.likes-kopen.nl\/instagram-likes-kopen\/\">Acheter des likes Instagram<\/a><\/li>\n<\/ul>\n","protected":false},"excerpt":{"rendered":"<p><strong>R\u00e9actions internationales sur SoundCloud.<\/strong><\/p>\n<p>Tu veux plus que de simples Plays et Likes pour accompagner ta piste ? Ach\u00e8te ensuite des commentaires Soundcloud (r\u00e9actions) \u00e0 ta piste !<\/p>\n<p>Avec ce service, tu obtiendras plus de r\u00e9ponses dans un d\u00e9lai tr\u00e8s court !<\/p>\n<p><img decoding=\"async\" class=\"alignnone size-full wp-image-2518\" src=\"https:\/\/www.likes-kopen.nl\/wp-content\/uploads\/\/2016\/09\/soundcloud-reactie.jpg\" alt=\"r\u00e9ponse de soundcloud\" width=\"385\" height=\"256\" srcset=\"https:\/\/www.likes-kopen.nl\/wp-content\/uploads\/2016\/09\/soundcloud-reactie.jpg 385w, https:\/\/www.likes-kopen.nl\/wp-content\/uploads\/2016\/09\/soundcloud-reactie-300x199.jpg 300w\" sizes=\"(max-width: 385px) 100vw, 385px\" \/><\/p>\n","protected":false},"featured_media":49424,"comment_status":"open","ping_status":"closed","template":"","meta":{"site-sidebar-layout":"default","site-content-layout":"default","ast-site-content-layout":"default","site-content-style":"default","site-sidebar-style":"default","ast-global-header-display":"","ast-banner-title-visibility":"","ast-main-header-display":"","ast-hfb-above-header-display":"","ast-hfb-below-header-display":"","ast-hfb-mobile-header-display":"","site-post-title":"","ast-breadcrumbs-content":"","ast-featured-img":"","footer-sml-layout":"","ast-disable-related-posts":"","theme-transparent-header-meta":"default","adv-header-id-meta":"","stick-header-meta":"default","header-above-stick-meta":"","header-main-stick-meta":"","header-below-stick-meta":"","astra-migrate-meta-layouts":"set","ast-page-background-enabled":"default","ast-page-background-meta":{"desktop":{"background-color":"","background-image":"","background-repeat":"repeat","background-position":"center center","background-size":"auto","background-attachment":"scroll","background-type":"","background-media":"","overlay-type":"","overlay-color":"","overlay-opacity":"","overlay-gradient":""},"tablet":{"background-color":"","background-image":"","background-repeat":"repeat","background-position":"center center","background-size":"auto","background-attachment":"scroll","background-type":"","background-media":"","overlay-type":"","overlay-color":"","overlay-opacity":"","overlay-gradient":""},"mobile":{"background-color":"","background-image":"","background-repeat":"repeat","background-position":"center center","background-size":"auto","background-attachment":"scroll","background-type":"","background-media":"","overlay-type":"","overlay-color":"","overlay-opacity":"","overlay-gradient":""}},"ast-content-background-meta":{"desktop":{"background-color":"var(--ast-global-color-5)","background-image":"","background-repeat":"repeat","background-position":"center center","background-size":"auto","background-attachment":"scroll","background-type":"","background-media":"","overlay-type":"","overlay-color":"","overlay-opacity":"","overlay-gradient":""},"tablet":{"background-color":"var(--ast-global-color-5)","background-image":"","background-repeat":"repeat","background-position":"center center","background-size":"auto","background-attachment":"scroll","background-type":"","background-media":"","overlay-type":"","overlay-color":"","overlay-opacity":"","overlay-gradient":""},"mobile":{"background-color":"var(--ast-global-color-5)","background-image":"","background-repeat":"repeat","background-position":"center center","background-size":"auto","background-attachment":"scroll","background-type":"","background-media":"","overlay-type":"","overlay-color":"","overlay-opacity":"","overlay-gradient":""}}},"product_brand":[],"product_cat":[1093],"product_tag":[1094,1096],"class_list":{"0":"post-56341","1":"product","2":"type-product","3":"status-publish","4":"has-post-thumbnail","6":"product_cat-soundcloud-fr","7":"product_tag-commentaires-sur-soundcloud","8":"product_tag-reactions-sur-soundcloud","9":"desktop-align-center","10":"tablet-align-center","11":"mobile-align-center","12":"ast-product-gallery-layout-first-image-large","13":"ast-product-gallery-with-no-image","14":"ast-magnify-disabled","15":"ast-product-single-variable","16":"ast-product-tabs-layout-horizontal","18":"first","19":"instock","20":"sale","21":"taxable","22":"shipping-taxable","23":"purchasable","24":"product-type-variable"},"_links":{"self":[{"href":"https:\/\/www.likes-kopen.nl\/fr\/wp-json\/wp\/v2\/product\/56341","targetHints":{"allow":["GET"]}}],"collection":[{"href":"https:\/\/www.likes-kopen.nl\/fr\/wp-json\/wp\/v2\/product"}],"about":[{"href":"https:\/\/www.likes-kopen.nl\/fr\/wp-json\/wp\/v2\/types\/product"}],"replies":[{"embeddable":true,"href":"https:\/\/www.likes-kopen.nl\/fr\/wp-json\/wp\/v2\/comments?post=56341"}],"wp:featuredmedia":[{"embeddable":true,"href":"https:\/\/www.likes-kopen.nl\/fr\/wp-json\/wp\/v2\/media\/49424"}],"wp:attachment":[{"href":"https:\/\/www.likes-kopen.nl\/fr\/wp-json\/wp\/v2\/media?parent=56341"}],"wp:term":[{"taxonomy":"product_brand","embeddable":true,"href":"https:\/\/www.likes-kopen.nl\/fr\/wp-json\/wp\/v2\/product_brand?post=56341"},{"taxonomy":"product_cat","embeddable":true,"href":"https:\/\/www.likes-kopen.nl\/fr\/wp-json\/wp\/v2\/product_cat?post=56341"},{"taxonomy":"product_tag","embeddable":true,"href":"https:\/\/www.likes-kopen.nl\/fr\/wp-json\/wp\/v2\/product_tag?post=56341"}],"curies":[{"name":"wp","href":"https:\/\/api.w.org\/{rel}","templated":true}]}}