{"id":56340,"date":"2015-07-26T19:21:42","date_gmt":"2015-07-26T19:21:42","guid":{"rendered":"https:\/\/www.likes-kopen.nl\/product\/soundcloud-likes\/"},"modified":"2025-01-27T06:20:19","modified_gmt":"2025-01-27T05:20:19","slug":"acheter-des-likes-soundcloud","status":"publish","type":"product","link":"https:\/\/www.likes-kopen.nl\/fr\/acheter-des-likes-soundcloud\/","title":{"rendered":"Acheter des Likes sur SoundCloud \ud83d\ude80"},"content":{"rendered":"<p>Si tu lis les directives de Soundcloud \u00e0 ce sujet, il n&rsquo;est pas autoris\u00e9 d&rsquo;acheter des likes. L&rsquo;achat se fait donc \u00e0 tes propres risques.<\/p>\n<p>Si tu veux donner \u00e0 ta piste sur SoundCloud un peu plus d&rsquo;attention, tu peux acheter des likes SoundCloud pour elle ! Un morceau avec plus de likes sera \u00e9cout\u00e9 plus souvent, ce qui augmentera ta popularit\u00e9. Plus de likes SoundCloud fait d\u00e9finitivement la diff\u00e9rence, car tu te d\u00e9marques davantage, et ta piste sera \u00e9galement trouv\u00e9e plus rapidement en cons\u00e9quence. En plus des likes, tu peux aussi acheter des followers, des jeux, des reposts et m\u00eame des commentaires avec nous ! Nous avons tout ce dont tu as besoin pour donner un grand coup de pouce \u00e0 ton compte !<\/p>\n<h2>Caract\u00e9ristiques de l&rsquo;achat de likes sur SoundCloud<\/h2>\n<ul>\n<li>Aimes des utilisateurs internationaux<\/li>\n<li>Livraison rapide, petites quantit\u00e9s g\u00e9n\u00e9ralement en un jour<\/li>\n<li>Command\u00e9 en quelques clics<\/li>\n<li>Tu as juste besoin de l&rsquo;url de ta piste<\/li>\n<\/ul>\n<h2>Tu es curieux de d\u00e9couvrir nos autres <strong>produits<\/strong>?<\/h2>\n<p>Nous avons une large gamme de produits, ceux-ci sont les plus populaires :<\/p>\n<ul>\n<li><a href=\"https:\/\/www.likes-kopen.nl\/instagram-volgers-kopen\/\">Acheter des followers Instagram<\/a><\/li>\n<li><a href=\"https:\/\/www.likes-kopen.nl\/tiktok-likes-kopen\/\">Acheter Tiktok aime<\/a><\/li>\n<li><a href=\"https:\/\/www.likes-kopen.nl\/tiktok-volgers-kopen\/\">Acheter des followers Tiktok<\/a><\/li>\n<li><a href=\"https:\/\/www.likes-kopen.nl\/instagram-likes-kopen\/\">Acheter des likes Instagram<\/a><\/li>\n<\/ul>\n","protected":false},"excerpt":{"rendered":"<p>Acheter des likes de qualit\u00e9 sur \u2714\ufe0fHoge ?<br \/>\n\u2b50 Avec garantie<\/p>\n","protected":false},"featured_media":49418,"comment_status":"open","ping_status":"closed","template":"","meta":{"site-sidebar-layout":"default","site-content-layout":"default","ast-site-content-layout":"default","site-content-style":"default","site-sidebar-style":"default","ast-global-header-display":"","ast-banner-title-visibility":"","ast-main-header-display":"","ast-hfb-above-header-display":"","ast-hfb-below-header-display":"","ast-hfb-mobile-header-display":"","site-post-title":"","ast-breadcrumbs-content":"","ast-featured-img":"","footer-sml-layout":"","ast-disable-related-posts":"","theme-transparent-header-meta":"default","adv-header-id-meta":"","stick-header-meta":"default","header-above-stick-meta":"","header-main-stick-meta":"","header-below-stick-meta":"","astra-migrate-meta-layouts":"set","ast-page-background-enabled":"default","ast-page-background-meta":{"desktop":{"background-color":"","background-image":"","background-repeat":"repeat","background-position":"center center","background-size":"auto","background-attachment":"scroll","background-type":"","background-media":"","overlay-type":"","overlay-color":"","overlay-opacity":"","overlay-gradient":""},"tablet":{"background-color":"","background-image":"","background-repeat":"repeat","background-position":"center center","background-size":"auto","background-attachment":"scroll","background-type":"","background-media":"","overlay-type":"","overlay-color":"","overlay-opacity":"","overlay-gradient":""},"mobile":{"background-color":"","background-image":"","background-repeat":"repeat","background-position":"center center","background-size":"auto","background-attachment":"scroll","background-type":"","background-media":"","overlay-type":"","overlay-color":"","overlay-opacity":"","overlay-gradient":""}},"ast-content-background-meta":{"desktop":{"background-color":"var(--ast-global-color-5)","background-image":"","background-repeat":"repeat","background-position":"center center","background-size":"auto","background-attachment":"scroll","background-type":"","background-media":"","overlay-type":"","overlay-color":"","overlay-opacity":"","overlay-gradient":""},"tablet":{"background-color":"var(--ast-global-color-5)","background-image":"","background-repeat":"repeat","background-position":"center center","background-size":"auto","background-attachment":"scroll","background-type":"","background-media":"","overlay-type":"","overlay-color":"","overlay-opacity":"","overlay-gradient":""},"mobile":{"background-color":"var(--ast-global-color-5)","background-image":"","background-repeat":"repeat","background-position":"center center","background-size":"auto","background-attachment":"scroll","background-type":"","background-media":"","overlay-type":"","overlay-color":"","overlay-opacity":"","overlay-gradient":""}}},"product_brand":[],"product_cat":[1093],"product_tag":[],"class_list":{"0":"post-56340","1":"product","2":"type-product","3":"status-publish","4":"has-post-thumbnail","6":"product_cat-soundcloud-fr","7":"desktop-align-center","8":"tablet-align-center","9":"mobile-align-center","10":"ast-product-gallery-layout-first-image-large","11":"ast-product-gallery-with-no-image","12":"ast-magnify-disabled","13":"ast-product-single-variable","14":"ast-product-tabs-layout-horizontal","16":"first","17":"instock","18":"sale","19":"taxable","20":"shipping-taxable","21":"purchasable","22":"product-type-variable"},"_links":{"self":[{"href":"https:\/\/www.likes-kopen.nl\/fr\/wp-json\/wp\/v2\/product\/56340","targetHints":{"allow":["GET"]}}],"collection":[{"href":"https:\/\/www.likes-kopen.nl\/fr\/wp-json\/wp\/v2\/product"}],"about":[{"href":"https:\/\/www.likes-kopen.nl\/fr\/wp-json\/wp\/v2\/types\/product"}],"replies":[{"embeddable":true,"href":"https:\/\/www.likes-kopen.nl\/fr\/wp-json\/wp\/v2\/comments?post=56340"}],"wp:featuredmedia":[{"embeddable":true,"href":"https:\/\/www.likes-kopen.nl\/fr\/wp-json\/wp\/v2\/media\/49418"}],"wp:attachment":[{"href":"https:\/\/www.likes-kopen.nl\/fr\/wp-json\/wp\/v2\/media?parent=56340"}],"wp:term":[{"taxonomy":"product_brand","embeddable":true,"href":"https:\/\/www.likes-kopen.nl\/fr\/wp-json\/wp\/v2\/product_brand?post=56340"},{"taxonomy":"product_cat","embeddable":true,"href":"https:\/\/www.likes-kopen.nl\/fr\/wp-json\/wp\/v2\/product_cat?post=56340"},{"taxonomy":"product_tag","embeddable":true,"href":"https:\/\/www.likes-kopen.nl\/fr\/wp-json\/wp\/v2\/product_tag?post=56340"}],"curies":[{"name":"wp","href":"https:\/\/api.w.org\/{rel}","templated":true}]}}