{"id":56337,"date":"2014-07-20T08:53:24","date_gmt":"2014-07-20T08:53:24","guid":{"rendered":"https:\/\/www.likes-kopen.nl\/product\/followers-pinterest\/"},"modified":"2025-01-23T08:50:53","modified_gmt":"2025-01-23T07:50:53","slug":"acheter-des-followers-pinterest","status":"publish","type":"product","link":"https:\/\/www.likes-kopen.nl\/fr\/acheter-des-followers-pinterest\/","title":{"rendered":"Acheter des followers Pinterest <\/br> <h2><span style=\"color : #ae60e1 ;\">Livr\u00e9 Directement<\/span> \ud83d\ude80<\/h2>"},"content":{"rendered":"<p>Les directives de Pinterest indiquent qu&rsquo;il n&rsquo;est pas autoris\u00e9 d&rsquo;acheter des followers. Par cons\u00e9quent, commande \u00e0 tes propres risques.<\/p>\n<h2>Plus de followers sur Pinterest<\/h2>\n<p>De nombreuses personnes recherchent \u00a0\u00bb comment obtenir plus de followers sur Pinterest \u00ab\u00a0. La seule fa\u00e7on d&rsquo;y parvenir rapidement est d&rsquo;acheter des followers Pinterest. Cela rend non seulement ton profil plus attrayant, mais les gens sont aussi plus enclins \u00e0 te suivre ! Tu peux acheter des followers avec nous \u00e0 partir de 9,95 \u20ac. Cela peut \u00eatre fait pour les profils priv\u00e9s et professionnels.<\/p>\n<p>Tu veux aussi avoir plus de visibilit\u00e9 sur TikTok ? Alors pense \u00e0 <a href=\"https:\/\/www.likes-kopen.nl\/tiktok-volgers-kopen\/\">acheter des followers Tiktok<\/a>!<\/p>\n<p>&nbsp;<\/p>\n<h2>Caract\u00e9ristiques de nos adeptes<\/h2>\n<ul>\n<li>Suiveurs internationaux de Pinterest<\/li>\n<li>Livraison rapide, petites quantit\u00e9s sous 2 jours<\/li>\n<\/ul>\n","protected":false},"excerpt":{"rendered":"<p>\u2714\ufe0fCommander des followers bon march\u00e9<br \/>\n\u2b50Livraison rapide<br \/>\n\u2b50Aspect professionnel<\/p>\n","protected":false},"featured_media":49316,"comment_status":"open","ping_status":"closed","template":"","meta":{"site-sidebar-layout":"default","site-content-layout":"default","ast-site-content-layout":"default","site-content-style":"default","site-sidebar-style":"default","ast-global-header-display":"","ast-banner-title-visibility":"","ast-main-header-display":"","ast-hfb-above-header-display":"","ast-hfb-below-header-display":"","ast-hfb-mobile-header-display":"","site-post-title":"","ast-breadcrumbs-content":"","ast-featured-img":"","footer-sml-layout":"","ast-disable-related-posts":"","theme-transparent-header-meta":"default","adv-header-id-meta":"","stick-header-meta":"default","header-above-stick-meta":"","header-main-stick-meta":"","header-below-stick-meta":"","astra-migrate-meta-layouts":"set","ast-page-background-enabled":"default","ast-page-background-meta":{"desktop":{"background-color":"","background-image":"","background-repeat":"repeat","background-position":"center center","background-size":"auto","background-attachment":"scroll","background-type":"","background-media":"","overlay-type":"","overlay-color":"","overlay-opacity":"","overlay-gradient":""},"tablet":{"background-color":"","background-image":"","background-repeat":"repeat","background-position":"center center","background-size":"auto","background-attachment":"scroll","background-type":"","background-media":"","overlay-type":"","overlay-color":"","overlay-opacity":"","overlay-gradient":""},"mobile":{"background-color":"","background-image":"","background-repeat":"repeat","background-position":"center center","background-size":"auto","background-attachment":"scroll","background-type":"","background-media":"","overlay-type":"","overlay-color":"","overlay-opacity":"","overlay-gradient":""}},"ast-content-background-meta":{"desktop":{"background-color":"var(--ast-global-color-5)","background-image":"","background-repeat":"repeat","background-position":"center center","background-size":"auto","background-attachment":"scroll","background-type":"","background-media":"","overlay-type":"","overlay-color":"","overlay-opacity":"","overlay-gradient":""},"tablet":{"background-color":"var(--ast-global-color-5)","background-image":"","background-repeat":"repeat","background-position":"center center","background-size":"auto","background-attachment":"scroll","background-type":"","background-media":"","overlay-type":"","overlay-color":"","overlay-opacity":"","overlay-gradient":""},"mobile":{"background-color":"var(--ast-global-color-5)","background-image":"","background-repeat":"repeat","background-position":"center center","background-size":"auto","background-attachment":"scroll","background-type":"","background-media":"","overlay-type":"","overlay-color":"","overlay-opacity":"","overlay-gradient":""}}},"product_brand":[],"product_cat":[1092],"product_tag":[],"class_list":{"0":"post-56337","1":"product","2":"type-product","3":"status-publish","4":"has-post-thumbnail","6":"product_cat-pinterest-fr","7":"desktop-align-center","8":"tablet-align-center","9":"mobile-align-center","10":"ast-product-gallery-layout-first-image-large","11":"ast-product-gallery-with-no-image","12":"ast-magnify-disabled","13":"ast-product-single-variable","14":"ast-product-tabs-layout-horizontal","16":"first","17":"instock","18":"sale","19":"taxable","20":"shipping-taxable","21":"purchasable","22":"product-type-variable"},"_links":{"self":[{"href":"https:\/\/www.likes-kopen.nl\/fr\/wp-json\/wp\/v2\/product\/56337","targetHints":{"allow":["GET"]}}],"collection":[{"href":"https:\/\/www.likes-kopen.nl\/fr\/wp-json\/wp\/v2\/product"}],"about":[{"href":"https:\/\/www.likes-kopen.nl\/fr\/wp-json\/wp\/v2\/types\/product"}],"replies":[{"embeddable":true,"href":"https:\/\/www.likes-kopen.nl\/fr\/wp-json\/wp\/v2\/comments?post=56337"}],"wp:featuredmedia":[{"embeddable":true,"href":"https:\/\/www.likes-kopen.nl\/fr\/wp-json\/wp\/v2\/media\/49316"}],"wp:attachment":[{"href":"https:\/\/www.likes-kopen.nl\/fr\/wp-json\/wp\/v2\/media?parent=56337"}],"wp:term":[{"taxonomy":"product_brand","embeddable":true,"href":"https:\/\/www.likes-kopen.nl\/fr\/wp-json\/wp\/v2\/product_brand?post=56337"},{"taxonomy":"product_cat","embeddable":true,"href":"https:\/\/www.likes-kopen.nl\/fr\/wp-json\/wp\/v2\/product_cat?post=56337"},{"taxonomy":"product_tag","embeddable":true,"href":"https:\/\/www.likes-kopen.nl\/fr\/wp-json\/wp\/v2\/product_tag?post=56337"}],"curies":[{"name":"wp","href":"https:\/\/api.w.org\/{rel}","templated":true}]}}