{"id":56214,"date":"2015-12-19T15:43:53","date_gmt":"2015-12-19T14:43:53","guid":{"rendered":"https:\/\/www.likes-kopen.nl\/product\/connexions-linkedin-100-reelles\/"},"modified":"2025-01-27T06:18:55","modified_gmt":"2025-01-27T05:18:55","slug":"acheter-des-contacts-linkedin","status":"publish","type":"product","link":"https:\/\/www.likes-kopen.nl\/fr\/acheter-des-contacts-linkedin\/","title":{"rendered":"Acheter des connexions Linkedin (100% r\u00e9elles) \ud83d\ude80"},"content":{"rendered":"<p>Arr\u00eate d&rsquo;acheter des connexions Linkedin qui ne sont jamais livr\u00e9es. Choisis des <strong>connexions Linkedin 100% r\u00e9elles<\/strong> qui seront livr\u00e9es, ou bien rembours\u00e9es !<\/p>\n<h2>Ach\u00e8te des connexions Linkedin<\/h2>\n<p>Tu veux plus de connexions sur <a href=\"https:\/\/www.likes-kopen.nl\/linkedin\/\">linkedin<\/a>? Nous te livrons de nouvelles invitations de vraies personnes avec de vrais profils professionnels.<\/p>\n<p><img decoding=\"async\" class=\"alignnone size-full wp-image-1571\" src=\"https:\/\/www.likes-kopen.nl\/wp-content\/uploads\/\/2015\/12\/linkedin-teller-ophogen.jpg\" alt=\"linkedin-counter-raise\" width=\"201\" height=\"192\"><\/p>\n<p>&nbsp;<\/p>\n<h2>Pourquoi acheter des connexions Linkedin ?<\/h2>\n<p>Ce n&rsquo;est pas sans raison que tu as cr\u00e9\u00e9 un profil Linkedin. Tu veux commencer \u00e0 te profiler professionnellement sur Internet. Le contenu professionnel, tu le contr\u00f4les, mais le nombre de connexions est une autre histoire.<\/p>\n<p>Lorsque tu commences \u00e0 utiliser Linkedin, tu commences \u00e0 0 connexion. Tu peux ensuite demander \u00e0 tes amis, coll\u00e8gues et connaissances de se connecter avec toi. Souvent, tu n&rsquo;obtiens pas grand-chose au-del\u00e0 de 50 connexions et le nombre augmente tr\u00e8s lentement. Les connexions potentielles qui te croisent sur Google ou Linkedin voient le nombre de connexions que tu as et te jugent en cons\u00e9quence. Si tu es un homme d&rsquo;affaires et que tu veux utiliser Linkedin pour augmenter tes opportunit\u00e9s commerciales, alors le nombre de connexions est tr\u00e8s important. C&rsquo;est ton apparence en ligne.<\/p>\n<p>Peu de connexions sur Linkedin ne donne \u00e9videmment pas l&rsquo;impression d&rsquo;\u00eatre tr\u00e8s professionnel. Les gens ne te prennent pas au s\u00e9rieux et te consid\u00e8rent comme un d\u00e9butant\/une d\u00e9butante, et sont moins enclins \u00e0 faire des affaires avec toi. Change \u00e7a et donne l&rsquo;impression d&rsquo;\u00eatre plus s\u00e9rieux.<\/p>\n<p>Comment obtenir plus de connexions Linkedin ? Eh bien&#8230; en les achetant tout simplement chez nous !<\/p>\n<p><img decoding=\"async\" class=\"alignnone size-full wp-image-1568\" src=\"https:\/\/www.likes-kopen.nl\/wp-content\/uploads\/\/2015\/12\/nieuwe-connecties-op-linkedin-krijgen.jpg\" alt=\"nouvelles-connexions-sur-linkedin-get\" width=\"330\" height=\"204\" srcset=\"https:\/\/www.likes-kopen.nl\/wp-content\/uploads\/2015\/12\/nieuwe-connecties-op-linkedin-krijgen.jpg 330w, https:\/\/www.likes-kopen.nl\/wp-content\/uploads\/2015\/12\/nieuwe-connecties-op-linkedin-krijgen-300x185.jpg 300w\" sizes=\"(max-width: 330px) 100vw, 330px\" \/><\/p>\n<p>&nbsp;<\/p>\n<h2>Garde ta propre influence sur tes nouveaux contacts<\/h2>\n<p>Tu d\u00e9cides qui devient une connexion et qui ne l&rsquo;est pas. C&rsquo;est parce que tu re\u00e7ois des invitations de nouvelles personnes que tu peux accepter toi-m\u00eame. Cela te permet aussi de contr\u00f4ler la vitesse \u00e0 laquelle le compteur monte chez toi. Le nombre de nouvelles connexions reste le m\u00eame jusqu&rsquo;\u00e0 ce que tu les acceptes ou les rejettes.<\/p>\n<p>&nbsp;<\/p>\n<h2>Les nouvelles connexions Linkedin<\/h2>\n<p>Toutes les connexions sont internationales, la grande majorit\u00e9 provenant des \u00c9tats-Unis et une petite quantit\u00e9 du Royaume-Uni et de l&rsquo;Australie. 95% des noms sont am\u00e9ricains ou anglais. La proportion d&rsquo;hommes par rapport aux femmes varie. En moyenne, 2 personnes sur 10 sont des femmes.<\/p>\n<p>Les noms des \u00e9chantillons : Mary Charron, Tara Maddox, Jeremiah Fintain, Martin Emmanuel, Jordan Lisak, Rosemary Brenton et James McTighe.<\/p>\n<p>Tous les profils sont 100% authentiques et professionnels. Cela signifie que la connexion moyenne a plus de 500 connexions et qu&rsquo;elle a un profil complet avec tout ce qui est rempli. Bien s\u00fbr, une bonne photo est aussi pr\u00e9sente.<\/p>\n<p>Ils ont \u00e9galement chacun de nombreux soutiens. La plupart sont tr\u00e8s instruits et ont fait des \u00e9tudes universitaires. Tu peux voir dans le profil diff\u00e9rentes \u00e9tudes et entreprises o\u00f9 ils ont travaill\u00e9.<\/p>\n<p>Les filiales o\u00f9 ces personnes travaillent sont les suivantes : Informatique, automatisation, photographie, design, marketing, d\u00e9veloppement Web, SEO, logiciels, gestion (de projet), PDG, directeurs, IBM, Apple, Microsoft, Philips, etc.<\/p>\n<p>&nbsp;<\/p>\n<h2>D\u00e9lai de livraison<\/h2>\n<p>Comme il s&rsquo;agit de connexions r\u00e9elles, le d\u00e9lai de livraison est variable. Si tu choisis par exemple 75 nouvelles connexions, elles seront toutes livr\u00e9es dans les 14 jours dans la plupart des cas. Comme ce service est tr\u00e8s populaire, il faut parfois quelques jours pour que les premi\u00e8res nouvelles connexions Linkedin arrivent.<\/p>\n<h2>Caract\u00e9ristiques<\/h2>\n<ul>\n<li>Ce produit ne convient que pour 1 seul profil Linkedin. Nous ne pouvons donc pas r\u00e9partir les num\u00e9ros sur plusieurs profils Linkedin.<\/li>\n<li>Le d\u00e9lai de livraison de la connexion 150+ est compris entre 1 et 14 jours.<\/li>\n<li>Les nouvelles connexions sont internationales et proviennent principalement d&rsquo;Am\u00e9rique. 99% des profils ont l&rsquo;air tr\u00e8s professionnels et ont plus de 500 connexions.<\/li>\n<li>Si tu veux rendre ton profil Linkedin plus convaincant avec plus de connexions, c&rsquo;est le service qu&rsquo;il te faut.<\/li>\n<li>Nous ne te donnerons pas une liste de noms \u00e0 inviter car nous ferons en sorte que tu sois invit\u00e9 !<\/li>\n<\/ul>\n<h2>Pas actif sur Linkedin, mais actif sur Instagram ?<\/h2>\n<p>Tout le monde n&rsquo;est pas actif sur LinkedIn, c&rsquo;est parce que LinkedIn est une plateforme de m\u00e9dias sociaux pour les entreprises. S&rsquo;il t&rsquo;arrive d&rsquo;\u00eatre active sur Instagram, nous avons aussi de nombreux produits pour cela. Tu peux donc booster ton profil en achetant des <a href=\"https:\/\/www.likes-kopen.nl\/instagram-volgers-kopen\/\">followers Instagram<\/a>, tu peux aussi penser \u00e0 <a href=\"https:\/\/www.likes-kopen.nl\/\">acheter des likes<\/a>.<\/p>\n<div id=\"gtx-trans\" style=\"position: absolute; left: -122px; top: -1.5px;\">\n<div class=\"gtx-trans-icon\"><\/div>\n<\/div>\n","protected":false},"excerpt":{"rendered":"<p>\u2b50\ufe0f Arr\u00eate d&rsquo;acheter des connexions Linkedin qui ne sont jamais livr\u00e9es. Choisis des <strong>connexions Linkedin 100% r\u00e9elles<\/strong> qui seront livr\u00e9es, ou bien rembours\u00e9es !<\/p>\n","protected":false},"featured_media":49403,"comment_status":"open","ping_status":"closed","template":"","meta":{"site-sidebar-layout":"default","site-content-layout":"default","ast-site-content-layout":"default","site-content-style":"default","site-sidebar-style":"default","ast-global-header-display":"","ast-banner-title-visibility":"","ast-main-header-display":"","ast-hfb-above-header-display":"","ast-hfb-below-header-display":"","ast-hfb-mobile-header-display":"","site-post-title":"","ast-breadcrumbs-content":"","ast-featured-img":"","footer-sml-layout":"","ast-disable-related-posts":"","theme-transparent-header-meta":"default","adv-header-id-meta":"","stick-header-meta":"default","header-above-stick-meta":"","header-main-stick-meta":"","header-below-stick-meta":"","astra-migrate-meta-layouts":"set","ast-page-background-enabled":"default","ast-page-background-meta":{"desktop":{"background-color":"","background-image":"","background-repeat":"repeat","background-position":"center center","background-size":"auto","background-attachment":"scroll","background-type":"","background-media":"","overlay-type":"","overlay-color":"","overlay-opacity":"","overlay-gradient":""},"tablet":{"background-color":"","background-image":"","background-repeat":"repeat","background-position":"center center","background-size":"auto","background-attachment":"scroll","background-type":"","background-media":"","overlay-type":"","overlay-color":"","overlay-opacity":"","overlay-gradient":""},"mobile":{"background-color":"","background-image":"","background-repeat":"repeat","background-position":"center center","background-size":"auto","background-attachment":"scroll","background-type":"","background-media":"","overlay-type":"","overlay-color":"","overlay-opacity":"","overlay-gradient":""}},"ast-content-background-meta":{"desktop":{"background-color":"var(--ast-global-color-5)","background-image":"","background-repeat":"repeat","background-position":"center center","background-size":"auto","background-attachment":"scroll","background-type":"","background-media":"","overlay-type":"","overlay-color":"","overlay-opacity":"","overlay-gradient":""},"tablet":{"background-color":"var(--ast-global-color-5)","background-image":"","background-repeat":"repeat","background-position":"center center","background-size":"auto","background-attachment":"scroll","background-type":"","background-media":"","overlay-type":"","overlay-color":"","overlay-opacity":"","overlay-gradient":""},"mobile":{"background-color":"var(--ast-global-color-5)","background-image":"","background-repeat":"repeat","background-position":"center center","background-size":"auto","background-attachment":"scroll","background-type":"","background-media":"","overlay-type":"","overlay-color":"","overlay-opacity":"","overlay-gradient":""}}},"product_brand":[],"product_cat":[773],"product_tag":[1083],"class_list":{"0":"post-56214","1":"product","2":"type-product","3":"status-publish","4":"has-post-thumbnail","6":"product_cat-linkedin-fr","7":"product_tag-plus-de-connexions-linkedin","8":"desktop-align-center","9":"tablet-align-center","10":"mobile-align-center","11":"ast-product-gallery-layout-first-image-large","12":"ast-product-gallery-with-no-image","13":"ast-magnify-disabled","14":"ast-product-single-variable","15":"ast-product-tabs-layout-horizontal","17":"first","18":"instock","19":"sale","20":"taxable","21":"shipping-taxable","22":"purchasable","23":"product-type-variable"},"_links":{"self":[{"href":"https:\/\/www.likes-kopen.nl\/fr\/wp-json\/wp\/v2\/product\/56214","targetHints":{"allow":["GET"]}}],"collection":[{"href":"https:\/\/www.likes-kopen.nl\/fr\/wp-json\/wp\/v2\/product"}],"about":[{"href":"https:\/\/www.likes-kopen.nl\/fr\/wp-json\/wp\/v2\/types\/product"}],"replies":[{"embeddable":true,"href":"https:\/\/www.likes-kopen.nl\/fr\/wp-json\/wp\/v2\/comments?post=56214"}],"wp:featuredmedia":[{"embeddable":true,"href":"https:\/\/www.likes-kopen.nl\/fr\/wp-json\/wp\/v2\/media\/49403"}],"wp:attachment":[{"href":"https:\/\/www.likes-kopen.nl\/fr\/wp-json\/wp\/v2\/media?parent=56214"}],"wp:term":[{"taxonomy":"product_brand","embeddable":true,"href":"https:\/\/www.likes-kopen.nl\/fr\/wp-json\/wp\/v2\/product_brand?post=56214"},{"taxonomy":"product_cat","embeddable":true,"href":"https:\/\/www.likes-kopen.nl\/fr\/wp-json\/wp\/v2\/product_cat?post=56214"},{"taxonomy":"product_tag","embeddable":true,"href":"https:\/\/www.likes-kopen.nl\/fr\/wp-json\/wp\/v2\/product_tag?post=56214"}],"curies":[{"name":"wp","href":"https:\/\/api.w.org\/{rel}","templated":true}]}}