{"id":56202,"date":"2014-07-20T07:46:45","date_gmt":"2014-07-20T07:46:45","guid":{"rendered":"https:\/\/www.likes-kopen.nl\/product\/youtube-views\/"},"modified":"2025-02-11T11:33:17","modified_gmt":"2025-02-11T10:33:17","slug":"acheter-des-vues-youtube","status":"publish","type":"product","link":"https:\/\/www.likes-kopen.nl\/fr\/acheter-des-vues-youtube\/","title":{"rendered":"Acheter des vues sur YouTube \ud83d\ude80"},"content":{"rendered":"<div class=\"wpb-content-wrapper\"><p>[vc_row][vc_column][vc_column_text css=\u00a0\u00bb\u00a0\u00bb]L&rsquo;achat se fait \u00e0 tes propres risques. Selon les conditions d&rsquo;utilisation de YouTube, il n&rsquo;est pas autoris\u00e9 d&rsquo;augmenter les vues de fa\u00e7on artificielle.<\/p>\n<h2>Acheter des vues YouTube<\/h2>\n<p>Avec nous, tu peux acheter des vues YouTube pour que ta vid\u00e9o soit facilement et rapidement visionn\u00e9e de nombreuses fois. Cela te permet aussi d&rsquo;obtenir beaucoup de temps de visionnage, ce qui donne un bon coup de pouce \u00e0 ta vid\u00e9o et \u00e0 ta cha\u00eene.<\/p>\n<h4>La restriction d&rsquo;\u00e2ge doit \u00eatre supprim\u00e9e<\/h4>\n<p>La restriction d&rsquo;\u00e2ge doit \u00eatre d\u00e9sactiv\u00e9e pour la vid\u00e9o, sinon nous ne pouvons pas livrer les spectateurs. La vid\u00e9o devrait donc convenir \u00e0 tout le monde. V\u00e9rifie cela pour \u00eatre s\u00fbr en cas de doute.<\/p>\n<h2>Comment obtenir plus de vues sur YouTube ?<\/h2>\n<p>Pour chaque vid\u00e9o, tu peux rapidement et facilement commander des visionneurs pour ta vid\u00e9o afin que le nombre de vues augmente joliment. Les vid\u00e9os ayant le plus de vues sont plac\u00e9es plus haut dans les listes, ce qui leur donne encore plus d&rsquo;attention. Plus d&rsquo;attention signifie encore plus de vues, de likes, et ainsi de suite.  <img decoding=\"async\" class=\"alignright size-full wp-image-11721\" src=\"https:\/\/www.likes-kopen.nl\/wp-content\/uploads\/\/2014\/07\/meer-youtube-weergaven.jpg\" alt=\"plus de vues youtube\" width=\"300\" height=\"409\" srcset=\"https:\/\/www.likes-kopen.nl\/wp-content\/uploads\/2014\/07\/meer-youtube-weergaven.jpg 300w, https:\/\/www.likes-kopen.nl\/wp-content\/uploads\/2014\/07\/meer-youtube-weergaven-220x300.jpg 220w\" sizes=\"(max-width: 300px) 100vw, 300px\" \/>C&rsquo;est donc intelligent d&rsquo;acheter des vues pour ta vid\u00e9o !<\/p>\n<ul>\n<li>De 250 vues actuellement.<\/li>\n<li>Origine des t\u00e9l\u00e9spectateurs : International<\/li>\n<li>100% de vraies vues YouTube<\/li>\n<li>Livraison rapide en. Un petit nombre dans les 24 heures est normal.<\/li>\n<li>Garantie de livraison \u00e0 100%.<\/li>\n<li>Toujours la meilleure qualit\u00e9<\/li>\n<li>Longue dur\u00e9e de visionnement<\/li>\n<li>Convient pour Google Adsense<\/li>\n<\/ul>\n<p>En plus des visionneuses, tu peux aussi acheter d&rsquo;autres <a href=\"https:\/\/www.likes-kopen.nl\/fr\/cat\u00e9gorie-de-produit\/youtube-fr\/\">produits YouTube<\/a> chez nous !<\/p>\n<h3>Acheter des vues sur YouTube n&rsquo;a jamais \u00e9t\u00e9 aussi facile<\/h3>\n<p>Acheter 500, 1000, 2000 ou beaucoup plus de vues pour ta vid\u00e9o sur YouTube est super facile ! Tu obtiens ces vues super rapidement, et la commande est facile et bon march\u00e9. Tu as fait une vid\u00e9o sympa qui m\u00e9rite plus d&rsquo;attention ? Alors c&rsquo;est le moyen de faire ressortir ta vid\u00e9o. Nous livrons des vues de bonne qualit\u00e9 avec un taux de r\u00e9tention \u00e9lev\u00e9. Cela te donne donc plus de temps de visionnement !<br \/>Acheter des vues YouTube est donc la solution id\u00e9ale pour donner \u00e0 ta vid\u00e9o un attrait populaire\/professionnel.<\/p>\n<h3>Gagner de l&rsquo;argent avec YouTube (publicit\u00e9s)<\/h3>\n<p>Si tu veux gagner de l&rsquo;argent avec les publicit\u00e9s YouTube (Adsense), alors acheter des spectateurs est une autre fa\u00e7on d&rsquo;y contribuer. Gr\u00e2ce \u00e0 nos spectateurs, tu atteins ton temps de visionnage plus rapidement, et tu peux donc gagner plus d&rsquo;argent avec tes vid\u00e9os\/ta cha\u00eene YT plus rapidement et davantage.<\/p>\n<h3>Conseils pour plus de vues sur YouTube<\/h3>\n<p><img decoding=\"async\" class=\"alignright size-full wp-image-11720\" src=\"https:\/\/www.likes-kopen.nl\/wp-content\/uploads\/\/2014\/07\/youtube-content.jpg\" alt=\"contenu vid\u00e9o youtube\" width=\"300\" height=\"221\">Fournir du contenu est tr\u00e8s important. Sur YouTube, il s&rsquo;agit donc de diffuser des vid\u00e9os pour ta cha\u00eene. De plus, tu peux utiliser tes autres canaux de m\u00e9dias sociaux pour cr\u00e9er un lien vers ta cha\u00eene YouTube, comme Instagram. Mentionne un court extrait dans tes stories Insta que tu as une nouvelle vid\u00e9o.  La fonction \u00ab\u00a0glisser vers le haut\u00a0\u00bb est largement utilis\u00e9e pour cela. Ensuite, tu dois aussi avoir un profil professionnel si tu veux mettre en \u0153uvre cette option et avoir 10 000 followers.<\/p>\n<p>Tu veux des <b>vues suppl\u00e9mentaires<\/b> pour ta vid\u00e9o YouTube ? Alors n&rsquo;attends pas plus longtemps et commande tes vues sur cette page.<\/p>\n<h3>Tu veux vraiment faire le grand \u00e9cart avec YouTube ?<\/h3>\n<p>Ensuite, va aussi chercher nos services de <a href=\"https:\/\/www.likes-kopen.nl\/youtube-reacties-kopen\/\">commentaires YouTube<\/a>, de <a href=\"https:\/\/www.likes-kopen.nl\/youtube-likes-kopen\/\">likes YouTube<\/a> et d&rsquo;<a href=\"https:\/\/www.likes-kopen.nl\/fr\/youtube-abonnees-kopen-3\/\">abonn\u00e9s YouTube<\/a>. Un paquet complet pour tout faire pousser. Tes abonn\u00e9s augmentent, tu as plus de vues (vues), plus de likes et de commentaires. Le paquet total pour faire grandir ton canal \u00e0 la vitesse de l&rsquo;\u00e9clair. Ce qui prend normalement des semaines, des mois et m\u00eame des ann\u00e9es, tu peux maintenant le r\u00e9gler en 2 jours. Comme c&rsquo;est rapide ! Es-tu pr\u00eat \u00e0 te d\u00e9velopper gr\u00e2ce \u00e0 YouTube et \u00e0 faire la diff\u00e9rence ?<\/p>\n<p>Lorsque nous recevons la commande, nous commen\u00e7ons \u00e0 travailler imm\u00e9diatement. Notre \u00e9quipe d&rsquo;assistance est l\u00e0 pour toi si tu as des questions. Nous sommes heureux de r\u00e9pondre \u00e0 tes questions pour que tu puisses commencer \u00e0 d\u00e9velopper ta cha\u00eene YouTube d\u00e8s que possible.<\/p>\n<h3>Augmente ta port\u00e9e sur YouTube<\/h3>\n<p><img decoding=\"async\" class=\"alignright size-full wp-image-11722\" src=\"https:\/\/www.likes-kopen.nl\/wp-content\/uploads\/\/2014\/07\/groter-bereik-youtube.jpg\" alt=\"wider reach youtube\" width=\"300\" height=\"157\">Ta port\u00e9e en ligne peut augmenter les mots gr\u00e2ce \u00e0 nos services. Es-tu pr\u00eate pour ton <b>coup de pouce en ligne<\/b>? Pas seulement via YouTube mais nous avons des forfaits pour presque tous les canaux de m\u00e9dias sociaux qui te permettront de te d\u00e9velopper en ligne. Par exemple, as-tu une page Facebook qui a moins de likes que ta page YouTube ? Alors tu peux l&rsquo;obtenir en m\u00eame temps que l&rsquo;achat de nos forfaits.<\/p>\n<h3>YouTube Likes (pouces en l&rsquo;air) !<\/h3>\n<p>Tu connais le principe : au d\u00e9but ou \u00e0 la fin de ta vid\u00e9o, tu mentionnes que le spectateur peut aussi s&rsquo;abonner \u00e0 ta cha\u00eene pour ne pas manquer une vid\u00e9o ! Mais est-ce que tout le monde \u00e9coute et applique tout cela ? Non, si seulement. Ensuite, avec chaque spectateur, tu aurais un abonn\u00e9 suppl\u00e9mentaire. Mais tu peux t&rsquo;assurer que tes vid\u00e9os re\u00e7oivent beaucoup de vues, ce qui rendra automatiquement ta vid\u00e9o plus int\u00e9ressante pour le public.<\/p>\n<h3>Obtiens aussi plus d&rsquo;abonn\u00e9s sur YouTube<\/h3>\n<p>J<img decoding=\"async\" class=\"alignright size-full wp-image-11723\" src=\"https:\/\/www.likes-kopen.nl\/wp-content\/uploads\/\/2014\/07\/meer-abonnees-op-youtube-krijgen.jpg\" alt=\"obtenir plus d'abonn\u00e9s sur youtube\" width=\"300\" height=\"180\">e vid\u00e9os sont regard\u00e9es mais le nombre de tes abonn\u00e9s stagne. D\u00e9marque-toi parmi TOUTES ces vid\u00e9os YouTube. Tu peux le faire en achetant des vues sur cette page, entre autres choses, mais AUSSI en achetant des abonn\u00e9s. Est-ce possible ? Oui, nous proposons \u00e9galement 50, 275 et 1 000 abonn\u00e9s.<\/p>\n<h3>Obtenir plus de vues sur YouTube ?<\/h3>\n<p>Il existe un certain nombre de facteurs qui sont importants pour savoir pourquoi ta vid\u00e9o est bien class\u00e9e, oui ou non. Cela d\u00e9pend des go\u00fbts, des vues et des r\u00e9actions. Tu as un grand nombre de likes, de commentaires et de vues ? Il y a de fortes chances que ta vid\u00e9o soit populaire et en vogue sur YouTube ! Tu peux maintenant faire en sorte que ta vid\u00e9o devienne toi-m\u00eame une tendance. Commande les 10 000 vues pour ta vid\u00e9o maintenant !<\/p>\n<h3>Des artistes connus ach\u00e8tent aussi des vues sur YouTube<\/h3>\n<p><img decoding=\"async\" class=\"alignright size-full wp-image-11724\" src=\"https:\/\/www.likes-kopen.nl\/wp-content\/uploads\/\/2014\/07\/bekende-mensen-kopen-youtube-views.jpg\" alt=\"Les gens c\u00e9l\u00e8bres ach\u00e8tent des vues sur youtube\" width=\"300\" height=\"180\">Tout le monde le fait. Il y a beaucoup de grands comptes qui commandent des commentaires, des likes et des vues avec r\u00e9gularit\u00e9 alors pourquoi pas toi ? Toi aussi, bien s\u00fbr, tu pr\u00e9f\u00e8res regarder une vid\u00e9o qui a d\u00e9j\u00e0 \u00e9t\u00e9 vue 2 millions de fois plut\u00f4t qu&rsquo;une autre avec 50 vues. Puisque tant de personnes ont regard\u00e9 cette seule vid\u00e9o, elle sera forc\u00e9ment int\u00e9ressante. Rends ta vid\u00e9o int\u00e9ressante et vise les 10 000 vues ![\/vc_column_text][\/vc_column][\/vc_row][vc_row css=\u00a0\u00bb.vc_custom_1598943505858{background-color: #eeeeee !important;}\u00a0\u00bb][vc_column][vc_btn title=\u00a0\u00bbCommande de vues YouTube\u00a0\u00bb color=\u00a0\u00bbgreen\u00a0\u00bb size=\u00a0\u00bblg\u00a0\u00bb align=\u00a0\u00bbcenter\u00a0\u00bb css=\u00a0\u00bb.vc_custom_1649908788519{margin-top: -5px !important;}\u00a0\u00bb link=\u00a0\u00bburl:%23top|\u00a0\u00bb][\/vc_column][\/vc_row][vc_row][vc_column][vc_zigzag][\/vc_column][\/vc_row][vc_row][vc_column][vc_masonry_grid post_type=\u00a0\u00bbproduct\u00a0\u00bb max_items=\u00a0\u00bb4&Prime; element_width=\u00a0\u00bb3&Prime; grid_id=\u00a0\u00bbvc_gid:1739184921750-226d788ce067c11df49938da14b120c4-0&Prime; taxonomies=\u00a0\u00bb31&Prime;][\/vc_column][\/vc_row]<\/p>\n<\/div>","protected":false},"excerpt":{"rendered":"<p>\u2705 Ach\u00e8te des vues pour ta vid\u00e9o Youtube<br \/>\n\u2b50 Qualit\u00e9 exceptionnelle<br \/>\n\u2b50 \u00c0 partir de 250 vues par paquet<\/p>\n<div id=\"gtx-trans\" style=\"position: absolute; left: -89px; top: -2px;\">\n<div class=\"gtx-trans-icon\"><\/div>\n<\/div>\n","protected":false},"featured_media":49457,"comment_status":"open","ping_status":"closed","template":"","meta":{"site-sidebar-layout":"no-sidebar","site-content-layout":"plain-container","ast-site-content-layout":"default","site-content-style":"default","site-sidebar-style":"default","ast-global-header-display":"","ast-banner-title-visibility":"","ast-main-header-display":"","ast-hfb-above-header-display":"","ast-hfb-below-header-display":"","ast-hfb-mobile-header-display":"","site-post-title":"disabled","ast-breadcrumbs-content":"","ast-featured-img":"disabled","footer-sml-layout":"","ast-disable-related-posts":"","theme-transparent-header-meta":"default","adv-header-id-meta":"","stick-header-meta":"default","header-above-stick-meta":"","header-main-stick-meta":"","header-below-stick-meta":"","astra-migrate-meta-layouts":"set","ast-page-background-enabled":"default","ast-page-background-meta":{"desktop":{"background-color":"","background-image":"","background-repeat":"repeat","background-position":"center center","background-size":"auto","background-attachment":"scroll","background-type":"","background-media":"","overlay-type":"","overlay-color":"","overlay-opacity":"","overlay-gradient":""},"tablet":{"background-color":"","background-image":"","background-repeat":"repeat","background-position":"center center","background-size":"auto","background-attachment":"scroll","background-type":"","background-media":"","overlay-type":"","overlay-color":"","overlay-opacity":"","overlay-gradient":""},"mobile":{"background-color":"","background-image":"","background-repeat":"repeat","background-position":"center center","background-size":"auto","background-attachment":"scroll","background-type":"","background-media":"","overlay-type":"","overlay-color":"","overlay-opacity":"","overlay-gradient":""}},"ast-content-background-meta":{"desktop":{"background-color":"var(--ast-global-color-5)","background-image":"","background-repeat":"repeat","background-position":"center center","background-size":"auto","background-attachment":"scroll","background-type":"","background-media":"","overlay-type":"","overlay-color":"","overlay-opacity":"","overlay-gradient":""},"tablet":{"background-color":"var(--ast-global-color-5)","background-image":"","background-repeat":"repeat","background-position":"center center","background-size":"auto","background-attachment":"scroll","background-type":"","background-media":"","overlay-type":"","overlay-color":"","overlay-opacity":"","overlay-gradient":""},"mobile":{"background-color":"var(--ast-global-color-5)","background-image":"","background-repeat":"repeat","background-position":"center center","background-size":"auto","background-attachment":"scroll","background-type":"","background-media":"","overlay-type":"","overlay-color":"","overlay-opacity":"","overlay-gradient":""}}},"product_brand":[],"product_cat":[464],"product_tag":[],"class_list":{"0":"post-56202","1":"product","2":"type-product","3":"status-publish","4":"has-post-thumbnail","6":"product_cat-youtube-fr","7":"desktop-align-center","8":"tablet-align-center","9":"mobile-align-center","10":"ast-product-gallery-layout-first-image-large","11":"ast-product-gallery-with-no-image","12":"ast-magnify-disabled","13":"ast-product-single-variable","14":"ast-product-tabs-layout-horizontal","16":"first","17":"instock","18":"sale","19":"taxable","20":"shipping-taxable","21":"purchasable","22":"product-type-variable"},"_links":{"self":[{"href":"https:\/\/www.likes-kopen.nl\/fr\/wp-json\/wp\/v2\/product\/56202","targetHints":{"allow":["GET"]}}],"collection":[{"href":"https:\/\/www.likes-kopen.nl\/fr\/wp-json\/wp\/v2\/product"}],"about":[{"href":"https:\/\/www.likes-kopen.nl\/fr\/wp-json\/wp\/v2\/types\/product"}],"replies":[{"embeddable":true,"href":"https:\/\/www.likes-kopen.nl\/fr\/wp-json\/wp\/v2\/comments?post=56202"}],"wp:featuredmedia":[{"embeddable":true,"href":"https:\/\/www.likes-kopen.nl\/fr\/wp-json\/wp\/v2\/media\/49457"}],"wp:attachment":[{"href":"https:\/\/www.likes-kopen.nl\/fr\/wp-json\/wp\/v2\/media?parent=56202"}],"wp:term":[{"taxonomy":"product_brand","embeddable":true,"href":"https:\/\/www.likes-kopen.nl\/fr\/wp-json\/wp\/v2\/product_brand?post=56202"},{"taxonomy":"product_cat","embeddable":true,"href":"https:\/\/www.likes-kopen.nl\/fr\/wp-json\/wp\/v2\/product_cat?post=56202"},{"taxonomy":"product_tag","embeddable":true,"href":"https:\/\/www.likes-kopen.nl\/fr\/wp-json\/wp\/v2\/product_tag?post=56202"}],"curies":[{"name":"wp","href":"https:\/\/api.w.org\/{rel}","templated":true}]}}