{"id":53309,"date":"2022-05-25T10:46:09","date_gmt":"2022-05-25T09:46:09","guid":{"rendered":"https:\/\/www.likes-kopen.nl\/product\/vues-tiktok-automatiques\/"},"modified":"2025-01-21T07:46:36","modified_gmt":"2025-01-21T06:46:36","slug":"acheter-des-vues-tiktok-automatiques","status":"publish","type":"product","link":"https:\/\/www.likes-kopen.nl\/fr\/acheter-des-vues-tiktok-automatiques\/","title":{"rendered":"Vues TikTok automatiques Acheter <\/br> <h2><span style=\"color : #ae60e1 ;\">Pour toutes tes futures vid\u00e9os<\/span> \ud83d\ude80"},"content":{"rendered":"<p>Ach\u00e8te des vues TikTok automatiques pour ton profil <a href=\"https:\/\/www.tiktok.com\/\" target=\"_blank\" rel=\"noopener\">TikTok<\/a>? Fais-le chez Likes-buying, le meilleur fournisseur de services de m\u00e9dias sociaux !<\/p>\n<h2>Que font les vues automatiques de TikTok ?<\/h2>\n<p>Les vues automatiques de TikTok garantissent que tes futures vid\u00e9os sont automatiquement visionn\u00e9es par notre serveur. Chaque fois que tu publies une nouvelle vid\u00e9o sur ton profil TikTok, tu recevras automatiquement de nouvelles vues TikTok sur celle-ci.<\/p>\n<p>Notre syst\u00e8me v\u00e9rifie ton profil toutes les demi-heures pour voir si tu as post\u00e9 une nouvelle vid\u00e9o. D\u00e8s que notre syst\u00e8me voit que tu as publi\u00e9 une nouvelle vid\u00e9o, nous faisons en sorte que tu obtiennes des vues sur celle-ci presque DIRECTEMENT.<\/p>\n<h2>Pourquoi devrais-tu acheter des vues TikTok automatiques ?<\/h2>\n<p>Acheter des vues TikTok automatiques te permettra d&rsquo;obtenir des vues renouvel\u00e9es automatiquement sur tes NOUVELLES vid\u00e9os TikTok presque DIRECTEMENT. Cela signifie que d\u00e8s que tu publies une nouvelle vid\u00e9o, tu obtiens des vues de notre part sur celle-ci presque imm\u00e9diatement SANS avoir \u00e0 commander des <a href=\"https:\/\/www.likes-kopen.nl\/tiktok-views-kopen\/\">vues TikTok<\/a> \u00e0 chaque fois.<\/p>\n<p>Au lieu d&rsquo;acheter des vues \u00e0 chaque fois, il te suffit maintenant de commander un paquet de vues TikTok automatiques une fois \u00e0 l&rsquo;avance. Le reste du temps, tu peux te concentrer sur ce pour quoi tu es dou\u00e9 : faire des vid\u00e9os. Nous nous occupons ensuite du reste.<\/p>\n<h2>L&rsquo;achat de vues TikTok automatiques est-il fiable ?<\/h2>\n<p>D\u00e9finitivement ! Nous ne stockons pas tes donn\u00e9es et ne les partagerons certainement pas avec TikTok.<\/p>\n<p>Cependant, tu dois savoir que selon TikTok, il n&rsquo;est pas autoris\u00e9 d&rsquo;influencer tes vid\u00e9os avec des \u00ab\u00a0programmes tiers\u00a0\u00bb. C&rsquo;est parce qu&rsquo;ils veulent que tu utilises leur propre moyen de publicit\u00e9 (beaucoup trop cher).<\/p>\n<p>En outre, l&rsquo;ACM veut que nous mettions en garde les entreprises et les influenceurs contre l&rsquo;achat d'\u00a0\u00bbengagement\u00a0\u00bb. En effet, l&rsquo;ACM vise \u00e0 lutter contre la concurrence d\u00e9loyale entre les entreprises. Cependant, tu peux \u00eatre s\u00fbr que nous ne partagerons JAMAIS tes donn\u00e9es avec l&rsquo;ACM ou d&rsquo;autres parties.<\/p>\n<h2>Est-ce que j&rsquo;ai une garantie sur l&rsquo;achat de vues TikTok automatiques ?<\/h2>\n<p>Tous nos services sont accompagn\u00e9s de notre garantie standard de satisfaction \u00e0 100 %. Cela signifie que tu peux faire tes achats avec certitude chez nous.<\/p>\n<h2>Est-ce que je peux aussi obtenir plus de likes et de followers ?<\/h2>\n<p>Oui, tu peux aussi booster tes vid\u00e9os TikTok avec plus de likes. Tu peux <a href=\"https:\/\/www.likes-kopen.nl\/tiktok-likes-kopen\/\">acheter des likes TikTok<\/a> \u00e0 cette fin. En outre, tu peux \u00e9galement booster ton profil avec des followers TikTok. Tu peux le faire en <a href=\"https:\/\/www.likes-kopen.nl\/tiktok-volgers-kopen\/\">achetant des followers TikTok<\/a>. Tu b\u00e9n\u00e9ficies toujours de notre fameuse garantie de satisfaction \u00e0 100 % pendant 90 jours sur toutes les commandes.<\/p>\n<h2>Pourquoi tes vues TikTok automatiques sont-elles les meilleures ?<\/h2>\n<p>Nous pensons que la qualit\u00e9 est la chose la plus importante. Nous pensons \u00e9galement que la clart\u00e9 et la transparence sont \u00e9galement importantes. Tu obtiens une garantie de satisfaction de 100 % lorsque tu ach\u00e8tes des vues TikTok automatiques. C&rsquo;est parce que nous croyons \u00e0 100 % en notre produit.<\/p>\n<p>De plus, nous savons \u00e0 quel point il est difficile de cr\u00e9er ton profil TikTok. Les vues TikTok automatiques offrent la solution parfaite, car tu peux rapidement obtenir plus de vues, tout en continuant \u00e0 faire ton truc (\u00e0 savoir faire des vid\u00e9os).<\/p>\n<div id=\"gtx-trans\" style=\"position: absolute; left: 77px; top: 28.2109px;\">\n<div class=\"gtx-trans-icon\"><\/div>\n<\/div>\n","protected":false},"excerpt":{"rendered":"<p>\u2714\ufe0f Acheter des vues TikTok automatiques<br \/>\n\u2714\ufe0f Commande \u00e0 l&rsquo;avance, sois livr\u00e9 d\u00e8s que tu postes !<br \/>\n\u2b50 Garantie de satisfaction de 90 jours<\/p>\n","protected":false},"featured_media":49349,"comment_status":"open","ping_status":"closed","template":"","meta":{"site-sidebar-layout":"default","site-content-layout":"default","ast-site-content-layout":"default","site-content-style":"default","site-sidebar-style":"default","ast-global-header-display":"","ast-banner-title-visibility":"","ast-main-header-display":"","ast-hfb-above-header-display":"","ast-hfb-below-header-display":"","ast-hfb-mobile-header-display":"","site-post-title":"","ast-breadcrumbs-content":"","ast-featured-img":"","footer-sml-layout":"","ast-disable-related-posts":"","theme-transparent-header-meta":"default","adv-header-id-meta":"","stick-header-meta":"default","header-above-stick-meta":"","header-main-stick-meta":"","header-below-stick-meta":"","astra-migrate-meta-layouts":"set","ast-page-background-enabled":"default","ast-page-background-meta":{"desktop":{"background-color":"","background-image":"","background-repeat":"repeat","background-position":"center center","background-size":"auto","background-attachment":"scroll","background-type":"","background-media":"","overlay-type":"","overlay-color":"","overlay-opacity":"","overlay-gradient":""},"tablet":{"background-color":"","background-image":"","background-repeat":"repeat","background-position":"center center","background-size":"auto","background-attachment":"scroll","background-type":"","background-media":"","overlay-type":"","overlay-color":"","overlay-opacity":"","overlay-gradient":""},"mobile":{"background-color":"","background-image":"","background-repeat":"repeat","background-position":"center center","background-size":"auto","background-attachment":"scroll","background-type":"","background-media":"","overlay-type":"","overlay-color":"","overlay-opacity":"","overlay-gradient":""}},"ast-content-background-meta":{"desktop":{"background-color":"var(--ast-global-color-5)","background-image":"","background-repeat":"repeat","background-position":"center center","background-size":"auto","background-attachment":"scroll","background-type":"","background-media":"","overlay-type":"","overlay-color":"","overlay-opacity":"","overlay-gradient":""},"tablet":{"background-color":"var(--ast-global-color-5)","background-image":"","background-repeat":"repeat","background-position":"center center","background-size":"auto","background-attachment":"scroll","background-type":"","background-media":"","overlay-type":"","overlay-color":"","overlay-opacity":"","overlay-gradient":""},"mobile":{"background-color":"var(--ast-global-color-5)","background-image":"","background-repeat":"repeat","background-position":"center center","background-size":"auto","background-attachment":"scroll","background-type":"","background-media":"","overlay-type":"","overlay-color":"","overlay-opacity":"","overlay-gradient":""}}},"product_brand":[],"product_cat":[466],"product_tag":[824,980],"class_list":{"0":"post-53309","1":"product","2":"type-product","3":"status-publish","4":"has-post-thumbnail","6":"product_cat-tiktok-fr","7":"product_tag-tiktok-fr","8":"product_tag-vues-du-ticktock-automatique","9":"desktop-align-center","10":"tablet-align-center","11":"mobile-align-center","12":"ast-product-gallery-layout-first-image-large","13":"ast-product-gallery-with-no-image","14":"ast-magnify-disabled","15":"ast-product-single-variable","16":"ast-product-tabs-layout-horizontal","18":"first","19":"outofstock","20":"taxable","21":"shipping-taxable","22":"purchasable","23":"product-type-variable"},"_links":{"self":[{"href":"https:\/\/www.likes-kopen.nl\/fr\/wp-json\/wp\/v2\/product\/53309","targetHints":{"allow":["GET"]}}],"collection":[{"href":"https:\/\/www.likes-kopen.nl\/fr\/wp-json\/wp\/v2\/product"}],"about":[{"href":"https:\/\/www.likes-kopen.nl\/fr\/wp-json\/wp\/v2\/types\/product"}],"replies":[{"embeddable":true,"href":"https:\/\/www.likes-kopen.nl\/fr\/wp-json\/wp\/v2\/comments?post=53309"}],"wp:featuredmedia":[{"embeddable":true,"href":"https:\/\/www.likes-kopen.nl\/fr\/wp-json\/wp\/v2\/media\/49349"}],"wp:attachment":[{"href":"https:\/\/www.likes-kopen.nl\/fr\/wp-json\/wp\/v2\/media?parent=53309"}],"wp:term":[{"taxonomy":"product_brand","embeddable":true,"href":"https:\/\/www.likes-kopen.nl\/fr\/wp-json\/wp\/v2\/product_brand?post=53309"},{"taxonomy":"product_cat","embeddable":true,"href":"https:\/\/www.likes-kopen.nl\/fr\/wp-json\/wp\/v2\/product_cat?post=53309"},{"taxonomy":"product_tag","embeddable":true,"href":"https:\/\/www.likes-kopen.nl\/fr\/wp-json\/wp\/v2\/product_tag?post=53309"}],"curies":[{"name":"wp","href":"https:\/\/api.w.org\/{rel}","templated":true}]}}