{"id":53216,"date":"2022-09-21T15:39:42","date_gmt":"2022-09-21T14:39:42","guid":{"rendered":"https:\/\/www.likes-kopen.nl\/product\/commentaires-sur-youtube-ecrits-par-nous\/"},"modified":"2025-01-21T07:48:01","modified_gmt":"2025-01-21T06:48:01","slug":"youtube-reactions-par-nos-ecritures","status":"publish","type":"product","link":"https:\/\/www.likes-kopen.nl\/fr\/youtube-reactions-par-nos-ecritures\/","title":{"rendered":"Commentaires YouTube Acheter (\u00e9crits par nous) <\/br> <h2><span style=\"color : #ae60e1 ;\">Livr\u00e9 Directement<\/span> \ud83d\ude80<\/h2>"},"content":{"rendered":"<p>Sache juste que <a href=\"https:\/\/www.likes-kopen.nl\/youtube\/\">YouTube<\/a> n&rsquo;approuve pas que tu ach\u00e8tes des commentaires. La commande se fait \u00e0 tes propres risques.<\/p>\n<p>Les commentaires augmentent l&rsquo;interaction et rendent ta vid\u00e9o plus facile \u00e0 trouver. De plus, ta vid\u00e9o a l&rsquo;air beaucoup plus convaincante.<\/p>\n<h2>Comment fonctionnent les commentaires \u00ab\u00a0\u00e9crits par nous\u00a0\u00bb ?<\/h2>\n<p>Avec ce produit, tu as plusieurs options. Tu peux donc choisir le nombre de commentaires personnalis\u00e9s pour Youtube, laisse-nous d\u00e9cider de ce qui appara\u00eetra dans les commentaires. Nous pouvons les cr\u00e9er pour toi en n\u00e9erlandais (NLD), en anglais (ENG) ou une combinaison des deux. Nous regardons la vid\u00e9o et essayons ensuite de trouver une bonne connexion en termes de r\u00e9actions.<\/p>\n<p>Tout ce que tu dois faire, c&rsquo;est indiquer en <strong>une phrase<\/strong> de quoi tu veux que les commentaires parlent (ou laisse-les vides et nous regarderons la vid\u00e9o).<\/p>\n<hr>\n<p><strong>D\u00e9tails du produit :<\/strong><\/p>\n<p>D\u00e9lai de livraison +\/-24 heures<\/p>\n<p>D\u00e9lai : les r\u00e9ponses sont livr\u00e9es en succession imm\u00e9diate<\/p>\n<p>Profils \u00e9trangers (anglophones) postant les commentaires sp\u00e9cifi\u00e9s<\/p>\n<p>Pertinence : 100 %.<\/p>\n<p>Choisis parmi 5 r\u00e9ponses, 10 et 20. Si 20 ne suffisent pas, tu peux commander le produit plus souvent.<\/p>\n<hr>\n<p><strong>CONSEIL :<\/strong> Combine ce produit avec nos <a href=\"https:\/\/www.likes-kopen.nl\/youtube-views-kopen\/\">vues Youtube<\/a>.et nos <a href=\"https:\/\/www.likes-kopen.nl\/youtube-likes-kopen\/\">likes Youtube<\/a>! Ainsi, ta vid\u00e9o sera plus rapidement trouv\u00e9e et affich\u00e9e dans les r\u00e9sultats de recherche.<\/p>\n","protected":false},"excerpt":{"rendered":"<p>Les commentaires sur ta vid\u00e9o YouTube sont indispensables !<\/p>\n<p>C&rsquo;est l\u00e0 que tu ach\u00e8tes des r\u00e9ponses personnalis\u00e9es \u00e9crites par nous. Tout ce que tu dois faire, c&rsquo;est entrer ta vid\u00e9o et, en <strong>une phrase<\/strong>, une description des r\u00e9ponses que tu veux recevoir.<\/p>\n","protected":false},"featured_media":49514,"comment_status":"open","ping_status":"closed","template":"","meta":{"site-sidebar-layout":"default","site-content-layout":"default","ast-site-content-layout":"default","site-content-style":"default","site-sidebar-style":"default","ast-global-header-display":"","ast-banner-title-visibility":"","ast-main-header-display":"","ast-hfb-above-header-display":"","ast-hfb-below-header-display":"","ast-hfb-mobile-header-display":"","site-post-title":"","ast-breadcrumbs-content":"","ast-featured-img":"","footer-sml-layout":"","ast-disable-related-posts":"","theme-transparent-header-meta":"default","adv-header-id-meta":"","stick-header-meta":"default","header-above-stick-meta":"","header-main-stick-meta":"","header-below-stick-meta":"","astra-migrate-meta-layouts":"default","ast-page-background-enabled":"default","ast-page-background-meta":{"desktop":{"background-color":"","background-image":"","background-repeat":"repeat","background-position":"center center","background-size":"auto","background-attachment":"scroll","background-type":"","background-media":"","overlay-type":"","overlay-color":"","overlay-opacity":"","overlay-gradient":""},"tablet":{"background-color":"","background-image":"","background-repeat":"repeat","background-position":"center center","background-size":"auto","background-attachment":"scroll","background-type":"","background-media":"","overlay-type":"","overlay-color":"","overlay-opacity":"","overlay-gradient":""},"mobile":{"background-color":"","background-image":"","background-repeat":"repeat","background-position":"center center","background-size":"auto","background-attachment":"scroll","background-type":"","background-media":"","overlay-type":"","overlay-color":"","overlay-opacity":"","overlay-gradient":""}},"ast-content-background-meta":{"desktop":{"background-color":"var(--ast-global-color-5)","background-image":"","background-repeat":"repeat","background-position":"center center","background-size":"auto","background-attachment":"scroll","background-type":"","background-media":"","overlay-type":"","overlay-color":"","overlay-opacity":"","overlay-gradient":""},"tablet":{"background-color":"var(--ast-global-color-5)","background-image":"","background-repeat":"repeat","background-position":"center center","background-size":"auto","background-attachment":"scroll","background-type":"","background-media":"","overlay-type":"","overlay-color":"","overlay-opacity":"","overlay-gradient":""},"mobile":{"background-color":"var(--ast-global-color-5)","background-image":"","background-repeat":"repeat","background-position":"center center","background-size":"auto","background-attachment":"scroll","background-type":"","background-media":"","overlay-type":"","overlay-color":"","overlay-opacity":"","overlay-gradient":""}}},"product_brand":[],"product_cat":[464],"product_tag":[],"class_list":{"0":"post-53216","1":"product","2":"type-product","3":"status-publish","4":"has-post-thumbnail","6":"product_cat-youtube-fr","7":"desktop-align-center","8":"tablet-align-center","9":"mobile-align-center","10":"ast-product-gallery-layout-first-image-large","11":"ast-product-gallery-with-no-image","12":"ast-magnify-disabled","13":"ast-product-single-variable","14":"ast-product-tabs-layout-horizontal","16":"first","17":"instock","18":"sale","19":"taxable","20":"shipping-taxable","21":"purchasable","22":"product-type-variable"},"_links":{"self":[{"href":"https:\/\/www.likes-kopen.nl\/fr\/wp-json\/wp\/v2\/product\/53216","targetHints":{"allow":["GET"]}}],"collection":[{"href":"https:\/\/www.likes-kopen.nl\/fr\/wp-json\/wp\/v2\/product"}],"about":[{"href":"https:\/\/www.likes-kopen.nl\/fr\/wp-json\/wp\/v2\/types\/product"}],"replies":[{"embeddable":true,"href":"https:\/\/www.likes-kopen.nl\/fr\/wp-json\/wp\/v2\/comments?post=53216"}],"wp:featuredmedia":[{"embeddable":true,"href":"https:\/\/www.likes-kopen.nl\/fr\/wp-json\/wp\/v2\/media\/49514"}],"wp:attachment":[{"href":"https:\/\/www.likes-kopen.nl\/fr\/wp-json\/wp\/v2\/media?parent=53216"}],"wp:term":[{"taxonomy":"product_brand","embeddable":true,"href":"https:\/\/www.likes-kopen.nl\/fr\/wp-json\/wp\/v2\/product_brand?post=53216"},{"taxonomy":"product_cat","embeddable":true,"href":"https:\/\/www.likes-kopen.nl\/fr\/wp-json\/wp\/v2\/product_cat?post=53216"},{"taxonomy":"product_tag","embeddable":true,"href":"https:\/\/www.likes-kopen.nl\/fr\/wp-json\/wp\/v2\/product_tag?post=53216"}],"curies":[{"name":"wp","href":"https:\/\/api.w.org\/{rel}","templated":true}]}}