{"id":53173,"date":"2022-02-19T20:34:57","date_gmt":"2022-02-19T19:34:57","guid":{"rendered":"https:\/\/www.likes-kopen.nl\/product\/followers-dartistes-spotify\/"},"modified":"2025-01-27T15:46:50","modified_gmt":"2025-01-27T14:46:50","slug":"acheter-des-followers-dartistes-spotify","status":"publish","type":"product","link":"https:\/\/www.likes-kopen.nl\/fr\/acheter-des-followers-dartistes-spotify\/","title":{"rendered":"Acheter des followers d'artistes sur Spotify"},"content":{"rendered":"<h1>Acheter des followers d&rsquo;artistes Spotify<\/h1>\n<p>Ach\u00e8te des followers d&rsquo;artistes Spotify pour ton profil d&rsquo;artiste Spotify en toute s\u00e9curit\u00e9 et rapidement, sur likes-kopen.fr.<\/p>\n<h3>Tu veux obtenir plus de followers sur ton profil d&rsquo;artiste Spotify ?<\/h3>\n<p>Choisis ensuite d&rsquo;acheter des followers Spotify pour ton profil Spotify. En envoyant des followers Spotify vers ton profil d&rsquo;artiste, tu t&rsquo;assures que ton profil b\u00e9n\u00e9ficie d&rsquo;une exposition meilleure et plus rapide. Le compteur du nombre de followers sur ton profil va grimper en un rien de temps !<\/p>\n<h2><img decoding=\"async\" class=\" wp-image-33575 aligncenter\" src=\"https:\/\/www.likes-kopen.nl\/wp-content\/uploads\/\/2022\/02\/Spotify-iPhone-headphones-maroon-5-819x1024.jpeg\" alt=\"\" width=\"405\" height=\"507\" srcset=\"https:\/\/www.likes-kopen.nl\/wp-content\/uploads\/2022\/02\/Spotify-iPhone-headphones-maroon-5-819x1024.jpeg 819w, https:\/\/www.likes-kopen.nl\/wp-content\/uploads\/2022\/02\/Spotify-iPhone-headphones-maroon-5-510x638.jpeg 510w, https:\/\/www.likes-kopen.nl\/wp-content\/uploads\/2022\/02\/Spotify-iPhone-headphones-maroon-5-240x300.jpeg 240w, https:\/\/www.likes-kopen.nl\/wp-content\/uploads\/2022\/02\/Spotify-iPhone-headphones-maroon-5-768x960.jpeg 768w, https:\/\/www.likes-kopen.nl\/wp-content\/uploads\/2022\/02\/Spotify-iPhone-headphones-maroon-5-1228x1536.jpeg 1228w, https:\/\/www.likes-kopen.nl\/wp-content\/uploads\/2022\/02\/Spotify-iPhone-headphones-maroon-5-1638x2048.jpeg 1638w, https:\/\/www.likes-kopen.nl\/wp-content\/uploads\/2022\/02\/Spotify-iPhone-headphones-maroon-5-462x578.jpeg 462w, https:\/\/www.likes-kopen.nl\/wp-content\/uploads\/2022\/02\/Spotify-iPhone-headphones-maroon-5.jpeg 1920w\" sizes=\"(max-width: 405px) 100vw, 405px\" \/><\/h2>\n<p>&nbsp;<\/p>\n<h2>Comment fonctionne l&rsquo;achat de followers d&rsquo;artistes Spotify ?<\/h2>\n<p>Apr\u00e8s avoir pass\u00e9 ta commande, notre syst\u00e8me commencera \u00e0 travailler pour toi imm\u00e9diatement. Le syst\u00e8me fait la promotion de ton profil Spotify aupr\u00e8s d&rsquo;un grand r\u00e9seau de fans et d&rsquo;auditeurs.<\/p>\n<p>Ils commenceront ensuite \u00e0 suivre ton profil jusqu&rsquo;\u00e0 ce que le nombre command\u00e9 soit atteint. Ce sont toujours des suiveurs de <strong>profils r\u00e9els.<\/strong> D\u00e8s que ta commande est livr\u00e9e, nous t&rsquo;en informerons.<\/p>\n<h2>Acheter des followers d&rsquo;artistes Spotify est-il s\u00fbr ?<\/h2>\n<p>Acheter des followers d&rsquo;artistes Spotify est absolument s\u00fbr. Tes donn\u00e9es sont en s\u00e9curit\u00e9 chez nous et ne seront pas partag\u00e9es avec Spotify ou d&rsquo;autres parties. Spotify ne saura jamais que tu passes une commande chez nous. Par cons\u00e9quent, nous n&rsquo;avons jamais eu de compte banni ou de profil supprim\u00e9.<\/p>\n<p>N&rsquo;oublie pas que l&rsquo;ACM n&rsquo;aime pas que tu ach\u00e8tes des \u00ab\u00a0engagements\u00a0\u00bb en tant qu&rsquo;entreprise. Ils d\u00e9conseillent de commander des likes, des followers et des vues pour tes canaux de m\u00e9dias sociaux. L&rsquo;ACM pr\u00e9f\u00e8re que tu d\u00e9penses ton argent dans les sections publicitaires hors de prix des plateformes elles-m\u00eames. Nous t&rsquo;avons pr\u00e9venu !<\/p>\n<p>Tu b\u00e9n\u00e9ficies d&rsquo;une garantie de satisfaction de 90 jours sur toutes les commandes. Donc tous les risques sont \u00e0 nous !<\/p>\n<h3>Dans combien de temps recevrai-je mes followers d&rsquo;artistes Spotify ?<\/h3>\n<p>Tu re\u00e7ois g\u00e9n\u00e9ralement des followers d&rsquo;artistes Spotify sur ton profil en quelques jours. Cela peut parfois prendre un certain temps car Spotify ne met pas toujours \u00e0 jour le nombre de followers\/likes imm\u00e9diatement. N&rsquo;oublie pas qu&rsquo;avec Spotify, cela peut parfois prendre jusqu&rsquo;\u00e0 72 heures.<\/p>\n<h3>Choisis aussi les streams Spotify sur ton titre !<\/h3>\n<p>Outre le nombre de followers d&rsquo;artistes sur ton profil Spotify, le nombre de streams sur tes chansons est \u00e9galement tr\u00e8s important. C&rsquo;est un chiffre qui ne cesse d&rsquo;augmenter. Plus tu as de streams, plus ta chanson devient populaire.<\/p>\n<p><a href=\"https:\/\/www.likes-kopen.nl\/spotify-streams-kopen\/\">Choisis les flux Spotify de Likes-buy.co.uk  &gt;<\/a><\/p>\n<h3>Booste aussi tes autres profils de m\u00e9dias sociaux !<\/h3>\n<p>Outre Spotify, il est \u00e9galement important de promouvoir tes autres canaux de m\u00e9dias sociaux. La promotion crois\u00e9e est ce que nous appelons cela. Par exemple, choisis de gagner <a href=\"https:\/\/www.likes-kopen.nl\/instagram-volgers-kopen\/\">plus de followers sur ton profil Instagram<\/a>. Ou booste ton <a href=\"https:\/\/www.likes-kopen.nl\/soundcloud-plays-kopen\/\">profil SoundCloud avec plus de lectures.<\/a><\/p>\n","protected":false},"excerpt":{"rendered":"<p>Acheter des followers d&rsquo;artistes Spotify Ach\u00e8te des followers d&rsquo;artistes Spotify pour ton profil d&rsquo;artiste Spotify en toute s\u00e9curit\u00e9 et rapidement, sur likes-kopen.fr. Tu veux obtenir plus de followers sur ton profil d&rsquo;artiste Spotify ? Choisis ensuite d&rsquo;acheter des followers Spotify pour ton profil Spotify. En envoyant des followers Spotify vers ton profil d&rsquo;artiste, tu t&rsquo;assures [&hellip;]<\/p>\n","protected":false},"featured_media":49433,"comment_status":"open","ping_status":"closed","template":"","meta":{"site-sidebar-layout":"default","site-content-layout":"default","ast-site-content-layout":"default","site-content-style":"default","site-sidebar-style":"default","ast-global-header-display":"","ast-banner-title-visibility":"","ast-main-header-display":"","ast-hfb-above-header-display":"","ast-hfb-below-header-display":"","ast-hfb-mobile-header-display":"","site-post-title":"","ast-breadcrumbs-content":"","ast-featured-img":"","footer-sml-layout":"","ast-disable-related-posts":"","theme-transparent-header-meta":"default","adv-header-id-meta":"","stick-header-meta":"default","header-above-stick-meta":"","header-main-stick-meta":"","header-below-stick-meta":"","astra-migrate-meta-layouts":"set","ast-page-background-enabled":"default","ast-page-background-meta":{"desktop":{"background-color":"","background-image":"","background-repeat":"repeat","background-position":"center center","background-size":"auto","background-attachment":"scroll","background-type":"","background-media":"","overlay-type":"","overlay-color":"","overlay-opacity":"","overlay-gradient":""},"tablet":{"background-color":"","background-image":"","background-repeat":"repeat","background-position":"center center","background-size":"auto","background-attachment":"scroll","background-type":"","background-media":"","overlay-type":"","overlay-color":"","overlay-opacity":"","overlay-gradient":""},"mobile":{"background-color":"","background-image":"","background-repeat":"repeat","background-position":"center center","background-size":"auto","background-attachment":"scroll","background-type":"","background-media":"","overlay-type":"","overlay-color":"","overlay-opacity":"","overlay-gradient":""}},"ast-content-background-meta":{"desktop":{"background-color":"var(--ast-global-color-5)","background-image":"","background-repeat":"repeat","background-position":"center center","background-size":"auto","background-attachment":"scroll","background-type":"","background-media":"","overlay-type":"","overlay-color":"","overlay-opacity":"","overlay-gradient":""},"tablet":{"background-color":"var(--ast-global-color-5)","background-image":"","background-repeat":"repeat","background-position":"center center","background-size":"auto","background-attachment":"scroll","background-type":"","background-media":"","overlay-type":"","overlay-color":"","overlay-opacity":"","overlay-gradient":""},"mobile":{"background-color":"var(--ast-global-color-5)","background-image":"","background-repeat":"repeat","background-position":"center center","background-size":"auto","background-attachment":"scroll","background-type":"","background-media":"","overlay-type":"","overlay-color":"","overlay-opacity":"","overlay-gradient":""}}},"product_brand":[],"product_cat":[755],"product_tag":[959,879],"class_list":{"0":"post-53173","1":"product","2":"type-product","3":"status-publish","4":"has-post-thumbnail","6":"product_cat-spotify-fr","7":"product_tag-suiveurs-dartistes-spotify","8":"product_tag-suiveurs-spotify","9":"desktop-align-center","10":"tablet-align-center","11":"mobile-align-center","12":"ast-product-gallery-layout-first-image-large","13":"ast-product-gallery-with-no-image","14":"ast-magnify-disabled","15":"ast-product-single-variable","16":"ast-product-tabs-layout-horizontal","18":"first","19":"instock","20":"sale","21":"taxable","22":"shipping-taxable","23":"purchasable","24":"product-type-variable"},"_links":{"self":[{"href":"https:\/\/www.likes-kopen.nl\/fr\/wp-json\/wp\/v2\/product\/53173","targetHints":{"allow":["GET"]}}],"collection":[{"href":"https:\/\/www.likes-kopen.nl\/fr\/wp-json\/wp\/v2\/product"}],"about":[{"href":"https:\/\/www.likes-kopen.nl\/fr\/wp-json\/wp\/v2\/types\/product"}],"replies":[{"embeddable":true,"href":"https:\/\/www.likes-kopen.nl\/fr\/wp-json\/wp\/v2\/comments?post=53173"}],"wp:featuredmedia":[{"embeddable":true,"href":"https:\/\/www.likes-kopen.nl\/fr\/wp-json\/wp\/v2\/media\/49433"}],"wp:attachment":[{"href":"https:\/\/www.likes-kopen.nl\/fr\/wp-json\/wp\/v2\/media?parent=53173"}],"wp:term":[{"taxonomy":"product_brand","embeddable":true,"href":"https:\/\/www.likes-kopen.nl\/fr\/wp-json\/wp\/v2\/product_brand?post=53173"},{"taxonomy":"product_cat","embeddable":true,"href":"https:\/\/www.likes-kopen.nl\/fr\/wp-json\/wp\/v2\/product_cat?post=53173"},{"taxonomy":"product_tag","embeddable":true,"href":"https:\/\/www.likes-kopen.nl\/fr\/wp-json\/wp\/v2\/product_tag?post=53173"}],"curies":[{"name":"wp","href":"https:\/\/api.w.org\/{rel}","templated":true}]}}