{"id":52887,"date":"2022-05-17T10:36:29","date_gmt":"2022-05-17T09:36:29","guid":{"rendered":"https:\/\/www.likes-kopen.nl\/product\/membres-du-groupe-telegram\/"},"modified":"2025-01-27T15:44:21","modified_gmt":"2025-01-27T14:44:21","slug":"acheter-des-membres-telegram","status":"publish","type":"product","link":"https:\/\/www.likes-kopen.nl\/fr\/acheter-des-membres-telegram\/","title":{"rendered":"Acheter des membres de Telegram \ud83d\ude80"},"content":{"rendered":"<p>Tu veux acheter des membres de Telegram pour ton groupe <a href=\"https:\/\/telegram.org\/\" target=\"_blank\" rel=\"noopener\">Telegram<\/a>. Et je ne sais pas si cela va t&rsquo;aider ? Alors lis la suite bient\u00f4t.<\/p>\n<h2>Pourquoi acheter des membres de Telegram ?<\/h2>\n<p><img decoding=\"async\" class=\" wp-image-256572 alignright\" src=\"https:\/\/www.likes-kopen.nl\/wp-content\/uploads\/2022\/05\/Telegram-leden-kopen-1024x683.jpeg\" alt=\"Acheter des membres de Telegram\" width=\"450\" height=\"300\" srcset=\"https:\/\/www.likes-kopen.nl\/wp-content\/uploads\/2022\/05\/Telegram-leden-kopen-1024x683.jpeg 1024w, https:\/\/www.likes-kopen.nl\/wp-content\/uploads\/2022\/05\/Telegram-leden-kopen-510x340.jpeg 510w, https:\/\/www.likes-kopen.nl\/wp-content\/uploads\/2022\/05\/Telegram-leden-kopen-300x200.jpeg 300w, https:\/\/www.likes-kopen.nl\/wp-content\/uploads\/2022\/05\/Telegram-leden-kopen-768x512.jpeg 768w, https:\/\/www.likes-kopen.nl\/wp-content\/uploads\/2022\/05\/Telegram-leden-kopen-1536x1024.jpeg 1536w, https:\/\/www.likes-kopen.nl\/wp-content\/uploads\/2022\/05\/Telegram-leden-kopen.jpeg 1920w\" sizes=\"(max-width: 450px) 100vw, 450px\" \/><\/p>\n<p>L&rsquo;achat de membres Telegram permet d&rsquo;augmenter le nombre de membres de ton groupe Telegram. En augmentant le nombre de membres de ton groupe Telegram, tu le rends plus attrayant. Cela a pour effet secondaire de rendre ton groupe plus attrayant pour les nouveaux membres.<\/p>\n<p>Un groupe Telegram avec seulement 20 membres n&rsquo;est probablement pas tr\u00e8s attrayant ou populaire. Par cons\u00e9quent, le groupe n&rsquo;attirera pas de nouveaux membres aussi rapidement. Alors qu&rsquo;un groupe Telegram avec 1 000 membres ou plus semble instantan\u00e9ment attrayant et populaire et attire donc rapidement de nouveaux membres.<\/p>\n<p>L&rsquo;achat de membres Telegram est \u00e9galement id\u00e9al pour booster ton groupe Telegram crypto. Des projets cryptographiques viennent r\u00e9guli\u00e8rement renforcer leur groupe cryptographique.<\/p>\n<h2>En combien de temps les membres de Telegram sont-ils livr\u00e9s ?<\/h2>\n<p>La livraison se fait \u00e0 la vitesse de l&rsquo;\u00e9clair. Comme tout est trait\u00e9 de mani\u00e8re enti\u00e8rement automatique, ta commande est lanc\u00e9e d\u00e8s que le paiement est re\u00e7u.<\/p>\n<p>La livraison prend ensuite de quelques minutes \u00e0 deux heures maximum, selon le nombre de membres que tu commandes. Donc c&rsquo;est super rapide par rapport aux autres moyens.<\/p>\n<h2>L&rsquo;achat de membres de Telegram est-il fiable ?<\/h2>\n<p>On nous demande r\u00e9guli\u00e8rement si l&rsquo;achat de membres Telegram n&rsquo;est pas punissable. En fait, il y a pas mal d&rsquo;ambigu\u00eft\u00e9 \u00e0 ce sujet.<\/p>\n<p>L&rsquo;achat de membres Telegram est parfaitement l\u00e9gal au regard de la loi et n&rsquo;est donc pas punissable. Cependant, Telegram indique dans ses conditions g\u00e9n\u00e9rales que tu ne peux pas utiliser des \u00ab\u00a0tiers\u00a0\u00bb pour influencer ton groupe. Cependant, la question est de savoir dans quelle mesure tu es responsable ici. Tout ce que tu dois faire, c&rsquo;est passer ta commande et nous nous occupons du reste. Ainsi, tu n&rsquo;es jamais en contact avec un tel tiers.<\/p>\n<p>De plus, l&rsquo;<a href=\"https:\/\/www.acm.nl\/nl\" target=\"_blank\" rel=\"noopener\">ACM<\/a> aimerait te rappeler que l&rsquo;achat d&rsquo;engagements pour les entreprises n&rsquo;est pas autoris\u00e9 aux Pays-Bas. Heureusement, l&rsquo;entreprise derri\u00e8re Likes-buying est bas\u00e9e au Royaume-Uni, donc les entreprises n&rsquo;ont pas non plus \u00e0 s&rsquo;inqui\u00e9ter de la transmission de leurs donn\u00e9es.<\/p>\n<h2>Tu pr\u00e9f\u00e8res booster un autre canal de m\u00e9dias sociaux ?<\/h2>\n<p>D\u00e9couvre d&rsquo;autres fa\u00e7ons de booster tes r\u00e9seaux sociaux :<\/p>\n<ul>\n<li><a href=\"https:\/\/www.likes-kopen.nl\/discord-members-kopen\/\">Acheter des membres du serveur Discord<\/a><\/li>\n<li><a href=\"https:\/\/www.likes-kopen.nl\/twitter-crypto-volgers-kopen\/\">Acheter des followers Twitter crypto<\/a><\/li>\n<li><a href=\"https:\/\/www.likes-kopen.nl\/instagram-volgers-kopen\/\">Acheter des followers Instagram<\/a><\/li>\n<li><a href=\"https:\/\/www.likes-kopen.nl\/tiktok-volgers-kopen\/\">Acheter des abonn\u00e9s TikTok<\/a><\/li>\n<\/ul>\n","protected":false},"excerpt":{"rendered":"<p>Tu veux acheter des membres de Telegram pour ton groupe Telegram. Et je ne sais pas si cela va t&rsquo;aider ? Alors lis la suite bient\u00f4t. Pourquoi acheter des membres de Telegram ? L&rsquo;achat de membres Telegram permet d&rsquo;augmenter le nombre de membres de ton groupe Telegram. En augmentant le nombre de membres de ton [&hellip;]<\/p>\n","protected":false},"featured_media":49340,"comment_status":"open","ping_status":"closed","template":"","meta":{"site-sidebar-layout":"default","site-content-layout":"default","ast-site-content-layout":"default","site-content-style":"default","site-sidebar-style":"default","ast-global-header-display":"","ast-banner-title-visibility":"","ast-main-header-display":"","ast-hfb-above-header-display":"","ast-hfb-below-header-display":"","ast-hfb-mobile-header-display":"","site-post-title":"","ast-breadcrumbs-content":"","ast-featured-img":"","footer-sml-layout":"","ast-disable-related-posts":"","theme-transparent-header-meta":"default","adv-header-id-meta":"","stick-header-meta":"default","header-above-stick-meta":"","header-main-stick-meta":"","header-below-stick-meta":"","astra-migrate-meta-layouts":"set","ast-page-background-enabled":"default","ast-page-background-meta":{"desktop":{"background-color":"","background-image":"","background-repeat":"repeat","background-position":"center center","background-size":"auto","background-attachment":"scroll","background-type":"","background-media":"","overlay-type":"","overlay-color":"","overlay-opacity":"","overlay-gradient":""},"tablet":{"background-color":"","background-image":"","background-repeat":"repeat","background-position":"center center","background-size":"auto","background-attachment":"scroll","background-type":"","background-media":"","overlay-type":"","overlay-color":"","overlay-opacity":"","overlay-gradient":""},"mobile":{"background-color":"","background-image":"","background-repeat":"repeat","background-position":"center center","background-size":"auto","background-attachment":"scroll","background-type":"","background-media":"","overlay-type":"","overlay-color":"","overlay-opacity":"","overlay-gradient":""}},"ast-content-background-meta":{"desktop":{"background-color":"var(--ast-global-color-5)","background-image":"","background-repeat":"repeat","background-position":"center center","background-size":"auto","background-attachment":"scroll","background-type":"","background-media":"","overlay-type":"","overlay-color":"","overlay-opacity":"","overlay-gradient":""},"tablet":{"background-color":"var(--ast-global-color-5)","background-image":"","background-repeat":"repeat","background-position":"center center","background-size":"auto","background-attachment":"scroll","background-type":"","background-media":"","overlay-type":"","overlay-color":"","overlay-opacity":"","overlay-gradient":""},"mobile":{"background-color":"var(--ast-global-color-5)","background-image":"","background-repeat":"repeat","background-position":"center center","background-size":"auto","background-attachment":"scroll","background-type":"","background-media":"","overlay-type":"","overlay-color":"","overlay-opacity":"","overlay-gradient":""}}},"product_brand":[],"product_cat":[900],"product_tag":[5661,908,5662,903],"class_list":{"0":"post-52887","1":"product","2":"type-product","3":"status-publish","4":"has-post-thumbnail","6":"product_cat-telegramme","7":"product_tag-acheter-des-membres-de-telegram","8":"product_tag-acheter-telegram","9":"product_tag-membres-de-telegram","10":"product_tag-telegramme","11":"desktop-align-center","12":"tablet-align-center","13":"mobile-align-center","14":"ast-product-gallery-layout-first-image-large","15":"ast-product-gallery-with-no-image","16":"ast-magnify-disabled","17":"ast-product-single-variable","18":"ast-product-tabs-layout-horizontal","20":"first","21":"instock","22":"sale","23":"taxable","24":"shipping-taxable","25":"purchasable","26":"product-type-variable"},"_links":{"self":[{"href":"https:\/\/www.likes-kopen.nl\/fr\/wp-json\/wp\/v2\/product\/52887","targetHints":{"allow":["GET"]}}],"collection":[{"href":"https:\/\/www.likes-kopen.nl\/fr\/wp-json\/wp\/v2\/product"}],"about":[{"href":"https:\/\/www.likes-kopen.nl\/fr\/wp-json\/wp\/v2\/types\/product"}],"replies":[{"embeddable":true,"href":"https:\/\/www.likes-kopen.nl\/fr\/wp-json\/wp\/v2\/comments?post=52887"}],"wp:featuredmedia":[{"embeddable":true,"href":"https:\/\/www.likes-kopen.nl\/fr\/wp-json\/wp\/v2\/media\/49340"}],"wp:attachment":[{"href":"https:\/\/www.likes-kopen.nl\/fr\/wp-json\/wp\/v2\/media?parent=52887"}],"wp:term":[{"taxonomy":"product_brand","embeddable":true,"href":"https:\/\/www.likes-kopen.nl\/fr\/wp-json\/wp\/v2\/product_brand?post=52887"},{"taxonomy":"product_cat","embeddable":true,"href":"https:\/\/www.likes-kopen.nl\/fr\/wp-json\/wp\/v2\/product_cat?post=52887"},{"taxonomy":"product_tag","embeddable":true,"href":"https:\/\/www.likes-kopen.nl\/fr\/wp-json\/wp\/v2\/product_tag?post=52887"}],"curies":[{"name":"wp","href":"https:\/\/api.w.org\/{rel}","templated":true}]}}