{"id":52880,"date":"2022-05-02T14:42:36","date_gmt":"2022-05-02T13:42:36","guid":{"rendered":"https:\/\/www.likes-kopen.nl\/product\/followers-twitter-crypto\/"},"modified":"2025-01-21T07:41:17","modified_gmt":"2025-01-21T06:41:17","slug":"acheter-des-followers-twitter-crypto","status":"publish","type":"product","link":"https:\/\/www.likes-kopen.nl\/fr\/acheter-des-followers-twitter-crypto\/","title":{"rendered":"Acheter des followers de crypto-monnaie sur Twitter"},"content":{"rendered":"<p>Les directives de Twitter stipulent que tu ne dois pas publier de followers artificiels sur ton profil.<br \/>\nTu peux acheter diff\u00e9rents nombres de followers Twitter chez nous. Malheureusement, nous devons ajouter que ce produit n&rsquo;est pas stable et que les adeptes peuvent abandonner. Heureusement, tu b\u00e9n\u00e9ficies d&rsquo;une garantie de 90 jours.<\/p>\n<p>&nbsp;<\/p>\n<h2>Booste ton profil Twitter Crypto avec l&rsquo;achat de followers<\/h2>\n<p>Tu peux booster ton canal Twitter Crypto en achetant des followers. De cette fa\u00e7on, tu obtiens un compteur plus \u00e9lev\u00e9 de mani\u00e8re simple. Pour cela, tu n&rsquo;as pas besoin de commencer \u00e0 suivre les gens toi-m\u00eame dans l&rsquo;espoir qu&rsquo;ils te suivent en retour. Choisis le nombre que tu veux ajouter et passe \u00e0 la caisse. Nous lan\u00e7ons le processus de suivi qui fait qu&rsquo;ils te suivent tous !<\/p>\n<p>&nbsp;<\/p>\n<h2>Acheter des followers Twitter crypto<\/h2>\n<p>Avec nous, tu peux acheter des crypto-suiveurs sans mettre ton compte en danger. Nous avons diff\u00e9rentes quantit\u00e9s \u00e0 partir de 100 pi\u00e8ces. Acheter plus de followers Twitter est possible. Les plus grandes quantit\u00e9s sont g\u00e9n\u00e9ralement moins ch\u00e8res, tu b\u00e9n\u00e9ficieras donc d&rsquo;une r\u00e9duction imm\u00e9diate.<\/p>\n<p>&nbsp;<\/p>\n<h2>Pourquoi des adeptes de Crypto Twitter ?<\/h2>\n<p>Les followers Twitter Crypto aident \u00e0 booster ton compte Crypto. Tu recevras de notre part des suiveurs artificiels de profils crypto. Ces profils sont contr\u00f4l\u00e9s par des ordinateurs pour te suivre. Les profils contiennent des tweets sur des sujets li\u00e9s \u00e0 la cryptographie. C&rsquo;est donc SUPER pertinent si ton profil Twitter parle de Crypto. Tu rayonnes ainsi beaucoup plus de fiabilit\u00e9 !<\/p>\n<p>&nbsp;<\/p>\n<h2>Tu n&rsquo;es pas actif sur Twitter ?<\/h2>\n<p>Bien s\u00fbr que tu peux ! Outre les produits pour Twitter, nous vendons aussi des produits pour d&rsquo;autres canaux de m\u00e9dias sociaux. Consid\u00e8re, par exemple, l&rsquo;achat de <a href=\"https:\/\/www.likes-kopen.nl\/tiktok-volgers-kopen\/\">followers Tiktok<\/a>. Nous avons aussi une super offre pour Instagram. Tu peux donc <a href=\"https:\/\/www.likes-kopen.nl\/instagram-volgers-kopen\/\">acheter des followers<\/a> et <a href=\"https:\/\/www.likes-kopen.nl\/instagram-likes-kopen\/\">acheter des likes<\/a>.<\/p>\n","protected":false},"excerpt":{"rendered":"<h2><span style=\"color: #a82a2a; font-size: 150%;\" data-darkreader-inline-color=\"\"><strong>Obtiens Ridiculement plus de Crypto Followers sur ton compte Twitter sans effort suppl\u00e9mentaire !<\/strong><\/span><\/h2>\n<div id=\"gtx-trans\" style=\"position: absolute; left: 77px; top: 66.2734px;\">\n<div class=\"gtx-trans-icon\"><\/div>\n<\/div>\n","protected":false},"featured_media":49319,"comment_status":"open","ping_status":"closed","template":"","meta":{"site-sidebar-layout":"default","site-content-layout":"default","ast-site-content-layout":"default","site-content-style":"default","site-sidebar-style":"default","ast-global-header-display":"","ast-banner-title-visibility":"","ast-main-header-display":"","ast-hfb-above-header-display":"","ast-hfb-below-header-display":"","ast-hfb-mobile-header-display":"","site-post-title":"","ast-breadcrumbs-content":"","ast-featured-img":"","footer-sml-layout":"","ast-disable-related-posts":"","theme-transparent-header-meta":"default","adv-header-id-meta":"","stick-header-meta":"default","header-above-stick-meta":"","header-main-stick-meta":"","header-below-stick-meta":"","astra-migrate-meta-layouts":"set","ast-page-background-enabled":"default","ast-page-background-meta":{"desktop":{"background-color":"","background-image":"","background-repeat":"repeat","background-position":"center center","background-size":"auto","background-attachment":"scroll","background-type":"","background-media":"","overlay-type":"","overlay-color":"","overlay-opacity":"","overlay-gradient":""},"tablet":{"background-color":"","background-image":"","background-repeat":"repeat","background-position":"center center","background-size":"auto","background-attachment":"scroll","background-type":"","background-media":"","overlay-type":"","overlay-color":"","overlay-opacity":"","overlay-gradient":""},"mobile":{"background-color":"","background-image":"","background-repeat":"repeat","background-position":"center center","background-size":"auto","background-attachment":"scroll","background-type":"","background-media":"","overlay-type":"","overlay-color":"","overlay-opacity":"","overlay-gradient":""}},"ast-content-background-meta":{"desktop":{"background-color":"var(--ast-global-color-5)","background-image":"","background-repeat":"repeat","background-position":"center center","background-size":"auto","background-attachment":"scroll","background-type":"","background-media":"","overlay-type":"","overlay-color":"","overlay-opacity":"","overlay-gradient":""},"tablet":{"background-color":"var(--ast-global-color-5)","background-image":"","background-repeat":"repeat","background-position":"center center","background-size":"auto","background-attachment":"scroll","background-type":"","background-media":"","overlay-type":"","overlay-color":"","overlay-opacity":"","overlay-gradient":""},"mobile":{"background-color":"var(--ast-global-color-5)","background-image":"","background-repeat":"repeat","background-position":"center center","background-size":"auto","background-attachment":"scroll","background-type":"","background-media":"","overlay-type":"","overlay-color":"","overlay-opacity":"","overlay-gradient":""}}},"product_brand":[],"product_cat":[729,869,558],"product_tag":[886,888,884],"class_list":{"0":"post-52880","1":"product","2":"type-product","3":"status-publish","4":"has-post-thumbnail","6":"product_cat-twitter-fr","7":"product_cat-crypto-fr","8":"product_cat-haute-qualite-100-reel","9":"product_tag-followers-fr","10":"product_tag-followers-twitter","11":"product_tag-twitter-crypto","12":"desktop-align-center","13":"tablet-align-center","14":"mobile-align-center","15":"ast-product-gallery-layout-first-image-large","16":"ast-product-gallery-with-no-image","17":"ast-magnify-disabled","18":"ast-product-single-variable","19":"ast-product-tabs-layout-horizontal","21":"first","22":"instock","23":"sale","24":"taxable","25":"shipping-taxable","26":"purchasable","27":"product-type-variable"},"_links":{"self":[{"href":"https:\/\/www.likes-kopen.nl\/fr\/wp-json\/wp\/v2\/product\/52880","targetHints":{"allow":["GET"]}}],"collection":[{"href":"https:\/\/www.likes-kopen.nl\/fr\/wp-json\/wp\/v2\/product"}],"about":[{"href":"https:\/\/www.likes-kopen.nl\/fr\/wp-json\/wp\/v2\/types\/product"}],"replies":[{"embeddable":true,"href":"https:\/\/www.likes-kopen.nl\/fr\/wp-json\/wp\/v2\/comments?post=52880"}],"wp:featuredmedia":[{"embeddable":true,"href":"https:\/\/www.likes-kopen.nl\/fr\/wp-json\/wp\/v2\/media\/49319"}],"wp:attachment":[{"href":"https:\/\/www.likes-kopen.nl\/fr\/wp-json\/wp\/v2\/media?parent=52880"}],"wp:term":[{"taxonomy":"product_brand","embeddable":true,"href":"https:\/\/www.likes-kopen.nl\/fr\/wp-json\/wp\/v2\/product_brand?post=52880"},{"taxonomy":"product_cat","embeddable":true,"href":"https:\/\/www.likes-kopen.nl\/fr\/wp-json\/wp\/v2\/product_cat?post=52880"},{"taxonomy":"product_tag","embeddable":true,"href":"https:\/\/www.likes-kopen.nl\/fr\/wp-json\/wp\/v2\/product_tag?post=52880"}],"curies":[{"name":"wp","href":"https:\/\/api.w.org\/{rel}","templated":true}]}}