{"id":52869,"date":"2022-02-19T19:03:01","date_gmt":"2022-02-19T18:03:01","guid":{"rendered":"https:\/\/www.likes-kopen.nl\/product\/suiveurs-de-listes-de-lecture-spotify\/"},"modified":"2025-02-07T16:02:13","modified_gmt":"2025-02-07T15:02:13","slug":"acheter-des-abonnes-playlist-spotify","status":"publish","type":"product","link":"https:\/\/www.likes-kopen.nl\/fr\/acheter-des-abonnes-playlist-spotify\/","title":{"rendered":"Acheter des abonn\u00e9s \u00e0 la liste de lecture Spotify"},"content":{"rendered":"<h1>Acheter des abonn\u00e9s \u00e0 la liste de lecture Spotify<\/h1>\n<p>Ach\u00e8te des suiveurs de playlist Spotify pour ta playlist Spotify en toute s\u00e9curit\u00e9 et rapidement, sur likes-kopen.co.uk.<\/p>\n<h2>Tu veux avoir plus de followers sur ta playlist Spotify ?<\/h2>\n<p>Choisis ensuite d&rsquo;acheter des followers Spotify pour ta liste de lecture Spotify. En envoyant des followers Spotify \u00e0 ta liste de lecture, tu t&rsquo;assures que ta liste de lecture re\u00e7oit une attention plus grande et plus rapide. Le compteur du nombre de fois o\u00f9 ta playlist est suivie va augmenter en un rien de temps !<\/p>\n<h2><img decoding=\"async\" class=\" wp-image-33575 aligncenter\" src=\"https:\/\/www.likes-kopen.nl\/wp-content\/uploads\/\/2022\/02\/Spotify-iPhone-headphones-maroon-5-819x1024.jpeg\" alt=\"\" width=\"405\" height=\"507\" srcset=\"https:\/\/www.likes-kopen.nl\/wp-content\/uploads\/2022\/02\/Spotify-iPhone-headphones-maroon-5-819x1024.jpeg 819w, https:\/\/www.likes-kopen.nl\/wp-content\/uploads\/2022\/02\/Spotify-iPhone-headphones-maroon-5-510x638.jpeg 510w, https:\/\/www.likes-kopen.nl\/wp-content\/uploads\/2022\/02\/Spotify-iPhone-headphones-maroon-5-240x300.jpeg 240w, https:\/\/www.likes-kopen.nl\/wp-content\/uploads\/2022\/02\/Spotify-iPhone-headphones-maroon-5-768x960.jpeg 768w, https:\/\/www.likes-kopen.nl\/wp-content\/uploads\/2022\/02\/Spotify-iPhone-headphones-maroon-5-1228x1536.jpeg 1228w, https:\/\/www.likes-kopen.nl\/wp-content\/uploads\/2022\/02\/Spotify-iPhone-headphones-maroon-5-1638x2048.jpeg 1638w, https:\/\/www.likes-kopen.nl\/wp-content\/uploads\/2022\/02\/Spotify-iPhone-headphones-maroon-5-462x578.jpeg 462w, https:\/\/www.likes-kopen.nl\/wp-content\/uploads\/2022\/02\/Spotify-iPhone-headphones-maroon-5.jpeg 1920w\" sizes=\"(max-width: 405px) 100vw, 405px\" \/><\/h2>\n<p>&nbsp;<\/p>\n<h3>Quel est l&rsquo;avantage d&rsquo;avoir plus de followers sur ta liste de lecture Spotify ?<\/h3>\n<p>Avoir plus de followers sur ta liste de lecture Spotify peut offrir plusieurs avantages. Cela d\u00e9pend de l&rsquo;objectif que tu poursuis avec ta liste de lecture.<\/p>\n<ol>\n<li><strong>Plus de visibilit\u00e9 :<\/strong> plus ta liste de lecture a de followers, plus il y a de chances que d&rsquo;autres personnes d\u00e9couvrent ta liste de lecture. Lorsque quelqu&rsquo;un suit ta liste de lecture, elle peut appara\u00eetre dans sa propre liste de lecture, ce qui permet \u00e0 d&rsquo;autres personnes de la voir et de commencer \u00e0 la suivre.<\/li>\n<li><strong>Augmentation de l&rsquo;autorit\u00e9 :<\/strong> si tu as une liste de lecture Spotify avec de nombreux adeptes, cela peut renforcer ton autorit\u00e9 et ta r\u00e9putation dans le domaine de la musique. Les gens peuvent te consid\u00e9rer comme un expert de certains genres de musique, ou comme quelqu&rsquo;un qui fait des choix musicaux int\u00e9ressants et uniques.<\/li>\n<li><strong>Collaborations potentielles :<\/strong> Tu n&rsquo;y penseras peut-\u00eatre pas tout de suite, mais si tu as une liste de lecture influente, des musiciens et des maisons de disques pourraient t&rsquo;approcher pour des promotions et des collaborations. Cela pourrait d\u00e9boucher sur des collaborations int\u00e9ressantes et de nouveaux contacts dans l&rsquo;industrie musicale.<\/li>\n<li><strong>Plus de flux :<\/strong> Si tu es un artiste et que tu as plac\u00e9 ta propre musique dans une liste de lecture populaire, cela peut conduire \u00e0 plus de flux et \u00e0 une plus grande exposition de ta musique.<\/li>\n<\/ol>\n<p>Ainsi, dans l&rsquo;ensemble, le fait d&rsquo;avoir plus de followers sur ta liste de lecture Spotify peut t&rsquo;aider \u00e0 atteindre un plus grand nombre de personnes. En outre, il peut am\u00e9liorer ta r\u00e9putation et cr\u00e9er de nouvelles opportunit\u00e9s dans le monde de la musique.<\/p>\n<h2>Comment fonctionne l&rsquo;achat de followers de listes de lecture Spotify ?<\/h2>\n<p>Apr\u00e8s avoir pass\u00e9 ta commande, notre syst\u00e8me commencera \u00e0 travailler pour toi imm\u00e9diatement. Le syst\u00e8me fait la promotion de ta liste de lecture Spotify aupr\u00e8s d&rsquo;un grand r\u00e9seau de fans et d&rsquo;auditeurs.<\/p>\n<p>Ils commenceront alors \u00e0 suivre et\/ou liker ta playlist jusqu&rsquo;\u00e0 ce que le nombre command\u00e9 soit atteint. Il s&rsquo;agit toujours de followers et de likes provenant de <strong>vrais profils.<\/strong> D\u00e8s que ta commande est livr\u00e9e, nous t&rsquo;en informerons.<\/p>\n<h2>L&rsquo;achat de followers de listes de lecture Spotify est-il s\u00fbr ?<\/h2>\n<p>Acheter des followers de playlist Spotify est absolument sans danger. Tes donn\u00e9es sont en s\u00e9curit\u00e9 chez nous et ne seront pas partag\u00e9es avec Spotify ou d&rsquo;autres parties. Spotify ne saura jamais que tu passes une commande chez nous. Il ne nous est donc jamais arriv\u00e9 qu&rsquo;un compte soit banni ou qu&rsquo;une playlist soit supprim\u00e9e.<\/p>\n<p>N&rsquo;oublie pas que l&rsquo;ACM n&rsquo;aime pas que tu ach\u00e8tes des \u00ab\u00a0engagements\u00a0\u00bb en tant qu&rsquo;entreprise. Ils d\u00e9conseillent de commander des likes, des followers et des vues pour tes canaux de m\u00e9dias sociaux. L&rsquo;ACM pr\u00e9f\u00e8re que tu d\u00e9penses ton argent dans les sections publicitaires hors de prix des plateformes elles-m\u00eames. Nous t&rsquo;avons pr\u00e9venu !<\/p>\n<p>Tu b\u00e9n\u00e9ficies d&rsquo;une garantie de satisfaction de 90 jours sur toutes les commandes. Donc tous les risques sont \u00e0 nous !<\/p>\n<h3>Dans combien de temps recevrai-je mes suiveurs de playlist Spotify ?<\/h3>\n<p>Tu re\u00e7ois g\u00e9n\u00e9ralement des adeptes de ta liste de lecture Spotify en quelques jours. Cela peut parfois prendre un certain temps car Spotify ne met pas toujours \u00e0 jour le nombre de followers\/likes imm\u00e9diatement. N&rsquo;oublie pas qu&rsquo;avec Spotify, cela peut parfois prendre jusqu&rsquo;\u00e0 72 heures.<\/p>\n<h3>Choisis aussi les streams Spotify sur ton titre !<\/h3>\n<p>Outre le nombre de followers sur ta liste de lecture Spotify, le nombre de streams sur tes chansons est \u00e9galement tr\u00e8s important. C&rsquo;est un chiffre qui ne cesse d&rsquo;augmenter. Plus tu as de streams, plus ta chanson devient populaire.<\/p>\n<p><a href=\"https:\/\/www.likes-kopen.nl\/spotify-streams-kopen\/\">Choisis les flux Spotify de Likes-buy.co.uk  &gt;<\/a><\/p>\n<h3>Booste aussi tes autres profils de m\u00e9dias sociaux !<\/h3>\n<p>Outre Spotify, il est \u00e9galement important de promouvoir tes autres canaux de m\u00e9dias sociaux. La promotion crois\u00e9e est ce que nous appelons cela. Par exemple, choisis de gagner <a href=\"https:\/\/www.likes-kopen.nl\/instagram-volgers-kopen\/\">plus de followers sur ton profil Instagram<\/a>. Ou booste ton <a href=\"https:\/\/www.likes-kopen.nl\/soundcloud-plays-kopen\/\">profil SoundCloud avec plus de lectures.<\/a><\/p>\n","protected":false},"excerpt":{"rendered":"<p>Acheter des abonn\u00e9s \u00e0 la liste de lecture Spotify Ach\u00e8te des suiveurs de playlist Spotify pour ta playlist Spotify en toute s\u00e9curit\u00e9 et rapidement, sur likes-kopen.co.uk. Tu veux avoir plus de followers sur ta playlist Spotify ? Choisis ensuite d&rsquo;acheter des followers Spotify pour ta liste de lecture Spotify. En envoyant des followers Spotify \u00e0 [&hellip;]<\/p>\n","protected":false},"featured_media":49439,"comment_status":"open","ping_status":"closed","template":"","meta":{"site-sidebar-layout":"default","site-content-layout":"default","ast-site-content-layout":"default","site-content-style":"default","site-sidebar-style":"default","ast-global-header-display":"","ast-banner-title-visibility":"","ast-main-header-display":"","ast-hfb-above-header-display":"","ast-hfb-below-header-display":"","ast-hfb-mobile-header-display":"","site-post-title":"","ast-breadcrumbs-content":"","ast-featured-img":"","footer-sml-layout":"","ast-disable-related-posts":"","theme-transparent-header-meta":"default","adv-header-id-meta":"","stick-header-meta":"default","header-above-stick-meta":"","header-main-stick-meta":"","header-below-stick-meta":"","astra-migrate-meta-layouts":"set","ast-page-background-enabled":"default","ast-page-background-meta":{"desktop":{"background-color":"","background-image":"","background-repeat":"repeat","background-position":"center center","background-size":"auto","background-attachment":"scroll","background-type":"","background-media":"","overlay-type":"","overlay-color":"","overlay-opacity":"","overlay-gradient":""},"tablet":{"background-color":"","background-image":"","background-repeat":"repeat","background-position":"center center","background-size":"auto","background-attachment":"scroll","background-type":"","background-media":"","overlay-type":"","overlay-color":"","overlay-opacity":"","overlay-gradient":""},"mobile":{"background-color":"","background-image":"","background-repeat":"repeat","background-position":"center center","background-size":"auto","background-attachment":"scroll","background-type":"","background-media":"","overlay-type":"","overlay-color":"","overlay-opacity":"","overlay-gradient":""}},"ast-content-background-meta":{"desktop":{"background-color":"var(--ast-global-color-5)","background-image":"","background-repeat":"repeat","background-position":"center center","background-size":"auto","background-attachment":"scroll","background-type":"","background-media":"","overlay-type":"","overlay-color":"","overlay-opacity":"","overlay-gradient":""},"tablet":{"background-color":"var(--ast-global-color-5)","background-image":"","background-repeat":"repeat","background-position":"center center","background-size":"auto","background-attachment":"scroll","background-type":"","background-media":"","overlay-type":"","overlay-color":"","overlay-opacity":"","overlay-gradient":""},"mobile":{"background-color":"var(--ast-global-color-5)","background-image":"","background-repeat":"repeat","background-position":"center center","background-size":"auto","background-attachment":"scroll","background-type":"","background-media":"","overlay-type":"","overlay-color":"","overlay-opacity":"","overlay-gradient":""}}},"product_brand":[],"product_cat":[755],"product_tag":[5352,5354],"class_list":{"0":"post-52869","1":"product","2":"type-product","3":"status-publish","4":"has-post-thumbnail","6":"product_cat-spotify-fr","7":"product_tag-pengikut-daftar-putar-spotify-fr","8":"product_tag-pengikut-spotify-fr","9":"desktop-align-center","10":"tablet-align-center","11":"mobile-align-center","12":"ast-product-gallery-layout-first-image-large","13":"ast-product-gallery-with-no-image","14":"ast-magnify-disabled","15":"ast-product-single-variable","16":"ast-product-tabs-layout-horizontal","18":"first","19":"instock","20":"sale","21":"taxable","22":"shipping-taxable","23":"purchasable","24":"product-type-variable"},"_links":{"self":[{"href":"https:\/\/www.likes-kopen.nl\/fr\/wp-json\/wp\/v2\/product\/52869","targetHints":{"allow":["GET"]}}],"collection":[{"href":"https:\/\/www.likes-kopen.nl\/fr\/wp-json\/wp\/v2\/product"}],"about":[{"href":"https:\/\/www.likes-kopen.nl\/fr\/wp-json\/wp\/v2\/types\/product"}],"replies":[{"embeddable":true,"href":"https:\/\/www.likes-kopen.nl\/fr\/wp-json\/wp\/v2\/comments?post=52869"}],"wp:featuredmedia":[{"embeddable":true,"href":"https:\/\/www.likes-kopen.nl\/fr\/wp-json\/wp\/v2\/media\/49439"}],"wp:attachment":[{"href":"https:\/\/www.likes-kopen.nl\/fr\/wp-json\/wp\/v2\/media?parent=52869"}],"wp:term":[{"taxonomy":"product_brand","embeddable":true,"href":"https:\/\/www.likes-kopen.nl\/fr\/wp-json\/wp\/v2\/product_brand?post=52869"},{"taxonomy":"product_cat","embeddable":true,"href":"https:\/\/www.likes-kopen.nl\/fr\/wp-json\/wp\/v2\/product_cat?post=52869"},{"taxonomy":"product_tag","embeddable":true,"href":"https:\/\/www.likes-kopen.nl\/fr\/wp-json\/wp\/v2\/product_tag?post=52869"}],"curies":[{"name":"wp","href":"https:\/\/api.w.org\/{rel}","templated":true}]}}