{"id":52774,"date":"2022-05-12T15:58:54","date_gmt":"2022-05-12T14:58:54","guid":{"rendered":"https:\/\/www.likes-kopen.nl\/product\/membres-du-serveur-discord-hors-ligne\/"},"modified":"2025-01-21T07:46:23","modified_gmt":"2025-01-21T06:46:23","slug":"acheter-des-membres-discord","status":"publish","type":"product","link":"https:\/\/www.likes-kopen.nl\/fr\/acheter-des-membres-discord\/","title":{"rendered":"Achat de membres Discord (hors ligne \u26aa\ufe0f) <\/br> <h2><span style=\"color : #ae60e1 ;\">Livr\u00e9 Directement<\/span> \ud83d\ude80<\/h2>"},"content":{"rendered":"<p>Ach\u00e8te des membres Discord pour ton serveur Discord. Surtout pour les crypto, les joueurs et les d\u00e9veloppeurs.<\/p>\n<h2>Pourquoi acheter des membres de Discord ?<\/h2>\n<p>Acheter des membres Discord permet de donner un \u00e9norme coup de pouce \u00e0 ton serveur Discord. Il est souvent incroyablement difficile de recruter de nouveaux membres lorsque ton serveur ne compte qu&rsquo;un petit nombre de membres. Le fait d&rsquo;avoir plus de membres sur ton serveur Discord le rend imm\u00e9diatement plus attrayant.<\/p>\n<h2>Les membres sont-ils hors ligne \u26aa\ufe0f ou en ligne \ud83d\udfe2 ?<\/h2>\n<p>Les membres de Discord que tu ach\u00e8tes ici sont hors ligne \u26aa\ufe0f. Cela signifie qu&rsquo;ils ne seront pas actifs sur ton serveur. Tu aimerais aussi ajouter des membres Discord en ligne pour que ton projet ait l&rsquo;air vivant et actif ? Choisis ensuite d&rsquo;avoir <a href=\"https:\/\/www.likes-kopen.nl\/discord-members-kopen-online\/\"><br \/>\n  <span style=\"text-decoration: underline;\">membres de Discord en ligne<\/span><br \/>\n<\/a> ajoute. Un bon serveur Discord comprend des membres en ligne et hors ligne.<\/p>\n<h2>Est-ce que le fait d&rsquo;acheter des membres de Discord est punissable ?<\/h2>\n<p>On nous demande r\u00e9guli\u00e8rement si l&rsquo;achat de membres Discord est fiable et non punissable. En effet, Discord indique dans ses petits caract\u00e8res que tu n&rsquo;es pas autoris\u00e9 \u00e0 influencer ton serveur par l&rsquo;interm\u00e9diaire de tiers.<\/p>\n<p>La question est de savoir dans quelle mesure tu l&rsquo;utilises. Personne ne peut prouver que tu ach\u00e8tes des membres de Discord chez nous. Cela rend l&rsquo;achat de membres Discord compl\u00e8tement s\u00fbr et s\u00e9curis\u00e9. De plus, l&rsquo;achat de membres Discord est tout \u00e0 fait l\u00e9gal et n&rsquo;est donc pas punissable. Pour plus d&rsquo;informations, consulte l&rsquo;<a href=\"https:\/\/www.acm.nl\/nl\" target=\"_blank\" rel=\"noopener\">ACM<\/a>.<\/p>\n<h2>En combien de temps les membres de Discord sont-ils livr\u00e9s ?<\/h2>\n<p>En g\u00e9n\u00e9ral, ta commande est lanc\u00e9e presque imm\u00e9diatement apr\u00e8s avoir \u00e9t\u00e9 pass\u00e9e. Cela peut parfois prendre jusqu&rsquo;\u00e0 24 heures. Pour une commande de 1 000 membres Discord, tu peux t&rsquo;attendre \u00e0 un d\u00e9lai de livraison de 24 heures maximum. Les nombres plus importants peuvent prendre un peu plus de temps. Comme nous utilisons des profils biologiques, nous ne pouvons malheureusement pas donner un d\u00e9lai de livraison exact.<\/p>\n<h2>As-tu besoin de mes donn\u00e9es de connexion ?<\/h2>\n<p>Non, nous n&rsquo;en avons pas besoin. Tout ce dont nous avons besoin, c&rsquo;est d&rsquo;un lien d&rsquo;invitation depuis ton serveur Discord. Ce lien devrait \u00eatre permanent. Cela signifie que le lien ne peut PAS expirer.<\/p>\n<h2>Les profils Discord sont-ils r\u00e9els ?<\/h2>\n<p>Dans la plupart des cas, nous utilisons des profils r\u00e9els. Celles-ci comportent une image de profil. Nous attirons les profils Discord vers ton serveur Discord \u00e0 l&rsquo;aide d&rsquo;un algorithme. Les membres de Discord ne seront par ailleurs pas actifs sur ton serveur.<\/p>\n<h2>Est-ce que je b\u00e9n\u00e9ficie de la garantie sur l&rsquo;achat des membres de Discord ?<\/h2>\n<p>Oui, lors de l&rsquo;achat, les membres de Discord b\u00e9n\u00e9ficient d&rsquo;une garantie de 90 jours. Cette garantie comprend une garantie de satisfaction de 90 jours et une garantie de recharge de 90 jours. Cela rend l&rsquo;achat de membres pour ton serveur Discord compl\u00e8tement s\u00fbr et s\u00e9curis\u00e9.<\/p>\n<p>Les algorithmes des plateformes changent constamment. Ce qui fonctionnait hier ne fonctionne plus aujourd&rsquo;hui. Il est donc important d&rsquo;innover et de se d\u00e9velopper en permanence. Faire grandir ton serveur Discord est l&rsquo;un d&rsquo;entre eux.<\/p>\n<p>Le meilleur jour pour planter un arbre, c&rsquo;\u00e9tait il y a 20 ans. Le deuxi\u00e8me meilleur jour est aujourd&rsquo;hui. Alors, qu&rsquo;est-ce que tu attends ? Commence \u00e0 planter un arbre sur ton serveur Discord aujourd&rsquo;hui, et r\u00e9colte les fruits de ton travail dans quelques jours seulement !<\/p>\n","protected":false},"excerpt":{"rendered":"<p>\u2b50\ufe0f Les membres du Discord hors ligne ach\u00e8tent<\/p>\n","protected":false},"featured_media":49337,"comment_status":"open","ping_status":"closed","template":"","meta":{"site-sidebar-layout":"default","site-content-layout":"default","ast-site-content-layout":"default","site-content-style":"default","site-sidebar-style":"default","ast-global-header-display":"","ast-banner-title-visibility":"","ast-main-header-display":"","ast-hfb-above-header-display":"","ast-hfb-below-header-display":"","ast-hfb-mobile-header-display":"","site-post-title":"","ast-breadcrumbs-content":"","ast-featured-img":"","footer-sml-layout":"","ast-disable-related-posts":"","theme-transparent-header-meta":"default","adv-header-id-meta":"","stick-header-meta":"default","header-above-stick-meta":"","header-main-stick-meta":"","header-below-stick-meta":"","astra-migrate-meta-layouts":"set","ast-page-background-enabled":"default","ast-page-background-meta":{"desktop":{"background-color":"","background-image":"","background-repeat":"repeat","background-position":"center center","background-size":"auto","background-attachment":"scroll","background-type":"","background-media":"","overlay-type":"","overlay-color":"","overlay-opacity":"","overlay-gradient":""},"tablet":{"background-color":"","background-image":"","background-repeat":"repeat","background-position":"center center","background-size":"auto","background-attachment":"scroll","background-type":"","background-media":"","overlay-type":"","overlay-color":"","overlay-opacity":"","overlay-gradient":""},"mobile":{"background-color":"","background-image":"","background-repeat":"repeat","background-position":"center center","background-size":"auto","background-attachment":"scroll","background-type":"","background-media":"","overlay-type":"","overlay-color":"","overlay-opacity":"","overlay-gradient":""}},"ast-content-background-meta":{"desktop":{"background-color":"var(--ast-global-color-5)","background-image":"","background-repeat":"repeat","background-position":"center center","background-size":"auto","background-attachment":"scroll","background-type":"","background-media":"","overlay-type":"","overlay-color":"","overlay-opacity":"","overlay-gradient":""},"tablet":{"background-color":"var(--ast-global-color-5)","background-image":"","background-repeat":"repeat","background-position":"center center","background-size":"auto","background-attachment":"scroll","background-type":"","background-media":"","overlay-type":"","overlay-color":"","overlay-opacity":"","overlay-gradient":""},"mobile":{"background-color":"var(--ast-global-color-5)","background-image":"","background-repeat":"repeat","background-position":"center center","background-size":"auto","background-attachment":"scroll","background-type":"","background-media":"","overlay-type":"","overlay-color":"","overlay-opacity":"","overlay-gradient":""}}},"product_brand":[],"product_cat":[870,869],"product_tag":[875,873,871,872,874],"class_list":{"0":"post-52774","1":"product","2":"type-product","3":"status-publish","4":"has-post-thumbnail","6":"product_cat-discord-fr","7":"product_cat-crypto-fr","8":"product_tag-acheter-des-membres-discord-fr","9":"product_tag-acheter-des-membres-discord","10":"product_tag-discord-fr","11":"product_tag-membres-de-discord","12":"product_tag-membres-de-discord-fr","13":"desktop-align-center","14":"tablet-align-center","15":"mobile-align-center","16":"ast-product-gallery-layout-first-image-large","17":"ast-product-gallery-with-no-image","18":"ast-magnify-disabled","19":"ast-product-single-variable","20":"ast-product-tabs-layout-horizontal","22":"first","23":"instock","24":"sale","25":"taxable","26":"shipping-taxable","27":"purchasable","28":"product-type-variable"},"_links":{"self":[{"href":"https:\/\/www.likes-kopen.nl\/fr\/wp-json\/wp\/v2\/product\/52774","targetHints":{"allow":["GET"]}}],"collection":[{"href":"https:\/\/www.likes-kopen.nl\/fr\/wp-json\/wp\/v2\/product"}],"about":[{"href":"https:\/\/www.likes-kopen.nl\/fr\/wp-json\/wp\/v2\/types\/product"}],"replies":[{"embeddable":true,"href":"https:\/\/www.likes-kopen.nl\/fr\/wp-json\/wp\/v2\/comments?post=52774"}],"wp:featuredmedia":[{"embeddable":true,"href":"https:\/\/www.likes-kopen.nl\/fr\/wp-json\/wp\/v2\/media\/49337"}],"wp:attachment":[{"href":"https:\/\/www.likes-kopen.nl\/fr\/wp-json\/wp\/v2\/media?parent=52774"}],"wp:term":[{"taxonomy":"product_brand","embeddable":true,"href":"https:\/\/www.likes-kopen.nl\/fr\/wp-json\/wp\/v2\/product_brand?post=52774"},{"taxonomy":"product_cat","embeddable":true,"href":"https:\/\/www.likes-kopen.nl\/fr\/wp-json\/wp\/v2\/product_cat?post=52774"},{"taxonomy":"product_tag","embeddable":true,"href":"https:\/\/www.likes-kopen.nl\/fr\/wp-json\/wp\/v2\/product_tag?post=52774"}],"curies":[{"name":"wp","href":"https:\/\/api.w.org\/{rel}","templated":true}]}}