{"id":52768,"date":"2022-06-10T11:15:20","date_gmt":"2022-06-10T10:15:20","guid":{"rendered":"https:\/\/www.likes-kopen.nl\/product\/suiveurs-tiktok\/"},"modified":"2025-01-30T09:03:18","modified_gmt":"2025-01-30T08:03:18","slug":"abonnes-tiktok-upsell","status":"publish","type":"product","link":"https:\/\/www.likes-kopen.nl\/fr\/abonnes-tiktok-upsell\/","title":{"rendered":"Acheter des followers TikTok \ud83d\ude80"},"content":{"rendered":"<div class=\"wpb-content-wrapper\"><p>[vc_row][vc_column][vc_column_text]<\/p>\n<h2>Peux-tu acheter des followers TikTok ?<\/h2>\n<p>Oui, les followers TikTok peuvent \u00eatre achet\u00e9s. Le prix d\u00e9pend du nombre de abonn\u00e9s TikTok que tu ach\u00e8tes. \u00c0 partir de 1,95 \u20ac, tu peux d\u00e9j\u00e0 acheter des abonn\u00e9s TikTok sur Likes-kopen.nl\/fr. Par exemple, si tu veux plus de followers TikTok, tu paies 47,95 \u20ac pour 1 000 followers. Tu veux en savoir plus sur les quantit\u00e9s et les prix ? Choisis ensuite un num\u00e9ro pour voir le prix exact.<\/p>\n<p>Remarque : Acheter des followers TikTok viole les directives de Tiktok, ce qui ne rend pas la commande 100% sans risque.<\/p>\n<h2>Ach\u00e8te des followers TikTok avec des followers de qualit\u00e9 !<\/h2>\n<p>Acheter des followers TikTok ? Avec nous, tu peux les commander rapidement et en toute s\u00e9curit\u00e9. Tout ce dont nous avons besoin est ton nom de profil qui commence apr\u00e8s le @.<\/p>\n<h2><img decoding=\"async\" class=\"alignnone wp-image-19994\" src=\"https:\/\/www.likes-kopen.nl\/wp-content\/uploads\/\/2019\/10\/TikTok-profiel-volgers-voorbeeld.jpeg\" alt=\"Exemple de profil de follower TikTok\" width=\"506\" height=\"368\" srcset=\"https:\/\/www.likes-kopen.nl\/wp-content\/uploads\/2019\/10\/TikTok-profiel-volgers-voorbeeld.jpeg 600w, https:\/\/www.likes-kopen.nl\/wp-content\/uploads\/2019\/10\/TikTok-profiel-volgers-voorbeeld-510x371.jpeg 510w, https:\/\/www.likes-kopen.nl\/wp-content\/uploads\/2019\/10\/TikTok-profiel-volgers-voorbeeld-300x218.jpeg 300w, https:\/\/www.likes-kopen.nl\/wp-content\/uploads\/2019\/10\/TikTok-profiel-volgers-voorbeeld-462x336.jpeg 462w\" sizes=\"(max-width: 506px) 100vw, 506px\" \/><\/h2>\n<p>&nbsp;<\/p>\n<h2>Acheter des followers TikTok &#8211; caract\u00e9ristiques<\/h2>\n<ul>\n<li>Le d\u00e9lai de livraison est d&rsquo;environ 24 heures par 500 followers.<\/li>\n<li>Les ventilateurs sont stables \u00e0 99,9 % et ne tombent pas.<\/li>\n<li>Les suiveurs viennent du monde entier<\/li>\n<li>REMARQUE : tu dois avoir au moins 1 vid\u00e9o en ligne et ton profil doit \u00eatre public.<\/li>\n<\/ul>\n<h2>Saisis ton nom de profil TikTok<\/h2>\n<p>Tu veux aussi acheter des followers TikTok ?<br \/>\nEnsuite, nous avons besoin de ton nom de profil. Ton nom TikTok commence par @. Compl\u00e9tez ceci sans ajouter le @.<\/p>\n<p>Assure-toi de saisir le bon nom, car une fois que nous avons commenc\u00e9, nous ne pouvons pas inverser l&rsquo;ordre. Nous v\u00e9rifions toujours manuellement si le nom de profil saisi existe.<\/p>\n<h2>Pourquoi acheter des followers TikTok ?<\/h2>\n<p>Pour commencer, ton profil est beaucoup plus attrayant avec plus de followers. Par cons\u00e9quent, plus les gens te suivent, plus tu attires l&rsquo;attention. Plus d&rsquo;attention signifie plus de likes et de commentaires. De plus, ta vid\u00e9o atteindra aussi d&rsquo;autres personnes plus rapidement car les vid\u00e9os qui sont aim\u00e9es sont montr\u00e9es \u00e0 de nouvelles personnes plus rapidement. Essaie-le pour toi-m\u00eame. Tu peux d\u00e9j\u00e0 acheter 100 followers TikTok pour essayer notre service.<\/p>\n<h2>Comment obtenir rapidement 1 000 followers sur TikTok ?<\/h2>\n<p>Le moyen le plus rapide d&rsquo;obtenir 1 000 followers sur TikTok est de les acheter. En effet, de cette fa\u00e7on, tu les verras sur ton compte en quelques minutes. L&rsquo;achat de likes te permet aussi d&rsquo;acheter 1 000 followers TikTok en une seule fois (47,95 \u20ac), pour que tu puisses vivre tout de suite et grandir rapidement. Cela te fait gagner beaucoup de temps et la commande se fait en quelques clics.<\/p>\n<p>Tu peux aussi essayer d&rsquo;obtenir des followers TikTok plus rapidement en attirant des followers de mani\u00e8re \u00ab\u00a0naturelle\u00a0\u00bb, mais la pratique montre que ce n&rsquo;est pas facile et que cela demande beaucoup de temps et d&rsquo;\u00e9nergie.<\/p>\n<h2>Nous garantissons la livraison<\/h2>\n<p>Nous ne sommes peut-\u00eatre pas le fournisseur le moins cher en termes d&rsquo;achat de followers TikTok, mais nous sommes les meilleurs et les plus fiables. Nos followers ne disparaissent pas avec le temps et ton compte n&rsquo;est pas bloqu\u00e9. Les followers TikTok que nous fournissons sont \u00e9galement de qualit\u00e9 sup\u00e9rieure. De plus, tu b\u00e9n\u00e9ficies d&rsquo;une garantie de livraison, ce qui signifie que nous garantissons que tu obtiendras effectivement le nombre de followers TikTok que tu as command\u00e9 !<\/p>\n<p>Tu as besoin de plus de followers TikTok ? Commande-les chez Likes-buying !<\/p>\n<h2>Acheter des likes pour Tik Tok<\/h2>\n<p>En plus d&rsquo;acheter des followers TikTok, tu peux maintenant aussi <a href=\"https:\/\/www.likes-kopen.nl\/tiktok-likes-kopen\/\">acheter des likes pour ta vid\u00e9o Tiktok<\/a>! Avec plus de likes, ta vid\u00e9o devient plus attrayante, ce qui non seulement la fait appara\u00eetre plus rapidement aux yeux des autres personnes, mais attire aussi automatiquement plus de likes.<\/p>\n<h2>Ach\u00e8te des followers TikTok et une r\u00e9duction suppl\u00e9mentaire ? Alors \u00e9conomise gratuitement !<\/h2>\n<p>Tu vas acheter des followers TikTok et tu veux une r\u00e9duction suppl\u00e9mentaire sur ta prochaine commande ? Puis cr\u00e9e rapidement un compte. Cr\u00e9er un compte est compl\u00e8tement gratuit. Avec chaque commande que tu fais, tu recevras des points. Lors de ta prochaine commande, tu peux \u00e9changer les points contre une r\u00e9duction pendant le paiement, ou continuer \u00e0 \u00e9conomiser pour ne rien payer du tout pour une fois ! Tu peux cr\u00e9er un compte (t&rsquo;inscrire) <a href=\"https:\/\/www.likes-kopen.nl\/mijn-account\/\">ici<\/a>.<\/p>\n<p>Acheter des followers TikTok ? Qu&rsquo;est-ce que tu attends ? C&rsquo;est l\u00e0 que commence ta route vers une plus grande exposition.<\/p>\n<hr>\n<div id=\"gtx-trans\" style=\"position: absolute; left: 174px; top: 101.523px;\">\n<div class=\"gtx-trans-icon\"><\/div>\n<\/div>\n<p>[\/vc_column_text][\/vc_column][\/vc_row]<\/p>\n<\/div>","protected":false},"excerpt":{"rendered":"<p>\u2705Acheter des followers TikTok de haute qualit\u00e9 ?<br \/>\n\u2b50Les followers restent stables<br \/>\n\u2b50Garantie de livraison<\/p>\n<div id=\"gtx-trans\" style=\"position: absolute; left: -17px; top: -2px;\">\n<div class=\"gtx-trans-icon\"><\/div>\n<\/div>\n","protected":false},"featured_media":49448,"comment_status":"open","ping_status":"closed","template":"","meta":{"site-sidebar-layout":"no-sidebar","site-content-layout":"plain-container","ast-site-content-layout":"default","site-content-style":"default","site-sidebar-style":"default","ast-global-header-display":"","ast-banner-title-visibility":"","ast-main-header-display":"","ast-hfb-above-header-display":"","ast-hfb-below-header-display":"","ast-hfb-mobile-header-display":"","site-post-title":"disabled","ast-breadcrumbs-content":"","ast-featured-img":"disabled","footer-sml-layout":"","ast-disable-related-posts":"","theme-transparent-header-meta":"default","adv-header-id-meta":"","stick-header-meta":"default","header-above-stick-meta":"","header-main-stick-meta":"","header-below-stick-meta":"","astra-migrate-meta-layouts":"default","ast-page-background-enabled":"default","ast-page-background-meta":{"desktop":{"background-color":"","background-image":"","background-repeat":"repeat","background-position":"center center","background-size":"auto","background-attachment":"scroll","background-type":"","background-media":"","overlay-type":"","overlay-color":"","overlay-opacity":"","overlay-gradient":""},"tablet":{"background-color":"","background-image":"","background-repeat":"repeat","background-position":"center center","background-size":"auto","background-attachment":"scroll","background-type":"","background-media":"","overlay-type":"","overlay-color":"","overlay-opacity":"","overlay-gradient":""},"mobile":{"background-color":"","background-image":"","background-repeat":"repeat","background-position":"center center","background-size":"auto","background-attachment":"scroll","background-type":"","background-media":"","overlay-type":"","overlay-color":"","overlay-opacity":"","overlay-gradient":""}},"ast-content-background-meta":{"desktop":{"background-color":"var(--ast-global-color-5)","background-image":"","background-repeat":"repeat","background-position":"center center","background-size":"auto","background-attachment":"scroll","background-type":"","background-media":"","overlay-type":"","overlay-color":"","overlay-opacity":"","overlay-gradient":""},"tablet":{"background-color":"var(--ast-global-color-5)","background-image":"","background-repeat":"repeat","background-position":"center center","background-size":"auto","background-attachment":"scroll","background-type":"","background-media":"","overlay-type":"","overlay-color":"","overlay-opacity":"","overlay-gradient":""},"mobile":{"background-color":"var(--ast-global-color-5)","background-image":"","background-repeat":"repeat","background-position":"center center","background-size":"auto","background-attachment":"scroll","background-type":"","background-media":"","overlay-type":"","overlay-color":"","overlay-opacity":"","overlay-gradient":""}}},"product_brand":[],"product_cat":[466],"product_tag":[],"class_list":{"0":"post-52768","1":"product","2":"type-product","3":"status-publish","4":"has-post-thumbnail","6":"product_cat-tiktok-fr","7":"desktop-align-center","8":"tablet-align-center","9":"mobile-align-center","10":"ast-product-gallery-layout-first-image-large","11":"ast-magnify-disabled","12":"ast-product-single-variable","13":"ast-product-tabs-layout-horizontal","15":"first","16":"instock","17":"sale","18":"taxable","19":"shipping-taxable","20":"purchasable","21":"product-type-variable"},"_links":{"self":[{"href":"https:\/\/www.likes-kopen.nl\/fr\/wp-json\/wp\/v2\/product\/52768","targetHints":{"allow":["GET"]}}],"collection":[{"href":"https:\/\/www.likes-kopen.nl\/fr\/wp-json\/wp\/v2\/product"}],"about":[{"href":"https:\/\/www.likes-kopen.nl\/fr\/wp-json\/wp\/v2\/types\/product"}],"replies":[{"embeddable":true,"href":"https:\/\/www.likes-kopen.nl\/fr\/wp-json\/wp\/v2\/comments?post=52768"}],"wp:featuredmedia":[{"embeddable":true,"href":"https:\/\/www.likes-kopen.nl\/fr\/wp-json\/wp\/v2\/media\/49448"}],"wp:attachment":[{"href":"https:\/\/www.likes-kopen.nl\/fr\/wp-json\/wp\/v2\/media?parent=52768"}],"wp:term":[{"taxonomy":"product_brand","embeddable":true,"href":"https:\/\/www.likes-kopen.nl\/fr\/wp-json\/wp\/v2\/product_brand?post=52768"},{"taxonomy":"product_cat","embeddable":true,"href":"https:\/\/www.likes-kopen.nl\/fr\/wp-json\/wp\/v2\/product_cat?post=52768"},{"taxonomy":"product_tag","embeddable":true,"href":"https:\/\/www.likes-kopen.nl\/fr\/wp-json\/wp\/v2\/product_tag?post=52768"}],"curies":[{"name":"wp","href":"https:\/\/api.w.org\/{rel}","templated":true}]}}