{"id":52694,"date":"2022-02-19T13:44:44","date_gmt":"2022-02-19T12:44:44","guid":{"rendered":"https:\/\/www.likes-kopen.nl\/product\/spotify-saves\/"},"modified":"2025-02-07T15:57:02","modified_gmt":"2025-02-07T14:57:02","slug":"acheter-des-sauvegardes-spotify","status":"publish","type":"product","link":"https:\/\/www.likes-kopen.nl\/fr\/acheter-des-sauvegardes-spotify\/","title":{"rendered":"Acheter Spotify Saves"},"content":{"rendered":"<h1>Acheter Spotify Saves<\/h1>\n<p>Ach\u00e8te des Sauvegardes Spotify pour tes chansons Spotify en toute s\u00e9curit\u00e9 et rapidement, sur likes-kopen.fr.<\/p>\n<h3>Que sont les \u00e9conomies et pourquoi sont-elles importantes ?<\/h3>\n<p>Les enregistrements sur ton titre Spotify indiquent combien de fois quelqu&rsquo;un a enregistr\u00e9 ton titre sur son appareil. Aux yeux de Spotify, les \u00e9conomies sont super pr\u00e9cieuses. Selon Spotify, quelqu&rsquo;un a de grandes chances d&rsquo;aimer tes chansons s&rsquo;il les enregistre pour les \u00e9couter hors ligne. Pense \u00e0 cela comme \u00e0 un \u00ab\u00a0like\u00a0\u00bb sur ta piste.<\/p>\n<p>En ayant plus d&rsquo;enregistrements sur ta piste, ta chanson a plus de chances d&rsquo;\u00eatre recommand\u00e9e \u00e0 d&rsquo;autres auditeurs.<\/p>\n<h3>Tu veux recevoir plus d&rsquo;enregistrements sur ta piste Spotify ?<\/h3>\n<p>Choisis ensuite d&rsquo;acheter des sauvegardes Spotify pour tes chansons Spotify. En envoyant des sauvegardes Spotify \u00e0 ta piste, tu t&rsquo;assures que ta piste re\u00e7oit une attention meilleure et plus rapide. Le compteur du nombre de fois o\u00f9 ta piste a \u00e9t\u00e9 sauvegard\u00e9e va augmenter en un rien de temps !<\/p>\n<h2><img decoding=\"async\" class=\" wp-image-33575 aligncenter\" src=\"https:\/\/www.likes-kopen.nl\/wp-content\/uploads\/\/2022\/02\/Spotify-iPhone-headphones-maroon-5-819x1024.jpeg\" alt=\"\" width=\"405\" height=\"507\" srcset=\"https:\/\/www.likes-kopen.nl\/wp-content\/uploads\/2022\/02\/Spotify-iPhone-headphones-maroon-5-819x1024.jpeg 819w, https:\/\/www.likes-kopen.nl\/wp-content\/uploads\/2022\/02\/Spotify-iPhone-headphones-maroon-5-510x638.jpeg 510w, https:\/\/www.likes-kopen.nl\/wp-content\/uploads\/2022\/02\/Spotify-iPhone-headphones-maroon-5-240x300.jpeg 240w, https:\/\/www.likes-kopen.nl\/wp-content\/uploads\/2022\/02\/Spotify-iPhone-headphones-maroon-5-768x960.jpeg 768w, https:\/\/www.likes-kopen.nl\/wp-content\/uploads\/2022\/02\/Spotify-iPhone-headphones-maroon-5-1228x1536.jpeg 1228w, https:\/\/www.likes-kopen.nl\/wp-content\/uploads\/2022\/02\/Spotify-iPhone-headphones-maroon-5-1638x2048.jpeg 1638w, https:\/\/www.likes-kopen.nl\/wp-content\/uploads\/2022\/02\/Spotify-iPhone-headphones-maroon-5-462x578.jpeg 462w, https:\/\/www.likes-kopen.nl\/wp-content\/uploads\/2022\/02\/Spotify-iPhone-headphones-maroon-5.jpeg 1920w\" sizes=\"(max-width: 405px) 100vw, 405px\" \/><\/h2>\n<p>&nbsp;<\/p>\n<h2>Comment fonctionne l&rsquo;achat d&rsquo;\u00e9pargnes Spotify ?<\/h2>\n<p>Apr\u00e8s avoir pass\u00e9 ta commande, notre syst\u00e8me commencera \u00e0 travailler pour toi imm\u00e9diatement. Le syst\u00e8me fait la promotion de ta chanson Spotify aupr\u00e8s d&rsquo;un grand r\u00e9seau d&rsquo;auditeurs.<\/p>\n<p>Ils \u00e9couteront ensuite ton morceau jusqu&rsquo;\u00e0 ce que le nombre command\u00e9 soit atteint. Ce sont toujours des auditeurs de <strong>vrais profils.<\/strong> D\u00e8s que ta commande est livr\u00e9e, nous t&rsquo;en informerons.<\/p>\n<h2>Acheter des sauvegardes Spotify est-il s\u00fbr ?<\/h2>\n<p>L&rsquo;achat d&rsquo;\u00e9pargnes Spotify est absolument s\u00fbr. Tes donn\u00e9es sont en s\u00e9curit\u00e9 chez nous et ne seront pas partag\u00e9es avec Spotify ou d&rsquo;autres parties. Spotify ne saura jamais que tu passes une commande chez nous. Il ne nous est donc jamais arriv\u00e9 qu&rsquo;un compte soit banni.<\/p>\n<p>N&rsquo;oublie pas que l&rsquo;ACM n&rsquo;aime pas que tu ach\u00e8tes des \u00ab\u00a0engagements\u00a0\u00bb. Ils d\u00e9conseillent de commander des likes, des followers et des vues pour tes canaux de m\u00e9dias sociaux. L&rsquo;ACM pr\u00e9f\u00e8re que tu d\u00e9penses ton argent dans les sections publicitaires hors de prix des plateformes elles-m\u00eames. Nous t&rsquo;avons pr\u00e9venu !<\/p>\n<p>Tu b\u00e9n\u00e9ficies d&rsquo;une garantie de satisfaction de 90 jours sur toutes les commandes. Donc tous les risques sont \u00e0 nous !<\/p>\n<h3>Dans combien de temps recevrai-je mes \u00e9conomies Spotify ?<\/h3>\n<p>Tu recevras g\u00e9n\u00e9ralement les sauvegardes Spotify de ton titre en quelques jours. Cela peut parfois prendre un certain temps, car Spotify ne met pas toujours \u00e0 jour le nombre d&rsquo;enregistrements imm\u00e9diatement. N&rsquo;oublie pas qu&rsquo;avec Spotify, cela peut parfois prendre jusqu&rsquo;\u00e0 72 heures.<\/p>\n<h3>Choisis aussi des auditeurs mensuels !<\/h3>\n<p>Outre le nombre d&rsquo;enregistrements sur tes titres Spotify, le nombre d&rsquo;auditeurs mensuels sur ton compte est \u00e9galement tr\u00e8s important. C&rsquo;est un num\u00e9ro dynamique qui est mis \u00e0 jour tous les jours. Plus il y a d&rsquo;auditeurs, plus tu as de chances de percer.<\/p>\n<p><a href=\"https:\/\/www.likes-kopen.nl\/spotify-maandelijkse-luisteraars-kopen\/\">Choisis les auditeurs mensuels de Spotify de Likes-buy.co.uk  &gt;<\/a><\/p>\n<h3>Booste tes autres canaux sociaux<\/h3>\n<p>Tu n&rsquo;es pas seulement active sur Spotify et tu veux te d\u00e9velopper sur Instagram aussi ? Alors pense \u00e0 <a href=\"https:\/\/www.likes-kopen.nl\/instagram-likes-kopen\/\">acheter des likes Instagram<\/a>. C&rsquo;est ainsi que tu construis une communaut\u00e9 encore plus forte.<\/p>\n","protected":false},"excerpt":{"rendered":"<p>Acheter Spotify Saves Ach\u00e8te des Sauvegardes Spotify pour tes chansons Spotify en toute s\u00e9curit\u00e9 et rapidement, sur likes-kopen.fr. Que sont les \u00e9conomies et pourquoi sont-elles importantes ? Les enregistrements sur ton titre Spotify indiquent combien de fois quelqu&rsquo;un a enregistr\u00e9 ton titre sur son appareil. Aux yeux de Spotify, les \u00e9conomies sont super pr\u00e9cieuses. Selon [&hellip;]<\/p>\n","protected":false},"featured_media":49493,"comment_status":"open","ping_status":"closed","template":"","meta":{"site-sidebar-layout":"default","site-content-layout":"default","ast-site-content-layout":"default","site-content-style":"default","site-sidebar-style":"default","ast-global-header-display":"","ast-banner-title-visibility":"","ast-main-header-display":"","ast-hfb-above-header-display":"","ast-hfb-below-header-display":"","ast-hfb-mobile-header-display":"","site-post-title":"","ast-breadcrumbs-content":"","ast-featured-img":"","footer-sml-layout":"","ast-disable-related-posts":"","theme-transparent-header-meta":"default","adv-header-id-meta":"","stick-header-meta":"default","header-above-stick-meta":"","header-main-stick-meta":"","header-below-stick-meta":"","astra-migrate-meta-layouts":"set","ast-page-background-enabled":"default","ast-page-background-meta":{"desktop":{"background-color":"","background-image":"","background-repeat":"repeat","background-position":"center center","background-size":"auto","background-attachment":"scroll","background-type":"","background-media":"","overlay-type":"","overlay-color":"","overlay-opacity":"","overlay-gradient":""},"tablet":{"background-color":"","background-image":"","background-repeat":"repeat","background-position":"center center","background-size":"auto","background-attachment":"scroll","background-type":"","background-media":"","overlay-type":"","overlay-color":"","overlay-opacity":"","overlay-gradient":""},"mobile":{"background-color":"","background-image":"","background-repeat":"repeat","background-position":"center center","background-size":"auto","background-attachment":"scroll","background-type":"","background-media":"","overlay-type":"","overlay-color":"","overlay-opacity":"","overlay-gradient":""}},"ast-content-background-meta":{"desktop":{"background-color":"var(--ast-global-color-5)","background-image":"","background-repeat":"repeat","background-position":"center center","background-size":"auto","background-attachment":"scroll","background-type":"","background-media":"","overlay-type":"","overlay-color":"","overlay-opacity":"","overlay-gradient":""},"tablet":{"background-color":"var(--ast-global-color-5)","background-image":"","background-repeat":"repeat","background-position":"center center","background-size":"auto","background-attachment":"scroll","background-type":"","background-media":"","overlay-type":"","overlay-color":"","overlay-opacity":"","overlay-gradient":""},"mobile":{"background-color":"var(--ast-global-color-5)","background-image":"","background-repeat":"repeat","background-position":"center center","background-size":"auto","background-attachment":"scroll","background-type":"","background-media":"","overlay-type":"","overlay-color":"","overlay-opacity":"","overlay-gradient":""}}},"product_brand":[],"product_cat":[755],"product_tag":[782,781],"class_list":{"0":"post-52694","1":"product","2":"type-product","3":"status-publish","4":"has-post-thumbnail","6":"product_cat-spotify-fr","7":"product_tag-acheter-des-economies-spotify","8":"product_tag-spotify-saves-fr","9":"desktop-align-center","10":"tablet-align-center","11":"mobile-align-center","12":"ast-product-gallery-layout-first-image-large","13":"ast-product-gallery-with-no-image","14":"ast-magnify-disabled","15":"ast-product-single-variable","16":"ast-product-tabs-layout-horizontal","18":"first","19":"instock","20":"sale","21":"taxable","22":"shipping-taxable","23":"purchasable","24":"product-type-variable"},"_links":{"self":[{"href":"https:\/\/www.likes-kopen.nl\/fr\/wp-json\/wp\/v2\/product\/52694","targetHints":{"allow":["GET"]}}],"collection":[{"href":"https:\/\/www.likes-kopen.nl\/fr\/wp-json\/wp\/v2\/product"}],"about":[{"href":"https:\/\/www.likes-kopen.nl\/fr\/wp-json\/wp\/v2\/types\/product"}],"replies":[{"embeddable":true,"href":"https:\/\/www.likes-kopen.nl\/fr\/wp-json\/wp\/v2\/comments?post=52694"}],"wp:featuredmedia":[{"embeddable":true,"href":"https:\/\/www.likes-kopen.nl\/fr\/wp-json\/wp\/v2\/media\/49493"}],"wp:attachment":[{"href":"https:\/\/www.likes-kopen.nl\/fr\/wp-json\/wp\/v2\/media?parent=52694"}],"wp:term":[{"taxonomy":"product_brand","embeddable":true,"href":"https:\/\/www.likes-kopen.nl\/fr\/wp-json\/wp\/v2\/product_brand?post=52694"},{"taxonomy":"product_cat","embeddable":true,"href":"https:\/\/www.likes-kopen.nl\/fr\/wp-json\/wp\/v2\/product_cat?post=52694"},{"taxonomy":"product_tag","embeddable":true,"href":"https:\/\/www.likes-kopen.nl\/fr\/wp-json\/wp\/v2\/product_tag?post=52694"}],"curies":[{"name":"wp","href":"https:\/\/api.w.org\/{rel}","templated":true}]}}