{"id":52632,"date":"2022-01-10T22:23:32","date_gmt":"2022-01-10T21:23:32","guid":{"rendered":"https:\/\/www.likes-kopen.nl\/product\/vues-de-la-story-instagram\/"},"modified":"2025-01-22T12:34:54","modified_gmt":"2025-01-22T11:34:54","slug":"instagram-story-views-buy","status":"publish","type":"product","link":"https:\/\/www.likes-kopen.nl\/fr\/instagram-story-views-buy\/","title":{"rendered":"Achat de vues de stories Instagram \ud83d\ude80"},"content":{"rendered":"<p>Il y a un risque \u00e0 commander des vues car cela va \u00e0 l&rsquo;encontre des directives d&rsquo;Instagram.<\/p>\n<h2>Pourquoi acheter des vues de Story Instagram ?<\/h2>\n<p>Acheter des vues de stories Instagram permet d&rsquo;augmenter imm\u00e9diatement le nombre de vues sur tes stories.<\/p>\n<h2>Vues de vid\u00e9os sur Instagram<\/h2>\n<p>Obtenir des vues est d\u00e9licat mais de grande valeur. Lorsque ta vid\u00e9o a \u00e9t\u00e9 vue 7600 fois, elle est \u00e9videmment plus belle que 2600. Ta popularit\u00e9 augmente et en plus, cela a aussi un effet positif sur ton image. Tu peux avoir tellement de followers, mais en raison du changement d&rsquo;algorithme sur Instagram, tu ne pourras pas tous les atteindre. Pour \u00e9tablir une bonne image, tes photos et tes vid\u00e9os doivent \u00eatre en accord avec le nombre de followers. Avec cette croissance \u00e0 +5000 vues, tu peux obtenir la bonne quantit\u00e9 de vues \u00e0 peu de frais et rapidement. Nous avons des quantit\u00e9s diff\u00e9rentes dans les vues. En plus des vues, il y a aussi la possibilit\u00e9 d&rsquo;<a href=\"https:\/\/www.likes-kopen.nl\/instagram-volgers-kopen\/\">acheter des followers Instagram<\/a>, ou des <a href=\"https:\/\/www.likes-kopen.nl\/instagram-likes-kopen\/\">likes Instagram<\/a>.<\/p>\n<p>&nbsp;<\/p>\n<h2>D\u00e9lai de livraison des vues de la Story Instagram<\/h2>\n<p>Une fois que tu as pass\u00e9 ta commande, elle arrive \u00e0 notre porte. Nous commencerons ta commande d\u00e8s que possible. Lorsque nous traitons ta commande, elle peut \u00eatre organis\u00e9e tr\u00e8s rapidement. Dans les +-24 heures, tu auras les vues de la vid\u00e9o que tu nous as donn\u00e9e.<\/p>\n<p>&nbsp;<\/p>\n<h2>Remplir la vid\u00e9o sur insta<\/h2>\n<p>Rends facilement ta vid\u00e9o sur Instagram populaire ? Commande ensuite notre service de visionnage de vid\u00e9os Instagram.<br \/>\nNous faisons en sorte que ta vid\u00e9o soit regard\u00e9e plus souvent. Ainsi, ta vid\u00e9o aura l&rsquo;air plus convaincante et sera \u00e9galement regard\u00e9e plus souvent par elle-m\u00eame.<\/p>\n<p><img decoding=\"async\" src=\"https:\/\/www.likes-kopen.nl\/wp-content\/uploads\/\/2016\/12\/instagram-video.jpg\" alt=\"vid\u00e9o instagram\" width=\"380\" height=\"117\"><\/p>\n","protected":false},"excerpt":{"rendered":"<p>\u2714\ufe0f<br \/>\n\u2b50Fais en sorte que ta vid\u00e9o soit rapidement visionn\u00e9e Choix de plusieurs num\u00e9ros<\/p>\n<div id=\"gtx-trans\" style=\"position: absolute; left: 228px; top: 86.1094px;\">\n<div class=\"gtx-trans-icon\"><\/div>\n<\/div>\n","protected":false},"featured_media":49295,"comment_status":"open","ping_status":"closed","template":"","meta":{"site-sidebar-layout":"default","site-content-layout":"default","ast-site-content-layout":"default","site-content-style":"default","site-sidebar-style":"default","ast-global-header-display":"","ast-banner-title-visibility":"","ast-main-header-display":"","ast-hfb-above-header-display":"","ast-hfb-below-header-display":"","ast-hfb-mobile-header-display":"","site-post-title":"","ast-breadcrumbs-content":"","ast-featured-img":"","footer-sml-layout":"","ast-disable-related-posts":"","theme-transparent-header-meta":"default","adv-header-id-meta":"","stick-header-meta":"default","header-above-stick-meta":"","header-main-stick-meta":"","header-below-stick-meta":"","astra-migrate-meta-layouts":"default","ast-page-background-enabled":"default","ast-page-background-meta":{"desktop":{"background-color":"","background-image":"","background-repeat":"repeat","background-position":"center center","background-size":"auto","background-attachment":"scroll","background-type":"","background-media":"","overlay-type":"","overlay-color":"","overlay-opacity":"","overlay-gradient":""},"tablet":{"background-color":"","background-image":"","background-repeat":"repeat","background-position":"center center","background-size":"auto","background-attachment":"scroll","background-type":"","background-media":"","overlay-type":"","overlay-color":"","overlay-opacity":"","overlay-gradient":""},"mobile":{"background-color":"","background-image":"","background-repeat":"repeat","background-position":"center center","background-size":"auto","background-attachment":"scroll","background-type":"","background-media":"","overlay-type":"","overlay-color":"","overlay-opacity":"","overlay-gradient":""}},"ast-content-background-meta":{"desktop":{"background-color":"var(--ast-global-color-5)","background-image":"","background-repeat":"repeat","background-position":"center center","background-size":"auto","background-attachment":"scroll","background-type":"","background-media":"","overlay-type":"","overlay-color":"","overlay-opacity":"","overlay-gradient":""},"tablet":{"background-color":"var(--ast-global-color-5)","background-image":"","background-repeat":"repeat","background-position":"center center","background-size":"auto","background-attachment":"scroll","background-type":"","background-media":"","overlay-type":"","overlay-color":"","overlay-opacity":"","overlay-gradient":""},"mobile":{"background-color":"var(--ast-global-color-5)","background-image":"","background-repeat":"repeat","background-position":"center center","background-size":"auto","background-attachment":"scroll","background-type":"","background-media":"","overlay-type":"","overlay-color":"","overlay-opacity":"","overlay-gradient":""}}},"product_brand":[],"product_cat":[555],"product_tag":[656],"class_list":{"0":"post-52632","1":"product","2":"type-product","3":"status-publish","4":"has-post-thumbnail","6":"product_cat-instagram-fr","7":"product_tag-fais-en-sorte-que-les-videos-soient-vues-plus-souvent-instagram","8":"desktop-align-center","9":"tablet-align-center","10":"mobile-align-center","11":"ast-product-gallery-layout-first-image-large","12":"ast-product-gallery-with-no-image","13":"ast-magnify-disabled","14":"ast-product-single-variable","15":"ast-product-tabs-layout-horizontal","17":"first","18":"instock","19":"sale","20":"taxable","21":"shipping-taxable","22":"purchasable","23":"product-type-variable"},"_links":{"self":[{"href":"https:\/\/www.likes-kopen.nl\/fr\/wp-json\/wp\/v2\/product\/52632","targetHints":{"allow":["GET"]}}],"collection":[{"href":"https:\/\/www.likes-kopen.nl\/fr\/wp-json\/wp\/v2\/product"}],"about":[{"href":"https:\/\/www.likes-kopen.nl\/fr\/wp-json\/wp\/v2\/types\/product"}],"replies":[{"embeddable":true,"href":"https:\/\/www.likes-kopen.nl\/fr\/wp-json\/wp\/v2\/comments?post=52632"}],"wp:featuredmedia":[{"embeddable":true,"href":"https:\/\/www.likes-kopen.nl\/fr\/wp-json\/wp\/v2\/media\/49295"}],"wp:attachment":[{"href":"https:\/\/www.likes-kopen.nl\/fr\/wp-json\/wp\/v2\/media?parent=52632"}],"wp:term":[{"taxonomy":"product_brand","embeddable":true,"href":"https:\/\/www.likes-kopen.nl\/fr\/wp-json\/wp\/v2\/product_brand?post=52632"},{"taxonomy":"product_cat","embeddable":true,"href":"https:\/\/www.likes-kopen.nl\/fr\/wp-json\/wp\/v2\/product_cat?post=52632"},{"taxonomy":"product_tag","embeddable":true,"href":"https:\/\/www.likes-kopen.nl\/fr\/wp-json\/wp\/v2\/product_tag?post=52632"}],"curies":[{"name":"wp","href":"https:\/\/api.w.org\/{rel}","templated":true}]}}