{"id":52579,"date":"2021-08-27T06:30:55","date_gmt":"2021-08-27T05:30:55","guid":{"rendered":"https:\/\/www.likes-kopen.nl\/product\/tiktok-views-etale\/"},"modified":"2025-01-18T16:14:59","modified_gmt":"2025-01-18T15:14:59","slug":"tiktok-views-etale","status":"publish","type":"product","link":"https:\/\/www.likes-kopen.nl\/fr\/tiktok-views-etale\/","title":{"rendered":"TikTok Views (\u00e9tal\u00e9)"},"content":{"rendered":"<div class=\"wpb-content-wrapper\"><p>[vc_row][vc_column][vc_column_text][vc_row][vc_column width=\u00a0\u00bb1\/1&Prime;][vc_column_text]Ach\u00e8te des vues TikTok ? Avec nous, tu peux le faire ! Il n&rsquo;est pas 100% sans risque car il viole les directives de Tiktok.<\/p>\n<p>&nbsp;<\/p>\n<h2>Pourquoi acheter des vues TikTok (spread) ?<\/h2>\n<p>Acheter des vues Tiktok garantit que ta vid\u00e9o est vue et regard\u00e9e plus souvent. Tu n&rsquo;obtiendras pas d&rsquo;appr\u00e9ciations de notre part, mais tu pourrais en obtenir d&rsquo;autres.<\/p>\n<p>C&rsquo;est parce que lorsque ta vid\u00e9o Tiktok a beaucoup de vues, elle est trouv\u00e9e beaucoup plus rapidement.<\/p>\n<p>En \u00e9tant plus trouvable, tu attires plus d&rsquo;attention, et donc naturellement <a href=\"https:\/\/www.likes-kopen.nl\/tiktok-likes-kopen\/\">plus de likes<\/a> et de <a href=\"https:\/\/www.likes-kopen.nl\/fr\/tiktok-volgers-kopen-3\/\">followers (suiveurs<\/a> ), et cela non pas sur 1 photo mais sur l&rsquo;ensemble de ta cha\u00eene. Les jeux peuvent donc avoir une contribution positive !<\/p>\n<p><img decoding=\"async\" class=\"alignnone size-full wp-image-12354\" src=\"https:\/\/www.likes-kopen.nl\/wp-content\/uploads\/\/2020\/03\/tiktok-kijkers-views.jpg\" alt=\"Les t\u00e9l\u00e9spectateurs de tiktok\" width=\"640\" height=\"480\" srcset=\"https:\/\/www.likes-kopen.nl\/wp-content\/uploads\/2020\/03\/tiktok-kijkers-views.jpg 640w, https:\/\/www.likes-kopen.nl\/wp-content\/uploads\/2020\/03\/tiktok-kijkers-views-510x383.jpg 510w, https:\/\/www.likes-kopen.nl\/wp-content\/uploads\/2020\/03\/tiktok-kijkers-views-300x225.jpg 300w, https:\/\/www.likes-kopen.nl\/wp-content\/uploads\/2020\/03\/tiktok-kijkers-views-462x347.jpg 462w\" sizes=\"(max-width: 640px) 100vw, 640px\" \/><\/p>\n<h2>Que signifie \u00ab\u00a0\u00e9tal\u00e9\u00a0\u00bb ?<\/h2>\n<p>En standard, nos vues sont livr\u00e9es presque imm\u00e9diatement. Pour les grands nombres, cela peut parfois \u00eatre g\u00eanant. Si tu pr\u00e9f\u00e8res recevoir tes vues sur une plus longue p\u00e9riode de temps sur ta vid\u00e9o, choisis des vues \u00e9chelonn\u00e9es. Tu indiques l&rsquo;heure, nous faisons le reste. Sache que nous saisissons ces commandes manuellement. Cela signifie donc que le d\u00e9marrage peut parfois prendre un peu plus de temps lorsque nous ne sommes pas en mesure de traiter ta commande.<\/p>\n<p>Les likes optionnels que tu peux choisir <span style=\"text-decoration: underline;\">ne seront PAS<\/span> envoy\u00e9s \u00e9tal\u00e9s.<\/p>\n<h2>How to order<\/h2>\n<p>Pour livrer les vues TikTok sur ta vid\u00e9o, nous devons savoir de quelle vid\u00e9o il s&rsquo;agit. Pour cela, nous avons besoin du lien (url). En utilisant l&rsquo;application Tiktok, tu peux copier le lien (lien de partage), et le coller dans notre formulaire de commande.<\/p>\n<ol>\n<li>Va sur l&rsquo;application TikTok et clique sur l&rsquo;ic\u00f4ne de ton profil dans le coin inf\u00e9rieur droit.<\/li>\n<li>Clique sur la vid\u00e9o sur laquelle tu veux les vues<\/li>\n<li>Sur le c\u00f4t\u00e9 droit, tu verras trois points et tu dois cliquer dessus.<\/li>\n<li>Maintenant, s\u00e9lectionne l&rsquo;option \u00ab\u00a0copier le lien\u00a0\u00bb que tu verras sous SHARE OP<\/li>\n<\/ol>\n<p>Maintenant que le lien a \u00e9t\u00e9 copi\u00e9, il te suffit de nous le transmettre. Tu peux le faire en maintenant la bo\u00eete LINK enfonc\u00e9e sur le champ de commande et en choisissant de coller.<\/p>\n<p>&nbsp;<\/p>\n<h2><\/h2>\n<h2>Caract\u00e9ristiques des vues pour Tik Tok<\/h2>\n<ul>\n<li>D\u00e9lai de livraison pendant les heures de bureau +\/- 1 heure<\/li>\n<li>100% s\u00e9curis\u00e9 pour ton compte<\/li>\n<li>Pr\u00e9vu pour 1 seule vid\u00e9o<\/li>\n<li>La distribution sur plusieurs vid\u00e9os n&rsquo;est pas possible, tu devras commander s\u00e9par\u00e9ment.<\/li>\n<\/ul>\n<p>[\/vc_column_text][\/vc_column][\/vc_row]<\/p>\n<\/div>","protected":false},"excerpt":{"rendered":"<p>\u2714\ufe0f<br \/>\n\u2b50Des spectateurs super rapides sur ta vid\u00e9o Garantie de livraison<\/p>\n","protected":false},"featured_media":48981,"comment_status":"open","ping_status":"closed","template":"","meta":{"site-sidebar-layout":"default","site-content-layout":"default","ast-site-content-layout":"default","site-content-style":"default","site-sidebar-style":"default","ast-global-header-display":"","ast-banner-title-visibility":"","ast-main-header-display":"","ast-hfb-above-header-display":"","ast-hfb-below-header-display":"","ast-hfb-mobile-header-display":"","site-post-title":"","ast-breadcrumbs-content":"","ast-featured-img":"","footer-sml-layout":"","ast-disable-related-posts":"","theme-transparent-header-meta":"default","adv-header-id-meta":"","stick-header-meta":"default","header-above-stick-meta":"","header-main-stick-meta":"","header-below-stick-meta":"","astra-migrate-meta-layouts":"default","ast-page-background-enabled":"default","ast-page-background-meta":{"desktop":{"background-color":"","background-image":"","background-repeat":"repeat","background-position":"center center","background-size":"auto","background-attachment":"scroll","background-type":"","background-media":"","overlay-type":"","overlay-color":"","overlay-opacity":"","overlay-gradient":""},"tablet":{"background-color":"","background-image":"","background-repeat":"repeat","background-position":"center center","background-size":"auto","background-attachment":"scroll","background-type":"","background-media":"","overlay-type":"","overlay-color":"","overlay-opacity":"","overlay-gradient":""},"mobile":{"background-color":"","background-image":"","background-repeat":"repeat","background-position":"center center","background-size":"auto","background-attachment":"scroll","background-type":"","background-media":"","overlay-type":"","overlay-color":"","overlay-opacity":"","overlay-gradient":""}},"ast-content-background-meta":{"desktop":{"background-color":"var(--ast-global-color-5)","background-image":"","background-repeat":"repeat","background-position":"center center","background-size":"auto","background-attachment":"scroll","background-type":"","background-media":"","overlay-type":"","overlay-color":"","overlay-opacity":"","overlay-gradient":""},"tablet":{"background-color":"var(--ast-global-color-5)","background-image":"","background-repeat":"repeat","background-position":"center center","background-size":"auto","background-attachment":"scroll","background-type":"","background-media":"","overlay-type":"","overlay-color":"","overlay-opacity":"","overlay-gradient":""},"mobile":{"background-color":"var(--ast-global-color-5)","background-image":"","background-repeat":"repeat","background-position":"center center","background-size":"auto","background-attachment":"scroll","background-type":"","background-media":"","overlay-type":"","overlay-color":"","overlay-opacity":"","overlay-gradient":""}}},"product_brand":[],"product_cat":[466],"product_tag":[474],"class_list":{"0":"post-52579","1":"product","2":"type-product","3":"status-publish","4":"has-post-thumbnail","6":"product_cat-tiktok-fr","7":"product_tag-musical-ly-fr","8":"desktop-align-center","9":"tablet-align-center","10":"mobile-align-center","11":"ast-product-gallery-layout-first-image-large","12":"ast-magnify-disabled","13":"ast-product-single-variable","14":"ast-product-tabs-layout-horizontal","16":"first","17":"outofstock","18":"taxable","19":"shipping-taxable","20":"product-type-variable"},"_links":{"self":[{"href":"https:\/\/www.likes-kopen.nl\/fr\/wp-json\/wp\/v2\/product\/52579","targetHints":{"allow":["GET"]}}],"collection":[{"href":"https:\/\/www.likes-kopen.nl\/fr\/wp-json\/wp\/v2\/product"}],"about":[{"href":"https:\/\/www.likes-kopen.nl\/fr\/wp-json\/wp\/v2\/types\/product"}],"replies":[{"embeddable":true,"href":"https:\/\/www.likes-kopen.nl\/fr\/wp-json\/wp\/v2\/comments?post=52579"}],"wp:featuredmedia":[{"embeddable":true,"href":"https:\/\/www.likes-kopen.nl\/fr\/wp-json\/wp\/v2\/media\/48981"}],"wp:attachment":[{"href":"https:\/\/www.likes-kopen.nl\/fr\/wp-json\/wp\/v2\/media?parent=52579"}],"wp:term":[{"taxonomy":"product_brand","embeddable":true,"href":"https:\/\/www.likes-kopen.nl\/fr\/wp-json\/wp\/v2\/product_brand?post=52579"},{"taxonomy":"product_cat","embeddable":true,"href":"https:\/\/www.likes-kopen.nl\/fr\/wp-json\/wp\/v2\/product_cat?post=52579"},{"taxonomy":"product_tag","embeddable":true,"href":"https:\/\/www.likes-kopen.nl\/fr\/wp-json\/wp\/v2\/product_tag?post=52579"}],"curies":[{"name":"wp","href":"https:\/\/api.w.org\/{rel}","templated":true}]}}