{"id":52537,"date":"2022-02-19T13:56:20","date_gmt":"2022-02-19T12:56:20","guid":{"rendered":"https:\/\/www.likes-kopen.nl\/product\/ecouteurs-mensuels-de-spotify\/"},"modified":"2025-02-07T15:52:50","modified_gmt":"2025-02-07T14:52:50","slug":"acheter-des-auditeurs-mensuels-spotify","status":"publish","type":"product","link":"https:\/\/www.likes-kopen.nl\/fr\/acheter-des-auditeurs-mensuels-spotify\/","title":{"rendered":"\u00c9couteurs mensuels de Spotify Acheter"},"content":{"rendered":"<h1>Les auditeurs mensuels de Spotify ach\u00e8tent<\/h1>\n<p>Ach\u00e8te des auditeurs mensuels de Spotify pour ton profil Spotify en toute s\u00e9curit\u00e9 et rapidement, sur likes-kopen.fr.<\/p>\n<h2>Que sont les auditeurs mensuels et pourquoi sont-ils importants ?<\/h2>\n<p>Les auditeurs mensuels sur ton profil Spotify montrent le nombre d&rsquo;auditeurs r\u00e9guliers sur ton profil. Une personne qui \u00e9coute une fois l&rsquo;une de tes chansons n&rsquo;est pas un auditeur r\u00e9gulier. Alors que quelqu&rsquo;un qui \u00e9coute tes chansons deux fois ou plus est consid\u00e9r\u00e9 comme un auditeur par Spotify.<\/p>\n<p>Le mot \u00ab\u00a0mensuel\u00a0\u00bb signifie que ce chiffre est mesur\u00e9 sur une p\u00e9riode de 28 jours. Le nombre d&rsquo;auditeurs mensuels est un nombre dynamique qui est mis \u00e0 jour chaque jour. Ce chiffre est mesur\u00e9 par le nombre d&rsquo;auditeurs sur ton profil, au cours des 28 derniers jours. Ces auditeurs \u00a0\u00bb disparaissent \u00a0\u00bb \u00e0 nouveau si tu ne mets pas \u00e0 jour ce num\u00e9ro. Assure-toi donc d&rsquo;avoir des auditeurs mensuels sur ton profil chaque mois !<\/p>\n<h3>Tu veux obtenir plus d&rsquo;auditeurs mensuels pour ton titre sur Spotify ?<\/h3>\n<p>Choisis ensuite d&rsquo;acheter des auditeurs mensuels de Spotify pour ton profil Spotify. En envoyant des auditeurs mensuels sur ton profil, tu t&rsquo;assures que ton profil et les chansons associ\u00e9es re\u00e7oivent une attention meilleure et plus rapide. Le compteur du nombre d&rsquo;auditeurs mensuels sur ton profil va grimper en un rien de temps !<\/p>\n<h2><img decoding=\"async\" class=\" wp-image-33575 aligncenter\" src=\"https:\/\/www.likes-kopen.nl\/wp-content\/uploads\/\/2022\/02\/Spotify-iPhone-headphones-maroon-5-819x1024.jpeg\" alt=\"\" width=\"405\" height=\"507\" srcset=\"https:\/\/www.likes-kopen.nl\/wp-content\/uploads\/2022\/02\/Spotify-iPhone-headphones-maroon-5-819x1024.jpeg 819w, https:\/\/www.likes-kopen.nl\/wp-content\/uploads\/2022\/02\/Spotify-iPhone-headphones-maroon-5-510x638.jpeg 510w, https:\/\/www.likes-kopen.nl\/wp-content\/uploads\/2022\/02\/Spotify-iPhone-headphones-maroon-5-240x300.jpeg 240w, https:\/\/www.likes-kopen.nl\/wp-content\/uploads\/2022\/02\/Spotify-iPhone-headphones-maroon-5-768x960.jpeg 768w, https:\/\/www.likes-kopen.nl\/wp-content\/uploads\/2022\/02\/Spotify-iPhone-headphones-maroon-5-1228x1536.jpeg 1228w, https:\/\/www.likes-kopen.nl\/wp-content\/uploads\/2022\/02\/Spotify-iPhone-headphones-maroon-5-1638x2048.jpeg 1638w, https:\/\/www.likes-kopen.nl\/wp-content\/uploads\/2022\/02\/Spotify-iPhone-headphones-maroon-5-462x578.jpeg 462w, https:\/\/www.likes-kopen.nl\/wp-content\/uploads\/2022\/02\/Spotify-iPhone-headphones-maroon-5.jpeg 1920w\" sizes=\"(max-width: 405px) 100vw, 405px\" \/><\/h2>\n<p>&nbsp;<\/p>\n<h2>Comment fonctionne l&rsquo;achat d&rsquo;auditeurs mensuels de Spotify ?<\/h2>\n<p>Apr\u00e8s avoir pass\u00e9 ta commande, notre syst\u00e8me commencera \u00e0 travailler pour toi imm\u00e9diatement. Le syst\u00e8me fait la promotion de ton profil Spotify aupr\u00e8s d&rsquo;un grand r\u00e9seau d&rsquo;auditeurs.<\/p>\n<p>Ils commenceront ensuite \u00e0 \u00e9couter tes morceaux plusieurs fois jusqu&rsquo;\u00e0 ce que le nombre command\u00e9 d&rsquo;auditeurs mensuels soit atteint. Ce sont toujours des auditeurs de <strong>vrais profils.<\/strong> D\u00e8s que ta commande est livr\u00e9e, nous t&rsquo;en informerons.<\/p>\n<h2>L&rsquo;achat d&rsquo;auditeurs mensuels de Spotify est-il s\u00fbr ?<\/h2>\n<p>L&rsquo;achat d&rsquo;auditeurs mensuels de Spotify est absolument sans danger. Tes donn\u00e9es sont en s\u00e9curit\u00e9 chez nous et ne seront pas partag\u00e9es avec Spotify ou d&rsquo;autres parties. Spotify ne saura jamais que tu passes une commande chez nous. Il ne nous est donc jamais arriv\u00e9 qu&rsquo;un compte soit banni.<\/p>\n<p>N&rsquo;oublie pas que l&rsquo;ACM n&rsquo;aime pas que tu ach\u00e8tes des \u00ab\u00a0engagements\u00a0\u00bb. Ils d\u00e9conseillent de commander des likes, des followers et des vues pour tes canaux de m\u00e9dias sociaux. L&rsquo;ACM pr\u00e9f\u00e8re que tu d\u00e9penses ton argent dans les sections publicitaires hors de prix des plateformes elles-m\u00eames. Nous t&rsquo;avons pr\u00e9venu !<\/p>\n<p>Tu b\u00e9n\u00e9ficies d&rsquo;une garantie de satisfaction de 90 jours sur toutes les commandes. Donc tous les risques sont \u00e0 nous !<\/p>\n<h3>Tu re\u00e7ois aussi des royalties sur tes streams !<\/h3>\n<p>Tu l&rsquo;as lu correctement. Sur les flux que tu commandes ici maintenant, tu recevras \u00e9galement des royalties de Spotify. Cela signifie que tu es rembours\u00e9 d&rsquo;une partie de ta commande. C&rsquo;est g\u00e9nial, non ?<\/p>\n<h3>Dans combien de temps vais-je recevoir mes auditeurs mensuels de Spotify ?<\/h3>\n<p>Tu re\u00e7ois g\u00e9n\u00e9ralement les auditeurs mensuels de Spotify sur ton profil en quelques jours. Cela peut parfois prendre un certain temps car Spotify ne met pas toujours imm\u00e9diatement \u00e0 jour le nombre d&rsquo;auditeurs mensuels. N&rsquo;oublie pas qu&rsquo;avec Spotify, cela peut parfois prendre jusqu&rsquo;\u00e0 72 heures.<\/p>\n<h3>Choisis aussi les streams Spotify sur ton titre !<\/h3>\n<p>Outre le nombre d&rsquo;auditeurs mensuels sur ton profil Spotify, le nombre de streams sur tes chansons est \u00e9galement tr\u00e8s important. C&rsquo;est un chiffre qui ne cesse d&rsquo;augmenter. Plus tu as de streams, plus ta chanson devient populaire.<\/p>\n<p><a href=\"https:\/\/www.likes-kopen.nl\/spotify-streams-kopen\/\">Choisis les flux Spotify de Likes-buy.co.uk  &gt;<\/a><\/p>\n<h3>Booste tes autres canaux sociaux<\/h3>\n<p>Tu n&rsquo;es pas seulement active sur Spotify et tu veux te d\u00e9velopper sur Instagram aussi ? Alors pense \u00e0 <a href=\"https:\/\/www.likes-kopen.nl\/instagram-likes-kopen\/\">acheter des likes Instagram<\/a>. C&rsquo;est ainsi que tu construis une communaut\u00e9 encore plus forte.<\/p>\n<div id=\"gtx-trans\" style=\"position: absolute; left: 696px; top: 1950.2px;\">\n<div class=\"gtx-trans-icon\"><\/div>\n<\/div>\n","protected":false},"excerpt":{"rendered":"<p>Les auditeurs mensuels de Spotify ach\u00e8tent Ach\u00e8te des auditeurs mensuels de Spotify pour ton profil Spotify en toute s\u00e9curit\u00e9 et rapidement, sur likes-kopen.fr. Que sont les auditeurs mensuels et pourquoi sont-ils importants ? Les auditeurs mensuels sur ton profil Spotify montrent le nombre d&rsquo;auditeurs r\u00e9guliers sur ton profil. Une personne qui \u00e9coute une fois l&rsquo;une [&hellip;]<\/p>\n","protected":false},"featured_media":49436,"comment_status":"open","ping_status":"closed","template":"","meta":{"site-sidebar-layout":"default","site-content-layout":"default","ast-site-content-layout":"default","site-content-style":"default","site-sidebar-style":"default","ast-global-header-display":"","ast-banner-title-visibility":"","ast-main-header-display":"","ast-hfb-above-header-display":"","ast-hfb-below-header-display":"","ast-hfb-mobile-header-display":"","site-post-title":"","ast-breadcrumbs-content":"","ast-featured-img":"","footer-sml-layout":"","ast-disable-related-posts":"","theme-transparent-header-meta":"default","adv-header-id-meta":"","stick-header-meta":"default","header-above-stick-meta":"","header-main-stick-meta":"","header-below-stick-meta":"","astra-migrate-meta-layouts":"set","ast-page-background-enabled":"default","ast-page-background-meta":{"desktop":{"background-color":"","background-image":"","background-repeat":"repeat","background-position":"center center","background-size":"auto","background-attachment":"scroll","background-type":"","background-media":"","overlay-type":"","overlay-color":"","overlay-opacity":"","overlay-gradient":""},"tablet":{"background-color":"","background-image":"","background-repeat":"repeat","background-position":"center center","background-size":"auto","background-attachment":"scroll","background-type":"","background-media":"","overlay-type":"","overlay-color":"","overlay-opacity":"","overlay-gradient":""},"mobile":{"background-color":"","background-image":"","background-repeat":"repeat","background-position":"center center","background-size":"auto","background-attachment":"scroll","background-type":"","background-media":"","overlay-type":"","overlay-color":"","overlay-opacity":"","overlay-gradient":""}},"ast-content-background-meta":{"desktop":{"background-color":"var(--ast-global-color-5)","background-image":"","background-repeat":"repeat","background-position":"center center","background-size":"auto","background-attachment":"scroll","background-type":"","background-media":"","overlay-type":"","overlay-color":"","overlay-opacity":"","overlay-gradient":""},"tablet":{"background-color":"var(--ast-global-color-5)","background-image":"","background-repeat":"repeat","background-position":"center center","background-size":"auto","background-attachment":"scroll","background-type":"","background-media":"","overlay-type":"","overlay-color":"","overlay-opacity":"","overlay-gradient":""},"mobile":{"background-color":"var(--ast-global-color-5)","background-image":"","background-repeat":"repeat","background-position":"center center","background-size":"auto","background-attachment":"scroll","background-type":"","background-media":"","overlay-type":"","overlay-color":"","overlay-opacity":"","overlay-gradient":""}}},"product_brand":[],"product_cat":[755],"product_tag":[],"class_list":{"0":"post-52537","1":"product","2":"type-product","3":"status-publish","4":"has-post-thumbnail","6":"product_cat-spotify-fr","7":"desktop-align-center","8":"tablet-align-center","9":"mobile-align-center","10":"ast-product-gallery-layout-first-image-large","11":"ast-product-gallery-with-no-image","12":"ast-magnify-disabled","13":"ast-product-single-variable","14":"ast-product-tabs-layout-horizontal","16":"first","17":"instock","18":"sale","19":"taxable","20":"shipping-taxable","21":"purchasable","22":"product-type-variable"},"_links":{"self":[{"href":"https:\/\/www.likes-kopen.nl\/fr\/wp-json\/wp\/v2\/product\/52537","targetHints":{"allow":["GET"]}}],"collection":[{"href":"https:\/\/www.likes-kopen.nl\/fr\/wp-json\/wp\/v2\/product"}],"about":[{"href":"https:\/\/www.likes-kopen.nl\/fr\/wp-json\/wp\/v2\/types\/product"}],"replies":[{"embeddable":true,"href":"https:\/\/www.likes-kopen.nl\/fr\/wp-json\/wp\/v2\/comments?post=52537"}],"wp:featuredmedia":[{"embeddable":true,"href":"https:\/\/www.likes-kopen.nl\/fr\/wp-json\/wp\/v2\/media\/49436"}],"wp:attachment":[{"href":"https:\/\/www.likes-kopen.nl\/fr\/wp-json\/wp\/v2\/media?parent=52537"}],"wp:term":[{"taxonomy":"product_brand","embeddable":true,"href":"https:\/\/www.likes-kopen.nl\/fr\/wp-json\/wp\/v2\/product_brand?post=52537"},{"taxonomy":"product_cat","embeddable":true,"href":"https:\/\/www.likes-kopen.nl\/fr\/wp-json\/wp\/v2\/product_cat?post=52537"},{"taxonomy":"product_tag","embeddable":true,"href":"https:\/\/www.likes-kopen.nl\/fr\/wp-json\/wp\/v2\/product_tag?post=52537"}],"curies":[{"name":"wp","href":"https:\/\/api.w.org\/{rel}","templated":true}]}}