{"id":52521,"date":"2022-02-19T18:14:39","date_gmt":"2022-02-19T17:14:39","guid":{"rendered":"https:\/\/www.likes-kopen.nl\/product\/visionneuses-twitch-vues-en-direct-30-min\/"},"modified":"2025-01-22T12:33:55","modified_gmt":"2025-01-22T11:33:55","slug":"acheter-des-viewers-twitch","status":"publish","type":"product","link":"https:\/\/www.likes-kopen.nl\/fr\/acheter-des-viewers-twitch\/","title":{"rendered":"Les spectateurs de Twitch ach\u00e8tent (Vues en direct : 30 min)<\/br> <h2><span style=\"color : #ae60e1 ;\">Livr\u00e9 Directement<\/span> \ud83d\ude80<\/h2>"},"content":{"rendered":"<p>Booste ton flux live Twitch DIRECTEMENT maintenant en achetant des spectateurs Twitch !<\/p>\n<h2>Pourquoi acheter des spectateurs Twitch ?<\/h2>\n<p>Acheter des spectateurs Twitch peut donner un coup de pouce gigantesque \u00e0 ton flux en direct. Apr\u00e8s tout, un live stream qui compte de nombreux spectateurs semble plus populaire et donc plus attrayant pour les nouveaux spectateurs.<\/p>\n<p>Si tu veux te d\u00e9velopper sur Twitch, tout comme les followers, tu as besoin de plus de spectateurs. Et acheter des spectateurs Twitch, c&rsquo;est l&rsquo;assurance de donner \u00e0 ton flux en direct un coup de pouce dans la bonne direction ! Dans tous les cas, un plus grand nombre de spectateurs Twitch est m\u00eame ind\u00e9niable pour la poursuite de la croissance.<\/p>\n<h2>Comment fonctionne l&rsquo;achat de spectateurs Twitch ?<\/h2>\n<p>Passe ta commande au moment o\u00f9 ton live stream est en direct ! Ce n&rsquo;est qu&rsquo;alors que tu peux recevoir des t\u00e9l\u00e9spectateurs.<\/p>\n<p>Une fois que tu as sp\u00e9cifi\u00e9 le nombre de t\u00e9l\u00e9spectateurs en direct que tu veux \u00ab\u00a0envoyer\u00a0\u00bb sur ta cha\u00eene Twitch et que tu as termin\u00e9 ta commande, nous commencerons \u00e0 travailler pour toi imm\u00e9diatement. Nous assurons ensuite la promotion de ta cha\u00eene et le streaming sur un grand r\u00e9seau. Par cons\u00e9quent, plusieurs spectateurs de Twitch live vont regarder ton flux en direct.<\/p>\n<p>Une fois que le nombre de visionneuses que tu as command\u00e9 a \u00e9t\u00e9 atteint, nous t&rsquo;informerons que ta commande a \u00e9t\u00e9 livr\u00e9e. Tu peux donc maintenant profiter d&rsquo;une cha\u00eene Twitch avec instantan\u00e9ment plus de t\u00e9l\u00e9spectateurs.<\/p>\n<h2>Combien de temps les spectateurs de Twitch restent-ils \u00e0 regarder ?<\/h2>\n<p>Les spectateurs de Twitch continuent \u00e0 regarder en direct pendant environ 30 minutes en moyenne. Le nombre de spectateurs augmentera assez rapidement apr\u00e8s que tu aies pass\u00e9 ta commande. Apr\u00e8s environ 30 minutes, les spectateurs quitteront \u00e0 nouveau ton flux en direct sur Twitch. Tu peux ensuite choisir de commander des t\u00e9l\u00e9spectateurs Twitch une fois de plus.<\/p>\n<p>Les t\u00e9l\u00e9spectateurs ne regarderont que ton flux en direct. Ils n&rsquo;interagiront pas davantage avec toi. Tu peux donc \u00eatre assur\u00e9 que tu n&rsquo;auras pas de commentaires ou de r\u00e9actions bizarres pendant ton stream. Si tu arr\u00eates ton flux avant les 30 minutes, les spectateurs ne reviendront pas non plus sur ton flux Twitch.<\/p>\n<h2>Acheter des spectateurs de Twitch est-il s\u00fbr ?<\/h2>\n<p>Acheter des spectateurs de Twitch est absolument s\u00fbr. Nous ne transmettons jamais tes donn\u00e9es \u00e0 Twitch ou \u00e0 d&rsquo;autres parties similaires. Ainsi, Twitch ne d\u00e9couvrira jamais que tu ach\u00e8tes des spectateurs chez nous. D&rsquo;ailleurs, il ne nous est jamais arriv\u00e9 qu&rsquo;un compte ou un flux soit bloqu\u00e9.<\/p>\n<p>De plus, tu b\u00e9n\u00e9ficies d&rsquo;une garantie de satisfaction de 90 jours sur toutes tes commandes. Le risque est donc enti\u00e8rement le n\u00f4tre !<\/p>\n<h2>Puis-je \u00e9galement commander des followers Twitch ?<\/h2>\n<p>Tu peux aussi commander des followers Twitch chez nous. Tu peux le faire en indiquant pendant ta commande que tu veux aussi recevoir des followers sur ta cha\u00eene.<\/p>\n<h2>Puis-je aussi booster d&rsquo;autres canaux de m\u00e9dias sociaux ?<\/h2>\n<p>Oui, par exemple, si tu es \u00e9galement actif sur YouTube, tu peux obtenir <span style=\"text-decoration: underline;\"><br \/>\n  <a href=\"https:\/\/www.likes-kopen.nl\/youtube-abonnees-kopen\/\">des abonn\u00e9s pour ta cha\u00eene<\/a><br \/>\n<\/span>  Es-tu active sur Instagram ? Ensuite, assure-toi de jeter un coup d&rsquo;\u0153il aux <span style=\"text-decoration: underline;\"><a href=\"https:\/\/www.likes-kopen.nl\/instagram-volgers-kopen\/\">followers Instagram<\/a>.<\/span><\/p>\n<div id=\"gtx-trans\" style=\"position: absolute; left: 439px; top: 311.812px;\">\n<div class=\"gtx-trans-icon\"><\/div>\n<\/div>\n","protected":false},"excerpt":{"rendered":"<p>Booste ton flux live Twitch DIRECTEMENT maintenant en achetant des spectateurs Twitch ! Pourquoi acheter des spectateurs Twitch ? Acheter des spectateurs Twitch peut donner un coup de pouce gigantesque \u00e0 ton flux en direct. Apr\u00e8s tout, un live stream qui compte de nombreux spectateurs semble plus populaire et donc plus attrayant pour les nouveaux [&hellip;]<\/p>\n","protected":false},"featured_media":49310,"comment_status":"open","ping_status":"closed","template":"","meta":{"site-sidebar-layout":"default","site-content-layout":"default","ast-site-content-layout":"default","site-content-style":"default","site-sidebar-style":"default","ast-global-header-display":"","ast-banner-title-visibility":"","ast-main-header-display":"","ast-hfb-above-header-display":"","ast-hfb-below-header-display":"","ast-hfb-mobile-header-display":"","site-post-title":"","ast-breadcrumbs-content":"","ast-featured-img":"","footer-sml-layout":"","ast-disable-related-posts":"","theme-transparent-header-meta":"default","adv-header-id-meta":"","stick-header-meta":"default","header-above-stick-meta":"","header-main-stick-meta":"","header-below-stick-meta":"","astra-migrate-meta-layouts":"set","ast-page-background-enabled":"default","ast-page-background-meta":{"desktop":{"background-color":"","background-image":"","background-repeat":"repeat","background-position":"center center","background-size":"auto","background-attachment":"scroll","background-type":"","background-media":"","overlay-type":"","overlay-color":"","overlay-opacity":"","overlay-gradient":""},"tablet":{"background-color":"","background-image":"","background-repeat":"repeat","background-position":"center center","background-size":"auto","background-attachment":"scroll","background-type":"","background-media":"","overlay-type":"","overlay-color":"","overlay-opacity":"","overlay-gradient":""},"mobile":{"background-color":"","background-image":"","background-repeat":"repeat","background-position":"center center","background-size":"auto","background-attachment":"scroll","background-type":"","background-media":"","overlay-type":"","overlay-color":"","overlay-opacity":"","overlay-gradient":""}},"ast-content-background-meta":{"desktop":{"background-color":"var(--ast-global-color-5)","background-image":"","background-repeat":"repeat","background-position":"center center","background-size":"auto","background-attachment":"scroll","background-type":"","background-media":"","overlay-type":"","overlay-color":"","overlay-opacity":"","overlay-gradient":""},"tablet":{"background-color":"var(--ast-global-color-5)","background-image":"","background-repeat":"repeat","background-position":"center center","background-size":"auto","background-attachment":"scroll","background-type":"","background-media":"","overlay-type":"","overlay-color":"","overlay-opacity":"","overlay-gradient":""},"mobile":{"background-color":"var(--ast-global-color-5)","background-image":"","background-repeat":"repeat","background-position":"center center","background-size":"auto","background-attachment":"scroll","background-type":"","background-media":"","overlay-type":"","overlay-color":"","overlay-opacity":"","overlay-gradient":""}}},"product_brand":[],"product_cat":[727],"product_tag":[5854,5849,5863,5847,5852,5845,5858,777,5865,778],"class_list":{"0":"post-52521","1":"product","2":"type-product","3":"status-publish","4":"has-post-thumbnail","6":"product_cat-twitch-fr","7":"product_tag-achat-de-telespectateurs","8":"product_tag-acheter-des-spectateurs-en-direct-sur-twitch","9":"product_tag-acheter-des-spectateurs-twitch-fr-2","10":"product_tag-acheter-des-spectateurs-twitch","11":"product_tag-acheter-des-telespectateurs","12":"product_tag-les-telespectateurs-de-twitch","13":"product_tag-les-telespectateurs-de-twitch-fr-2","14":"product_tag-twich-live-stream-fr","15":"product_tag-vues-en-direct","16":"product_tag-vues-en-direct-de-twitch","17":"desktop-align-center","18":"tablet-align-center","19":"mobile-align-center","20":"ast-product-gallery-layout-first-image-large","21":"ast-product-gallery-with-no-image","22":"ast-magnify-disabled","23":"ast-product-single-variable","24":"ast-product-tabs-layout-horizontal","26":"first","27":"instock","28":"sale","29":"taxable","30":"shipping-taxable","31":"purchasable","32":"product-type-variable"},"_links":{"self":[{"href":"https:\/\/www.likes-kopen.nl\/fr\/wp-json\/wp\/v2\/product\/52521","targetHints":{"allow":["GET"]}}],"collection":[{"href":"https:\/\/www.likes-kopen.nl\/fr\/wp-json\/wp\/v2\/product"}],"about":[{"href":"https:\/\/www.likes-kopen.nl\/fr\/wp-json\/wp\/v2\/types\/product"}],"replies":[{"embeddable":true,"href":"https:\/\/www.likes-kopen.nl\/fr\/wp-json\/wp\/v2\/comments?post=52521"}],"wp:featuredmedia":[{"embeddable":true,"href":"https:\/\/www.likes-kopen.nl\/fr\/wp-json\/wp\/v2\/media\/49310"}],"wp:attachment":[{"href":"https:\/\/www.likes-kopen.nl\/fr\/wp-json\/wp\/v2\/media?parent=52521"}],"wp:term":[{"taxonomy":"product_brand","embeddable":true,"href":"https:\/\/www.likes-kopen.nl\/fr\/wp-json\/wp\/v2\/product_brand?post=52521"},{"taxonomy":"product_cat","embeddable":true,"href":"https:\/\/www.likes-kopen.nl\/fr\/wp-json\/wp\/v2\/product_cat?post=52521"},{"taxonomy":"product_tag","embeddable":true,"href":"https:\/\/www.likes-kopen.nl\/fr\/wp-json\/wp\/v2\/product_tag?post=52521"}],"curies":[{"name":"wp","href":"https:\/\/api.w.org\/{rel}","templated":true}]}}