{"id":52492,"date":"2021-09-04T05:05:37","date_gmt":"2021-09-04T04:05:37","guid":{"rendered":"https:\/\/www.likes-kopen.nl\/product\/linkedin-likes-felicitations-%f0%9f%91%8f\/"},"modified":"2025-01-18T16:07:47","modified_gmt":"2025-01-18T15:07:47","slug":"linkedin-likes-congratulations","status":"publish","type":"product","link":"https:\/\/www.likes-kopen.nl\/fr\/linkedin-likes-congratulations\/","title":{"rendered":"Linkedin Likes (F\u00e9licitations \ud83d\udc4f) Acheter"},"content":{"rendered":"<p>REMARQUE : Ce service peut violer les directives de Linkedin. Par cons\u00e9quent, commande \u00e0 tes propres risques.<\/p>\n<p>&nbsp;<\/p>\n<p>Le temps de d\u00e9marrage est compris entre 24 et 48 heures. Apr\u00e8s cela, les go\u00fbts command\u00e9s viennent tout doucement.<\/p>\n<h2>F\u00e9licitations \ud83d\udc4f acheter des likes pour le message Linkedin.<\/h2>\n<p>Sur <a href=\"https:\/\/www.likes-kopen.nl\/linkedin\/\">Linkedin<\/a>, un post peut \u00eatre aim\u00e9 ou trouv\u00e9 int\u00e9ressant. Tu peux aussi f\u00e9liciter quelqu&rsquo;un. Pour ce faire, clique sur f\u00e9liciter. On les appelle aussi des \u00ab\u00a0likes\u00a0\u00bb de f\u00e9licitations. Lorsque les gens trouvent un post heureux, le post devient plus facile \u00e0 trouver et est donc vu plus souvent. De plus, cela attire plus l&rsquo;attention car plus de gens l&rsquo;aiment. Cela renforce \u00e9galement la valeur du contenu car si de nombreuses personnes le f\u00e9licitent, il doit avoir de la valeur.<\/p>\n<p>&nbsp;<\/p>\n<h2>Applications commerciales<\/h2>\n<p>Le canal de m\u00e9dias sociaux est principalement orient\u00e9 vers les entreprises, et lorsque tu veux booster ta propre entreprise, cela ne fait certainement pas de mal d&rsquo;acheter des likes Linkedin. Fais en sorte que ton message soit f\u00e9licit\u00e9 par plus de personnes, car il renforce l&rsquo;image de ton entreprise. Si tu veux donner toi-m\u00eame un autre bon coup de pouce au profil de ton entreprise, tu peux aussi nous <a href=\"https:\/\/www.likes-kopen.nl\/linkedin-volgers-kopen\/\">commander des followers Linkedin<\/a>!<\/p>\n<p>&nbsp;<\/p>\n<h2>Autres caract\u00e9ristiques<\/h2>\n<p>Les likes (f\u00e9licitations) proviennent des utilisateurs mondiaux de Linkedin. Les likes sont permanents. Bien s\u00fbr, tu recevras une facture de TVA avec chaque commande pour que tu puisses aussi traiter l&rsquo;achat dans ta comptabilit\u00e9.<\/p>\n","protected":false},"excerpt":{"rendered":"<p>Donne un coup de pouce instantan\u00e9 \u00e0 ton post linkedin avec ces likes Linkedin (F\u00e9licitations \ud83d\udc4f).<\/p>\n","protected":false},"featured_media":49304,"comment_status":"open","ping_status":"closed","template":"","meta":{"site-sidebar-layout":"default","site-content-layout":"default","ast-site-content-layout":"default","site-content-style":"default","site-sidebar-style":"default","ast-global-header-display":"","ast-banner-title-visibility":"","ast-main-header-display":"","ast-hfb-above-header-display":"","ast-hfb-below-header-display":"","ast-hfb-mobile-header-display":"","site-post-title":"","ast-breadcrumbs-content":"","ast-featured-img":"","footer-sml-layout":"","ast-disable-related-posts":"","theme-transparent-header-meta":"default","adv-header-id-meta":"","stick-header-meta":"default","header-above-stick-meta":"","header-main-stick-meta":"","header-below-stick-meta":"","astra-migrate-meta-layouts":"default","ast-page-background-enabled":"default","ast-page-background-meta":{"desktop":{"background-color":"","background-image":"","background-repeat":"repeat","background-position":"center center","background-size":"auto","background-attachment":"scroll","background-type":"","background-media":"","overlay-type":"","overlay-color":"","overlay-opacity":"","overlay-gradient":""},"tablet":{"background-color":"","background-image":"","background-repeat":"repeat","background-position":"center center","background-size":"auto","background-attachment":"scroll","background-type":"","background-media":"","overlay-type":"","overlay-color":"","overlay-opacity":"","overlay-gradient":""},"mobile":{"background-color":"","background-image":"","background-repeat":"repeat","background-position":"center center","background-size":"auto","background-attachment":"scroll","background-type":"","background-media":"","overlay-type":"","overlay-color":"","overlay-opacity":"","overlay-gradient":""}},"ast-content-background-meta":{"desktop":{"background-color":"var(--ast-global-color-5)","background-image":"","background-repeat":"repeat","background-position":"center center","background-size":"auto","background-attachment":"scroll","background-type":"","background-media":"","overlay-type":"","overlay-color":"","overlay-opacity":"","overlay-gradient":""},"tablet":{"background-color":"var(--ast-global-color-5)","background-image":"","background-repeat":"repeat","background-position":"center center","background-size":"auto","background-attachment":"scroll","background-type":"","background-media":"","overlay-type":"","overlay-color":"","overlay-opacity":"","overlay-gradient":""},"mobile":{"background-color":"var(--ast-global-color-5)","background-image":"","background-repeat":"repeat","background-position":"center center","background-size":"auto","background-attachment":"scroll","background-type":"","background-media":"","overlay-type":"","overlay-color":"","overlay-opacity":"","overlay-gradient":""}}},"product_brand":[],"product_cat":[773],"product_tag":[],"class_list":{"0":"post-52492","1":"product","2":"type-product","3":"status-publish","4":"has-post-thumbnail","6":"product_cat-linkedin-fr","7":"desktop-align-center","8":"tablet-align-center","9":"mobile-align-center","10":"ast-product-gallery-layout-first-image-large","11":"ast-product-gallery-with-no-image","12":"ast-magnify-disabled","13":"ast-product-single-variable","14":"ast-product-tabs-layout-horizontal","16":"first","17":"outofstock","18":"taxable","19":"shipping-taxable","20":"product-type-variable"},"_links":{"self":[{"href":"https:\/\/www.likes-kopen.nl\/fr\/wp-json\/wp\/v2\/product\/52492","targetHints":{"allow":["GET"]}}],"collection":[{"href":"https:\/\/www.likes-kopen.nl\/fr\/wp-json\/wp\/v2\/product"}],"about":[{"href":"https:\/\/www.likes-kopen.nl\/fr\/wp-json\/wp\/v2\/types\/product"}],"replies":[{"embeddable":true,"href":"https:\/\/www.likes-kopen.nl\/fr\/wp-json\/wp\/v2\/comments?post=52492"}],"wp:featuredmedia":[{"embeddable":true,"href":"https:\/\/www.likes-kopen.nl\/fr\/wp-json\/wp\/v2\/media\/49304"}],"wp:attachment":[{"href":"https:\/\/www.likes-kopen.nl\/fr\/wp-json\/wp\/v2\/media?parent=52492"}],"wp:term":[{"taxonomy":"product_brand","embeddable":true,"href":"https:\/\/www.likes-kopen.nl\/fr\/wp-json\/wp\/v2\/product_brand?post=52492"},{"taxonomy":"product_cat","embeddable":true,"href":"https:\/\/www.likes-kopen.nl\/fr\/wp-json\/wp\/v2\/product_cat?post=52492"},{"taxonomy":"product_tag","embeddable":true,"href":"https:\/\/www.likes-kopen.nl\/fr\/wp-json\/wp\/v2\/product_tag?post=52492"}],"curies":[{"name":"wp","href":"https:\/\/api.w.org\/{rel}","templated":true}]}}