{"id":52470,"date":"2022-02-16T12:55:33","date_gmt":"2022-02-16T11:55:33","guid":{"rendered":"https:\/\/www.likes-kopen.nl\/product\/100-dad-ad-ades-dinstagram-reels\/"},"modified":"2025-01-18T16:09:19","modified_gmt":"2025-01-18T15:09:19","slug":"vrais-adeptes-dinstagram","status":"publish","type":"product","link":"https:\/\/www.likes-kopen.nl\/fr\/vrais-adeptes-dinstagram\/","title":{"rendered":"100% Real Instagram Followers Buy With <span style=\"color : #ae60e1 ;\">Livraison instantan\u00e9e<\/span> \ud83d\ude80  "},"content":{"rendered":"<p>Selon les conditions d&rsquo;utilisation d&rsquo;Instagram, tu n&rsquo;as pas le droit d&rsquo;acheter des followers. La commande se fait donc \u00e0 tes propres risques.<\/p>\n<h2>Acheter des followers Instagram 100% r\u00e9els<\/h2>\n<p>Tu veux acheter des followers Instagram 100% r\u00e9els et de haute qualit\u00e9 ? Alors tu es venue au bon endroit ! Tu ne pourras pas trouver une meilleure qualit\u00e9 sur Internet ! Ce sont des adeptes d&rsquo;Europe et des \u00c9tats-Unis.<\/p>\n<h2>100% de followers r\u00e9els et actifs<\/h2>\n<p>Tu l&rsquo;as bien lu ! Ce sont des adeptes 100% r\u00e9els et actifs d&rsquo;Europe\/des \u00c9tats-Unis. Tu ne peux pas faire mieux. La diff\u00e9rence entre les faux et les vrais followers est un monde de diff\u00e9rence. Les vrais followers interagissent aussi avec toi. Tu peux donc aussi obtenir des likes, des r\u00e9actions et des vues. Tu obtiens une protection d&rsquo;achat compl\u00e8te lorsque tu ach\u00e8tes des followers et des likes chez nous. Cela te donne 60 jours de temps de r\u00e9flexion et tu peux te faire rembourser si tu n&rsquo;es pas satisfait.<\/p>\n<h2>Inconv\u00e9nients pour les entreprises n\u00e9erlandaises, les influenceurs et les traders professionnels.<\/h2>\n<p>Selon <a href=\"https:\/\/www.acm.nl\/nl\" target=\"_blank\" rel=\"noopener\">Authority Consumer &amp;<\/a> Market (ACM), il n&rsquo;est pas correct que les entreprises, les influenceurs et les professionnels n\u00e9erlandais ach\u00e8tent des followers, des likes ou des vues pour les m\u00e9dias sociaux. C&rsquo;est parce qu&rsquo;ACM pense que cela peut induire les consommateurs en erreur. Si des entreprises, des influenceurs ou des traders professionnels le font, ils peuvent \u00eatre en infraction. Officiellement, acheter des followers, des vues et des likes est contraire aux directives de ces plateformes. ACM te rappelle donc de consulter les politiques des diff\u00e9rentes plateformes de m\u00e9dias sociaux. Sache que tu vas de toute fa\u00e7on \u00e0 l&rsquo;encontre des r\u00e8gles des plateformes si tu ach\u00e8tes des followers Instagram 100% r\u00e9els avec un compte professionnel.<\/p>\n<h2>Aucune garantie de stabilit\u00e9<\/h2>\n<p>Nous aimerions garantir la stabilit\u00e9 mais ce n&rsquo;est malheureusement pas possible. Nous faisons toujours de notre mieux pour fournir des followers Instagram de la meilleure qualit\u00e9 possible, mais c&rsquo;est \u00e0 Instagram de d\u00e9cider ce qu&rsquo;il fait de ces followers. Un probl\u00e8me connu est que les adeptes tombent et sont donc retir\u00e9s ou supprim\u00e9s. M\u00eame si tu n&rsquo;as pas achet\u00e9 de followers, les followers peuvent toujours se d\u00e9sister. Malheureusement, cela vient d&rsquo;Instagram. Nous ne pouvons donc pas te garantir la stabilit\u00e9. Les adeptes peuvent donc toujours diminuer. Le nombre de personnes qui pourraient potentiellement tomber est tr\u00e8s diff\u00e9rent. Certains acheteurs n&rsquo;en sont absolument pas affect\u00e9s et d&rsquo;autres perdent encore 20%.<\/p>\n<h2>Caract\u00e9ristiques de ce produit<\/h2>\n<p>Ici, nous avons bri\u00e8vement \u00e9num\u00e9r\u00e9 les caract\u00e9ristiques g\u00e9n\u00e9rales pour toi.<\/p>\n<ul>\n<li>Tu as juste besoin de ton nom de profil.<\/li>\n<li>Nous avons la garantie de livrer le nombre command\u00e9.<\/li>\n<li><a href=\"https:\/\/www.likes-kopen.nl\/instagram-volgers-kopen\/\">Acheter<\/a> plus de <a href=\"https:\/\/www.likes-kopen.nl\/instagram-volgers-kopen\/\">followers Instagram<\/a>, c&rsquo;est plus de r\u00e9duction.<\/li>\n<li>100% d&rsquo;adeptes r\u00e9els et actifs d&rsquo;Europe\/USA<\/li>\n<li>Cr\u00e9e un compte gratuit et \u00e9conomise automatiquement pour obtenir des r\u00e9ductions !<\/li>\n<li>Le d\u00e9lai de livraison d\u00e9pend de la quantit\u00e9. Tu trouveras plus d&rsquo;informations \u00e0 ce sujet dans la rubrique D\u00e9lai de livraison.<\/li>\n<\/ul>\n<h2>Commande rapide et facile<\/h2>\n<p>Est-ce que c&rsquo;est vraiment aussi rapide et facile que nous le promettons ? Oui ! Tout ce dont nous avons besoin pour t&rsquo;obtenir des followers Instagram est le lien ou le nom de profil de ton compte Instagram. Ensuite, tu choisis le nombre de followers Instagram que tu veux acheter, et tu passes la commande.<\/p>\n<h2>D\u00e9lai et vitesse de livraison<\/h2>\n<p>Le d\u00e9lai de livraison d\u00e9pend du nombre, et de ton profil. On ne lance pas 2 000 followers en 1 jour quand on a un profil avec 5 followers. C&rsquo;est parce que nous jouons la s\u00e9curit\u00e9 et ne voulons pas que ton compte soit banni. Nous v\u00e9rifions donc toujours ton profil avant de livrer. Le d\u00e9lai moyen de livraison est d&rsquo;environ 100-200 followers en un jour pour la plupart des profils. Les grands profils avec plus de 10K nous pouvons fournir des followers plus rapidement, de mani\u00e8re responsable.<\/p>\n<h2>Mon profil doit-il \u00eatre public ?<\/h2>\n<p>Oui, ton profil doit \u00eatre public pour recevoir des followers. Assure-toi donc que ton compte est public et qu&rsquo;il n&rsquo;est pas r\u00e9gl\u00e9 sur priv\u00e9. Tu peux facilement v\u00e9rifier et ajuster cela sous Param\u00e8tres\/\u00c9dition du profil, si n\u00e9cessaire.<\/p>\n<p><img decoding=\"async\" src=\"https:\/\/www.likes-kopen.nl\/wp-content\/uploads\/\/2014\/07\/instagram-profiel-op-prive.jpg\" alt=\"instagram-profile-on-private\"><img decoding=\"async\" src=\"https:\/\/www.likes-kopen.nl\/wp-content\/uploads\/\/2014\/07\/instagram-profiel-openbaar.jpg\" alt=\"instagram-profil-public\"><\/p>\n<h2>Syst\u00e8me de points d&rsquo;\u00e9pargne<\/h2>\n<p>Avec chaque commande, tu peux gagner des points de fid\u00e9lit\u00e9 gr\u00e2ce \u00e0 notre <a href=\"https:\/\/www.likes-kopen.nl\/vip-club\/\">syst\u00e8me de points de fid\u00e9lit\u00e9<\/a>. Le nombre de points est indiqu\u00e9 pour chaque produit sur le bouton \u00ab\u00a0Ajouter au panier\u00a0\u00bb. Tu dois t&rsquo;inscrire pour cela, ce qui est gratuit, et peut \u00eatre fait pendant le paiement. Cr\u00e9er un compte te fait d\u00e9j\u00e0 gagner des points ! Tu peux \u00e9changer ces points de fid\u00e9lit\u00e9 pour obtenir une r\u00e9duction lors de ta (prochaine) commande. C&rsquo;est toujours agr\u00e9able ! Tu obtiens simplement ces points de fid\u00e9lit\u00e9 gratuitement avec ta commande et tu n&rsquo;as rien \u00e0 faire pour les obtenir. Lorsque tu es connect\u00e9e, tu peux choisir d&rsquo;\u00e9changer les points contre des r\u00e9ductions lors du processus de commande. Si tu as accumul\u00e9 suffisamment de points, tu peux m\u00eame obtenir des followers Instagram gratuits ! Inscris-toi maintenant et obtiens les 50 premiers points gratuitement !<\/p>\n<h2>Booste ton profil insta<\/h2>\n<p>Ces nouveaux followers donnent litt\u00e9ralement un \u00e9norme coup de pouce \u00e0 ton compte. C&rsquo;est le plus grand nombre de suiveurs que nous vendons. Tu veux encore plus que 50 000 followers ? Tu peux aussi le faire ! Tout est possible ! Juste ce dont tu as besoin = tu demandes, nous tournons !<\/p>\n<p>Il existe des conseils g\u00e9n\u00e9raux que tu peux appliquer pour gagner plus de followers sur Instagram. Mais en raison de l&rsquo;algorithme changeant sur Instagram, cela se fait assez lentement. Plus t\u00f4t, tu as atteint un public plus large. Apr\u00e8s le dernier changement d&rsquo;algorithme, cela a radicalement chang\u00e9. Tu as probablement rencontr\u00e9 ce probl\u00e8me aussi. Maintenant, tu n&rsquo;atteins que 10% de tes followers r\u00e9els. Donc avec cette croissance \u00e0 +25 000 followers, tu atteins \u00e0 nouveau plus de personnes. Normalement, il te faut beaucoup de temps pour atteindre ce num\u00e9ro. Maintenant&#8230;. 1-5 jours !<\/p>\n<h2>Combien de followers dois-je choisir ?<\/h2>\n<p>Ce choix d\u00e9pend enti\u00e8rement de toi. Nous proposons une large gamme de produits. Les chiffres que nous proposons en termes de followers Instagram sont les suivants : 250,500,1000,2000,5000,10.000 volgers. Nous te laissons enti\u00e8rement libre de d\u00e9cider quel est le bon num\u00e9ro pour toi. Bien s\u00fbr, cela d\u00e9pend aussi du nombre actuel de tes followers. Si tu as d\u00e9j\u00e0 13 000 followers, alors 250 ne sera pas vraiment utile. Tu seras alors plus enclin \u00e0 opter pour 2 000 et, apr\u00e8s un certain temps, pour 5 000 autres.<\/p>\n<h2>Pourquoi acheter des followers Instagram 100% r\u00e9els ?<\/h2>\n<p>La premi\u00e8re \u00e9tape a d\u00e9j\u00e0 \u00e9t\u00e9 franchie, tu as atterri sur cette page. Ton int\u00e9r\u00eat est donc piqu\u00e9. Quelles sont les options ? Le choix est vaste ! Il n&rsquo;est pas seulement possible d&rsquo;acheter des followers Instagram mais aussi d&rsquo;<a href=\"https:\/\/www.likes-kopen.nl\/instagram-likes-kopen\/\">acheter des likes Instagram<\/a>. Tu peux commander les deux aupr\u00e8s de nous. Mais nous allons maintenant nous tourner vers les followers Instagram pendant un moment. Une croissance de tes chiffres n&rsquo;est jamais une mauvaise chose. Instagram est parfait pour \u00eatre utilis\u00e9 comme outil de marketing.<\/p>\n<p>Un profil Insta avec 1 350 followers semble naturellement plus int\u00e9ressant qu&rsquo;un profil avec 400 followers. Plus tu as de followers, mieux ton profil sera per\u00e7u par les visiteurs. Tu es donc plus int\u00e9ressant \u00e0 suivre en raison de ton \u00e9norme nombre de followers. Donc quand tu d\u00e9cides d&rsquo;acheter ces likes suppl\u00e9mentaires, tu deviens plus int\u00e9ressant pour le public. Par cons\u00e9quent, encore plus de followers Instagram gratuits suivront \u00e0 mesure que ton compte grandira. Et c&rsquo;est int\u00e9ressant !<\/p>\n","protected":false},"excerpt":{"rendered":"<p>\u2705 Acheter des followers Instagram 100% r\u00e9els ?<br \/>\n\u2b50 <strong>100% r\u00e9els et actifs<\/strong><\/p>\n<div id=\"gtx-trans\" style=\"position: absolute; left: 95px; top: 44.5px;\">\n<div class=\"gtx-trans-icon\"><\/div>\n<\/div>\n","protected":false},"featured_media":49295,"comment_status":"open","ping_status":"closed","template":"","meta":{"site-sidebar-layout":"default","site-content-layout":"default","ast-site-content-layout":"default","site-content-style":"default","site-sidebar-style":"default","ast-global-header-display":"","ast-banner-title-visibility":"","ast-main-header-display":"","ast-hfb-above-header-display":"","ast-hfb-below-header-display":"","ast-hfb-mobile-header-display":"","site-post-title":"","ast-breadcrumbs-content":"","ast-featured-img":"","footer-sml-layout":"","ast-disable-related-posts":"","theme-transparent-header-meta":"default","adv-header-id-meta":"","stick-header-meta":"default","header-above-stick-meta":"","header-main-stick-meta":"","header-below-stick-meta":"","astra-migrate-meta-layouts":"default","ast-page-background-enabled":"default","ast-page-background-meta":{"desktop":{"background-color":"","background-image":"","background-repeat":"repeat","background-position":"center center","background-size":"auto","background-attachment":"scroll","background-type":"","background-media":"","overlay-type":"","overlay-color":"","overlay-opacity":"","overlay-gradient":""},"tablet":{"background-color":"","background-image":"","background-repeat":"repeat","background-position":"center center","background-size":"auto","background-attachment":"scroll","background-type":"","background-media":"","overlay-type":"","overlay-color":"","overlay-opacity":"","overlay-gradient":""},"mobile":{"background-color":"","background-image":"","background-repeat":"repeat","background-position":"center center","background-size":"auto","background-attachment":"scroll","background-type":"","background-media":"","overlay-type":"","overlay-color":"","overlay-opacity":"","overlay-gradient":""}},"ast-content-background-meta":{"desktop":{"background-color":"var(--ast-global-color-5)","background-image":"","background-repeat":"repeat","background-position":"center center","background-size":"auto","background-attachment":"scroll","background-type":"","background-media":"","overlay-type":"","overlay-color":"","overlay-opacity":"","overlay-gradient":""},"tablet":{"background-color":"var(--ast-global-color-5)","background-image":"","background-repeat":"repeat","background-position":"center center","background-size":"auto","background-attachment":"scroll","background-type":"","background-media":"","overlay-type":"","overlay-color":"","overlay-opacity":"","overlay-gradient":""},"mobile":{"background-color":"var(--ast-global-color-5)","background-image":"","background-repeat":"repeat","background-position":"center center","background-size":"auto","background-attachment":"scroll","background-type":"","background-media":"","overlay-type":"","overlay-color":"","overlay-opacity":"","overlay-gradient":""}}},"product_brand":[],"product_cat":[555],"product_tag":[],"class_list":{"0":"post-52470","1":"product","2":"type-product","3":"status-publish","4":"has-post-thumbnail","6":"product_cat-instagram-fr","7":"desktop-align-center","8":"tablet-align-center","9":"mobile-align-center","10":"ast-product-gallery-layout-first-image-large","11":"ast-product-gallery-with-no-image","12":"ast-magnify-disabled","13":"ast-product-single-variable","14":"ast-product-tabs-layout-horizontal","16":"first","17":"outofstock","18":"taxable","19":"shipping-taxable","20":"product-type-variable","21":"has-default-attributes"},"_links":{"self":[{"href":"https:\/\/www.likes-kopen.nl\/fr\/wp-json\/wp\/v2\/product\/52470","targetHints":{"allow":["GET"]}}],"collection":[{"href":"https:\/\/www.likes-kopen.nl\/fr\/wp-json\/wp\/v2\/product"}],"about":[{"href":"https:\/\/www.likes-kopen.nl\/fr\/wp-json\/wp\/v2\/types\/product"}],"replies":[{"embeddable":true,"href":"https:\/\/www.likes-kopen.nl\/fr\/wp-json\/wp\/v2\/comments?post=52470"}],"wp:featuredmedia":[{"embeddable":true,"href":"https:\/\/www.likes-kopen.nl\/fr\/wp-json\/wp\/v2\/media\/49295"}],"wp:attachment":[{"href":"https:\/\/www.likes-kopen.nl\/fr\/wp-json\/wp\/v2\/media?parent=52470"}],"wp:term":[{"taxonomy":"product_brand","embeddable":true,"href":"https:\/\/www.likes-kopen.nl\/fr\/wp-json\/wp\/v2\/product_brand?post=52470"},{"taxonomy":"product_cat","embeddable":true,"href":"https:\/\/www.likes-kopen.nl\/fr\/wp-json\/wp\/v2\/product_cat?post=52470"},{"taxonomy":"product_tag","embeddable":true,"href":"https:\/\/www.likes-kopen.nl\/fr\/wp-json\/wp\/v2\/product_tag?post=52470"}],"curies":[{"name":"wp","href":"https:\/\/api.w.org\/{rel}","templated":true}]}}