{"id":52436,"date":"2022-02-19T00:24:17","date_gmt":"2022-02-18T23:24:17","guid":{"rendered":"https:\/\/www.likes-kopen.nl\/product\/planification-du-contenu-1-an\/"},"modified":"2023-05-20T08:44:34","modified_gmt":"2023-05-20T07:44:34","slug":"planification-du-contenu-1-an","status":"publish","type":"product","link":"https:\/\/www.likes-kopen.nl\/fr\/planification-du-contenu-1-an\/","title":{"rendered":"<strong>Dis adieu au manque de cr\u00e9ativit\u00e9 : laisse-nous cr\u00e9er ta planification de contenu !<\/strong>"},"content":{"rendered":"<p>En utilisant le <strong><br \/>\n  <a href=\"https:\/\/www.likes-kopen.nl\/fr\/produit\/planificateur-de-contenu\/\">Le Magic Content Planner\u2122 r\u00e9volutionnaire super pratique<\/a><br \/>\n<\/strong>, tu recevras un plan de contenu pour un an.<\/p>\n<p>Ensemble, lors d&rsquo;une courte conversation, nous examinons quels sont tes objectifs. Sur la base de cette conversation, nous \u00e9tablirons un plan de contenu d\u00e9taill\u00e9 pour ton profil\/entreprise.<\/p>\n<p>Cette planification du contenu va ensuite t&rsquo;aider \u00e0 atteindre tes objectifs sur les m\u00e9dias sociaux.<\/p>\n<p>Avec ce programme de contenu personnalis\u00e9 cr\u00e9\u00e9 sp\u00e9cialement pour toi, tu auras alors toujours quelque chose \u00e0 poster sur tes m\u00e9dias sociaux.<\/p>\n<p>Si n\u00e9cessaire, nous te donnerons des conseils pour publier un meilleur contenu. Et tu recevras de l&rsquo;aide pour cr\u00e9er ton premier \u00e9l\u00e9ment de contenu.<\/p>\n<h2>\u00c0 qui convient la Planification du contenu (1 an) ?<\/h2>\n<p>Faire cr\u00e9er une planification du contenu convient aux personnes qui sont ou veulent devenir des influenceurs. Et pour les entreprises qui cherchent \u00e0 utiliser les m\u00e9dias sociaux pour d\u00e9velopper leur activit\u00e9. Il convient aussi aux personnes qui n&rsquo;ont pas le temps ou la cr\u00e9ativit\u00e9 pour faire leur propre planification de contenu.<\/p>\n<h2>Qu&rsquo;est-ce que tu obtiens avec la planification du contenu \u00e0 partir de l&rsquo;achat de likes ?<\/h2>\n<p>Tu recevras un programme de contenu personnalis\u00e9 sur un an qui t&rsquo;aidera \u00e0 augmenter ta port\u00e9e sur les m\u00e9dias sociaux. De plus, tu recevras un soutien pour cr\u00e9er ton premier \u00e9l\u00e9ment de contenu. Apr\u00e8s quoi, tu apprendras \u00e0 travailler sur la cr\u00e9ation de contenu toi-m\u00eame.<\/p>\n<h2>Est-ce que je peux aussi t&rsquo;externaliser tous mes m\u00e9dias sociaux ?<\/h2>\n<p>Il est aussi possible d&rsquo;externaliser compl\u00e8tement tes m\u00e9dias sociaux en se basant sur la planification du contenu. Nous n&rsquo;avons qu&rsquo;un nombre limit\u00e9 de places disponibles chaque ann\u00e9e, alors n&rsquo;h\u00e9sitez pas \u00e0 nous contacter pour conna\u00eetre les options.<\/p>\n<h2>Puis-je aussi cr\u00e9er mon propre calendrier de contenu ?<\/h2>\n<p>Oui, tu peux aussi facilement cr\u00e9er ton propre planning de contenu. Tu peux le faire en utilisant le r\u00e9volutionnaire <strong><br \/>\n  <a href=\"https:\/\/www.likes-kopen.nl\/fr\/produit\/planificateur-de-contenu\/\">Magic Content Planner\u2122<\/a><br \/>\n<\/strong> \u00e0 t\u00e9l\u00e9charger sur le site Web. Tu peux le t\u00e9l\u00e9charger directement.<\/p>\n","protected":false},"excerpt":{"rendered":"<p>En utilisant le Le Magic Content Planner\u2122 r\u00e9volutionnaire super pratique , tu recevras un plan de contenu pour un an. Ensemble, lors d&rsquo;une courte conversation, nous examinons quels sont tes objectifs. Sur la base de cette conversation, nous \u00e9tablirons un plan de contenu d\u00e9taill\u00e9 pour ton profil\/entreprise. Cette planification du contenu va ensuite t&rsquo;aider \u00e0 [&hellip;]<\/p>\n","protected":false},"featured_media":49135,"comment_status":"open","ping_status":"closed","template":"","meta":{"site-sidebar-layout":"default","site-content-layout":"default","ast-site-content-layout":"default","site-content-style":"default","site-sidebar-style":"default","ast-global-header-display":"","ast-banner-title-visibility":"","ast-main-header-display":"","ast-hfb-above-header-display":"","ast-hfb-below-header-display":"","ast-hfb-mobile-header-display":"","site-post-title":"","ast-breadcrumbs-content":"","ast-featured-img":"","footer-sml-layout":"","ast-disable-related-posts":"","theme-transparent-header-meta":"","adv-header-id-meta":"","stick-header-meta":"","header-above-stick-meta":"","header-main-stick-meta":"","header-below-stick-meta":"","astra-migrate-meta-layouts":"default","ast-page-background-enabled":"default","ast-page-background-meta":{"desktop":{"background-color":"","background-image":"","background-repeat":"repeat","background-position":"center center","background-size":"auto","background-attachment":"scroll","background-type":"","background-media":"","overlay-type":"","overlay-color":"","overlay-opacity":"","overlay-gradient":""},"tablet":{"background-color":"","background-image":"","background-repeat":"repeat","background-position":"center center","background-size":"auto","background-attachment":"scroll","background-type":"","background-media":"","overlay-type":"","overlay-color":"","overlay-opacity":"","overlay-gradient":""},"mobile":{"background-color":"","background-image":"","background-repeat":"repeat","background-position":"center center","background-size":"auto","background-attachment":"scroll","background-type":"","background-media":"","overlay-type":"","overlay-color":"","overlay-opacity":"","overlay-gradient":""}},"ast-content-background-meta":{"desktop":{"background-color":"var(--ast-global-color-5)","background-image":"","background-repeat":"repeat","background-position":"center center","background-size":"auto","background-attachment":"scroll","background-type":"","background-media":"","overlay-type":"","overlay-color":"","overlay-opacity":"","overlay-gradient":""},"tablet":{"background-color":"var(--ast-global-color-5)","background-image":"","background-repeat":"repeat","background-position":"center center","background-size":"auto","background-attachment":"scroll","background-type":"","background-media":"","overlay-type":"","overlay-color":"","overlay-opacity":"","overlay-gradient":""},"mobile":{"background-color":"var(--ast-global-color-5)","background-image":"","background-repeat":"repeat","background-position":"center center","background-size":"auto","background-attachment":"scroll","background-type":"","background-media":"","overlay-type":"","overlay-color":"","overlay-opacity":"","overlay-gradient":""}}},"product_brand":[],"product_cat":[697],"product_tag":[],"class_list":{"0":"post-52436","1":"product","2":"type-product","3":"status-publish","4":"has-post-thumbnail","6":"product_cat-divers","7":"desktop-align-center","8":"tablet-align-center","9":"mobile-align-center","10":"ast-product-gallery-layout-first-image-large","11":"ast-product-gallery-with-no-image","12":"ast-magnify-disabled","13":"ast-product-tabs-layout-horizontal","15":"first","16":"instock","17":"sale","18":"taxable","19":"shipping-taxable","20":"purchasable","21":"product-type-simple"},"_links":{"self":[{"href":"https:\/\/www.likes-kopen.nl\/fr\/wp-json\/wp\/v2\/product\/52436","targetHints":{"allow":["GET"]}}],"collection":[{"href":"https:\/\/www.likes-kopen.nl\/fr\/wp-json\/wp\/v2\/product"}],"about":[{"href":"https:\/\/www.likes-kopen.nl\/fr\/wp-json\/wp\/v2\/types\/product"}],"replies":[{"embeddable":true,"href":"https:\/\/www.likes-kopen.nl\/fr\/wp-json\/wp\/v2\/comments?post=52436"}],"wp:featuredmedia":[{"embeddable":true,"href":"https:\/\/www.likes-kopen.nl\/fr\/wp-json\/wp\/v2\/media\/49135"}],"wp:attachment":[{"href":"https:\/\/www.likes-kopen.nl\/fr\/wp-json\/wp\/v2\/media?parent=52436"}],"wp:term":[{"taxonomy":"product_brand","embeddable":true,"href":"https:\/\/www.likes-kopen.nl\/fr\/wp-json\/wp\/v2\/product_brand?post=52436"},{"taxonomy":"product_cat","embeddable":true,"href":"https:\/\/www.likes-kopen.nl\/fr\/wp-json\/wp\/v2\/product_cat?post=52436"},{"taxonomy":"product_tag","embeddable":true,"href":"https:\/\/www.likes-kopen.nl\/fr\/wp-json\/wp\/v2\/product_tag?post=52436"}],"curies":[{"name":"wp","href":"https:\/\/api.w.org\/{rel}","templated":true}]}}