{"id":52299,"date":"2022-02-19T00:12:25","date_gmt":"2022-02-18T23:12:25","guid":{"rendered":"https:\/\/www.likes-kopen.nl\/product\/planificateur-de-contenu-magique\/"},"modified":"2023-05-20T08:44:53","modified_gmt":"2023-05-20T07:44:53","slug":"planificateur-de-contenu","status":"publish","type":"product","link":"https:\/\/www.likes-kopen.nl\/fr\/planificateur-de-contenu\/","title":{"rendered":"<strong>Magic Content Planner\u2122 : Deviens ma\u00eetre de ton propre contenu<\/strong>"},"content":{"rendered":"<p class=\"p1\">Il s&rsquo;av\u00e8re qu&rsquo;il y a UNE CHOSE que 100% des influenceurs qui ont r\u00e9ussi sur les m\u00e9dias sociaux avaient tous en commun.<\/p>\n<p class=\"p1\">Peux-tu deviner ce que c&rsquo;est ?<\/p>\n<p class=\"p1\">C&rsquo;est presque trop simple&#8230; mais c&rsquo;est la CL\u00c9 de ta r\u00e9ussite.<\/p>\n<p class=\"p1\">La SEULE chose qu&rsquo;ils avaient tous en commun \u00e9tait la suivante&#8230;<\/p>\n<p class=\"p1\"><span class=\"s1\"><b>Ils ont TOUS utilis\u00e9 un planificateur de contenu &#8230; !<\/b><\/span><\/p>\n<p class=\"p1\">C&rsquo;est \u00e7a ! Ils sont sortis des lignes de touche et ont COMMENC\u00c9 !<\/p>\n<p class=\"p1\">Tu serais choqu\u00e9 de voir combien de personnes cr\u00e9ent un compte de m\u00e9dias sociaux puis ne font RIEN&#8230;..<\/p>\n<p class=\"p1\">Ils n&rsquo;utilisent pas de planificateurs de contenu ! Ils s&rsquo;enlisent dans la cr\u00e9ativit\u00e9&#8230;<\/p>\n<p class=\"p1\">Peut-\u00eatre que cela t&rsquo;est arriv\u00e9.<\/p>\n<p>Alors choisis maintenant de quitter la ligne de touche et de prendre les choses en main.<\/p>\n<p>Comme tous les influenceurs \u00e0 succ\u00e8s !<\/p>\n<h2>Pourquoi devrais-tu acheter le Magic Content Planner\u2122 ?<\/h2>\n<p>Tu connais le probl\u00e8me de ne pas avoir assez de cr\u00e9ativit\u00e9 pour ton nouveau post Instagram ?<\/p>\n<p>Ou que tu ne sais pas sur quoi faire porter ta prochaine vid\u00e9o YouTube ?<\/p>\n<p>Bienvenue dans le monde des planificateurs de contenu !<\/p>\n<p>Le Magic Content Planner\u2122 va r\u00e9soudre tous tes probl\u00e8mes de planification de contenu.<\/p>\n<p>Ce n&rsquo;est pas n&rsquo;importe quel planificateur de contenu&#8230;<\/p>\n<p>En fait, ce planificateur s&rsquo;assure que tu respectes vraiment ton emploi du temps !<\/p>\n<p>Avec ce planificateur, tu <strong>ne manqueras plus jamais de cr\u00e9ativit\u00e9.<\/strong><\/p>\n<p>En planifiant ton contenu \u00e0 l&rsquo;avance, tu cr\u00e9eras plus d&rsquo;espace pour la cr\u00e9ativit\u00e9.<\/p>\n<p>Cela te permettra de cr\u00e9er des contenus plus nombreux et de meilleure qualit\u00e9.<\/p>\n<p>De nombreuses personnes veulent gagner de l&rsquo;argent avec les m\u00e9dias sociaux.<\/p>\n<p>Seulement, ils ne croient pas qu&rsquo;ils peuvent le faire eux-m\u00eames.<\/p>\n<p>L&rsquo;une des plus grandes excuses que nous entendons est : \u00ab\u00a0Je ne sais pas quoi poster&#8230;\u00a0\u00bb.<\/p>\n<p>Avec le Magic Content Planner\u2122, tu t&rsquo;attaques \u00e0 deux probl\u00e8mes :<\/p>\n<ol>\n<li>Tu ne seras plus jamais \u00e0 court de cr\u00e9ativit\u00e9 pour ton prochain post\/vid\u00e9o sur les m\u00e9dias sociaux.<\/li>\n<li>Tu vas attirer plus de followers organiques parce que tu publies r\u00e9guli\u00e8rement.<\/li>\n<\/ol>\n<p><span style=\"text-decoration: underline;\"><a href=\"https:\/\/www.likes-kopen.nl\/fr\/produit\/planification-du-contenu-1-an\/\">Tu peux choisir de confier \u00e0 quelqu&rsquo;un d&rsquo;autre la planification de ton contenu pour 1 197 \u20ac.  &gt;<\/a><\/span><\/p>\n<p><strong>Ou tu choisis de le faire toi-m\u00eame pour 1\/12\u1d49 du prix !<\/strong><\/p>\n<h2>Avantages de l&rsquo;utilisation d&rsquo;un planificateur de contenu<\/h2>\n<p>Ces avantages ont \u00e9t\u00e9 mentionn\u00e9s par des influenceurs qui ont d\u00e9j\u00e0 utilis\u00e9 un planificateur :<\/p>\n<ul>\n<li>Il t&rsquo;aide \u00e0 organiser ton contenu et \u00e0 cr\u00e9er une vue d&rsquo;ensemble.<\/li>\n<li>Il t&rsquo;aide \u00e0 \u00e9laborer une strat\u00e9gie (intelligente) pour ton contenu.<\/li>\n<li>Tu peux facilement suivre la progression de tes objectifs et de ta cr\u00e9ation de contenu.<\/li>\n<li>Ton contenu est de mieux en mieux.<\/li>\n<li>La cr\u00e9ation de contenu devient plus facile et tu obtiens de la coh\u00e9rence.<\/li>\n<li>Il fait en sorte que les m\u00e9dias sociaux travaillent pour toi au lieu que tu travailles pour tes m\u00e9dias sociaux.<\/li>\n<li>Tu diras adieu \u00e0 la procrastination.<\/li>\n<li>Il t&rsquo;aide \u00e0 d\u00e9velopper tes m\u00e9dias sociaux, tes podcasts, tes vid\u00e9os ou ton blog.<\/li>\n<li>Cela facilite ta planification et ta vie.<\/li>\n<\/ul>\n<h2>\u00c0 qui est destin\u00e9 le Magic Content Planner\u2122 ?<\/h2>\n<p>Le Magic Content Planner\u2122 est con\u00e7u pour toute personne qui souhaite d\u00e9velopper sa port\u00e9e en ligne.<\/p>\n<p>Peu importe le type de contenu que tu cr\u00e9es ou la plateforme sur laquelle tu op\u00e8res.<\/p>\n<p>Que tu sois sur les m\u00e9dias sociaux, que tu aies un blog ou que tu fasses de la musique&#8230;<\/p>\n<p>Le planificateur de contenu va t&rsquo;aider \u00e0 atteindre tes objectifs et \u00e0 cr\u00e9er plus de notori\u00e9t\u00e9 en ligne.<\/p>\n<p>Le planificateur convient donc \u00e0 toute personne qui s&rsquo;occupe de n&rsquo;importe quel type de contenu.<\/p>\n<h2>Voici ce que tu obtiens<\/h2>\n<p>Tu obtiens une version num\u00e9rique du Magic Content Planner\u2122.<\/p>\n<p>Tu peux les t\u00e9l\u00e9charger et les imprimer directement apr\u00e8s avoir pass\u00e9 ta commande.<\/p>\n<p>Avec la version imprim\u00e9e du Magic Content Planner\u2122, tu peux ensuite te mettre directement au travail pour cr\u00e9er ton planning de contenu.<\/p>\n<p>Tu peux aussi choisir de confier la planification de ton contenu \u00e0 un expert, moyennant un co\u00fbt suppl\u00e9mentaire de 1 100 \u20ac.<\/p>\n<p>Choisis-tu de le faire toi-m\u00eame ?<\/p>\n<p>Alors tu ne paies qu&rsquo;un 1\/12\u1d49 du prix !<\/p>\n<p>Et ne t&rsquo;inqui\u00e8te pas, tu n&rsquo;es pas coinc\u00e9 avec quoi que ce soit.<\/p>\n<p>Apr\u00e8s tout, tu as <strong>90 jours de temps de r\u00e9flexion.<\/strong><\/p>\n<p>En gros, tu peux donc essayer le planificateur de contenu pendant 90 jours GRATUITS.<\/p>\n<p>Alors, qu&rsquo;est-ce que tu attends ?<\/p>\n<h2>Bonus suppl\u00e9mentaire (GRATUIT !!!)<\/h2>\n<p>Si tu commandes maintenant, tu recevras aussi gratuitement un aper\u00e7u annuel complet avec tous les jours (de vacances) importants de 2022 d&rsquo;une valeur de 19,99 \u20ac !<\/p>\n<p><img decoding=\"async\" class=\"size-medium wp-image-33555 aligncenter\" src=\"https:\/\/www.likes-kopen.nl\/wp-content\/uploads\/\/2022\/02\/Magic-Content-Planner-%E2%84%A2-Belangrijke-feestdagen-2022-page-001-300x225.jpg\" alt=\"Planificateur de contenu magique \u2122 Couverture des f\u00eates importantes 2022\" width=\"300\" height=\"225\"><\/p>\n<p>Avec cet aper\u00e7u annuel pratique, tu n&rsquo;oublieras plus aucun jour important. Et tu peux facilement anticiper les vacances \u00e0 venir.<\/p>\n<p>Tu peux le t\u00e9l\u00e9charger DIRECTEMENT apr\u00e8s avoir pass\u00e9 ta commande, ainsi que le <span class=\"s1\">Magic Content Planner\u2122<\/span>.<\/p>\n","protected":false},"excerpt":{"rendered":"<p>\u2b50\ufe0f Planifie facilement ton contenu avec le super pratique Magic Content Planner\u2122.<br \/>\n\ud83d\udcb0 Choisis de cr\u00e9er ta propre planification de contenu pour 1\/12\u1d49 du prix.<br \/>\n\u2b50\ufe0f  <span style=\"text-decoration: underline;\"><strong><a href=\"https:\/\/www.likes-kopen.nl\/content-planning-1-jaar\/\">Tu pr\u00e9f\u00e8res qu&rsquo;un expert cr\u00e9e ta planification de contenu ? Sous-traite-le  &gt;<\/a><\/strong><\/span><\/p>\n","protected":false},"featured_media":49173,"comment_status":"open","ping_status":"closed","template":"","meta":{"site-sidebar-layout":"default","site-content-layout":"default","ast-site-content-layout":"default","site-content-style":"default","site-sidebar-style":"default","ast-global-header-display":"","ast-banner-title-visibility":"","ast-main-header-display":"","ast-hfb-above-header-display":"","ast-hfb-below-header-display":"","ast-hfb-mobile-header-display":"","site-post-title":"","ast-breadcrumbs-content":"","ast-featured-img":"","footer-sml-layout":"","ast-disable-related-posts":"","theme-transparent-header-meta":"","adv-header-id-meta":"","stick-header-meta":"","header-above-stick-meta":"","header-main-stick-meta":"","header-below-stick-meta":"","astra-migrate-meta-layouts":"default","ast-page-background-enabled":"default","ast-page-background-meta":{"desktop":{"background-color":"","background-image":"","background-repeat":"repeat","background-position":"center center","background-size":"auto","background-attachment":"scroll","background-type":"","background-media":"","overlay-type":"","overlay-color":"","overlay-opacity":"","overlay-gradient":""},"tablet":{"background-color":"","background-image":"","background-repeat":"repeat","background-position":"center center","background-size":"auto","background-attachment":"scroll","background-type":"","background-media":"","overlay-type":"","overlay-color":"","overlay-opacity":"","overlay-gradient":""},"mobile":{"background-color":"","background-image":"","background-repeat":"repeat","background-position":"center center","background-size":"auto","background-attachment":"scroll","background-type":"","background-media":"","overlay-type":"","overlay-color":"","overlay-opacity":"","overlay-gradient":""}},"ast-content-background-meta":{"desktop":{"background-color":"var(--ast-global-color-5)","background-image":"","background-repeat":"repeat","background-position":"center center","background-size":"auto","background-attachment":"scroll","background-type":"","background-media":"","overlay-type":"","overlay-color":"","overlay-opacity":"","overlay-gradient":""},"tablet":{"background-color":"var(--ast-global-color-5)","background-image":"","background-repeat":"repeat","background-position":"center center","background-size":"auto","background-attachment":"scroll","background-type":"","background-media":"","overlay-type":"","overlay-color":"","overlay-opacity":"","overlay-gradient":""},"mobile":{"background-color":"var(--ast-global-color-5)","background-image":"","background-repeat":"repeat","background-position":"center center","background-size":"auto","background-attachment":"scroll","background-type":"","background-media":"","overlay-type":"","overlay-color":"","overlay-opacity":"","overlay-gradient":""}}},"product_brand":[],"product_cat":[697],"product_tag":[744,743],"class_list":{"0":"post-52299","1":"product","2":"type-product","3":"status-publish","4":"has-post-thumbnail","6":"product_cat-divers","7":"product_tag-magic-content-planner-fr","8":"product_tag-planificateur-de-contenu","9":"desktop-align-center","10":"tablet-align-center","11":"mobile-align-center","12":"ast-product-gallery-layout-first-image-large","13":"ast-magnify-disabled","14":"ast-product-tabs-layout-horizontal","16":"first","17":"instock","18":"sale","19":"downloadable","20":"taxable","21":"shipping-taxable","22":"purchasable","23":"product-type-simple"},"_links":{"self":[{"href":"https:\/\/www.likes-kopen.nl\/fr\/wp-json\/wp\/v2\/product\/52299","targetHints":{"allow":["GET"]}}],"collection":[{"href":"https:\/\/www.likes-kopen.nl\/fr\/wp-json\/wp\/v2\/product"}],"about":[{"href":"https:\/\/www.likes-kopen.nl\/fr\/wp-json\/wp\/v2\/types\/product"}],"replies":[{"embeddable":true,"href":"https:\/\/www.likes-kopen.nl\/fr\/wp-json\/wp\/v2\/comments?post=52299"}],"wp:featuredmedia":[{"embeddable":true,"href":"https:\/\/www.likes-kopen.nl\/fr\/wp-json\/wp\/v2\/media\/49173"}],"wp:attachment":[{"href":"https:\/\/www.likes-kopen.nl\/fr\/wp-json\/wp\/v2\/media?parent=52299"}],"wp:term":[{"taxonomy":"product_brand","embeddable":true,"href":"https:\/\/www.likes-kopen.nl\/fr\/wp-json\/wp\/v2\/product_brand?post=52299"},{"taxonomy":"product_cat","embeddable":true,"href":"https:\/\/www.likes-kopen.nl\/fr\/wp-json\/wp\/v2\/product_cat?post=52299"},{"taxonomy":"product_tag","embeddable":true,"href":"https:\/\/www.likes-kopen.nl\/fr\/wp-json\/wp\/v2\/product_tag?post=52299"}],"curies":[{"name":"wp","href":"https:\/\/api.w.org\/{rel}","templated":true}]}}