{"id":52291,"date":"2021-12-29T20:17:22","date_gmt":"2021-12-29T19:17:22","guid":{"rendered":"https:\/\/www.likes-kopen.nl\/product\/jaime-twitter-automatiquement\/"},"modified":"2025-01-21T07:40:31","modified_gmt":"2025-01-21T06:40:31","slug":"auto-twitter-likes","status":"publish","type":"product","link":"https:\/\/www.likes-kopen.nl\/fr\/auto-twitter-likes\/","title":{"rendered":"Automatic Twitter Likes Buy With <span style=\"color : #ae60e1 ;\">Instant Delivery<\/span> \ud83d\ude80  "},"content":{"rendered":"<p>Les directives de Twitter indiquent que tu ne dois pas mettre de likes artificiels sur ton post. L&rsquo;achat se fait \u00e0 tes propres risques. Twitter peut supprimer tes likes achet\u00e9s. Pour cette raison, nous ne pouvons pas te garantir le nombre de likes.<\/p>\n<h2>Ach\u00e8te des Likes Twitter automatiques pour ton Tweet<\/h2>\n<p>Tu as un message sur Twitter que tu veux faire ressortir et attirer l&rsquo;attention ? Dans ce cas, tu peux acheter des likes Twitter !<\/p>\n<p>Fais-le maintenant avec les likes automatiques de Twitter. L&rsquo;avantage ? Paye une fois \u00e0 l&rsquo;avance et re\u00e7ois des likes Twitter aussi longtemps que ta commande le permet. Choisis \u00e0 l&rsquo;avance le nombre de tweets que tu veux voir aimer automatiquement, passe \u00e0 la caisse, puis re\u00e7ois des likes automatiquement d\u00e8s que tu postes un nouveau tweet.<\/p>\n<p>&nbsp;<\/p>\n<h2>Comment recevoir des likes ?<\/h2>\n<p>Pour que ton Tweet soit automatiquement aim\u00e9 sur Twitter, nous avons seulement besoin de ton nom de profil. C&rsquo;est ton nom que tu vois derri\u00e8re le @.<\/p>\n<p>Notre syst\u00e8me scanne ensuite ton profil \u00e0 la recherche de nouveaux tweets toutes les 30 minutes. D\u00e8s que notre syst\u00e8me d\u00e9tecte un nouveau tweet, il se met imm\u00e9diatement au travail pour envoyer les likes.<\/p>\n<h2>Caract\u00e9ristiques du produit<\/h2>\n<ul>\n<li>Tu peux choisir parmi diff\u00e9rents nombres, \u00e0 partir de 25 pi\u00e8ces.<\/li>\n<li>Le d\u00e9lai de livraison est d&rsquo;environ 24 heures pour 1 000 likes.<\/li>\n<\/ul>\n<h2>Tu n&rsquo;es pas actif sur Twitter ?<\/h2>\n<p>D\u00e9couvre nos autres produits ici :<\/p>\n<ul>\n<li><a href=\"https:\/\/www.likes-kopen.nl\/instagram-volgers-kopen\/\">Acheter des followers Instagram<\/a><\/li>\n<li><a href=\"https:\/\/www.likes-kopen.nl\/instagram-likes-kopen\/\">Acheter des likes Instagram<\/a><\/li>\n<li><a href=\"https:\/\/www.likes-kopen.nl\/tiktok-volgers-kopen\/\">Acheter des followers Tiktok<\/a><\/li>\n<li><a href=\"https:\/\/www.likes-kopen.nl\/tiktok-likes-kopen\/\">Acheter Tiktok aime<\/a><\/li>\n<\/ul>\n","protected":false},"excerpt":{"rendered":"<p><span style=\"font-size: 16px;\">\u2714\ufe0f Fais en sorte que ton Tweet soit automatiquement aim\u00e9 sur Twitter<br \/>\n<\/span>\u2b50 <span style=\"font-size: 16px;\">\u00e0 partir de 25 pi\u00e8ces<br \/>\n<\/span><\/p>\n","protected":false},"featured_media":49319,"comment_status":"open","ping_status":"closed","template":"","meta":{"site-sidebar-layout":"default","site-content-layout":"default","ast-site-content-layout":"default","site-content-style":"default","site-sidebar-style":"default","ast-global-header-display":"","ast-banner-title-visibility":"","ast-main-header-display":"","ast-hfb-above-header-display":"","ast-hfb-below-header-display":"","ast-hfb-mobile-header-display":"","site-post-title":"","ast-breadcrumbs-content":"","ast-featured-img":"","footer-sml-layout":"","ast-disable-related-posts":"","theme-transparent-header-meta":"default","adv-header-id-meta":"","stick-header-meta":"default","header-above-stick-meta":"","header-main-stick-meta":"","header-below-stick-meta":"","astra-migrate-meta-layouts":"default","ast-page-background-enabled":"default","ast-page-background-meta":{"desktop":{"background-color":"","background-image":"","background-repeat":"repeat","background-position":"center center","background-size":"auto","background-attachment":"scroll","background-type":"","background-media":"","overlay-type":"","overlay-color":"","overlay-opacity":"","overlay-gradient":""},"tablet":{"background-color":"","background-image":"","background-repeat":"repeat","background-position":"center center","background-size":"auto","background-attachment":"scroll","background-type":"","background-media":"","overlay-type":"","overlay-color":"","overlay-opacity":"","overlay-gradient":""},"mobile":{"background-color":"","background-image":"","background-repeat":"repeat","background-position":"center center","background-size":"auto","background-attachment":"scroll","background-type":"","background-media":"","overlay-type":"","overlay-color":"","overlay-opacity":"","overlay-gradient":""}},"ast-content-background-meta":{"desktop":{"background-color":"var(--ast-global-color-5)","background-image":"","background-repeat":"repeat","background-position":"center center","background-size":"auto","background-attachment":"scroll","background-type":"","background-media":"","overlay-type":"","overlay-color":"","overlay-opacity":"","overlay-gradient":""},"tablet":{"background-color":"var(--ast-global-color-5)","background-image":"","background-repeat":"repeat","background-position":"center center","background-size":"auto","background-attachment":"scroll","background-type":"","background-media":"","overlay-type":"","overlay-color":"","overlay-opacity":"","overlay-gradient":""},"mobile":{"background-color":"var(--ast-global-color-5)","background-image":"","background-repeat":"repeat","background-position":"center center","background-size":"auto","background-attachment":"scroll","background-type":"","background-media":"","overlay-type":"","overlay-color":"","overlay-opacity":"","overlay-gradient":""}}},"product_brand":[],"product_cat":[729],"product_tag":[731,732],"class_list":{"0":"post-52291","1":"product","2":"type-product","3":"status-publish","4":"has-post-thumbnail","6":"product_cat-twitter-fr","7":"product_tag-faire-ressortir-un-tweet","8":"product_tag-favoris-twitter","9":"desktop-align-center","10":"tablet-align-center","11":"mobile-align-center","12":"ast-product-gallery-layout-first-image-large","13":"ast-product-gallery-with-no-image","14":"ast-magnify-disabled","15":"ast-product-single-variable","16":"ast-product-tabs-layout-horizontal","18":"first","19":"outofstock","20":"taxable","21":"shipping-taxable","22":"product-type-variable"},"_links":{"self":[{"href":"https:\/\/www.likes-kopen.nl\/fr\/wp-json\/wp\/v2\/product\/52291","targetHints":{"allow":["GET"]}}],"collection":[{"href":"https:\/\/www.likes-kopen.nl\/fr\/wp-json\/wp\/v2\/product"}],"about":[{"href":"https:\/\/www.likes-kopen.nl\/fr\/wp-json\/wp\/v2\/types\/product"}],"replies":[{"embeddable":true,"href":"https:\/\/www.likes-kopen.nl\/fr\/wp-json\/wp\/v2\/comments?post=52291"}],"wp:featuredmedia":[{"embeddable":true,"href":"https:\/\/www.likes-kopen.nl\/fr\/wp-json\/wp\/v2\/media\/49319"}],"wp:attachment":[{"href":"https:\/\/www.likes-kopen.nl\/fr\/wp-json\/wp\/v2\/media?parent=52291"}],"wp:term":[{"taxonomy":"product_brand","embeddable":true,"href":"https:\/\/www.likes-kopen.nl\/fr\/wp-json\/wp\/v2\/product_brand?post=52291"},{"taxonomy":"product_cat","embeddable":true,"href":"https:\/\/www.likes-kopen.nl\/fr\/wp-json\/wp\/v2\/product_cat?post=52291"},{"taxonomy":"product_tag","embeddable":true,"href":"https:\/\/www.likes-kopen.nl\/fr\/wp-json\/wp\/v2\/product_tag?post=52291"}],"curies":[{"name":"wp","href":"https:\/\/api.w.org\/{rel}","templated":true}]}}