{"id":52290,"date":"2022-02-19T15:44:25","date_gmt":"2022-02-19T14:44:25","guid":{"rendered":"https:\/\/www.likes-kopen.nl\/product\/suiveurs-twitch\/"},"modified":"2025-01-27T15:44:46","modified_gmt":"2025-01-27T14:44:46","slug":"acheter-des-followers-twitch","status":"publish","type":"product","link":"https:\/\/www.likes-kopen.nl\/fr\/acheter-des-followers-twitch\/","title":{"rendered":"Acheter des followers Twitch \ud83d\ude80"},"content":{"rendered":"<p>Booste ta cha\u00eene Twitch en achetant des followers Twitch !<\/p>\n<h2>Pourquoi acheter des followers Twitch ?<\/h2>\n<p>Acheter des followers Twitch peut donner un coup de pouce gigantesque \u00e0 ta cha\u00eene. Apr\u00e8s tout, un profil qui a plus de followers semble plus populaire et donc plus attrayant pour les nouveaux followers.<\/p>\n<p>Si tu veux grandir sur Twitch, tu as besoin de plus de followers. Et l&rsquo;achat de followers Twitch te permet de donner un coup de pouce \u00e0 ton profil dans la bonne direction ! Dans tous les cas, plus de followers Twitch sont m\u00eame ind\u00e9niables pour une croissance suppl\u00e9mentaire.<\/p>\n<h2>Comment fonctionne l&rsquo;achat de followers Twitch ?<\/h2>\n<p>Une fois que tu as pr\u00e9cis\u00e9 le nombre de followers que tu veux \u00ab\u00a0envoyer\u00a0\u00bb \u00e0 ta cha\u00eene Twitch et que tu as termin\u00e9 ta commande, nous commencerons \u00e0 travailler pour toi imm\u00e9diatement. Nous faisons ensuite la promotion de ta cha\u00eene sur un grand r\u00e9seau. Par cons\u00e9quent, diff\u00e9rents adeptes de Twitch commenceront \u00e0 suivre ta cha\u00eene.<\/p>\n<p>Une fois que le nombre de followers que tu as command\u00e9 est atteint, nous t&rsquo;informerons que ta commande a \u00e9t\u00e9 livr\u00e9e. Tu peux donc maintenant profiter d&rsquo;une cha\u00eene Twitch avec instantan\u00e9ment plus de followers.<\/p>\n<h2>Quel genre de suiveurs vais-je obtenir ?<\/h2>\n<p>Les followers qui suivront ta cha\u00eene Twitch sont tous issus de profils r\u00e9els. Nous ne g\u00e9rons pas ces profils. Nous ne pouvons donc pas non plus supprimer les suiveurs apr\u00e8s ta commande.<\/p>\n<p>Le but de ces profils est principalement de faire augmenter le nombre de followers sur ton profil. Nous ne regardons donc pas tellement la qualit\u00e9 des profils, mais plut\u00f4t leur durabilit\u00e9. Cela signifie : combien de temps cet adepte va-t-il continuer \u00e0 te suivre. D&rsquo;apr\u00e8s notre exp\u00e9rience, ces profils suivent essentiellement ta cha\u00eene pour toujours.<\/p>\n<h2>Acheter des followers Twitch est-il s\u00fbr ?<\/h2>\n<p>Acheter des followers Twitch est absolument s\u00fbr. Nous ne transmettons jamais tes donn\u00e9es \u00e0 Twitch ou \u00e0 d&rsquo;autres parties similaires. Ainsi, Twitch ne d\u00e9couvrira jamais que tu ach\u00e8tes des followers Twitch chez nous. D&rsquo;ailleurs, il ne nous est jamais arriv\u00e9 qu&rsquo;un compte soit bloqu\u00e9.<\/p>\n<p>De plus, tu b\u00e9n\u00e9ficies d&rsquo;une garantie de satisfaction de 90 jours sur toutes tes commandes. Le risque est donc enti\u00e8rement le n\u00f4tre !<\/p>\n<h2>Puis-je aussi commander des vues en direct de Twitch ?<\/h2>\n<p>Tu peux aussi commander des vues en direct de Twitch aupr\u00e8s de nous. Tu peux faire cela \u00e0 partir d&rsquo;aussi peu que 30 minutes de visionnage ! Tu peux les ajouter en s\u00e9lectionnant le num\u00e9ro des suiveurs sous la rubrique : \u00ab\u00a0OUI ! Ajoute aussi des vues en direct (30 min) !<\/p>\n<h2>Puis-je aussi booster d&rsquo;autres canaux de m\u00e9dias sociaux ?<\/h2>\n<p>Oui, par exemple, si tu es \u00e9galement actif sur YouTube, tu peux obtenir <span style=\"text-decoration: underline;\"><br \/>\n  <a href=\"https:\/\/www.likes-kopen.nl\/youtube-abonnees-kopen\/\">des abonn\u00e9s pour ta cha\u00eene<\/a><br \/>\n<\/span>  Es-tu active sur Instagram ? Ensuite, assure-toi de jeter un coup d&rsquo;\u0153il aux <span style=\"text-decoration: underline;\"><a href=\"https:\/\/www.likes-kopen.nl\/instagram-volgers-kopen\/\">followers Instagram<\/a>.<\/span><\/p>\n<div id=\"gtx-trans\" style=\"position: absolute; left: 255px; top: 954.336px;\">\n<div class=\"gtx-trans-icon\"><\/div>\n<\/div>\n","protected":false},"excerpt":{"rendered":"<p>Booste ta cha\u00eene Twitch en achetant des followers Twitch ! Pourquoi acheter des followers Twitch ? Acheter des followers Twitch peut donner un coup de pouce gigantesque \u00e0 ta cha\u00eene. Apr\u00e8s tout, un profil qui a plus de followers semble plus populaire et donc plus attrayant pour les nouveaux followers. Si tu veux grandir sur [&hellip;]<\/p>\n","protected":false},"featured_media":49310,"comment_status":"open","ping_status":"closed","template":"","meta":{"site-sidebar-layout":"default","site-content-layout":"default","ast-site-content-layout":"default","site-content-style":"default","site-sidebar-style":"default","ast-global-header-display":"","ast-banner-title-visibility":"","ast-main-header-display":"","ast-hfb-above-header-display":"","ast-hfb-below-header-display":"","ast-hfb-mobile-header-display":"","site-post-title":"","ast-breadcrumbs-content":"","ast-featured-img":"","footer-sml-layout":"","ast-disable-related-posts":"","theme-transparent-header-meta":"default","adv-header-id-meta":"","stick-header-meta":"default","header-above-stick-meta":"","header-main-stick-meta":"","header-below-stick-meta":"","astra-migrate-meta-layouts":"set","ast-page-background-enabled":"default","ast-page-background-meta":{"desktop":{"background-color":"","background-image":"","background-repeat":"repeat","background-position":"center center","background-size":"auto","background-attachment":"scroll","background-type":"","background-media":"","overlay-type":"","overlay-color":"","overlay-opacity":"","overlay-gradient":""},"tablet":{"background-color":"","background-image":"","background-repeat":"repeat","background-position":"center center","background-size":"auto","background-attachment":"scroll","background-type":"","background-media":"","overlay-type":"","overlay-color":"","overlay-opacity":"","overlay-gradient":""},"mobile":{"background-color":"","background-image":"","background-repeat":"repeat","background-position":"center center","background-size":"auto","background-attachment":"scroll","background-type":"","background-media":"","overlay-type":"","overlay-color":"","overlay-opacity":"","overlay-gradient":""}},"ast-content-background-meta":{"desktop":{"background-color":"var(--ast-global-color-5)","background-image":"","background-repeat":"repeat","background-position":"center center","background-size":"auto","background-attachment":"scroll","background-type":"","background-media":"","overlay-type":"","overlay-color":"","overlay-opacity":"","overlay-gradient":""},"tablet":{"background-color":"var(--ast-global-color-5)","background-image":"","background-repeat":"repeat","background-position":"center center","background-size":"auto","background-attachment":"scroll","background-type":"","background-media":"","overlay-type":"","overlay-color":"","overlay-opacity":"","overlay-gradient":""},"mobile":{"background-color":"var(--ast-global-color-5)","background-image":"","background-repeat":"repeat","background-position":"center center","background-size":"auto","background-attachment":"scroll","background-type":"","background-media":"","overlay-type":"","overlay-color":"","overlay-opacity":"","overlay-gradient":""}}},"product_brand":[],"product_cat":[727],"product_tag":[730,728],"class_list":{"0":"post-52290","1":"product","2":"type-product","3":"status-publish","4":"has-post-thumbnail","6":"product_cat-twitch-fr","7":"product_tag-acheter-des-followers-twitch","8":"product_tag-suiveurs-twitch","9":"desktop-align-center","10":"tablet-align-center","11":"mobile-align-center","12":"ast-product-gallery-layout-first-image-large","13":"ast-product-gallery-with-no-image","14":"ast-magnify-disabled","15":"ast-product-single-variable","16":"ast-product-tabs-layout-horizontal","18":"first","19":"instock","20":"sale","21":"taxable","22":"shipping-taxable","23":"purchasable","24":"product-type-variable"},"_links":{"self":[{"href":"https:\/\/www.likes-kopen.nl\/fr\/wp-json\/wp\/v2\/product\/52290","targetHints":{"allow":["GET"]}}],"collection":[{"href":"https:\/\/www.likes-kopen.nl\/fr\/wp-json\/wp\/v2\/product"}],"about":[{"href":"https:\/\/www.likes-kopen.nl\/fr\/wp-json\/wp\/v2\/types\/product"}],"replies":[{"embeddable":true,"href":"https:\/\/www.likes-kopen.nl\/fr\/wp-json\/wp\/v2\/comments?post=52290"}],"wp:featuredmedia":[{"embeddable":true,"href":"https:\/\/www.likes-kopen.nl\/fr\/wp-json\/wp\/v2\/media\/49310"}],"wp:attachment":[{"href":"https:\/\/www.likes-kopen.nl\/fr\/wp-json\/wp\/v2\/media?parent=52290"}],"wp:term":[{"taxonomy":"product_brand","embeddable":true,"href":"https:\/\/www.likes-kopen.nl\/fr\/wp-json\/wp\/v2\/product_brand?post=52290"},{"taxonomy":"product_cat","embeddable":true,"href":"https:\/\/www.likes-kopen.nl\/fr\/wp-json\/wp\/v2\/product_cat?post=52290"},{"taxonomy":"product_tag","embeddable":true,"href":"https:\/\/www.likes-kopen.nl\/fr\/wp-json\/wp\/v2\/product_tag?post=52290"}],"curies":[{"name":"wp","href":"https:\/\/api.w.org\/{rel}","templated":true}]}}