{"id":52287,"date":"2021-08-23T12:46:34","date_gmt":"2021-08-23T11:46:34","guid":{"rendered":"https:\/\/www.likes-kopen.nl\/product\/impressions-instagram\/"},"modified":"2025-01-27T06:08:50","modified_gmt":"2025-01-27T05:08:50","slug":"instagram-impressions-achat","status":"publish","type":"product","link":"https:\/\/www.likes-kopen.nl\/fr\/instagram-impressions-achat\/","title":{"rendered":"Impressions Instagram Acheter \ud83d\ude80"},"content":{"rendered":"<p>Il y a un risque \u00e0 acheter des impressions Instagram, car cela va \u00e0 l&rsquo;encontre des directives d&rsquo;Instagram.<\/p>\n<h2>Impressions sur Instagram<\/h2>\n<p>Obtenir des impressions est d\u00e9licat mais d&rsquo;une grande valeur. Lorsque ta vid\u00e9o a 7600 impressions, elle est \u00e9videmment plus belle que 2600. Ta popularit\u00e9 augmente et en plus, cela a aussi un effet positif sur ton image. Tu peux avoir tellement de followers, mais en raison du changement d&rsquo;algorithme sur Instagram, tu ne pourras pas tous les atteindre. Pour \u00e9tablir une bonne image, tes photos et tes vid\u00e9os doivent \u00eatre en accord avec le nombre de followers. Avec la croissance des impressions, tu peux obtenir la bonne quantit\u00e9 d&rsquo;impressions \u00e0 peu de frais et rapidement. Nous avons des quantit\u00e9s diff\u00e9rentes dans les impressions.<\/p>\n<p>&nbsp;<\/p>\n<h2>Comment obtenir le lien Instagram ?<\/h2>\n<p>Via le <strong>mobile ou la tablette<\/strong>: Ouvre l&rsquo;application Instagram sur ton t\u00e9l\u00e9phone et fais d\u00e9filer ton profil jusqu&rsquo;\u00e0 ce que tu trouves la vid\u00e9o pour laquelle tu veux recevoir des impressions. Clique sur cette vid\u00e9o. Au-dessus de la vid\u00e9o, tu verras ton nom Instagram et \u00e0 sa droite se trouvent trois points. Tu cliques sur ces points. Puis tu choisis de partager. Lorsque tu appuies dessus, tu verras &lsquo;copier le lien&rsquo;. Tu cliques sur celui-ci. Le lien est maintenant copi\u00e9 et tu peux le coller dans la case de cette page. Pour ce faire, utilise le bouton droit de la souris &lsquo;coller&rsquo; ou les touches Ctrl &lsquo;v&rsquo;.<\/p>\n<p>Par <strong>ordinateur<\/strong>: Va sur ton compte Instagram et clique sur la vid\u00e9o pour laquelle tu veux recevoir des impressions. Si tu as cliqu\u00e9 dessus, la vid\u00e9o appara\u00eetra l\u00e9g\u00e8rement agrandie. Tu verras alors une barre blanche en haut de l&rsquo;\u00e9cran avec un texte d&rsquo;URL. Copie et colle ce texte dans la case pr\u00e9vue \u00e0 cet effet sur cette page.<\/p>\n<p>&nbsp;<\/p>\n<h2>D\u00e9lai de livraison des impressions Instagram<\/h2>\n<p>Une fois que tu as pass\u00e9 ta commande, elle arrive \u00e0 notre porte. Nous commencerons ta commande d\u00e8s que possible. Lorsque nous traitons ta commande, elle peut \u00eatre organis\u00e9e tr\u00e8s rapidement. Dans un d\u00e9lai de +-1 heure, tu auras les impressions sur la vid\u00e9o que tu nous as donn\u00e9e.<\/p>\n<p>&nbsp;<\/p>\n<h2>Rendre la vid\u00e9o populaire sur insta<\/h2>\n<p>Rends facilement ton post sur Instagram populaire ? Ensuite, choisis d&rsquo;acheter des impressions Instagram.<br \/>\nNous faisons en sorte que ton post re\u00e7oive beaucoup plus d&rsquo;impressions. Ainsi, ton post aura l&rsquo;air plus convaincant et sera \u00e9galement consult\u00e9 plus souvent par lui-m\u00eame. Tu as aussi besoin de likes ? Regarde les <a href=\"https:\/\/www.likes-kopen.nl\/instagram-likes-kopen\/\">likes Instagram<\/a><\/p>\n<p><img decoding=\"async\" src=\"https:\/\/www.likes-kopen.nl\/wp-content\/uploads\/\/2016\/12\/instagram-video.jpg\" alt=\"vid\u00e9o instagram\" width=\"380\" height=\"117\"><\/p>\n","protected":false},"excerpt":{"rendered":"<p>\u2714\ufe0f<br \/>\n\u2b50Impressions rapides sur tes messages et ton profil Choix d&rsquo;un nombre diff\u00e9rent<\/p>\n","protected":false},"featured_media":49295,"comment_status":"open","ping_status":"closed","template":"","meta":{"site-sidebar-layout":"default","site-content-layout":"default","ast-site-content-layout":"default","site-content-style":"default","site-sidebar-style":"default","ast-global-header-display":"","ast-banner-title-visibility":"","ast-main-header-display":"","ast-hfb-above-header-display":"","ast-hfb-below-header-display":"","ast-hfb-mobile-header-display":"","site-post-title":"","ast-breadcrumbs-content":"","ast-featured-img":"","footer-sml-layout":"","ast-disable-related-posts":"","theme-transparent-header-meta":"default","adv-header-id-meta":"","stick-header-meta":"default","header-above-stick-meta":"","header-main-stick-meta":"","header-below-stick-meta":"","astra-migrate-meta-layouts":"default","ast-page-background-enabled":"default","ast-page-background-meta":{"desktop":{"background-color":"","background-image":"","background-repeat":"repeat","background-position":"center center","background-size":"auto","background-attachment":"scroll","background-type":"","background-media":"","overlay-type":"","overlay-color":"","overlay-opacity":"","overlay-gradient":""},"tablet":{"background-color":"","background-image":"","background-repeat":"repeat","background-position":"center center","background-size":"auto","background-attachment":"scroll","background-type":"","background-media":"","overlay-type":"","overlay-color":"","overlay-opacity":"","overlay-gradient":""},"mobile":{"background-color":"","background-image":"","background-repeat":"repeat","background-position":"center center","background-size":"auto","background-attachment":"scroll","background-type":"","background-media":"","overlay-type":"","overlay-color":"","overlay-opacity":"","overlay-gradient":""}},"ast-content-background-meta":{"desktop":{"background-color":"var(--ast-global-color-5)","background-image":"","background-repeat":"repeat","background-position":"center center","background-size":"auto","background-attachment":"scroll","background-type":"","background-media":"","overlay-type":"","overlay-color":"","overlay-opacity":"","overlay-gradient":""},"tablet":{"background-color":"var(--ast-global-color-5)","background-image":"","background-repeat":"repeat","background-position":"center center","background-size":"auto","background-attachment":"scroll","background-type":"","background-media":"","overlay-type":"","overlay-color":"","overlay-opacity":"","overlay-gradient":""},"mobile":{"background-color":"var(--ast-global-color-5)","background-image":"","background-repeat":"repeat","background-position":"center center","background-size":"auto","background-attachment":"scroll","background-type":"","background-media":"","overlay-type":"","overlay-color":"","overlay-opacity":"","overlay-gradient":""}}},"product_brand":[],"product_cat":[555],"product_tag":[656],"class_list":{"0":"post-52287","1":"product","2":"type-product","3":"status-publish","4":"has-post-thumbnail","6":"product_cat-instagram-fr","7":"product_tag-fais-en-sorte-que-les-videos-soient-vues-plus-souvent-instagram","8":"desktop-align-center","9":"tablet-align-center","10":"mobile-align-center","11":"ast-product-gallery-layout-first-image-large","12":"ast-product-gallery-with-no-image","13":"ast-magnify-disabled","14":"ast-product-single-variable","15":"ast-product-tabs-layout-horizontal","17":"first","18":"instock","19":"sale","20":"taxable","21":"shipping-taxable","22":"purchasable","23":"product-type-variable"},"_links":{"self":[{"href":"https:\/\/www.likes-kopen.nl\/fr\/wp-json\/wp\/v2\/product\/52287","targetHints":{"allow":["GET"]}}],"collection":[{"href":"https:\/\/www.likes-kopen.nl\/fr\/wp-json\/wp\/v2\/product"}],"about":[{"href":"https:\/\/www.likes-kopen.nl\/fr\/wp-json\/wp\/v2\/types\/product"}],"replies":[{"embeddable":true,"href":"https:\/\/www.likes-kopen.nl\/fr\/wp-json\/wp\/v2\/comments?post=52287"}],"wp:featuredmedia":[{"embeddable":true,"href":"https:\/\/www.likes-kopen.nl\/fr\/wp-json\/wp\/v2\/media\/49295"}],"wp:attachment":[{"href":"https:\/\/www.likes-kopen.nl\/fr\/wp-json\/wp\/v2\/media?parent=52287"}],"wp:term":[{"taxonomy":"product_brand","embeddable":true,"href":"https:\/\/www.likes-kopen.nl\/fr\/wp-json\/wp\/v2\/product_brand?post=52287"},{"taxonomy":"product_cat","embeddable":true,"href":"https:\/\/www.likes-kopen.nl\/fr\/wp-json\/wp\/v2\/product_cat?post=52287"},{"taxonomy":"product_tag","embeddable":true,"href":"https:\/\/www.likes-kopen.nl\/fr\/wp-json\/wp\/v2\/product_tag?post=52287"}],"curies":[{"name":"wp","href":"https:\/\/api.w.org\/{rel}","templated":true}]}}