{"id":52186,"date":"2021-07-28T15:47:30","date_gmt":"2021-07-28T14:47:30","guid":{"rendered":"https:\/\/www.likes-kopen.nl\/product\/instagram-reels-views\/"},"modified":"2025-01-22T16:18:57","modified_gmt":"2025-01-22T15:18:57","slug":"instagram-reels-views","status":"publish","type":"product","link":"https:\/\/www.likes-kopen.nl\/fr\/instagram-reels-views\/","title":{"rendered":"Instagram Reels Views Buy \ud83d\ude80"},"content":{"rendered":"<p>Il y a un risque \u00e0 acheter des vues de bobines Instagram, car cela va \u00e0 l&rsquo;encontre des directives d&rsquo;Instagram.<\/p>\n<h2>Comment obtenir le lien vid\u00e9o des bobines Instagram ?<\/h2>\n<p>En fait, de la m\u00eame mani\u00e8re qu&rsquo;un lien photo.<\/p>\n<p>Par <strong>ordinateur<\/strong>: Va sur ton compte Instagram et clique sur la vid\u00e9o des bobines pour laquelle tu veux recevoir des vues. Si tu as cliqu\u00e9 dessus, les bobines s&rsquo;afficheront. Tu verras alors une barre blanche en haut de l&rsquo;\u00e9cran avec un texte d&rsquo;URL. Copie et colle ce texte dans la case pr\u00e9vue \u00e0 cet effet sur cette page.<\/p>\n<p>Via le <strong>mobile ou la tablette<\/strong>: Ouvre l&rsquo;application Instagram sur ton t\u00e9l\u00e9phone et fais d\u00e9filer ton profil jusqu&rsquo;\u00e0 ce que tu trouves la vid\u00e9o de bobines pour laquelle tu veux des vues. Clique sur ces bobines. Au-dessus de la vid\u00e9o des bobines, tu verras ton nom Instagram et \u00e0 sa droite se trouvent trois points. Tu cliques sur ces points. Puis tu choisis de partager. Lorsque tu appuies dessus, tu verras &lsquo;copier le lien&rsquo;. Tu cliques sur celui-ci. Le lien est maintenant copi\u00e9 et tu peux le coller dans la case de cette page. Pour ce faire, utilise le bouton droit de la souris &lsquo;coller&rsquo; ou les touches Ctrl &lsquo;v&rsquo;.<\/p>\n<p><strong>Assure-toi que le lien contient \/reel\/ \u00e0 coup s\u00fbr.<\/strong>  Ainsi, tu sais que tu as le bon lien.<\/p>\n<p>&nbsp;<\/p>\n<h2>Acheter des vues de bobines sur Instagram<\/h2>\n<p>Obtenir des vues est d\u00e9licat mais de grande valeur. Lorsque tes bobines ont \u00e9t\u00e9 vues 7 600 fois, elles sont \u00e9videmment plus belles que 2 600. Ta popularit\u00e9 augmente et en plus, cela a aussi un effet positif sur ton image. Tu peux avoir tellement de followers, mais en raison du changement d&rsquo;algorithme sur Instagram, tu ne pourras pas tous les atteindre. Pour \u00e9tablir une bonne image, tes posts, vid\u00e9os et bobines doivent \u00eatre en 1 ligne avec le nombre de followers. Avec une croissance \u00e0, disons, +5000 vues de bobines, tu peux obtenir la bonne quantit\u00e9 de vues \u00e0 bon march\u00e9 et rapidement. Nous avons des quantit\u00e9s diff\u00e9rentes dans les vues de bobines. Outre Reel Views, tu peux aussi <a href=\"https:\/\/www.likes-kopen.nl\/instagram-volgers-kopen\/\">acheter des followers Instagram<\/a> ou <a href=\"https:\/\/www.likes-kopen.nl\/instagram-likes-kopen\/\">acheter des likes Instagram<\/a>.<\/p>\n<p>&nbsp;<\/p>\n<h2>D\u00e9lai de livraison des vues des bobines Instagram<\/h2>\n<p>Une fois que tu as pass\u00e9 ta commande, elle arrive \u00e0 notre porte. Nous commencerons ta commande d\u00e8s que possible. Lorsque nous traitons ta commande, elle peut \u00eatre organis\u00e9e tr\u00e8s rapidement. Dans les +-24 heures, tu auras les vues sur les bobines que tu nous as donn\u00e9es.<\/p>\n<p>&nbsp;<\/p>\n<h2>Rendre les vid\u00e9os populaires sur instagram<\/h2>\n<p>Rends facilement tes bobines populaires sur Instagram ?<br \/>\nAlors commande notre service de visionnage de bobines Instagram : tes bobines seront ainsi plus convaincantes et auront plus de chances d&rsquo;\u00eatre visionn\u00e9es seules.<\/p>\n<p><img decoding=\"async\" src=\"https:\/\/www.likes-kopen.nl\/wp-content\/uploads\/\/2016\/12\/instagram-video.jpg\" alt=\"vid\u00e9o instagram\" width=\"380\" height=\"117\"><\/p>\n","protected":false},"excerpt":{"rendered":"<p>\u2714\ufe0f<br \/>\n\u2b50Fais en sorte que ta vid\u00e9o soit rapidement visionn\u00e9e Choix de plusieurs num\u00e9ros<\/p>\n<div id=\"gtx-trans\" style=\"position: absolute; left: 228px; top: 86.1094px;\">\n<div class=\"gtx-trans-icon\"><\/div>\n<\/div>\n","protected":false},"featured_media":49382,"comment_status":"open","ping_status":"closed","template":"","meta":{"site-sidebar-layout":"default","site-content-layout":"default","ast-site-content-layout":"default","site-content-style":"default","site-sidebar-style":"default","ast-global-header-display":"","ast-banner-title-visibility":"","ast-main-header-display":"","ast-hfb-above-header-display":"","ast-hfb-below-header-display":"","ast-hfb-mobile-header-display":"","site-post-title":"","ast-breadcrumbs-content":"","ast-featured-img":"","footer-sml-layout":"","ast-disable-related-posts":"","theme-transparent-header-meta":"default","adv-header-id-meta":"","stick-header-meta":"default","header-above-stick-meta":"","header-main-stick-meta":"","header-below-stick-meta":"","astra-migrate-meta-layouts":"default","ast-page-background-enabled":"default","ast-page-background-meta":{"desktop":{"background-color":"","background-image":"","background-repeat":"repeat","background-position":"center center","background-size":"auto","background-attachment":"scroll","background-type":"","background-media":"","overlay-type":"","overlay-color":"","overlay-opacity":"","overlay-gradient":""},"tablet":{"background-color":"","background-image":"","background-repeat":"repeat","background-position":"center center","background-size":"auto","background-attachment":"scroll","background-type":"","background-media":"","overlay-type":"","overlay-color":"","overlay-opacity":"","overlay-gradient":""},"mobile":{"background-color":"","background-image":"","background-repeat":"repeat","background-position":"center center","background-size":"auto","background-attachment":"scroll","background-type":"","background-media":"","overlay-type":"","overlay-color":"","overlay-opacity":"","overlay-gradient":""}},"ast-content-background-meta":{"desktop":{"background-color":"var(--ast-global-color-5)","background-image":"","background-repeat":"repeat","background-position":"center center","background-size":"auto","background-attachment":"scroll","background-type":"","background-media":"","overlay-type":"","overlay-color":"","overlay-opacity":"","overlay-gradient":""},"tablet":{"background-color":"var(--ast-global-color-5)","background-image":"","background-repeat":"repeat","background-position":"center center","background-size":"auto","background-attachment":"scroll","background-type":"","background-media":"","overlay-type":"","overlay-color":"","overlay-opacity":"","overlay-gradient":""},"mobile":{"background-color":"var(--ast-global-color-5)","background-image":"","background-repeat":"repeat","background-position":"center center","background-size":"auto","background-attachment":"scroll","background-type":"","background-media":"","overlay-type":"","overlay-color":"","overlay-opacity":"","overlay-gradient":""}}},"product_brand":[],"product_cat":[555],"product_tag":[700,698,656],"class_list":{"0":"post-52186","1":"product","2":"type-product","3":"status-publish","4":"has-post-thumbnail","6":"product_cat-instagram-fr","7":"product_tag-acheter-des-vues-de-bobines-instagram","8":"product_tag-bobines-instagram","9":"product_tag-fais-en-sorte-que-les-videos-soient-vues-plus-souvent-instagram","10":"desktop-align-center","11":"tablet-align-center","12":"mobile-align-center","13":"ast-product-gallery-layout-first-image-large","14":"ast-product-gallery-with-no-image","15":"ast-magnify-disabled","16":"ast-product-single-variable","17":"ast-product-tabs-layout-horizontal","19":"first","20":"instock","21":"sale","22":"taxable","23":"shipping-taxable","24":"purchasable","25":"product-type-variable"},"_links":{"self":[{"href":"https:\/\/www.likes-kopen.nl\/fr\/wp-json\/wp\/v2\/product\/52186","targetHints":{"allow":["GET"]}}],"collection":[{"href":"https:\/\/www.likes-kopen.nl\/fr\/wp-json\/wp\/v2\/product"}],"about":[{"href":"https:\/\/www.likes-kopen.nl\/fr\/wp-json\/wp\/v2\/types\/product"}],"replies":[{"embeddable":true,"href":"https:\/\/www.likes-kopen.nl\/fr\/wp-json\/wp\/v2\/comments?post=52186"}],"wp:featuredmedia":[{"embeddable":true,"href":"https:\/\/www.likes-kopen.nl\/fr\/wp-json\/wp\/v2\/media\/49382"}],"wp:attachment":[{"href":"https:\/\/www.likes-kopen.nl\/fr\/wp-json\/wp\/v2\/media?parent=52186"}],"wp:term":[{"taxonomy":"product_brand","embeddable":true,"href":"https:\/\/www.likes-kopen.nl\/fr\/wp-json\/wp\/v2\/product_brand?post=52186"},{"taxonomy":"product_cat","embeddable":true,"href":"https:\/\/www.likes-kopen.nl\/fr\/wp-json\/wp\/v2\/product_cat?post=52186"},{"taxonomy":"product_tag","embeddable":true,"href":"https:\/\/www.likes-kopen.nl\/fr\/wp-json\/wp\/v2\/product_tag?post=52186"}],"curies":[{"name":"wp","href":"https:\/\/api.w.org\/{rel}","templated":true}]}}