{"id":52054,"date":"2021-07-28T11:30:44","date_gmt":"2021-07-28T10:30:44","guid":{"rendered":"https:\/\/www.likes-kopen.nl\/product\/likes-instagram-reels\/"},"modified":"2025-01-18T16:08:34","modified_gmt":"2025-01-18T15:08:34","slug":"instagram-reels-likes-buy","status":"publish","type":"product","link":"https:\/\/www.likes-kopen.nl\/fr\/instagram-reels-likes-buy\/","title":{"rendered":"Acheter des moulinets Instagram Likes \ud83d\ude80"},"content":{"rendered":"<p>Acheter des likes pour une vid\u00e9o de bobines viole les directives d&rsquo;Instagram. L&rsquo;achat se fait donc \u00e0 tes propres risques.<\/p>\n<p>Tu veux que les bobines soient aim\u00e9es sur instagram ?<\/p>\n<p>Nous livrons rapidement le nombre de bobines choisi. Les likes sont 100% stables. Tu b\u00e9n\u00e9ficies \u00e9galement d&rsquo;une garantie et d&rsquo;une assistance !<\/p>\n<p>&nbsp;<\/p>\n<h2>Caract\u00e9ristiques de ce produit :<\/h2>\n<ul>\n<li>Livraison rapide<\/li>\n<li>100% stable, avec garantie<\/li>\n<li>Garantie et de l&rsquo;assistance garantie<\/li>\n<li>La meilleure qualit\u00e9 disponible<\/li>\n<li>International<\/li>\n<\/ul>\n<p>&nbsp;<\/p>\n<h2>Comment fournir le lien<\/h2>\n<p>Mobile\/tablette : Sur le mobile ou la tablette, clique sur les bobines (dans l&rsquo;application). En haut \u00e0 droite, tu peux voir les 3 points. Lorsque tu cliques dessus, un menu s&rsquo;affiche. Puis clique sur \u00ab\u00a0Copier le lien\u00a0\u00bb.<br \/>\nEnsuite, sur notre site, maintiens la case o\u00f9 le lien ou l&rsquo;URL doit \u00eatre saisi, puis choisis \u00ab\u00a0coller\u00a0\u00bb.<\/p>\n<p>Via le PC (ordinateur de bureau\/portable), tu peux facilement copier et coller l&rsquo;URL des bobines Instagram, mais sur mobile ou tablette, cela fonctionne un peu diff\u00e9remment.<\/p>\n<p>&nbsp;<\/p>\n<h2><\/h2>\n<h2>Le d\u00e9lai de livraison des bobines aime<\/h2>\n<p>Le d\u00e9lai de livraison d\u00e9pend du nombre choisi. Les 100 likes sont l\u00e0 en quelques heures. 5000 likes peuvent prendre un jour ou parfois deux jours. Nous traitons toutes les commandes manuellement. Nous n&rsquo;utilisons pas de robots pour traiter les commandes. De cette fa\u00e7on, nous pouvons contr\u00f4ler si tout se passe bien. Une fois que tu auras re\u00e7u de notre part un courriel avec une capture d&rsquo;\u00e9cran indiquant le nombre actuel de likes, nous commencerons la livraison et ils seront l\u00e0 tr\u00e8s bient\u00f4t.<\/p>\n<p>&nbsp;<\/p>\n<h2>D&rsquo;o\u00f9 vient l&rsquo;amour des bobines<\/h2>\n<p>Nous avons un r\u00e9seau mondial que nous utilisons. Cela signifie donc que les personnes qui aiment tes bobines peuvent venir de diff\u00e9rents pays. Malheureusement, il n&rsquo;y a pas de likes Instagram n\u00e9erlandais parmi eux, car ce n&rsquo;est actuellement pas encore possible. D\u00e8s qu&rsquo;ils le feront, nous commencerons bien s\u00fbr \u00e0 les proposer imm\u00e9diatement. Auparavant, ils \u00e9taient \u00e0 vendre, mais en raison de la r\u00e9cente mise \u00e0 jour d&rsquo;Instagram, ce n&rsquo;est plus possible.<\/p>\n<p>&nbsp;<\/p>\n<h2>Dans quelle mesure le compteur reste-t-il stable ?<\/h2>\n<p>Les likes qui nous sont livr\u00e9s sont 100% stables. Cela signifie qu&rsquo;aucun go\u00fbt ne tombera. Si cela devait arriver pour une raison quelconque, nous le r\u00e9approvisionnerions gratuitement pour que tu arrives toujours au nombre command\u00e9.<\/p>\n<p>&nbsp;<\/p>\n<h2>Comment est la qualit\u00e9 des profils<\/h2>\n<p>La qualit\u00e9 peut changer de temps en temps, m\u00eame si nous faisons toujours de notre mieux pour maintenir la qualit\u00e9 la plus \u00e9lev\u00e9e possible. Il peut arriver qu&rsquo;il y ait parmi eux de merveilleux profils avec un grand nombre de posts et de followers, mais le contraire se produit aussi parfois. Une chose est certaine, c&rsquo;est qu&rsquo;ils sont 100% stables et ne peuvent pas endommager ton profil. Nous sommes en activit\u00e9 depuis 2013 et avons trait\u00e9 plus de 10 000 commandes. Nous sommes donc d\u00e9finitivement les experts dans ce domaine.<\/p>\n<p>&nbsp;<\/p>\n<h2>Est-il judicieux d&rsquo;acheter des bobines aime<\/h2>\n<p>Il est d\u00e9finitivement intelligent d&rsquo;acheter des likes de bobines Instagram ! En effet, ton profil est beaucoup plus attrayant et les gens sont donc plus susceptibles de te suivre ou d&rsquo;aimer l&rsquo;un de tes messages. De plus, ton post sera mieux trouv\u00e9 par la fonction de recherche d&rsquo;Instagram, \u00e0 condition que tu <a href=\"https:\/\/www.likes-kopen.nl\/social-media-tips\/nut-hashtags-instagram\/\">utilises<\/a> aussi les <a href=\"https:\/\/www.likes-kopen.nl\/social-media-tips\/nut-hashtags-instagram\/\">bons hashtags<\/a>. Donc si tu veux d\u00e9velopper ton profil de mani\u00e8re substantielle et obtenir plus d&rsquo;interactions, alors acheter des likes Instagram est une bonne id\u00e9e !<\/p>\n<p>&nbsp;<\/p>\n<h2>Commander des quantit\u00e9s diff\u00e9rentes<\/h2>\n<p>Avec nous, tu peux choisir entre de petites et de grandes quantit\u00e9s. Par exemple, si tu commandes 200 likes sur tes bobines, tu recevras aussi 200 likes sur tes bobines. Le plus petit nombre que nous fournissons actuellement est de 100 par bobine. Tu peux <a href=\"https:\/\/www.likes-kopen.nl\/instagram-likes-kopen\/\">acheter des likes Instagram normaux<\/a> en plus des likes Reel.<\/p>\n","protected":false},"excerpt":{"rendered":"<p>\u2705<br \/>\n\u2b50 Ach\u00e8te des Likes pour 1 bobine instagram sp\u00e9cifique Commande rapide et s\u00fbre.<\/p>\n","protected":false},"featured_media":49378,"comment_status":"open","ping_status":"closed","template":"","meta":{"site-sidebar-layout":"default","site-content-layout":"default","ast-site-content-layout":"default","site-content-style":"default","site-sidebar-style":"default","ast-global-header-display":"","ast-banner-title-visibility":"","ast-main-header-display":"","ast-hfb-above-header-display":"","ast-hfb-below-header-display":"","ast-hfb-mobile-header-display":"","site-post-title":"","ast-breadcrumbs-content":"","ast-featured-img":"","footer-sml-layout":"","ast-disable-related-posts":"","theme-transparent-header-meta":"default","adv-header-id-meta":"","stick-header-meta":"default","header-above-stick-meta":"","header-main-stick-meta":"","header-below-stick-meta":"","astra-migrate-meta-layouts":"default","ast-page-background-enabled":"default","ast-page-background-meta":{"desktop":{"background-color":"","background-image":"","background-repeat":"repeat","background-position":"center center","background-size":"auto","background-attachment":"scroll","background-type":"","background-media":"","overlay-type":"","overlay-color":"","overlay-opacity":"","overlay-gradient":""},"tablet":{"background-color":"","background-image":"","background-repeat":"repeat","background-position":"center center","background-size":"auto","background-attachment":"scroll","background-type":"","background-media":"","overlay-type":"","overlay-color":"","overlay-opacity":"","overlay-gradient":""},"mobile":{"background-color":"","background-image":"","background-repeat":"repeat","background-position":"center center","background-size":"auto","background-attachment":"scroll","background-type":"","background-media":"","overlay-type":"","overlay-color":"","overlay-opacity":"","overlay-gradient":""}},"ast-content-background-meta":{"desktop":{"background-color":"var(--ast-global-color-5)","background-image":"","background-repeat":"repeat","background-position":"center center","background-size":"auto","background-attachment":"scroll","background-type":"","background-media":"","overlay-type":"","overlay-color":"","overlay-opacity":"","overlay-gradient":""},"tablet":{"background-color":"var(--ast-global-color-5)","background-image":"","background-repeat":"repeat","background-position":"center center","background-size":"auto","background-attachment":"scroll","background-type":"","background-media":"","overlay-type":"","overlay-color":"","overlay-opacity":"","overlay-gradient":""},"mobile":{"background-color":"var(--ast-global-color-5)","background-image":"","background-repeat":"repeat","background-position":"center center","background-size":"auto","background-attachment":"scroll","background-type":"","background-media":"","overlay-type":"","overlay-color":"","overlay-opacity":"","overlay-gradient":""}}},"product_brand":[],"product_cat":[555],"product_tag":[],"class_list":{"0":"post-52054","1":"product","2":"type-product","3":"status-publish","4":"has-post-thumbnail","6":"product_cat-instagram-fr","7":"desktop-align-center","8":"tablet-align-center","9":"mobile-align-center","10":"ast-product-gallery-layout-first-image-large","11":"ast-product-gallery-with-no-image","12":"ast-magnify-disabled","13":"ast-product-single-variable","14":"ast-product-tabs-layout-horizontal","16":"first","17":"instock","18":"sale","19":"taxable","20":"shipping-taxable","21":"purchasable","22":"product-type-variable"},"_links":{"self":[{"href":"https:\/\/www.likes-kopen.nl\/fr\/wp-json\/wp\/v2\/product\/52054","targetHints":{"allow":["GET"]}}],"collection":[{"href":"https:\/\/www.likes-kopen.nl\/fr\/wp-json\/wp\/v2\/product"}],"about":[{"href":"https:\/\/www.likes-kopen.nl\/fr\/wp-json\/wp\/v2\/types\/product"}],"replies":[{"embeddable":true,"href":"https:\/\/www.likes-kopen.nl\/fr\/wp-json\/wp\/v2\/comments?post=52054"}],"wp:featuredmedia":[{"embeddable":true,"href":"https:\/\/www.likes-kopen.nl\/fr\/wp-json\/wp\/v2\/media\/49378"}],"wp:attachment":[{"href":"https:\/\/www.likes-kopen.nl\/fr\/wp-json\/wp\/v2\/media?parent=52054"}],"wp:term":[{"taxonomy":"product_brand","embeddable":true,"href":"https:\/\/www.likes-kopen.nl\/fr\/wp-json\/wp\/v2\/product_brand?post=52054"},{"taxonomy":"product_cat","embeddable":true,"href":"https:\/\/www.likes-kopen.nl\/fr\/wp-json\/wp\/v2\/product_cat?post=52054"},{"taxonomy":"product_tag","embeddable":true,"href":"https:\/\/www.likes-kopen.nl\/fr\/wp-json\/wp\/v2\/product_tag?post=52054"}],"curies":[{"name":"wp","href":"https:\/\/api.w.org\/{rel}","templated":true}]}}