{"id":52050,"date":"2021-07-28T16:48:57","date_gmt":"2021-07-28T15:48:57","guid":{"rendered":"https:\/\/www.likes-kopen.nl\/product\/aimer-les-messages-facebook-%f0%9f%a5%b0-compassion\/"},"modified":"2025-01-21T07:45:03","modified_gmt":"2025-01-21T06:45:03","slug":"facebook-message-likes-media-life","status":"publish","type":"product","link":"https:\/\/www.likes-kopen.nl\/fr\/facebook-message-likes-media-life\/","title":{"rendered":"Message Facebook Likes Acheter (\ud83e\udd70 Compassion) avec <style=\"color : #ae60e1 ;\">Livraison directe<\/span> \ud83d\ude80  "},"content":{"rendered":"<p>L&rsquo;activit\u00e9 artificielle viole les conditions d&rsquo;utilisation de Facebook. L&rsquo;achat de likes pour les messages Facebook se fait \u00e0 tes risques et p\u00e9rils.  <\/p>\n<h2>Ach\u00e8te des likes pour ta publication Facebook<\/h2>\n<p>  Pourquoi <a href=\"https:\/\/www.likes-kopen.nl\/facebook-bericht-likes-kopen\/\">acheter des messages facebook likes<\/a>? Acheter des likes pour ton post facebook peut donner un coup de pouce au nombre de likes sur ton post. Ton post aura ainsi l&rsquo;air plus populaire, ce qui attirera de nouveaux likes. On pourrait appeler cela une r\u00e9action en cha\u00eene. Avec les likes de posts Facebook de Likes-buying, tu donnes un coup de pouce \u00e0 ton post facebook.  <\/p>\n<h2>D&rsquo;o\u00f9 vient le lien ?<\/h2>\n<p>  Pour que ton post soit lik\u00e9, nous avons besoin d&rsquo;une url\/d&rsquo;un lien. Le lien doit provenir de ton message lui-m\u00eame et non de ton profil.  <strong>Comment obtiens-tu le lien de ton message ?<\/strong>  \u25baPC : En cliquant sur la date ou l&rsquo;heure de ton message (post), tu acc\u00e8des \u00e0 une nouvelle page qui ne montre que ton post. L\u00e0, tu peux copier l&rsquo;url de la barre d&rsquo;adresse en haut. Tu le colleras ensuite dans le formulaire de commande. \u25baMobile : Il y a 3 points \u00e0 c\u00f4t\u00e9 de ton message. Si tu cliques dessus, tu peux choisir Copier le lien. Tu le colles ensuite dans le formulaire de commande sur notre site.  &nbsp;<\/p>\n<h2>Emoticon Facebook likes<\/h2>\n<p>  Tu veux avoir une variante diff\u00e9rente de facebook like ? Ensuite, choisis parmi d&rsquo;autres types de likes facebook. Apr\u00e8s tout, tu peux aussi acheter des likes de messages facebook pour :  <\/p>\n<ul>\n<li><a href=\"https:\/\/www.likes-kopen.nl\/facebook-bericht-likes-kopen\/\">\ud83d\udc4d Nice<\/a><\/li>\n<li><a href=\"https:\/\/www.likes-kopen.nl\/facebook-bericht-likes-geweldig\/\">\u2764\ufe0f Super<\/a><\/li>\n<li><a href=\"https:\/\/www.likes-kopen.nl\/facebook-bericht-likes-medeleven\/\">\ud83e\udd70 Compassion<\/a><\/li>\n<li><a href=\"https:\/\/www.likes-kopen.nl\/facebook-bericht-likes-grappig\/\">\ud83d\ude02 Amusant<\/a><\/li>\n<li><a href=\"https:\/\/www.likes-kopen.nl\/facebook-bericht-likes-verbluft\/\">\ud83d\ude27 Stup\u00e9fait<\/a><\/li>\n<li><a href=\"https:\/\/www.likes-kopen.nl\/facebook-bericht-likes-verdrietig\/\">\ud83d\ude22 Triste<\/a><\/li>\n<li><a href=\"https:\/\/www.likes-kopen.nl\/facebook-bericht-likes-boos\/\">\ud83d\ude21 En col\u00e8re<\/a><\/li>\n<\/ul>\n<p>  Clique sur le lien ci-dessus pour s\u00e9lectionner tes likes de posts facebook pr\u00e9f\u00e9r\u00e9s.  &nbsp;<\/p>\n<h2>Caract\u00e9ristiques de ce produit<\/h2>\n<ul>\n<li>Les Liking sont faits par les utilisateurs de Facebook dans le monde entier (ne sont pas NL parmi eux).<\/li>\n<li>Tu ne peux pas diviser ce service entre plusieurs postes. Commande par message.<\/li>\n<li>Les messages sont seulement aim\u00e9s, pas partag\u00e9s.<\/li>\n<li>Id\u00e9al pour un look plus cr\u00e9dible.<\/li>\n<li>La livraison se fait g\u00e9n\u00e9ralement en quelques heures.<\/li>\n<li>Peut aussi \u00eatre utilis\u00e9 pour une action de victoire.<\/li>\n<\/ul>\n<p>&nbsp;<\/p>\n<h2>NOTE que ton profil et ton message sont publics<\/h2>\n<p>  Cependant, pendant que tu fournis nos services, ton profil et ton message doivent \u00eatre temporairement publics. Si tu as r\u00e9gl\u00e9 les param\u00e8tres de confidentialit\u00e9, il se peut que tout le monde ne voie pas le bouton LIKE. Dans ce cas, ils ne peuvent pas non plus aimer ton post. V\u00e9rifie donc ces <a href=\"https:\/\/www.likes-kopen.nl\/facebook\/hoe-iedereen-bericht-liken-op-facebook\/\">param\u00e8tres Facebook pour rendre ta publication publique<\/a>. Ne t&rsquo;inqui\u00e8te pas, nous v\u00e9rifions toujours si ton message est public et peut \u00eatre aim\u00e9. Nous ne sommes pas des robots, contrairement \u00e0 d&rsquo;autres entreprises. Chez nous, c&rsquo;est fait \u00e0 la main.<\/p>\n","protected":false},"excerpt":{"rendered":"<p><span style=\"font-size: 16px;\">\u2714\ufe0fFais en sorte que ton message soit appr\u00e9ci\u00e9 par nous ! <\/span>\u2b50 <span style=\"font-size: 16px;\">\u00e0 partir de 25 unit\u00e9s<\/span><span style=\"color: #ff0000;\"><strong>N&rsquo;OUBLIE PAS :<\/strong><\/span> Assure-toi que ton profil est enti\u00e8rement public et que le <a href=\"https:\/\/www.likes-kopen.nl\/facebook\/hoe-iedereen-bericht-liken-op-facebook\/\" target=\"_blank\" rel=\"noopener noreferrer\">bouton J&rsquo;aime<\/a> n&rsquo;est pas manquant !<\/p>\n","protected":false},"featured_media":49093,"comment_status":"open","ping_status":"closed","template":"","meta":{"site-sidebar-layout":"default","site-content-layout":"default","ast-site-content-layout":"default","site-content-style":"default","site-sidebar-style":"default","ast-global-header-display":"","ast-banner-title-visibility":"","ast-main-header-display":"","ast-hfb-above-header-display":"","ast-hfb-below-header-display":"","ast-hfb-mobile-header-display":"","site-post-title":"","ast-breadcrumbs-content":"","ast-featured-img":"","footer-sml-layout":"","ast-disable-related-posts":"","theme-transparent-header-meta":"default","adv-header-id-meta":"","stick-header-meta":"default","header-above-stick-meta":"","header-main-stick-meta":"","header-below-stick-meta":"","astra-migrate-meta-layouts":"default","ast-page-background-enabled":"default","ast-page-background-meta":{"desktop":{"background-color":"","background-image":"","background-repeat":"repeat","background-position":"center center","background-size":"auto","background-attachment":"scroll","background-type":"","background-media":"","overlay-type":"","overlay-color":"","overlay-opacity":"","overlay-gradient":""},"tablet":{"background-color":"","background-image":"","background-repeat":"repeat","background-position":"center center","background-size":"auto","background-attachment":"scroll","background-type":"","background-media":"","overlay-type":"","overlay-color":"","overlay-opacity":"","overlay-gradient":""},"mobile":{"background-color":"","background-image":"","background-repeat":"repeat","background-position":"center center","background-size":"auto","background-attachment":"scroll","background-type":"","background-media":"","overlay-type":"","overlay-color":"","overlay-opacity":"","overlay-gradient":""}},"ast-content-background-meta":{"desktop":{"background-color":"var(--ast-global-color-5)","background-image":"","background-repeat":"repeat","background-position":"center center","background-size":"auto","background-attachment":"scroll","background-type":"","background-media":"","overlay-type":"","overlay-color":"","overlay-opacity":"","overlay-gradient":""},"tablet":{"background-color":"var(--ast-global-color-5)","background-image":"","background-repeat":"repeat","background-position":"center center","background-size":"auto","background-attachment":"scroll","background-type":"","background-media":"","overlay-type":"","overlay-color":"","overlay-opacity":"","overlay-gradient":""},"mobile":{"background-color":"var(--ast-global-color-5)","background-image":"","background-repeat":"repeat","background-position":"center center","background-size":"auto","background-attachment":"scroll","background-type":"","background-media":"","overlay-type":"","overlay-color":"","overlay-opacity":"","overlay-gradient":""}}},"product_brand":[],"product_cat":[537],"product_tag":[566],"class_list":{"0":"post-52050","1":"product","2":"type-product","3":"status-publish","4":"has-post-thumbnail","6":"product_cat-facebook-fr","7":"product_tag-message-facebook-likes","8":"desktop-align-center","9":"tablet-align-center","10":"mobile-align-center","11":"ast-product-gallery-layout-first-image-large","12":"ast-product-gallery-with-no-image","13":"ast-magnify-disabled","14":"ast-product-single-variable","15":"ast-product-tabs-layout-horizontal","17":"first","18":"instock","19":"sale","20":"taxable","21":"shipping-taxable","22":"purchasable","23":"product-type-variable"},"_links":{"self":[{"href":"https:\/\/www.likes-kopen.nl\/fr\/wp-json\/wp\/v2\/product\/52050","targetHints":{"allow":["GET"]}}],"collection":[{"href":"https:\/\/www.likes-kopen.nl\/fr\/wp-json\/wp\/v2\/product"}],"about":[{"href":"https:\/\/www.likes-kopen.nl\/fr\/wp-json\/wp\/v2\/types\/product"}],"replies":[{"embeddable":true,"href":"https:\/\/www.likes-kopen.nl\/fr\/wp-json\/wp\/v2\/comments?post=52050"}],"wp:featuredmedia":[{"embeddable":true,"href":"https:\/\/www.likes-kopen.nl\/fr\/wp-json\/wp\/v2\/media\/49093"}],"wp:attachment":[{"href":"https:\/\/www.likes-kopen.nl\/fr\/wp-json\/wp\/v2\/media?parent=52050"}],"wp:term":[{"taxonomy":"product_brand","embeddable":true,"href":"https:\/\/www.likes-kopen.nl\/fr\/wp-json\/wp\/v2\/product_brand?post=52050"},{"taxonomy":"product_cat","embeddable":true,"href":"https:\/\/www.likes-kopen.nl\/fr\/wp-json\/wp\/v2\/product_cat?post=52050"},{"taxonomy":"product_tag","embeddable":true,"href":"https:\/\/www.likes-kopen.nl\/fr\/wp-json\/wp\/v2\/product_tag?post=52050"}],"curies":[{"name":"wp","href":"https:\/\/api.w.org\/{rel}","templated":true}]}}