{"id":51822,"date":"2021-08-06T07:46:36","date_gmt":"2021-08-06T06:46:36","guid":{"rendered":"https:\/\/www.likes-kopen.nl\/product\/le-client-dabord-seo-conversion-medicine-slim\/"},"modified":"2023-05-20T09:26:28","modified_gmt":"2023-05-20T08:26:28","slug":"le-client-dabord-seo-conversion-medicine-slim","status":"publish","type":"product","link":"https:\/\/www.likes-kopen.nl\/fr\/le-client-dabord-seo-conversion-medicine-slim\/","title":{"rendered":"Le client d&rsquo;abord : SEO &amp; Conversion Medicine (SLIM)"},"content":{"rendered":"<div class=\"wpb-content-wrapper\"><p>[vc_row css=\u00a0\u00bb.vc_custom_1572805128421{padding-bottom: 20px !important;}\u00a0\u00bb][vc_column][vc_column_text]<\/p>\n<h2><strong>Donne un nouveau souffle \u00e0 ta boutique et transforme ta boutique en ligne en une v\u00e9ritable machine \u00e0 vendre.<\/strong><\/h2>\n<p>[\/vc_column_text][\/vc_column][\/vc_row][vc_row css=\u00a0\u00bb.vc_custom_1572804099290{padding-bottom: 50px !important;}\u00a0\u00bb][vc_column width=\u00a0\u00bb1\/2&Prime;][vc_column_text]<\/p>\n<h2>Qu&rsquo;est-ce que tu obtiens avec Customer First : SEO &amp; Conversion ?<\/h2>\n<ul>\n<li>Produits de hi\u00e9rarchisation des cat\u00e9gories remani\u00e9s pour une meilleure exp\u00e9rience d&rsquo;achat (valeur : 350 \u20ac)<\/li>\n<li>Pages de cat\u00e9gories avec du texte pour les marques afin d&rsquo;augmenter le trafic et d&rsquo;am\u00e9liorer l&rsquo;exp\u00e9rience d&rsquo;achat (valeur : 600 \u20ac)<\/li>\n<\/ul>\n<p><i>La valeur totale s&rsquo;\u00e9l\u00e8ve \u00e0 : 950 \u20ac HT.<\/i><\/p>\n<p>&nbsp;<\/p>\n<p>Commande ce pack maintenant pour <span style=\"text-decoration: underline;\">900 \u20ac HT.<\/span><\/p>\n<p><strong>En option<\/strong>:<\/p>\n<ul>\n<li style=\"text-align: left;\">\n<ul>\n<li>100 backlinks n\u00e9erlandais par mois<\/li>\n<\/ul>\n<\/li>\n<\/ul>\n<p>[\/vc_column_text][\/vc_column][vc_column width=\u00a0\u00bb1\/2&Prime; css=\u00a0\u00bb.vc_custom_1572805089828{margin-top: 40px !important;}\u00a0\u00bb][vc_single_image image=\u00a0\u00bb11229&Prime; img_size=\u00a0\u00bbfull\u00a0\u00bb alignment=\u00a0\u00bbcenter\u00a0\u00bb][\/vc_column][\/vc_row][vc_row css=\u00a0\u00bb.vc_custom_1572804108269{margin-bottom: 50px !important;}\u00a0\u00bb][vc_column][vc_column_text]<\/p>\n<h3>Une histoire d&rsquo;amour<\/h3>\n<p>Ce pack n&rsquo;est pas seulement une am\u00e9lioration de ta boutique en ligne. La conclusion \u00e0 laquelle tout entrepreneur doit arriver est que tu as besoin de quelque chose de nouveau. Surtout quand tu es sur un march\u00e9 qui existe depuis des mill\u00e9naires. Nouveau, car tu veux que tes clients aient l&rsquo;impression qu&rsquo;ils peuvent obtenir quelque chose de nouveau de ta part. Quelque chose qui existe depuis des mill\u00e9naires, car la vente est aussi vieille que l&rsquo;humanit\u00e9.<\/p>\n<p>&nbsp;<\/p>\n<p>Par cons\u00e9quent, nous sommes d&rsquo;avis que pour chaque nouveau projet, nous ne devrions pas simplement commencer \u00e0 travailler pour am\u00e9liorer ta boutique en ligne. Nous devons trouver une nouvelle strat\u00e9gie. Nous jetons les vieilles choses qui ne fonctionnent plus (astuces de vente bon march\u00e9). Et nous mettons quelque chose de nouveau \u00e0 sa place. Tu es sur le point de lire l&rsquo;explication de cette nouvelle.<\/p>\n<p>&nbsp;<\/p>\n<p>Regarde. Lorsque nous avons commenc\u00e9 \u00e0 optimiser notre propre site Web, nous avons essay\u00e9 toutes sortes de choses. Faux backlinks, sur-optimisation des pages Web pour les mots-cl\u00e9s, r\u00e9daction de blogs interminables et tous les autres trucs du dark web. Ces choses auraient pu fonctionner \u00e0 court terme&#8230; \u00c0 long terme, ils sont d\u00e9sastreux. Heureusement, nous avons d\u00e9couvert \u00e0 temps une toute nouvelle fa\u00e7on de l&rsquo;aborder. Quelque chose que peu de gens dans la sph\u00e8re en ligne comprennent. Pourquoi ? Parce qu&rsquo;ils sont trop concentr\u00e9s sur l&rsquo;argent.<\/p>\n<p>&nbsp;<\/p>\n<p>C&rsquo;est pourquoi, chez <a href=\"https:\/\/www.likes-kopen.nl\/fr\/\">likes-buying<\/a>, nous avons mis au point un nouveau concept : l&rsquo;<strong> exp\u00e9rience client d&rsquo;abord. <\/strong>Qu&rsquo;est-ce que \u00e7a veut dire ? Tu auras probablement entendu dire que tu dois mettre les clients en t\u00eate de liste. Ce n&rsquo;est pas ce que nous voulons dire. Bien s\u00fbr, tu dois faire passer tes clients en premier. Cependant, il y a quelque chose de bien plus important. Et cela consiste \u00e0 placer l&rsquo;<strong>exp\u00e9rience client en num\u00e9ro 1. <\/strong>Cela signifie qu&rsquo;au lieu de placer le client en N\u00b01, ce qui va souvent entra\u00eener beaucoup trop de travail, tu te concentres sur l&rsquo;exp\u00e9rience client et tu la rends aussi bonne que possible.<\/p>\n<p>&nbsp;<\/p>\n<p>Lorsque Jeff Bezos est apparu dans <a href=\"https:\/\/www.youtube.com\/watch?v=GltlJO56S1g\" target=\"_blank\" rel=\"noopener noreferrer\"><br \/>\n  <u>une interview rare<\/u><br \/>\n<\/a> a dit \u00ab\u00a0nous mettons l&rsquo;exp\u00e9rience client en premier\u00a0\u00bb tout le monde l&rsquo;a d\u00e9clar\u00e9 fou et personne n&rsquo;a vraiment compris. Aujourd&rsquo;hui, 20 ans plus tard, Amazon est la plus grande entreprise de vente en ligne du monde. Donc apparemment, \u00e7a marche ?<\/p>\n<p>&nbsp;<\/p>\n<p>Quand j&rsquo;ai vu cette interview, j&rsquo;ai compris. L&rsquo;<strong>exp\u00e9rience client<\/strong> est ce sur quoi je dois me concentrer. Et c&rsquo;est ce que nous avons fait \u00e0 partir de ce moment-l\u00e0. Avec succ\u00e8s. Parce qu&rsquo;en un an, notre chiffre d&rsquo;affaires a \u00e9t\u00e9 multipli\u00e9 par 10 ![\/vc_column_text][\/vc_column][\/vc_row][vc_row css=\u00a0\u00bb.vc_custom_1572804128809{margin-bottom: 50px !important;}\u00a0\u00bb][vc_column width=\u00a0\u00bb1\/2&Prime;][vc_column_text]<\/p>\n<h3>\u00c0 quoi cela ressemble-t-il concr\u00e8tement ?<\/h3>\n<p>Lorsque tu travailles avec nous, nous pouvons obtenir des r\u00e9sultats comme ceux-ci. L&rsquo;<strong>exp\u00e9rience client<\/strong> peut \u00eatre divis\u00e9e et mesur\u00e9e selon les piliers suivants :<\/p>\n<ol>\n<li>Conversion<\/li>\n<li>Valeur de la commande<\/li>\n<li>Achats r\u00e9p\u00e9t\u00e9s<\/li>\n<li>Trafic<\/li>\n<\/ol>\n<p>[\/vc_column_text][\/vc_column][vc_column width=\u00a0\u00bb1\/2&Prime; css=\u00a0\u00bb.vc_custom_1572806059231{margin-top: 20px !important;}\u00a0\u00bb][vc_single_image image=\u00a0\u00bb11230&Prime; img_size=\u00a0\u00bbfull\u00a0\u00bb alignment=\u00a0\u00bbcenter\u00a0\u00bb][\/vc_column][\/vc_row][vc_row][vc_column][vc_column_text]<\/p>\n<h3 style=\"text-align: center;\">Construction de liens pour un succ\u00e8s \u00e0 long terme !<\/h3>\n<p>Commande le pack de cr\u00e9ation de liens pour un succ\u00e8s \u00e0 long terme sur ta boutique en ligne.[\/vc_column_text][vc_btn title=\u00a0\u00bbAux paquets de cr\u00e9ation de liens\u00a0\u00bb style=\u00a0\u00bbclassic\u00a0\u00bb color=\u00a0\u00bbprimary\u00a0\u00bb link=\u00a0\u00bburl:https%3A%2F%2Fwww.likes-kopen.nl%2Ffr%2Fproduit%2Fdutch-backlinks%2F|target:_blank|\u00a0\u00bb][\/vc_column][\/vc_row]<\/p>\n<\/div>","protected":false},"excerpt":{"rendered":"<p>Obtenir une meilleure place dans Google pour la m\u00e9decine toi-m\u00eame<\/p>\n","protected":false},"featured_media":48713,"comment_status":"open","ping_status":"closed","template":"","meta":{"site-sidebar-layout":"no-sidebar","site-content-layout":"plain-container","ast-site-content-layout":"default","site-content-style":"default","site-sidebar-style":"default","ast-global-header-display":"","ast-banner-title-visibility":"","ast-main-header-display":"","ast-hfb-above-header-display":"","ast-hfb-below-header-display":"","ast-hfb-mobile-header-display":"","site-post-title":"disabled","ast-breadcrumbs-content":"","ast-featured-img":"disabled","footer-sml-layout":"","ast-disable-related-posts":"","theme-transparent-header-meta":"default","adv-header-id-meta":"","stick-header-meta":"default","header-above-stick-meta":"","header-main-stick-meta":"","header-below-stick-meta":"","astra-migrate-meta-layouts":"default","ast-page-background-enabled":"default","ast-page-background-meta":{"desktop":{"background-color":"","background-image":"","background-repeat":"repeat","background-position":"center center","background-size":"auto","background-attachment":"scroll","background-type":"","background-media":"","overlay-type":"","overlay-color":"","overlay-opacity":"","overlay-gradient":""},"tablet":{"background-color":"","background-image":"","background-repeat":"repeat","background-position":"center center","background-size":"auto","background-attachment":"scroll","background-type":"","background-media":"","overlay-type":"","overlay-color":"","overlay-opacity":"","overlay-gradient":""},"mobile":{"background-color":"","background-image":"","background-repeat":"repeat","background-position":"center center","background-size":"auto","background-attachment":"scroll","background-type":"","background-media":"","overlay-type":"","overlay-color":"","overlay-opacity":"","overlay-gradient":""}},"ast-content-background-meta":{"desktop":{"background-color":"var(--ast-global-color-5)","background-image":"","background-repeat":"repeat","background-position":"center center","background-size":"auto","background-attachment":"scroll","background-type":"","background-media":"","overlay-type":"","overlay-color":"","overlay-opacity":"","overlay-gradient":""},"tablet":{"background-color":"var(--ast-global-color-5)","background-image":"","background-repeat":"repeat","background-position":"center center","background-size":"auto","background-attachment":"scroll","background-type":"","background-media":"","overlay-type":"","overlay-color":"","overlay-opacity":"","overlay-gradient":""},"mobile":{"background-color":"var(--ast-global-color-5)","background-image":"","background-repeat":"repeat","background-position":"center center","background-size":"auto","background-attachment":"scroll","background-type":"","background-media":"","overlay-type":"","overlay-color":"","overlay-opacity":"","overlay-gradient":""}}},"product_brand":[],"product_cat":[580],"product_tag":[],"class_list":{"0":"post-51822","1":"product","2":"type-product","3":"status-publish","4":"has-post-thumbnail","6":"product_cat-paquets-seo","7":"desktop-align-center","8":"tablet-align-center","9":"mobile-align-center","10":"ast-product-gallery-layout-first-image-large","11":"ast-product-gallery-with-no-image","12":"ast-magnify-disabled","13":"ast-product-tabs-layout-horizontal","15":"first","16":"instock","17":"sale","18":"virtual","19":"taxable","20":"purchasable","21":"product-type-simple"},"_links":{"self":[{"href":"https:\/\/www.likes-kopen.nl\/fr\/wp-json\/wp\/v2\/product\/51822","targetHints":{"allow":["GET"]}}],"collection":[{"href":"https:\/\/www.likes-kopen.nl\/fr\/wp-json\/wp\/v2\/product"}],"about":[{"href":"https:\/\/www.likes-kopen.nl\/fr\/wp-json\/wp\/v2\/types\/product"}],"replies":[{"embeddable":true,"href":"https:\/\/www.likes-kopen.nl\/fr\/wp-json\/wp\/v2\/comments?post=51822"}],"wp:featuredmedia":[{"embeddable":true,"href":"https:\/\/www.likes-kopen.nl\/fr\/wp-json\/wp\/v2\/media\/48713"}],"wp:attachment":[{"href":"https:\/\/www.likes-kopen.nl\/fr\/wp-json\/wp\/v2\/media?parent=51822"}],"wp:term":[{"taxonomy":"product_brand","embeddable":true,"href":"https:\/\/www.likes-kopen.nl\/fr\/wp-json\/wp\/v2\/product_brand?post=51822"},{"taxonomy":"product_cat","embeddable":true,"href":"https:\/\/www.likes-kopen.nl\/fr\/wp-json\/wp\/v2\/product_cat?post=51822"},{"taxonomy":"product_tag","embeddable":true,"href":"https:\/\/www.likes-kopen.nl\/fr\/wp-json\/wp\/v2\/product_tag?post=51822"}],"curies":[{"name":"wp","href":"https:\/\/api.w.org\/{rel}","templated":true}]}}