{"id":51709,"date":"2021-07-13T07:09:44","date_gmt":"2021-07-13T06:09:44","guid":{"rendered":"https:\/\/www.likes-kopen.nl\/product\/suiveurs-tiktok-premium\/"},"modified":"2025-01-30T09:02:41","modified_gmt":"2025-01-30T08:02:41","slug":"suiveurs-tiktok-premium","status":"publish","type":"product","link":"https:\/\/www.likes-kopen.nl\/fr\/suiveurs-tiktok-premium\/","title":{"rendered":"Acheter des followers TikTok premium \ud83d\ude80"},"content":{"rendered":"<div class=\"wpb-content-wrapper\"><p>[vc_row][vc_column][vc_column_text]<\/p>\n<h2><strong>ACHETER DES FOLLOWERS TIKTOK DE QUALIT\u00c9 PREMIUM !<\/strong><\/h2>\n<p>Acheter des followers TikTok premium de haute qualit\u00e9 ? Commandez-les en toute s\u00e9curit\u00e9 et rapidement ici. Tout ce dont nous avons besoin est ton nom de profil qui commence apr\u00e8s le @.<\/p>\n<h2><img decoding=\"async\" class=\"alignnone wp-image-19994\" src=\"https:\/\/www.likes-kopen.nl\/wp-content\/uploads\/\/2019\/10\/TikTok-profiel-volgers-voorbeeld.jpeg\" alt=\"Exemple de profil de follower TikTok\" width=\"506\" height=\"368\" srcset=\"https:\/\/www.likes-kopen.nl\/wp-content\/uploads\/2019\/10\/TikTok-profiel-volgers-voorbeeld.jpeg 600w, https:\/\/www.likes-kopen.nl\/wp-content\/uploads\/2019\/10\/TikTok-profiel-volgers-voorbeeld-510x371.jpeg 510w, https:\/\/www.likes-kopen.nl\/wp-content\/uploads\/2019\/10\/TikTok-profiel-volgers-voorbeeld-300x218.jpeg 300w, https:\/\/www.likes-kopen.nl\/wp-content\/uploads\/2019\/10\/TikTok-profiel-volgers-voorbeeld-462x336.jpeg 462w\" sizes=\"(max-width: 506px) 100vw, 506px\" \/><\/h2>\n<p>&nbsp;<\/p>\n<h2>Acheter des adeptes du Tiktok (HQ) &#8211; caract\u00e9ristiques<\/h2>\n<ul>\n<li>Suiveurs provenant de profils de haute qualit\u00e9 (profils r\u00e9els)<\/li>\n<li>Le d\u00e9lai de livraison est d&rsquo;environ 24 heures pour 200 adeptes.<\/li>\n<li>Les ventilateurs sont stables \u00e0 99,9 % et ne tombent pas.<\/li>\n<li>Les suiveurs viennent du monde entier<\/li>\n<li>REMARQUE : tu dois avoir au moins 1 vid\u00e9o en ligne et ton profil doit \u00eatre public.<\/li>\n<\/ul>\n<p>&nbsp;<\/p>\n<h2>Saisis ton nom de profil TikTok<\/h2>\n<p>Pour commander des followers HQ pour TikTok, nous avons besoin du nom de votre profil.<br \/>\nTon nom TikTok commence par @. Compl\u00e9tez ceci sans ajouter le @.<\/p>\n<p>Assure-toi de saisir le bon nom, car une fois que nous avons commenc\u00e9, nous ne pouvons pas inverser l&rsquo;ordre. Nous v\u00e9rifions toujours manuellement si le nom de profil saisi existe.<\/p>\n<p>&nbsp;<\/p>\n<h2>Pourquoi acheter des followers TikTok (HQ)<\/h2>\n<p>Pour commencer, votre profil est beaucoup plus attrayant. Par cons\u00e9quent, plus les gens te suivent, plus tu attires l&rsquo;attention. Plus d&rsquo;attention signifie plus de likes et de commentaires. De plus, ta vid\u00e9o atteindra aussi d&rsquo;autres personnes plus rapidement car les vid\u00e9os qui sont aim\u00e9es sont montr\u00e9es \u00e0 de nouvelles personnes plus rapidement. Essaie-le pour toi-m\u00eame. Tu peux d\u00e9j\u00e0 acheter 100 followers pour essayer notre service.<\/p>\n<p>&nbsp;<\/p>\n<h2>Quelle est la diff\u00e9rence entre les followers r\u00e9guliers et les followers HQ ?<\/h2>\n<p>Comme le titre l&rsquo;indique, les followers HQ sont des profils de haute qualit\u00e9. Les profils sont presque toujours des profils r\u00e9els. C&rsquo;est beaucoup mieux pour ton compte que des followers normaux. Nos suiveurs HQ incluent dans la plupart des cas :<\/p>\n<ul>\n<li>Une photo de profil<\/li>\n<li>Publications<\/li>\n<li>Suiveurs<\/li>\n<li>Aime et voit ses publications<\/li>\n<\/ul>\n<p>Donc avec des followers TikTok de haute qualit\u00e9, tu peux \u00eatre s\u00fbre d&rsquo;obtenir de la bonne qualit\u00e9 !<\/p>\n<p>&nbsp;<\/p>\n<h2>Ach\u00e8te 1000 followers TikTok<\/h2>\n<p>Avec nous, tu peux aussi acheter 1 000 followers TikTok en une seule fois, pour pouvoir passer en direct imm\u00e9diatement. Cela te fera gagner beaucoup de temps. La commande est facile.<\/p>\n<p>&nbsp;<\/p>\n<h2>Nous garantissons la livraison<\/h2>\n<p>Nous ne sommes peut-\u00eatre pas le fournisseur le moins cher, mais nous sommes les meilleurs et les plus fiables. Nos followers ne disparaissent pas avec le temps et ton compte n&rsquo;est pas bloqu\u00e9. Les followers TikTok que nous fournissons sont \u00e9galement de qualit\u00e9 sup\u00e9rieure. De plus, tu b\u00e9n\u00e9ficies d&rsquo;une garantie de livraison, ce qui signifie que nous garantissons que tu obtiendras effectivement le nombre de followers TikTok que tu as command\u00e9 !<\/p>\n<p>Tu as besoin de plus de followers TikTok de haute qualit\u00e9 ? Commande-les chez Likes-buying !<\/p>\n<h2>Acheter des likes pour Tik Tok<\/h2>\n<p>Depuis peu, tu peux aussi <a href=\"https:\/\/www.likes-kopen.nl\/tiktok-likes-kopen\/\">acheter des likes pour ta vid\u00e9o Tiktok<\/a> avec nous ! Avec plus de likes, ta vid\u00e9o devient plus attrayante, ce qui non seulement la fait appara\u00eetre plus rapidement aux yeux des autres personnes, mais attire aussi automatiquement plus de likes.<\/p>\n<p>&nbsp;<\/p>\n<h2>Une r\u00e9duction suppl\u00e9mentaire ? Alors \u00e9conomise gratuitement !<\/h2>\n<p>Tu veux une r\u00e9duction suppl\u00e9mentaire sur ta prochaine commande ? Puis cr\u00e9e rapidement un compte. Cr\u00e9er un compte est compl\u00e8tement gratuit. Avec chaque commande que tu fais, tu recevras des points. Lors de ta prochaine commande, tu peux \u00e9changer les points contre une r\u00e9duction pendant le paiement, ou continuer \u00e0 \u00e9conomiser pour ne rien payer du tout pour une fois ! Tu peux cr\u00e9er un compte (t&rsquo;inscrire) <a href=\"https:\/\/www.likes-kopen.nl\/mijn-account\/\">ici<\/a>.<\/p>\n<hr>\n<p>[\/vc_column_text][\/vc_column][\/vc_row]<\/p>\n<\/div>","protected":false},"excerpt":{"rendered":"<p>\u2705Acheter des followers TikTok de haute qualit\u00e9 ?<br \/>\n\u2b50Les fans ne sont presque jamais supprim\u00e9s<br \/>\n\u2b50Garantie de livraison<\/p>\n","protected":false},"featured_media":49415,"comment_status":"open","ping_status":"closed","template":"","meta":{"site-sidebar-layout":"no-sidebar","site-content-layout":"plain-container","ast-site-content-layout":"default","site-content-style":"default","site-sidebar-style":"default","ast-global-header-display":"","ast-banner-title-visibility":"","ast-main-header-display":"","ast-hfb-above-header-display":"","ast-hfb-below-header-display":"","ast-hfb-mobile-header-display":"","site-post-title":"disabled","ast-breadcrumbs-content":"","ast-featured-img":"disabled","footer-sml-layout":"","ast-disable-related-posts":"","theme-transparent-header-meta":"default","adv-header-id-meta":"","stick-header-meta":"default","header-above-stick-meta":"","header-main-stick-meta":"","header-below-stick-meta":"","astra-migrate-meta-layouts":"default","ast-page-background-enabled":"default","ast-page-background-meta":{"desktop":{"background-color":"","background-image":"","background-repeat":"repeat","background-position":"center center","background-size":"auto","background-attachment":"scroll","background-type":"","background-media":"","overlay-type":"","overlay-color":"","overlay-opacity":"","overlay-gradient":""},"tablet":{"background-color":"","background-image":"","background-repeat":"repeat","background-position":"center center","background-size":"auto","background-attachment":"scroll","background-type":"","background-media":"","overlay-type":"","overlay-color":"","overlay-opacity":"","overlay-gradient":""},"mobile":{"background-color":"","background-image":"","background-repeat":"repeat","background-position":"center center","background-size":"auto","background-attachment":"scroll","background-type":"","background-media":"","overlay-type":"","overlay-color":"","overlay-opacity":"","overlay-gradient":""}},"ast-content-background-meta":{"desktop":{"background-color":"var(--ast-global-color-5)","background-image":"","background-repeat":"repeat","background-position":"center center","background-size":"auto","background-attachment":"scroll","background-type":"","background-media":"","overlay-type":"","overlay-color":"","overlay-opacity":"","overlay-gradient":""},"tablet":{"background-color":"var(--ast-global-color-5)","background-image":"","background-repeat":"repeat","background-position":"center center","background-size":"auto","background-attachment":"scroll","background-type":"","background-media":"","overlay-type":"","overlay-color":"","overlay-opacity":"","overlay-gradient":""},"mobile":{"background-color":"var(--ast-global-color-5)","background-image":"","background-repeat":"repeat","background-position":"center center","background-size":"auto","background-attachment":"scroll","background-type":"","background-media":"","overlay-type":"","overlay-color":"","overlay-opacity":"","overlay-gradient":""}}},"product_brand":[],"product_cat":[466,558],"product_tag":[],"class_list":{"0":"post-51709","1":"product","2":"type-product","3":"status-publish","4":"has-post-thumbnail","6":"product_cat-tiktok-fr","7":"product_cat-haute-qualite-100-reel","8":"desktop-align-center","9":"tablet-align-center","10":"mobile-align-center","11":"ast-product-gallery-layout-first-image-large","12":"ast-product-gallery-with-no-image","13":"ast-magnify-disabled","14":"ast-product-single-variable","15":"ast-product-tabs-layout-horizontal","17":"first","18":"instock","19":"sale","20":"taxable","21":"shipping-taxable","22":"purchasable","23":"product-type-variable"},"_links":{"self":[{"href":"https:\/\/www.likes-kopen.nl\/fr\/wp-json\/wp\/v2\/product\/51709","targetHints":{"allow":["GET"]}}],"collection":[{"href":"https:\/\/www.likes-kopen.nl\/fr\/wp-json\/wp\/v2\/product"}],"about":[{"href":"https:\/\/www.likes-kopen.nl\/fr\/wp-json\/wp\/v2\/types\/product"}],"replies":[{"embeddable":true,"href":"https:\/\/www.likes-kopen.nl\/fr\/wp-json\/wp\/v2\/comments?post=51709"}],"wp:featuredmedia":[{"embeddable":true,"href":"https:\/\/www.likes-kopen.nl\/fr\/wp-json\/wp\/v2\/media\/49415"}],"wp:attachment":[{"href":"https:\/\/www.likes-kopen.nl\/fr\/wp-json\/wp\/v2\/media?parent=51709"}],"wp:term":[{"taxonomy":"product_brand","embeddable":true,"href":"https:\/\/www.likes-kopen.nl\/fr\/wp-json\/wp\/v2\/product_brand?post=51709"},{"taxonomy":"product_cat","embeddable":true,"href":"https:\/\/www.likes-kopen.nl\/fr\/wp-json\/wp\/v2\/product_cat?post=51709"},{"taxonomy":"product_tag","embeddable":true,"href":"https:\/\/www.likes-kopen.nl\/fr\/wp-json\/wp\/v2\/product_tag?post=51709"}],"curies":[{"name":"wp","href":"https:\/\/api.w.org\/{rel}","templated":true}]}}