{"id":51689,"date":"2019-10-19T10:34:30","date_gmt":"2019-10-19T09:34:30","guid":{"rendered":"https:\/\/www.likes-kopen.nl\/product\/likes-de-la-page-facebook\/"},"modified":"2025-01-16T16:38:17","modified_gmt":"2025-01-16T15:38:17","slug":"acheter-des-likes-facebook","status":"publish","type":"product","link":"https:\/\/www.likes-kopen.nl\/fr\/acheter-des-likes-facebook\/","title":{"rendered":"Page Likes de Facebook Acheter <\/br> <h2><span style=\"color : #ae60e1 ;\">Livr\u00e9 Directement<\/span> \ud83d\ude80<\/h2>"},"content":{"rendered":"<h2>Acheter des likes Facebook pour ta page<\/h2>\n<p>Acheter des likes Facebook est devenu presque la chose la plus normale au monde. Il est possible que tu ne saches pas encore que tu peux acheter des likes pour ta page, mais c&rsquo;est vraiment possible. Nous te livrons en toute s\u00e9curit\u00e9 le nombre de likes que tu veux pour donner plus de corps \u00e0 ta page. Les gens pensent que le nombre de likes est tr\u00e8s important, et quand ils voient plus de likes, cela les rend confiants.<\/p>\n<p>Si ta page fan, ta page communautaire ou ta page d&rsquo;entreprise a tr\u00e8s peu de likes sur son compteur, les clients potentiels pourraient choisir un concurrent qui a plus de pouces en l&rsquo;air sur son compteur. Bien s\u00fbr, tu ne veux pas cela, et tu peux facilement faire quelque chose \u00e0 ce sujet maintenant. Acheter des Likes est la solution \u00e0 ce probl\u00e8me !<\/p>\n<p><img decoding=\"async\" class=\"alignnone size-full wp-image-11343\" src=\"https:\/\/www.likes-kopen.nl\/wp-content\/uploads\/\/2019\/10\/facebook-pagina-likes-teller-hoger.png\" alt=\"aime la page facebook du comptoir\" width=\"539\" height=\"320\" srcset=\"https:\/\/www.likes-kopen.nl\/wp-content\/uploads\/2019\/10\/facebook-pagina-likes-teller-hoger.png 539w, https:\/\/www.likes-kopen.nl\/wp-content\/uploads\/2019\/10\/facebook-pagina-likes-teller-hoger-510x303.png 510w, https:\/\/www.likes-kopen.nl\/wp-content\/uploads\/2019\/10\/facebook-pagina-likes-teller-hoger-300x178.png 300w, https:\/\/www.likes-kopen.nl\/wp-content\/uploads\/2019\/10\/facebook-pagina-likes-teller-hoger-462x274.png 462w\" sizes=\"(max-width: 539px) 100vw, 539px\" \/><\/p>\n<p>&nbsp;<\/p>\n<h2>Que peux-tu acheter chez nous ?<\/h2>\n<p>Avec nous, tu peux acheter des likes Facebook, ce qui signifie que nous nous assurons que les gens appuieront sur le bouton like de ta page. De cette fa\u00e7on, le compteur monte joliment et ta page est beaucoup plus attrayante. Les personnes qui aiment ta page sont internationales, ce qui signifie qu&rsquo;elles ne viennent pas des Pays-Bas, mais d&rsquo;autres pays.<\/p>\n<p>&nbsp;<\/p>\n<h2>Les autres personnes peuvent-elles voir qui aime ma page ?<\/h2>\n<p>Lorsque quelqu&rsquo;un aime ta publication ou ton message sur Facebook, tu peux voir de qui il s&rsquo;agit et son nom. Avec les likes des pages, tu ne peux <strong>pas voir<\/strong> \u00e7a. Cela signifie que les personnes qui aiment ta page sont anonymes pour le monde ext\u00e9rieur. Ainsi, personne ne peut voir que tu as des likes internationaux ou que tu les as achet\u00e9s. Ils ne voient que le num\u00e9ro affich\u00e9 sur le compteur.<\/p>\n<p>&nbsp;<\/p>\n<h2>Comment obtenir les likes<\/h2>\n<p>Nous incitons les gens \u00e0 appuyer sur le bouton \u00ab\u00a0J&rsquo;aime\u00a0\u00bb et les payons pour le faire. Les gens en dehors des Pays-Bas veulent faire cela \u00e0 bas prix, et nous pouvons donc proposer de vrais likes Facebook \u00e0 bas prix. Nous pouvons \u00e9videmment convaincre les N\u00e9erlandais d&rsquo;appuyer sur le bouton \u00ab\u00a0J&rsquo;aime\u00a0\u00bb, mais les N\u00e9erlandais veulent plus en retour et cela rend les choses beaucoup plus ch\u00e8res. Les likes de la NL sont rapidement 5x plus chers et personne ne voit la diff\u00e9rence. En outre, le d\u00e9lai de livraison et le temps d&rsquo;attente sont aussi beaucoup plus longs.<\/p>\n<p>&nbsp;<\/p>\n<h2>Quelle est la diff\u00e9rence entre une page d&rsquo;entreprise et une page priv\u00e9e (profil) ?<\/h2>\n<p>Une page d&rsquo;entreprise, une communaut\u00e9 ou une page fan a un compteur de boutons J&rsquo;aime. Par commodit\u00e9, nous appelons cela des pages d&rsquo;affaires. En plus des pages professionnelles, tu as aussi une page priv\u00e9e avec tes amis. Il s&rsquo;agit d&rsquo;un profil personnel et il est l\u00e9g\u00e8rement diff\u00e9rent de la page d&rsquo;entreprise. Les messages sont affich\u00e9s sur les pages priv\u00e9es et professionnelles. Ces derniers peuvent bien s\u00fbr \u00eatre appr\u00e9ci\u00e9s dans les deux sens. Si tu veux des likes pour cela, regarde nos <a href=\"https:\/\/www.likes-kopen.nl\/facebook\/berichten-liken\/\">likes pour les posts FB<\/a>.<\/p>\n<p>&nbsp;<\/p>\n<h2>D\u00e9lai de livraison et informations<\/h2>\n<ul>\n<li>Origine : dans le monde entier (presque jamais en Europe)<\/li>\n<li>Note de qualit\u00e9 du profil : 8.6<\/li>\n<li>D\u00e9lai de livraison dans 70% des cas sous 24 heures<\/li>\n<li>100% s\u00e9curis\u00e9 pour ton compte<\/li>\n<li>Garantie de livraison \u00e0 100%.<\/li>\n<li>Personne ne voit qui aime ta page<\/li>\n<li>Le meilleur rapport qualit\u00e9-prix du Benelux.<\/li>\n<\/ul>\n<p>&nbsp;<\/p>\n<h2>Pause des campagnes en cours<\/h2>\n<p>REMARQUE : Veuillez mettre en pause toute campagne en cours et attendre pour inviter des amis que nos likes soient livr\u00e9s.<br \/>\nREMARQUE : Assure-toi que ta <a href=\"https:\/\/www.likes-kopen.nl\/facebook\/facebook-profiel-openbaar-maken\/\">page Facebook est publique<\/a>, sinon la commande ne pourra pas d\u00e9marrer. Si tu n&rsquo;as pas d\u00e9fini de restrictions d&rsquo;\u00e2ge ou de pays, c&rsquo;est normalement tr\u00e8s bien.<\/p>\n<p>&nbsp;<\/p>\n<h2>\u00c9conomise pour les r\u00e9ductions<\/h2>\n<p>Tout le monde veut une r\u00e9duction, et nous avons trouv\u00e9 quelque chose d&rsquo;amusant pour cela. Lorsque tu cr\u00e9es un compte chez nous, tu obtiens des points \u00e0 chaque achat. Tu peux \u00e9changer ces points contre des r\u00e9ductions lors du passage en caisse. Donc quand tu cr\u00e9es, tu obtiens des points, quand tu ach\u00e8tes des produits, tu obtiens des points, et quand tu laisses une \u00e9valuation (avis sur un produit), tu obtiens aussi des points ! Donc en achetant plus souvent, tu peux accumuler beaucoup de points qui peuvent aussi te donner des likes Facebook gratuits. La cr\u00e9ation d&rsquo;un compte peut se faire de 2 fa\u00e7ons, \u00e0 l&rsquo;avance <a href=\"https:\/\/www.likes-kopen.nl\/mijn-account\/\">via ce lien<\/a>, ou pendant le paiement.<\/p>\n<div id=\"gtx-trans\" style=\"position: absolute; left: 544px; top: 2239.36px;\">\n<div class=\"gtx-trans-icon\"><\/div>\n<\/div>\n","protected":false},"excerpt":{"rendered":"<p>\u2714\ufe0f Ach\u00e8te des likes Facebook de haute qualit\u00e9 pour ta page<br \/>\n\u2b50 Avec garantie de livraison<br \/>\n\u2b50 Aucun risque pour ta page<\/p>\n","protected":false},"featured_media":49358,"comment_status":"open","ping_status":"closed","template":"","meta":{"site-sidebar-layout":"default","site-content-layout":"default","ast-site-content-layout":"default","site-content-style":"default","site-sidebar-style":"default","ast-global-header-display":"","ast-banner-title-visibility":"","ast-main-header-display":"","ast-hfb-above-header-display":"","ast-hfb-below-header-display":"","ast-hfb-mobile-header-display":"","site-post-title":"","ast-breadcrumbs-content":"","ast-featured-img":"","footer-sml-layout":"","ast-disable-related-posts":"","theme-transparent-header-meta":"default","adv-header-id-meta":"","stick-header-meta":"default","header-above-stick-meta":"","header-main-stick-meta":"","header-below-stick-meta":"","astra-migrate-meta-layouts":"set","ast-page-background-enabled":"default","ast-page-background-meta":{"desktop":{"background-color":"","background-image":"","background-repeat":"repeat","background-position":"center center","background-size":"auto","background-attachment":"scroll","background-type":"","background-media":"","overlay-type":"","overlay-color":"","overlay-opacity":"","overlay-gradient":""},"tablet":{"background-color":"","background-image":"","background-repeat":"repeat","background-position":"center center","background-size":"auto","background-attachment":"scroll","background-type":"","background-media":"","overlay-type":"","overlay-color":"","overlay-opacity":"","overlay-gradient":""},"mobile":{"background-color":"","background-image":"","background-repeat":"repeat","background-position":"center center","background-size":"auto","background-attachment":"scroll","background-type":"","background-media":"","overlay-type":"","overlay-color":"","overlay-opacity":"","overlay-gradient":""}},"ast-content-background-meta":{"desktop":{"background-color":"var(--ast-global-color-5)","background-image":"","background-repeat":"repeat","background-position":"center center","background-size":"auto","background-attachment":"scroll","background-type":"","background-media":"","overlay-type":"","overlay-color":"","overlay-opacity":"","overlay-gradient":""},"tablet":{"background-color":"var(--ast-global-color-5)","background-image":"","background-repeat":"repeat","background-position":"center center","background-size":"auto","background-attachment":"scroll","background-type":"","background-media":"","overlay-type":"","overlay-color":"","overlay-opacity":"","overlay-gradient":""},"mobile":{"background-color":"var(--ast-global-color-5)","background-image":"","background-repeat":"repeat","background-position":"center center","background-size":"auto","background-attachment":"scroll","background-type":"","background-media":"","overlay-type":"","overlay-color":"","overlay-opacity":"","overlay-gradient":""}}},"product_brand":[],"product_cat":[537],"product_tag":[],"class_list":{"0":"post-51689","1":"product","2":"type-product","3":"status-publish","4":"has-post-thumbnail","6":"product_cat-facebook-fr","7":"desktop-align-center","8":"tablet-align-center","9":"mobile-align-center","10":"ast-product-gallery-layout-first-image-large","11":"ast-product-gallery-with-no-image","12":"ast-magnify-disabled","13":"ast-product-single-variable","14":"ast-product-tabs-layout-horizontal","16":"first","17":"instock","18":"sale","19":"taxable","20":"shipping-taxable","21":"purchasable","22":"product-type-variable"},"_links":{"self":[{"href":"https:\/\/www.likes-kopen.nl\/fr\/wp-json\/wp\/v2\/product\/51689","targetHints":{"allow":["GET"]}}],"collection":[{"href":"https:\/\/www.likes-kopen.nl\/fr\/wp-json\/wp\/v2\/product"}],"about":[{"href":"https:\/\/www.likes-kopen.nl\/fr\/wp-json\/wp\/v2\/types\/product"}],"replies":[{"embeddable":true,"href":"https:\/\/www.likes-kopen.nl\/fr\/wp-json\/wp\/v2\/comments?post=51689"}],"wp:featuredmedia":[{"embeddable":true,"href":"https:\/\/www.likes-kopen.nl\/fr\/wp-json\/wp\/v2\/media\/49358"}],"wp:attachment":[{"href":"https:\/\/www.likes-kopen.nl\/fr\/wp-json\/wp\/v2\/media?parent=51689"}],"wp:term":[{"taxonomy":"product_brand","embeddable":true,"href":"https:\/\/www.likes-kopen.nl\/fr\/wp-json\/wp\/v2\/product_brand?post=51689"},{"taxonomy":"product_cat","embeddable":true,"href":"https:\/\/www.likes-kopen.nl\/fr\/wp-json\/wp\/v2\/product_cat?post=51689"},{"taxonomy":"product_tag","embeddable":true,"href":"https:\/\/www.likes-kopen.nl\/fr\/wp-json\/wp\/v2\/product_tag?post=51689"}],"curies":[{"name":"wp","href":"https:\/\/api.w.org\/{rel}","templated":true}]}}